{"id":102044,"date":"2022-01-27T18:46:07","date_gmt":"2022-01-27T17:46:07","guid":{"rendered":"https:\/\/marktxxl.de\/markt\/produkt\/gleebee-eyelash-lift-kit-eyelash-perm-kit-professional-eyelash-lash-extensions-lash-curling-semi-permanent-curling-perming-wave-suitable-for-salon\/"},"modified":"2023-04-10T03:25:25","modified_gmt":"2023-04-10T01:25:25","slug":"gleebee-eyelash-lift-kit-eyelash-perm-kit-professional-eyelash-lash-extensions-lash-curling-semi-permanent-curling-perming-wave-suitable-for-salon","status":"publish","type":"product","link":"https:\/\/marktxxl.de\/markt\/produkt\/gleebee-eyelash-lift-kit-eyelash-perm-kit-professional-eyelash-lash-extensions-lash-curling-semi-permanent-curling-perming-wave-suitable-for-salon\/","title":{"rendered":"Gleebee Wimpernlifting Lift Kit, Eyelash Perm Kit, Professional Eyelash Lash Extensions, Lash Curling, Semi-Permanent\u2026"},"content":{"rendered":"<p>1 Monat lang geliftete Wimpern &#8211; Wachen Sie mit unserem Wimperndauerwelle-Kit zu perfekt gew\u00f6lbten Wimpern auf, die 1 Monat lang halten.<br \/>\nBeste Qualit\u00e4t \u2013 Die Qualit\u00e4t und Sicherheit des Sets wurde gepr\u00fcft und kann im privaten sowie professionellen Bereich angewendet werden.<br \/>\nNat\u00fcrlich aussehender Lift \u2013 Lassen Sie Ihre Augen gr\u00f6\u00dfer und offener aussehen ohne Make-Up. Ein Wimpernlift hat genau diesen Effekt.<br \/>\nHochwertige Werkzeuge \u2013 Das Set kommt mit allen ben\u00f6tigten Tools um eine einfache Anwendung zu gew\u00e4hrleisten. Bitte testen Sie die L\u00f6sungen vor dem ersten Gebrauch auf einem kleinen Teil Ihrer Haut, um allergische Reaktionen zu vermeiden.<br \/>\nEinfach Anzuwenden \u2013 Alle Fl\u00fcssigkeiten sind nummeriert und erlauben so eine reibungslose und schnelle Prozedur.<br \/>\n<div class=\"main-cross-sell\" data-asin=\"B08WPKGPVY\">\n\n\t<div class=\"WooZone-cross-sell-loader\">\n\t\t<div>\n\t\t\t<div id=\"floatingBarsG\">\n\t\t\t\t<div class=\"blockG\" id=\"rotateG_01\"><\/div>\n\t\t\t\t<div class=\"blockG\" id=\"rotateG_02\"><\/div>\n\t\t\t\t<div class=\"blockG\" id=\"rotateG_03\"><\/div>\n\t\t\t\t<div class=\"blockG\" id=\"rotateG_04\"><\/div>\n\t\t\t\t<div class=\"blockG\" id=\"rotateG_05\"><\/div>\n\t\t\t\t<div class=\"blockG\" id=\"rotateG_06\"><\/div>\n\t\t\t\t<div class=\"blockG\" id=\"rotateG_07\"><\/div>\n\t\t\t\t<div class=\"blockG\" id=\"rotateG_08\"><\/div>\n\t\t\t<\/div>\n\t\t\t<div class=\"WooZone-cross-sell-loader-text\"><\/div>\n\t\t<\/div>\n\t<\/div>\n\n\t\t\n<\/div>\n<div style=\"clear:both;\"><\/div><\/p>\n","protected":false},"excerpt":{"rendered":"<p>1 Monat lang geliftete Wimpern &#8211; Wachen Sie mit unserem Wimperndauerwelle-Kit zu perfekt gew\u00f6lbten Wimpern auf, die 1 Monat lang halten.<br \/>\nBeste Qualit\u00e4t \u2013 Die Qualit\u00e4t und Sicherheit des Sets wurde gepr\u00fcft und kann im privaten sowie professionellen Bereich angewendet werden.<br \/>\nNat\u00fcrlich aussehender Lift \u2013 Lassen Sie Ihre Augen gr\u00f6\u00dfer und offener aussehen ohne Make-Up. Ein Wimpernlift hat genau diesen Effekt.<\/p>\n","protected":false},"featured_media":102045,"comment_status":"open","ping_status":"closed","template":"","meta":[],"product_brand":[],"product_cat":[2858,7726],"product_tag":[],"class_list":{"0":"post-102044","1":"product","2":"type-product","3":"status-publish","4":"has-post-thumbnail","6":"product_cat-beauty","7":"product_cat-zubehoer-beauty","8":"pa_brand-gleebee","9":"pa_color-pink","10":"pa_manufacturer-gleebee","11":"pa_model-31273","12":"pa_size-7-stueck-1er-pack","14":"first","15":"instock","16":"shipping-taxable","17":"purchasable","18":"product-type-simple","19":"customify-col","20":"product-has-gallery"},"yoast_head":"<!-- This site is optimized with the Yoast SEO plugin v27.3 - https:\/\/yoast.com\/product\/yoast-seo-wordpress\/ -->\n<title>Gleebee Wimpernlifting Lift Kit, Eyelash Perm Kit, Professional Eyelash Lash Extensions, Lash Curling, Semi-Permanent\u2026 - Markt-XXL<\/title>\n<meta name=\"description\" content=\"Markt-XXL Gleebee Wimpernlifting Lift Kit, Eyelash Perm Kit, Professional Eyelash Lash Extensions, Lash Curling, Semi-Permanent\u2026\" \/>\n<meta name=\"robots\" content=\"index, follow, max-snippet:-1, max-image-preview:large, max-video-preview:-1\" \/>\n<link rel=\"canonical\" href=\"https:\/\/marktxxl.de\/markt\/produkt\/gleebee-eyelash-lift-kit-eyelash-perm-kit-professional-eyelash-lash-extensions-lash-curling-semi-permanent-curling-perming-wave-suitable-for-salon\/\" \/>\n<meta property=\"og:locale\" content=\"de_DE\" \/>\n<meta property=\"og:type\" content=\"article\" \/>\n<meta property=\"og:title\" content=\"Gleebee Wimpernlifting Lift Kit, Eyelash Perm Kit, Professional Eyelash Lash Extensions, Lash Curling, Semi-Permanent\u2026 - Markt-XXL\" \/>\n<meta property=\"og:description\" content=\"Markt-XXL Gleebee Wimpernlifting Lift Kit, Eyelash Perm Kit, Professional Eyelash Lash Extensions, Lash Curling, Semi-Permanent\u2026\" \/>\n<meta property=\"og:url\" content=\"https:\/\/marktxxl.de\/markt\/produkt\/gleebee-eyelash-lift-kit-eyelash-perm-kit-professional-eyelash-lash-extensions-lash-curling-semi-permanent-curling-perming-wave-suitable-for-salon\/\" \/>\n<meta property=\"og:site_name\" content=\"Markt-XXL\" \/>\n<meta property=\"article:modified_time\" content=\"2023-04-10T01:25:25+00:00\" \/>\n<meta property=\"og:image\" content=\"https:\/\/m.media-amazon.com\/images\/I\/51vldmxpitL._SL500_.jpg\" \/>\n\t<meta property=\"og:image:width\" content=\"500\" \/>\n\t<meta property=\"og:image:height\" content=\"500\" \/>\n\t<meta property=\"og:image:type\" content=\"image\/jpeg\" \/>\n<meta name=\"twitter:card\" content=\"summary_large_image\" \/>\n<meta name=\"twitter:label1\" content=\"Gesch\u00e4tzte Lesezeit\" \/>\n\t<meta name=\"twitter:data1\" content=\"1\u00a0Minute\" \/>\n<script type=\"application\/ld+json\" class=\"yoast-schema-graph\">{\"@context\":\"https:\\\/\\\/schema.org\",\"@graph\":[{\"@type\":\"WebPage\",\"@id\":\"https:\\\/\\\/marktxxl.de\\\/markt\\\/produkt\\\/gleebee-eyelash-lift-kit-eyelash-perm-kit-professional-eyelash-lash-extensions-lash-curling-semi-permanent-curling-perming-wave-suitable-for-salon\\\/\",\"url\":\"https:\\\/\\\/marktxxl.de\\\/markt\\\/produkt\\\/gleebee-eyelash-lift-kit-eyelash-perm-kit-professional-eyelash-lash-extensions-lash-curling-semi-permanent-curling-perming-wave-suitable-for-salon\\\/\",\"name\":\"Gleebee Wimpernlifting Lift Kit, Eyelash Perm Kit, Professional Eyelash Lash Extensions, Lash Curling, Semi-Permanent\u2026 - Markt-XXL\",\"isPartOf\":{\"@id\":\"https:\\\/\\\/marktxxl.de\\\/markt\\\/#website\"},\"primaryImageOfPage\":{\"@id\":\"https:\\\/\\\/marktxxl.de\\\/markt\\\/produkt\\\/gleebee-eyelash-lift-kit-eyelash-perm-kit-professional-eyelash-lash-extensions-lash-curling-semi-permanent-curling-perming-wave-suitable-for-salon\\\/#primaryimage\"},\"image\":{\"@id\":\"https:\\\/\\\/marktxxl.de\\\/markt\\\/produkt\\\/gleebee-eyelash-lift-kit-eyelash-perm-kit-professional-eyelash-lash-extensions-lash-curling-semi-permanent-curling-perming-wave-suitable-for-salon\\\/#primaryimage\"},\"thumbnailUrl\":\"https:\\\/\\\/m.media-amazon.com\\\/images\\\/I\\\/51vldmxpitL._SL500_.jpg\",\"datePublished\":\"2022-01-27T17:46:07+00:00\",\"dateModified\":\"2023-04-10T01:25:25+00:00\",\"description\":\"Markt-XXL Gleebee Wimpernlifting Lift Kit, Eyelash Perm Kit, Professional Eyelash Lash Extensions, Lash Curling, Semi-Permanent\u2026\",\"breadcrumb\":{\"@id\":\"https:\\\/\\\/marktxxl.de\\\/markt\\\/produkt\\\/gleebee-eyelash-lift-kit-eyelash-perm-kit-professional-eyelash-lash-extensions-lash-curling-semi-permanent-curling-perming-wave-suitable-for-salon\\\/#breadcrumb\"},\"inLanguage\":\"de\",\"potentialAction\":[{\"@type\":\"ReadAction\",\"target\":[\"https:\\\/\\\/marktxxl.de\\\/markt\\\/produkt\\\/gleebee-eyelash-lift-kit-eyelash-perm-kit-professional-eyelash-lash-extensions-lash-curling-semi-permanent-curling-perming-wave-suitable-for-salon\\\/\"]}]},{\"@type\":\"ImageObject\",\"inLanguage\":\"de\",\"@id\":\"https:\\\/\\\/marktxxl.de\\\/markt\\\/produkt\\\/gleebee-eyelash-lift-kit-eyelash-perm-kit-professional-eyelash-lash-extensions-lash-curling-semi-permanent-curling-perming-wave-suitable-for-salon\\\/#primaryimage\",\"url\":\"https:\\\/\\\/m.media-amazon.com\\\/images\\\/I\\\/51vldmxpitL._SL500_.jpg\",\"contentUrl\":\"https:\\\/\\\/m.media-amazon.com\\\/images\\\/I\\\/51vldmxpitL._SL500_.jpg\",\"width\":500,\"height\":500},{\"@type\":\"BreadcrumbList\",\"@id\":\"https:\\\/\\\/marktxxl.de\\\/markt\\\/produkt\\\/gleebee-eyelash-lift-kit-eyelash-perm-kit-professional-eyelash-lash-extensions-lash-curling-semi-permanent-curling-perming-wave-suitable-for-salon\\\/#breadcrumb\",\"itemListElement\":[{\"@type\":\"ListItem\",\"position\":1,\"name\":\"Startseite\",\"item\":\"https:\\\/\\\/marktxxl.de\\\/markt\\\/\"},{\"@type\":\"ListItem\",\"position\":2,\"name\":\"Markt\",\"item\":\"https:\\\/\\\/marktxxl.de\\\/markt\\\/\"},{\"@type\":\"ListItem\",\"position\":3,\"name\":\"Gleebee Wimpernlifting Lift Kit, Eyelash Perm Kit, Professional Eyelash Lash Extensions, Lash Curling, Semi-Permanent\u2026\"}]},{\"@type\":\"WebSite\",\"@id\":\"https:\\\/\\\/marktxxl.de\\\/markt\\\/#website\",\"url\":\"https:\\\/\\\/marktxxl.de\\\/markt\\\/\",\"name\":\"Markt-XXL\",\"description\":\"Ihr Markt Online\",\"publisher\":{\"@id\":\"https:\\\/\\\/marktxxl.de\\\/markt\\\/#organization\"},\"potentialAction\":[{\"@type\":\"SearchAction\",\"target\":{\"@type\":\"EntryPoint\",\"urlTemplate\":\"https:\\\/\\\/marktxxl.de\\\/markt\\\/?s={search_term_string}\"},\"query-input\":{\"@type\":\"PropertyValueSpecification\",\"valueRequired\":true,\"valueName\":\"search_term_string\"}}],\"inLanguage\":\"de\"},{\"@type\":\"Organization\",\"@id\":\"https:\\\/\\\/marktxxl.de\\\/markt\\\/#organization\",\"name\":\"Markt-XXL\",\"url\":\"https:\\\/\\\/marktxxl.de\\\/markt\\\/\",\"logo\":{\"@type\":\"ImageObject\",\"inLanguage\":\"de\",\"@id\":\"https:\\\/\\\/marktxxl.de\\\/markt\\\/#\\\/schema\\\/logo\\\/image\\\/\",\"url\":\"https:\\\/\\\/marktxxl.de\\\/markt\\\/wp-content\\\/uploads\\\/sites\\\/3\\\/2020\\\/12\\\/logo.png\",\"contentUrl\":\"https:\\\/\\\/marktxxl.de\\\/markt\\\/wp-content\\\/uploads\\\/sites\\\/3\\\/2020\\\/12\\\/logo.png\",\"width\":200,\"height\":70,\"caption\":\"Markt-XXL\"},\"image\":{\"@id\":\"https:\\\/\\\/marktxxl.de\\\/markt\\\/#\\\/schema\\\/logo\\\/image\\\/\"}}]}<\/script>\n<!-- \/ Yoast SEO plugin. -->","yoast_head_json":{"title":"Gleebee Wimpernlifting Lift Kit, Eyelash Perm Kit, Professional Eyelash Lash Extensions, Lash Curling, Semi-Permanent\u2026 - Markt-XXL","description":"Markt-XXL Gleebee Wimpernlifting Lift Kit, Eyelash Perm Kit, Professional Eyelash Lash Extensions, Lash Curling, Semi-Permanent\u2026","robots":{"index":"index","follow":"follow","max-snippet":"max-snippet:-1","max-image-preview":"max-image-preview:large","max-video-preview":"max-video-preview:-1"},"canonical":"https:\/\/marktxxl.de\/markt\/produkt\/gleebee-eyelash-lift-kit-eyelash-perm-kit-professional-eyelash-lash-extensions-lash-curling-semi-permanent-curling-perming-wave-suitable-for-salon\/","og_locale":"de_DE","og_type":"article","og_title":"Gleebee Wimpernlifting Lift Kit, Eyelash Perm Kit, Professional Eyelash Lash Extensions, Lash Curling, Semi-Permanent\u2026 - Markt-XXL","og_description":"Markt-XXL Gleebee Wimpernlifting Lift Kit, Eyelash Perm Kit, Professional Eyelash Lash Extensions, Lash Curling, Semi-Permanent\u2026","og_url":"https:\/\/marktxxl.de\/markt\/produkt\/gleebee-eyelash-lift-kit-eyelash-perm-kit-professional-eyelash-lash-extensions-lash-curling-semi-permanent-curling-perming-wave-suitable-for-salon\/","og_site_name":"Markt-XXL","article_modified_time":"2023-04-10T01:25:25+00:00","og_image":[{"width":500,"height":500,"url":"https:\/\/m.media-amazon.com\/images\/I\/51vldmxpitL._SL500_.jpg","type":"image\/jpeg"}],"twitter_card":"summary_large_image","twitter_misc":{"Gesch\u00e4tzte Lesezeit":"1\u00a0Minute"},"schema":{"@context":"https:\/\/schema.org","@graph":[{"@type":"WebPage","@id":"https:\/\/marktxxl.de\/markt\/produkt\/gleebee-eyelash-lift-kit-eyelash-perm-kit-professional-eyelash-lash-extensions-lash-curling-semi-permanent-curling-perming-wave-suitable-for-salon\/","url":"https:\/\/marktxxl.de\/markt\/produkt\/gleebee-eyelash-lift-kit-eyelash-perm-kit-professional-eyelash-lash-extensions-lash-curling-semi-permanent-curling-perming-wave-suitable-for-salon\/","name":"Gleebee Wimpernlifting Lift Kit, Eyelash Perm Kit, Professional Eyelash Lash Extensions, Lash Curling, Semi-Permanent\u2026 - Markt-XXL","isPartOf":{"@id":"https:\/\/marktxxl.de\/markt\/#website"},"primaryImageOfPage":{"@id":"https:\/\/marktxxl.de\/markt\/produkt\/gleebee-eyelash-lift-kit-eyelash-perm-kit-professional-eyelash-lash-extensions-lash-curling-semi-permanent-curling-perming-wave-suitable-for-salon\/#primaryimage"},"image":{"@id":"https:\/\/marktxxl.de\/markt\/produkt\/gleebee-eyelash-lift-kit-eyelash-perm-kit-professional-eyelash-lash-extensions-lash-curling-semi-permanent-curling-perming-wave-suitable-for-salon\/#primaryimage"},"thumbnailUrl":"https:\/\/m.media-amazon.com\/images\/I\/51vldmxpitL._SL500_.jpg","datePublished":"2022-01-27T17:46:07+00:00","dateModified":"2023-04-10T01:25:25+00:00","description":"Markt-XXL Gleebee Wimpernlifting Lift Kit, Eyelash Perm Kit, Professional Eyelash Lash Extensions, Lash Curling, Semi-Permanent\u2026","breadcrumb":{"@id":"https:\/\/marktxxl.de\/markt\/produkt\/gleebee-eyelash-lift-kit-eyelash-perm-kit-professional-eyelash-lash-extensions-lash-curling-semi-permanent-curling-perming-wave-suitable-for-salon\/#breadcrumb"},"inLanguage":"de","potentialAction":[{"@type":"ReadAction","target":["https:\/\/marktxxl.de\/markt\/produkt\/gleebee-eyelash-lift-kit-eyelash-perm-kit-professional-eyelash-lash-extensions-lash-curling-semi-permanent-curling-perming-wave-suitable-for-salon\/"]}]},{"@type":"ImageObject","inLanguage":"de","@id":"https:\/\/marktxxl.de\/markt\/produkt\/gleebee-eyelash-lift-kit-eyelash-perm-kit-professional-eyelash-lash-extensions-lash-curling-semi-permanent-curling-perming-wave-suitable-for-salon\/#primaryimage","url":"https:\/\/m.media-amazon.com\/images\/I\/51vldmxpitL._SL500_.jpg","contentUrl":"https:\/\/m.media-amazon.com\/images\/I\/51vldmxpitL._SL500_.jpg","width":500,"height":500},{"@type":"BreadcrumbList","@id":"https:\/\/marktxxl.de\/markt\/produkt\/gleebee-eyelash-lift-kit-eyelash-perm-kit-professional-eyelash-lash-extensions-lash-curling-semi-permanent-curling-perming-wave-suitable-for-salon\/#breadcrumb","itemListElement":[{"@type":"ListItem","position":1,"name":"Startseite","item":"https:\/\/marktxxl.de\/markt\/"},{"@type":"ListItem","position":2,"name":"Markt","item":"https:\/\/marktxxl.de\/markt\/"},{"@type":"ListItem","position":3,"name":"Gleebee Wimpernlifting Lift Kit, Eyelash Perm Kit, Professional Eyelash Lash Extensions, Lash Curling, Semi-Permanent\u2026"}]},{"@type":"WebSite","@id":"https:\/\/marktxxl.de\/markt\/#website","url":"https:\/\/marktxxl.de\/markt\/","name":"Markt-XXL","description":"Ihr Markt Online","publisher":{"@id":"https:\/\/marktxxl.de\/markt\/#organization"},"potentialAction":[{"@type":"SearchAction","target":{"@type":"EntryPoint","urlTemplate":"https:\/\/marktxxl.de\/markt\/?s={search_term_string}"},"query-input":{"@type":"PropertyValueSpecification","valueRequired":true,"valueName":"search_term_string"}}],"inLanguage":"de"},{"@type":"Organization","@id":"https:\/\/marktxxl.de\/markt\/#organization","name":"Markt-XXL","url":"https:\/\/marktxxl.de\/markt\/","logo":{"@type":"ImageObject","inLanguage":"de","@id":"https:\/\/marktxxl.de\/markt\/#\/schema\/logo\/image\/","url":"https:\/\/marktxxl.de\/markt\/wp-content\/uploads\/sites\/3\/2020\/12\/logo.png","contentUrl":"https:\/\/marktxxl.de\/markt\/wp-content\/uploads\/sites\/3\/2020\/12\/logo.png","width":200,"height":70,"caption":"Markt-XXL"},"image":{"@id":"https:\/\/marktxxl.de\/markt\/#\/schema\/logo\/image\/"}}]}},"_links":{"self":[{"href":"https:\/\/marktxxl.de\/markt\/wp-json\/wp\/v2\/product\/102044","targetHints":{"allow":["GET"]}}],"collection":[{"href":"https:\/\/marktxxl.de\/markt\/wp-json\/wp\/v2\/product"}],"about":[{"href":"https:\/\/marktxxl.de\/markt\/wp-json\/wp\/v2\/types\/product"}],"replies":[{"embeddable":true,"href":"https:\/\/marktxxl.de\/markt\/wp-json\/wp\/v2\/comments?post=102044"}],"wp:featuredmedia":[{"embeddable":true,"href":"https:\/\/marktxxl.de\/markt\/wp-json\/wp\/v2\/media\/102045"}],"wp:attachment":[{"href":"https:\/\/marktxxl.de\/markt\/wp-json\/wp\/v2\/media?parent=102044"}],"wp:term":[{"taxonomy":"product_brand","embeddable":true,"href":"https:\/\/marktxxl.de\/markt\/wp-json\/wp\/v2\/product_brand?post=102044"},{"taxonomy":"product_cat","embeddable":true,"href":"https:\/\/marktxxl.de\/markt\/wp-json\/wp\/v2\/product_cat?post=102044"},{"taxonomy":"product_tag","embeddable":true,"href":"https:\/\/marktxxl.de\/markt\/wp-json\/wp\/v2\/product_tag?post=102044"}],"curies":[{"name":"wp","href":"https:\/\/api.w.org\/{rel}","templated":true}]}}