{"id":101958,"date":"2022-01-27T18:43:01","date_gmt":"2022-01-27T17:43:01","guid":{"rendered":"https:\/\/marktxxl.de\/markt\/produkt\/goldwell-style-sign-lagoom-jam-xxl-sondergroesse-3er-set-3x200ml\/"},"modified":"2023-04-10T03:25:23","modified_gmt":"2023-04-10T01:25:23","slug":"goldwell-style-sign-lagoom-jam-xxl-sondergroesse-3er-set-3x200ml","status":"publish","type":"product","link":"https:\/\/marktxxl.de\/markt\/produkt\/goldwell-style-sign-lagoom-jam-xxl-sondergroesse-3er-set-3x200ml\/","title":{"rendered":"Goldwell Style Sign Lagoom Jam XXL Sondergr\u00f6\u00dfe 3er Set (3x200ml)"},"content":{"rendered":"<p>Styling Gel f\u00fcr ausdrucksstarke Looks.<br \/>\nVerleiht Volumen, Textur und gibt lang-anhaltend starken Halt.<br \/>\nIns handtuchtrockene oder trockene Haar einarbeiten.<br \/>\n<div class=\"main-cross-sell\" data-asin=\"B00CIRGDP4\">\n\n\t<div class=\"WooZone-cross-sell-loader\">\n\t\t<div>\n\t\t\t<div id=\"floatingBarsG\">\n\t\t\t\t<div class=\"blockG\" id=\"rotateG_01\"><\/div>\n\t\t\t\t<div class=\"blockG\" id=\"rotateG_02\"><\/div>\n\t\t\t\t<div class=\"blockG\" id=\"rotateG_03\"><\/div>\n\t\t\t\t<div class=\"blockG\" id=\"rotateG_04\"><\/div>\n\t\t\t\t<div class=\"blockG\" id=\"rotateG_05\"><\/div>\n\t\t\t\t<div class=\"blockG\" id=\"rotateG_06\"><\/div>\n\t\t\t\t<div class=\"blockG\" id=\"rotateG_07\"><\/div>\n\t\t\t\t<div class=\"blockG\" id=\"rotateG_08\"><\/div>\n\t\t\t<\/div>\n\t\t\t<div class=\"WooZone-cross-sell-loader-text\"><\/div>\n\t\t<\/div>\n\t<\/div>\n\n\t\t\n<\/div>\n<div style=\"clear:both;\"><\/div><\/p>\n","protected":false},"excerpt":{"rendered":"<p>Styling Gel f\u00fcr ausdrucksstarke Looks.<br \/>\nVerleiht Volumen, Textur und gibt lang-anhaltend starken Halt.<br \/>\nIns handtuchtrockene oder trockene Haar einarbeiten.<\/p>\n","protected":false},"featured_media":101959,"comment_status":"open","ping_status":"closed","template":"","meta":[],"product_brand":[],"product_cat":[2858,6994],"product_tag":[],"class_list":{"0":"post-101958","1":"product","2":"type-product","3":"status-publish","4":"has-post-thumbnail","6":"product_cat-beauty","7":"product_cat-haarpflege-styling","8":"pa_binding-badartikel","9":"pa_brand-goldwell","10":"pa_manufacturer-kao-germany","11":"pa_size-200-ml-3er-pack","13":"first","14":"instock","15":"shipping-taxable","16":"purchasable","17":"product-type-simple","18":"customify-col","19":"product-has-gallery"},"yoast_head":"<!-- This site is optimized with the Yoast SEO plugin v27.3 - https:\/\/yoast.com\/product\/yoast-seo-wordpress\/ -->\n<title>Goldwell Style Sign Lagoom Jam XXL Sondergr\u00f6\u00dfe 3er Set (3x200ml) - Markt-XXL<\/title>\n<meta name=\"description\" content=\"Markt-XXL Goldwell Style Sign Lagoom Jam XXL Sondergr\u00f6\u00dfe 3er Set (3x200ml)\" \/>\n<meta name=\"robots\" content=\"index, follow, max-snippet:-1, max-image-preview:large, max-video-preview:-1\" \/>\n<link rel=\"canonical\" href=\"https:\/\/marktxxl.de\/markt\/produkt\/goldwell-style-sign-lagoom-jam-xxl-sondergroesse-3er-set-3x200ml\/\" \/>\n<meta property=\"og:locale\" content=\"de_DE\" \/>\n<meta property=\"og:type\" content=\"article\" \/>\n<meta property=\"og:title\" content=\"Goldwell Style Sign Lagoom Jam XXL Sondergr\u00f6\u00dfe 3er Set (3x200ml) - Markt-XXL\" \/>\n<meta property=\"og:description\" content=\"Markt-XXL Goldwell Style Sign Lagoom Jam XXL Sondergr\u00f6\u00dfe 3er Set (3x200ml)\" \/>\n<meta property=\"og:url\" content=\"https:\/\/marktxxl.de\/markt\/produkt\/goldwell-style-sign-lagoom-jam-xxl-sondergroesse-3er-set-3x200ml\/\" \/>\n<meta property=\"og:site_name\" content=\"Markt-XXL\" \/>\n<meta property=\"article:modified_time\" content=\"2023-04-10T01:25:23+00:00\" \/>\n<meta property=\"og:image\" content=\"https:\/\/m.media-amazon.com\/images\/I\/51w4SQuR4oL._SL500_.jpg\" \/>\n\t<meta property=\"og:image:width\" content=\"490\" \/>\n\t<meta property=\"og:image:height\" content=\"500\" \/>\n\t<meta property=\"og:image:type\" content=\"image\/jpeg\" \/>\n<meta name=\"twitter:card\" content=\"summary_large_image\" \/>\n<script type=\"application\/ld+json\" class=\"yoast-schema-graph\">{\"@context\":\"https:\\\/\\\/schema.org\",\"@graph\":[{\"@type\":\"WebPage\",\"@id\":\"https:\\\/\\\/marktxxl.de\\\/markt\\\/produkt\\\/goldwell-style-sign-lagoom-jam-xxl-sondergroesse-3er-set-3x200ml\\\/\",\"url\":\"https:\\\/\\\/marktxxl.de\\\/markt\\\/produkt\\\/goldwell-style-sign-lagoom-jam-xxl-sondergroesse-3er-set-3x200ml\\\/\",\"name\":\"Goldwell Style Sign Lagoom Jam XXL Sondergr\u00f6\u00dfe 3er Set (3x200ml) - Markt-XXL\",\"isPartOf\":{\"@id\":\"https:\\\/\\\/marktxxl.de\\\/markt\\\/#website\"},\"primaryImageOfPage\":{\"@id\":\"https:\\\/\\\/marktxxl.de\\\/markt\\\/produkt\\\/goldwell-style-sign-lagoom-jam-xxl-sondergroesse-3er-set-3x200ml\\\/#primaryimage\"},\"image\":{\"@id\":\"https:\\\/\\\/marktxxl.de\\\/markt\\\/produkt\\\/goldwell-style-sign-lagoom-jam-xxl-sondergroesse-3er-set-3x200ml\\\/#primaryimage\"},\"thumbnailUrl\":\"https:\\\/\\\/m.media-amazon.com\\\/images\\\/I\\\/51w4SQuR4oL._SL500_.jpg\",\"datePublished\":\"2022-01-27T17:43:01+00:00\",\"dateModified\":\"2023-04-10T01:25:23+00:00\",\"description\":\"Markt-XXL Goldwell Style Sign Lagoom Jam XXL Sondergr\u00f6\u00dfe 3er Set (3x200ml)\",\"breadcrumb\":{\"@id\":\"https:\\\/\\\/marktxxl.de\\\/markt\\\/produkt\\\/goldwell-style-sign-lagoom-jam-xxl-sondergroesse-3er-set-3x200ml\\\/#breadcrumb\"},\"inLanguage\":\"de\",\"potentialAction\":[{\"@type\":\"ReadAction\",\"target\":[\"https:\\\/\\\/marktxxl.de\\\/markt\\\/produkt\\\/goldwell-style-sign-lagoom-jam-xxl-sondergroesse-3er-set-3x200ml\\\/\"]}]},{\"@type\":\"ImageObject\",\"inLanguage\":\"de\",\"@id\":\"https:\\\/\\\/marktxxl.de\\\/markt\\\/produkt\\\/goldwell-style-sign-lagoom-jam-xxl-sondergroesse-3er-set-3x200ml\\\/#primaryimage\",\"url\":\"https:\\\/\\\/m.media-amazon.com\\\/images\\\/I\\\/51w4SQuR4oL._SL500_.jpg\",\"contentUrl\":\"https:\\\/\\\/m.media-amazon.com\\\/images\\\/I\\\/51w4SQuR4oL._SL500_.jpg\",\"width\":490,\"height\":500},{\"@type\":\"BreadcrumbList\",\"@id\":\"https:\\\/\\\/marktxxl.de\\\/markt\\\/produkt\\\/goldwell-style-sign-lagoom-jam-xxl-sondergroesse-3er-set-3x200ml\\\/#breadcrumb\",\"itemListElement\":[{\"@type\":\"ListItem\",\"position\":1,\"name\":\"Startseite\",\"item\":\"https:\\\/\\\/marktxxl.de\\\/markt\\\/\"},{\"@type\":\"ListItem\",\"position\":2,\"name\":\"Markt\",\"item\":\"https:\\\/\\\/marktxxl.de\\\/markt\\\/\"},{\"@type\":\"ListItem\",\"position\":3,\"name\":\"Goldwell Style Sign Lagoom Jam XXL Sondergr\u00f6\u00dfe 3er Set (3x200ml)\"}]},{\"@type\":\"WebSite\",\"@id\":\"https:\\\/\\\/marktxxl.de\\\/markt\\\/#website\",\"url\":\"https:\\\/\\\/marktxxl.de\\\/markt\\\/\",\"name\":\"Markt-XXL\",\"description\":\"Ihr Markt Online\",\"publisher\":{\"@id\":\"https:\\\/\\\/marktxxl.de\\\/markt\\\/#organization\"},\"potentialAction\":[{\"@type\":\"SearchAction\",\"target\":{\"@type\":\"EntryPoint\",\"urlTemplate\":\"https:\\\/\\\/marktxxl.de\\\/markt\\\/?s={search_term_string}\"},\"query-input\":{\"@type\":\"PropertyValueSpecification\",\"valueRequired\":true,\"valueName\":\"search_term_string\"}}],\"inLanguage\":\"de\"},{\"@type\":\"Organization\",\"@id\":\"https:\\\/\\\/marktxxl.de\\\/markt\\\/#organization\",\"name\":\"Markt-XXL\",\"url\":\"https:\\\/\\\/marktxxl.de\\\/markt\\\/\",\"logo\":{\"@type\":\"ImageObject\",\"inLanguage\":\"de\",\"@id\":\"https:\\\/\\\/marktxxl.de\\\/markt\\\/#\\\/schema\\\/logo\\\/image\\\/\",\"url\":\"https:\\\/\\\/marktxxl.de\\\/markt\\\/wp-content\\\/uploads\\\/sites\\\/3\\\/2020\\\/12\\\/logo.png\",\"contentUrl\":\"https:\\\/\\\/marktxxl.de\\\/markt\\\/wp-content\\\/uploads\\\/sites\\\/3\\\/2020\\\/12\\\/logo.png\",\"width\":200,\"height\":70,\"caption\":\"Markt-XXL\"},\"image\":{\"@id\":\"https:\\\/\\\/marktxxl.de\\\/markt\\\/#\\\/schema\\\/logo\\\/image\\\/\"}}]}<\/script>\n<!-- \/ Yoast SEO plugin. -->","yoast_head_json":{"title":"Goldwell Style Sign Lagoom Jam XXL Sondergr\u00f6\u00dfe 3er Set (3x200ml) - Markt-XXL","description":"Markt-XXL Goldwell Style Sign Lagoom Jam XXL Sondergr\u00f6\u00dfe 3er Set (3x200ml)","robots":{"index":"index","follow":"follow","max-snippet":"max-snippet:-1","max-image-preview":"max-image-preview:large","max-video-preview":"max-video-preview:-1"},"canonical":"https:\/\/marktxxl.de\/markt\/produkt\/goldwell-style-sign-lagoom-jam-xxl-sondergroesse-3er-set-3x200ml\/","og_locale":"de_DE","og_type":"article","og_title":"Goldwell Style Sign Lagoom Jam XXL Sondergr\u00f6\u00dfe 3er Set (3x200ml) - Markt-XXL","og_description":"Markt-XXL Goldwell Style Sign Lagoom Jam XXL Sondergr\u00f6\u00dfe 3er Set (3x200ml)","og_url":"https:\/\/marktxxl.de\/markt\/produkt\/goldwell-style-sign-lagoom-jam-xxl-sondergroesse-3er-set-3x200ml\/","og_site_name":"Markt-XXL","article_modified_time":"2023-04-10T01:25:23+00:00","og_image":[{"width":490,"height":500,"url":"https:\/\/m.media-amazon.com\/images\/I\/51w4SQuR4oL._SL500_.jpg","type":"image\/jpeg"}],"twitter_card":"summary_large_image","schema":{"@context":"https:\/\/schema.org","@graph":[{"@type":"WebPage","@id":"https:\/\/marktxxl.de\/markt\/produkt\/goldwell-style-sign-lagoom-jam-xxl-sondergroesse-3er-set-3x200ml\/","url":"https:\/\/marktxxl.de\/markt\/produkt\/goldwell-style-sign-lagoom-jam-xxl-sondergroesse-3er-set-3x200ml\/","name":"Goldwell Style Sign Lagoom Jam XXL Sondergr\u00f6\u00dfe 3er Set (3x200ml) - Markt-XXL","isPartOf":{"@id":"https:\/\/marktxxl.de\/markt\/#website"},"primaryImageOfPage":{"@id":"https:\/\/marktxxl.de\/markt\/produkt\/goldwell-style-sign-lagoom-jam-xxl-sondergroesse-3er-set-3x200ml\/#primaryimage"},"image":{"@id":"https:\/\/marktxxl.de\/markt\/produkt\/goldwell-style-sign-lagoom-jam-xxl-sondergroesse-3er-set-3x200ml\/#primaryimage"},"thumbnailUrl":"https:\/\/m.media-amazon.com\/images\/I\/51w4SQuR4oL._SL500_.jpg","datePublished":"2022-01-27T17:43:01+00:00","dateModified":"2023-04-10T01:25:23+00:00","description":"Markt-XXL Goldwell Style Sign Lagoom Jam XXL Sondergr\u00f6\u00dfe 3er Set (3x200ml)","breadcrumb":{"@id":"https:\/\/marktxxl.de\/markt\/produkt\/goldwell-style-sign-lagoom-jam-xxl-sondergroesse-3er-set-3x200ml\/#breadcrumb"},"inLanguage":"de","potentialAction":[{"@type":"ReadAction","target":["https:\/\/marktxxl.de\/markt\/produkt\/goldwell-style-sign-lagoom-jam-xxl-sondergroesse-3er-set-3x200ml\/"]}]},{"@type":"ImageObject","inLanguage":"de","@id":"https:\/\/marktxxl.de\/markt\/produkt\/goldwell-style-sign-lagoom-jam-xxl-sondergroesse-3er-set-3x200ml\/#primaryimage","url":"https:\/\/m.media-amazon.com\/images\/I\/51w4SQuR4oL._SL500_.jpg","contentUrl":"https:\/\/m.media-amazon.com\/images\/I\/51w4SQuR4oL._SL500_.jpg","width":490,"height":500},{"@type":"BreadcrumbList","@id":"https:\/\/marktxxl.de\/markt\/produkt\/goldwell-style-sign-lagoom-jam-xxl-sondergroesse-3er-set-3x200ml\/#breadcrumb","itemListElement":[{"@type":"ListItem","position":1,"name":"Startseite","item":"https:\/\/marktxxl.de\/markt\/"},{"@type":"ListItem","position":2,"name":"Markt","item":"https:\/\/marktxxl.de\/markt\/"},{"@type":"ListItem","position":3,"name":"Goldwell Style Sign Lagoom Jam XXL Sondergr\u00f6\u00dfe 3er Set (3x200ml)"}]},{"@type":"WebSite","@id":"https:\/\/marktxxl.de\/markt\/#website","url":"https:\/\/marktxxl.de\/markt\/","name":"Markt-XXL","description":"Ihr Markt Online","publisher":{"@id":"https:\/\/marktxxl.de\/markt\/#organization"},"potentialAction":[{"@type":"SearchAction","target":{"@type":"EntryPoint","urlTemplate":"https:\/\/marktxxl.de\/markt\/?s={search_term_string}"},"query-input":{"@type":"PropertyValueSpecification","valueRequired":true,"valueName":"search_term_string"}}],"inLanguage":"de"},{"@type":"Organization","@id":"https:\/\/marktxxl.de\/markt\/#organization","name":"Markt-XXL","url":"https:\/\/marktxxl.de\/markt\/","logo":{"@type":"ImageObject","inLanguage":"de","@id":"https:\/\/marktxxl.de\/markt\/#\/schema\/logo\/image\/","url":"https:\/\/marktxxl.de\/markt\/wp-content\/uploads\/sites\/3\/2020\/12\/logo.png","contentUrl":"https:\/\/marktxxl.de\/markt\/wp-content\/uploads\/sites\/3\/2020\/12\/logo.png","width":200,"height":70,"caption":"Markt-XXL"},"image":{"@id":"https:\/\/marktxxl.de\/markt\/#\/schema\/logo\/image\/"}}]}},"_links":{"self":[{"href":"https:\/\/marktxxl.de\/markt\/wp-json\/wp\/v2\/product\/101958","targetHints":{"allow":["GET"]}}],"collection":[{"href":"https:\/\/marktxxl.de\/markt\/wp-json\/wp\/v2\/product"}],"about":[{"href":"https:\/\/marktxxl.de\/markt\/wp-json\/wp\/v2\/types\/product"}],"replies":[{"embeddable":true,"href":"https:\/\/marktxxl.de\/markt\/wp-json\/wp\/v2\/comments?post=101958"}],"wp:featuredmedia":[{"embeddable":true,"href":"https:\/\/marktxxl.de\/markt\/wp-json\/wp\/v2\/media\/101959"}],"wp:attachment":[{"href":"https:\/\/marktxxl.de\/markt\/wp-json\/wp\/v2\/media?parent=101958"}],"wp:term":[{"taxonomy":"product_brand","embeddable":true,"href":"https:\/\/marktxxl.de\/markt\/wp-json\/wp\/v2\/product_brand?post=101958"},{"taxonomy":"product_cat","embeddable":true,"href":"https:\/\/marktxxl.de\/markt\/wp-json\/wp\/v2\/product_cat?post=101958"},{"taxonomy":"product_tag","embeddable":true,"href":"https:\/\/marktxxl.de\/markt\/wp-json\/wp\/v2\/product_tag?post=101958"}],"curies":[{"name":"wp","href":"https:\/\/api.w.org\/{rel}","templated":true}]}}