{"id":101788,"date":"2022-01-27T18:35:36","date_gmt":"2022-01-27T17:35:36","guid":{"rendered":"https:\/\/marktxxl.de\/markt\/produkt\/dolbomy-sicherheitsarmband-fuer-kinder-und-babys-laenge-2-m-aus-robustem-und-elastischem-stahl-mit-schloss-mit-schluessel-und-pfeife-befestigung-am-handgelenk-oder-gurt-anti-verlust\/"},"modified":"2023-04-10T03:25:17","modified_gmt":"2023-04-10T01:25:17","slug":"dolbomy-sicherheitsarmband-fuer-kinder-und-babys-laenge-2-m-aus-robustem-und-elastischem-stahl-mit-schloss-mit-schluessel-und-pfeife-befestigung-am-handgelenk-oder-gurt-anti-verlust","status":"publish","type":"product","link":"https:\/\/marktxxl.de\/markt\/produkt\/dolbomy-sicherheitsarmband-fuer-kinder-und-babys-laenge-2-m-aus-robustem-und-elastischem-stahl-mit-schloss-mit-schluessel-und-pfeife-befestigung-am-handgelenk-oder-gurt-anti-verlust\/","title":{"rendered":"Dolbomy Sicherheitsarmband f\u00fcr Kinder und Babys, L\u00e4nge 2 m, aus robustem und elastischem Stahl, mit Schloss mit\u2026"},"content":{"rendered":"<p>\u2705 &#8211; Ihr Kind neigt dazu, \u00fcberall zu laufen? Dieses Armband ist ausziehbar von 2 Metern und bietet eine gewisse Freiheit, ohne es aus den Augen zu verlieren, und Unf\u00e4lle im Auto oder Motorrad zu vermeiden. Jetzt m\u00fcssen Sie Ihr Kind nicht mehr im Kinderwagen lassen und keine Angst mehr haben, Ihre Hand zu verlieren, wenn Sie Ihren n\u00e4chsten Spaziergang machen.<br \/>\n\u2705 &#8211; Haben Sie Angst vor unebenen Blicken anderer Fu\u00dfg\u00e4nger? Im Gegensatz zu einem Geschirr, das oft einer Leine erscheint, ist dieses Ger\u00e4t diskreter und Ihr M\u00e4dchen oder Jungen wird es gerne tragen. Kann ganz einfach am Kinderwagen oder G\u00fcrtel befestigt werden.<br \/>\n\u2705 &#8211; Ein Scratch zu leicht zu entfernen? Unsere Armb\u00e4nder verf\u00fcgen \u00fcber einen hochfesten Klettverschluss und einen Schl\u00fcsselverschluss. Ihr Kind wird die Befestigung nicht mehr so leicht entfernen! Eine Signalpfeife wenn verloren geht, ist auf dem Sicherheitsband angebracht.<br \/>\n\u2705 \u2013 Ideal f\u00fcr Ausfl\u00fcge in Freizeitparks, Auslandsreisen, Feuerwerke, Nachtmarkt, Schwimmbad oder andere \u00fcberf\u00fcllte oder gef\u00e4hrliche Orte wie Stra\u00dfendurchg\u00e4nge. Passt problemlos in Ihre Handtasche oder Ihren Rucksack.<br \/>\n\u2705 \u2013 Jedes Armband besteht aus einem EVA-Stoff, das weich, flexibel und widerstandsf\u00e4hig ist. Sehr bequem f\u00fcr das Handgelenk von Babys, Erwachsenen oder Kindern. Der Gurt mit verst\u00e4rkten Stahlspitzen ist um 360 Grad drehbar und bietet optimale Bewegungsfreiheit.<br \/>\n<div class=\"main-cross-sell\" data-asin=\"B08NFJ6NZ3\">\n\n\t<div class=\"WooZone-cross-sell-loader\">\n\t\t<div>\n\t\t\t<div id=\"floatingBarsG\">\n\t\t\t\t<div class=\"blockG\" id=\"rotateG_01\"><\/div>\n\t\t\t\t<div class=\"blockG\" id=\"rotateG_02\"><\/div>\n\t\t\t\t<div class=\"blockG\" id=\"rotateG_03\"><\/div>\n\t\t\t\t<div class=\"blockG\" id=\"rotateG_04\"><\/div>\n\t\t\t\t<div class=\"blockG\" id=\"rotateG_05\"><\/div>\n\t\t\t\t<div class=\"blockG\" id=\"rotateG_06\"><\/div>\n\t\t\t\t<div class=\"blockG\" id=\"rotateG_07\"><\/div>\n\t\t\t\t<div class=\"blockG\" id=\"rotateG_08\"><\/div>\n\t\t\t<\/div>\n\t\t\t<div class=\"WooZone-cross-sell-loader-text\"><\/div>\n\t\t<\/div>\n\t<\/div>\n\n\t\t\n<\/div>\n<div style=\"clear:both;\"><\/div><\/p>\n","protected":false},"excerpt":{"rendered":"<p>\u2705 &#8211; Ihr Kind neigt dazu, \u00fcberall zu laufen? Dieses Armband ist ausziehbar von 2 Metern und bietet eine gewisse Freiheit, ohne es aus den Augen zu verlieren, und Unf\u00e4lle im Auto oder Motorrad zu vermeiden. Jetzt m\u00fcssen Sie Ihr Kind nicht mehr im Kinderwagen lassen und keine Angst mehr haben, Ihre Hand zu verlieren, wenn Sie Ihren n\u00e4chsten Spaziergang machen.<br \/>\n\u2705 &#8211; Haben Sie Angst vor unebenen Blicken anderer Fu\u00dfg\u00e4nger? Im Gegensatz zu einem Geschirr, das oft einer Leine erscheint, ist dieses Ger\u00e4t diskreter und Ihr M\u00e4dchen oder Jungen wird es gerne tragen. Kann ganz einfach am Kinderwagen oder G\u00fcrtel befestigt werden.<br \/>\n\u2705 &#8211; Ein Scratch zu leicht zu entfernen? Unsere Armb\u00e4nder verf\u00fcgen \u00fcber einen hochfesten Klettverschluss und einen Schl\u00fcsselverschluss. Ihr Kind wird die Befestigung nicht mehr so leicht entfernen! Eine Signalpfeife wenn verloren geht, ist auf dem Sicherheitsband angebracht.<\/p>\n","protected":false},"featured_media":101789,"comment_status":"open","ping_status":"closed","template":"","meta":[],"product_brand":[],"product_cat":[21,9378],"product_tag":[],"class_list":{"0":"post-101788","1":"product","2":"type-product","3":"status-publish","4":"has-post-thumbnail","6":"product_cat-baby","7":"product_cat-sicherheit-baby","8":"pa_binding-babyartikel","9":"pa_brand-dolbomy","10":"pa_manufacturer-dolbomy","12":"first","13":"instock","14":"shipping-taxable","15":"purchasable","16":"product-type-simple","17":"customify-col","18":"product-has-gallery"},"yoast_head":"<!-- This site is optimized with the Yoast SEO plugin v27.4 - https:\/\/yoast.com\/product\/yoast-seo-wordpress\/ -->\n<title>Dolbomy Sicherheitsarmband f\u00fcr Kinder und Babys, L\u00e4nge 2 m, aus robustem und elastischem Stahl, mit Schloss mit\u2026 - Markt-XXL<\/title>\n<meta name=\"description\" content=\"Markt-XXL Dolbomy Sicherheitsarmband f\u00fcr Kinder und Babys, L\u00e4nge 2 m, aus robustem und elastischem Stahl, mit Schloss mit\u2026\" \/>\n<meta name=\"robots\" content=\"index, follow, max-snippet:-1, max-image-preview:large, max-video-preview:-1\" \/>\n<link rel=\"canonical\" href=\"https:\/\/marktxxl.de\/markt\/produkt\/dolbomy-sicherheitsarmband-fuer-kinder-und-babys-laenge-2-m-aus-robustem-und-elastischem-stahl-mit-schloss-mit-schluessel-und-pfeife-befestigung-am-handgelenk-oder-gurt-anti-verlust\/\" \/>\n<meta property=\"og:locale\" content=\"de_DE\" \/>\n<meta property=\"og:type\" content=\"article\" \/>\n<meta property=\"og:title\" content=\"Dolbomy Sicherheitsarmband f\u00fcr Kinder und Babys, L\u00e4nge 2 m, aus robustem und elastischem Stahl, mit Schloss mit\u2026 - Markt-XXL\" \/>\n<meta property=\"og:description\" content=\"Markt-XXL Dolbomy Sicherheitsarmband f\u00fcr Kinder und Babys, L\u00e4nge 2 m, aus robustem und elastischem Stahl, mit Schloss mit\u2026\" \/>\n<meta property=\"og:url\" content=\"https:\/\/marktxxl.de\/markt\/produkt\/dolbomy-sicherheitsarmband-fuer-kinder-und-babys-laenge-2-m-aus-robustem-und-elastischem-stahl-mit-schloss-mit-schluessel-und-pfeife-befestigung-am-handgelenk-oder-gurt-anti-verlust\/\" \/>\n<meta property=\"og:site_name\" content=\"Markt-XXL\" \/>\n<meta property=\"article:modified_time\" content=\"2023-04-10T01:25:17+00:00\" \/>\n<meta property=\"og:image\" content=\"https:\/\/m.media-amazon.com\/images\/I\/51W0UXCIRqL._SL500_.jpg\" \/>\n\t<meta property=\"og:image:width\" content=\"500\" \/>\n\t<meta property=\"og:image:height\" content=\"421\" \/>\n\t<meta property=\"og:image:type\" content=\"image\/jpeg\" \/>\n<meta name=\"twitter:card\" content=\"summary_large_image\" \/>\n<meta name=\"twitter:label1\" content=\"Gesch\u00e4tzte Lesezeit\" \/>\n\t<meta name=\"twitter:data1\" content=\"1\u00a0Minute\" \/>\n<script type=\"application\/ld+json\" class=\"yoast-schema-graph\">{\"@context\":\"https:\\\/\\\/schema.org\",\"@graph\":[{\"@type\":\"WebPage\",\"@id\":\"https:\\\/\\\/marktxxl.de\\\/markt\\\/produkt\\\/dolbomy-sicherheitsarmband-fuer-kinder-und-babys-laenge-2-m-aus-robustem-und-elastischem-stahl-mit-schloss-mit-schluessel-und-pfeife-befestigung-am-handgelenk-oder-gurt-anti-verlust\\\/\",\"url\":\"https:\\\/\\\/marktxxl.de\\\/markt\\\/produkt\\\/dolbomy-sicherheitsarmband-fuer-kinder-und-babys-laenge-2-m-aus-robustem-und-elastischem-stahl-mit-schloss-mit-schluessel-und-pfeife-befestigung-am-handgelenk-oder-gurt-anti-verlust\\\/\",\"name\":\"Dolbomy Sicherheitsarmband f\u00fcr Kinder und Babys, L\u00e4nge 2 m, aus robustem und elastischem Stahl, mit Schloss mit\u2026 - Markt-XXL\",\"isPartOf\":{\"@id\":\"https:\\\/\\\/marktxxl.de\\\/markt\\\/#website\"},\"primaryImageOfPage\":{\"@id\":\"https:\\\/\\\/marktxxl.de\\\/markt\\\/produkt\\\/dolbomy-sicherheitsarmband-fuer-kinder-und-babys-laenge-2-m-aus-robustem-und-elastischem-stahl-mit-schloss-mit-schluessel-und-pfeife-befestigung-am-handgelenk-oder-gurt-anti-verlust\\\/#primaryimage\"},\"image\":{\"@id\":\"https:\\\/\\\/marktxxl.de\\\/markt\\\/produkt\\\/dolbomy-sicherheitsarmband-fuer-kinder-und-babys-laenge-2-m-aus-robustem-und-elastischem-stahl-mit-schloss-mit-schluessel-und-pfeife-befestigung-am-handgelenk-oder-gurt-anti-verlust\\\/#primaryimage\"},\"thumbnailUrl\":\"https:\\\/\\\/m.media-amazon.com\\\/images\\\/I\\\/51W0UXCIRqL._SL500_.jpg\",\"datePublished\":\"2022-01-27T17:35:36+00:00\",\"dateModified\":\"2023-04-10T01:25:17+00:00\",\"description\":\"Markt-XXL Dolbomy Sicherheitsarmband f\u00fcr Kinder und Babys, L\u00e4nge 2 m, aus robustem und elastischem Stahl, mit Schloss mit\u2026\",\"breadcrumb\":{\"@id\":\"https:\\\/\\\/marktxxl.de\\\/markt\\\/produkt\\\/dolbomy-sicherheitsarmband-fuer-kinder-und-babys-laenge-2-m-aus-robustem-und-elastischem-stahl-mit-schloss-mit-schluessel-und-pfeife-befestigung-am-handgelenk-oder-gurt-anti-verlust\\\/#breadcrumb\"},\"inLanguage\":\"de\",\"potentialAction\":[{\"@type\":\"ReadAction\",\"target\":[\"https:\\\/\\\/marktxxl.de\\\/markt\\\/produkt\\\/dolbomy-sicherheitsarmband-fuer-kinder-und-babys-laenge-2-m-aus-robustem-und-elastischem-stahl-mit-schloss-mit-schluessel-und-pfeife-befestigung-am-handgelenk-oder-gurt-anti-verlust\\\/\"]}]},{\"@type\":\"ImageObject\",\"inLanguage\":\"de\",\"@id\":\"https:\\\/\\\/marktxxl.de\\\/markt\\\/produkt\\\/dolbomy-sicherheitsarmband-fuer-kinder-und-babys-laenge-2-m-aus-robustem-und-elastischem-stahl-mit-schloss-mit-schluessel-und-pfeife-befestigung-am-handgelenk-oder-gurt-anti-verlust\\\/#primaryimage\",\"url\":\"https:\\\/\\\/m.media-amazon.com\\\/images\\\/I\\\/51W0UXCIRqL._SL500_.jpg\",\"contentUrl\":\"https:\\\/\\\/m.media-amazon.com\\\/images\\\/I\\\/51W0UXCIRqL._SL500_.jpg\",\"width\":500,\"height\":421},{\"@type\":\"BreadcrumbList\",\"@id\":\"https:\\\/\\\/marktxxl.de\\\/markt\\\/produkt\\\/dolbomy-sicherheitsarmband-fuer-kinder-und-babys-laenge-2-m-aus-robustem-und-elastischem-stahl-mit-schloss-mit-schluessel-und-pfeife-befestigung-am-handgelenk-oder-gurt-anti-verlust\\\/#breadcrumb\",\"itemListElement\":[{\"@type\":\"ListItem\",\"position\":1,\"name\":\"Startseite\",\"item\":\"https:\\\/\\\/marktxxl.de\\\/markt\\\/\"},{\"@type\":\"ListItem\",\"position\":2,\"name\":\"Markt\",\"item\":\"https:\\\/\\\/marktxxl.de\\\/markt\\\/\"},{\"@type\":\"ListItem\",\"position\":3,\"name\":\"Dolbomy Sicherheitsarmband f\u00fcr Kinder und Babys, L\u00e4nge 2 m, aus robustem und elastischem Stahl, mit Schloss mit\u2026\"}]},{\"@type\":\"WebSite\",\"@id\":\"https:\\\/\\\/marktxxl.de\\\/markt\\\/#website\",\"url\":\"https:\\\/\\\/marktxxl.de\\\/markt\\\/\",\"name\":\"Markt-XXL\",\"description\":\"Ihr Markt Online\",\"publisher\":{\"@id\":\"https:\\\/\\\/marktxxl.de\\\/markt\\\/#organization\"},\"potentialAction\":[{\"@type\":\"SearchAction\",\"target\":{\"@type\":\"EntryPoint\",\"urlTemplate\":\"https:\\\/\\\/marktxxl.de\\\/markt\\\/?s={search_term_string}\"},\"query-input\":{\"@type\":\"PropertyValueSpecification\",\"valueRequired\":true,\"valueName\":\"search_term_string\"}}],\"inLanguage\":\"de\"},{\"@type\":\"Organization\",\"@id\":\"https:\\\/\\\/marktxxl.de\\\/markt\\\/#organization\",\"name\":\"Markt-XXL\",\"url\":\"https:\\\/\\\/marktxxl.de\\\/markt\\\/\",\"logo\":{\"@type\":\"ImageObject\",\"inLanguage\":\"de\",\"@id\":\"https:\\\/\\\/marktxxl.de\\\/markt\\\/#\\\/schema\\\/logo\\\/image\\\/\",\"url\":\"https:\\\/\\\/marktxxl.de\\\/markt\\\/wp-content\\\/uploads\\\/sites\\\/3\\\/2020\\\/12\\\/logo.png\",\"contentUrl\":\"https:\\\/\\\/marktxxl.de\\\/markt\\\/wp-content\\\/uploads\\\/sites\\\/3\\\/2020\\\/12\\\/logo.png\",\"width\":200,\"height\":70,\"caption\":\"Markt-XXL\"},\"image\":{\"@id\":\"https:\\\/\\\/marktxxl.de\\\/markt\\\/#\\\/schema\\\/logo\\\/image\\\/\"}}]}<\/script>\n<!-- \/ Yoast SEO plugin. -->","yoast_head_json":{"title":"Dolbomy Sicherheitsarmband f\u00fcr Kinder und Babys, L\u00e4nge 2 m, aus robustem und elastischem Stahl, mit Schloss mit\u2026 - Markt-XXL","description":"Markt-XXL Dolbomy Sicherheitsarmband f\u00fcr Kinder und Babys, L\u00e4nge 2 m, aus robustem und elastischem Stahl, mit Schloss mit\u2026","robots":{"index":"index","follow":"follow","max-snippet":"max-snippet:-1","max-image-preview":"max-image-preview:large","max-video-preview":"max-video-preview:-1"},"canonical":"https:\/\/marktxxl.de\/markt\/produkt\/dolbomy-sicherheitsarmband-fuer-kinder-und-babys-laenge-2-m-aus-robustem-und-elastischem-stahl-mit-schloss-mit-schluessel-und-pfeife-befestigung-am-handgelenk-oder-gurt-anti-verlust\/","og_locale":"de_DE","og_type":"article","og_title":"Dolbomy Sicherheitsarmband f\u00fcr Kinder und Babys, L\u00e4nge 2 m, aus robustem und elastischem Stahl, mit Schloss mit\u2026 - Markt-XXL","og_description":"Markt-XXL Dolbomy Sicherheitsarmband f\u00fcr Kinder und Babys, L\u00e4nge 2 m, aus robustem und elastischem Stahl, mit Schloss mit\u2026","og_url":"https:\/\/marktxxl.de\/markt\/produkt\/dolbomy-sicherheitsarmband-fuer-kinder-und-babys-laenge-2-m-aus-robustem-und-elastischem-stahl-mit-schloss-mit-schluessel-und-pfeife-befestigung-am-handgelenk-oder-gurt-anti-verlust\/","og_site_name":"Markt-XXL","article_modified_time":"2023-04-10T01:25:17+00:00","og_image":[{"width":500,"height":421,"url":"https:\/\/m.media-amazon.com\/images\/I\/51W0UXCIRqL._SL500_.jpg","type":"image\/jpeg"}],"twitter_card":"summary_large_image","twitter_misc":{"Gesch\u00e4tzte Lesezeit":"1\u00a0Minute"},"schema":{"@context":"https:\/\/schema.org","@graph":[{"@type":"WebPage","@id":"https:\/\/marktxxl.de\/markt\/produkt\/dolbomy-sicherheitsarmband-fuer-kinder-und-babys-laenge-2-m-aus-robustem-und-elastischem-stahl-mit-schloss-mit-schluessel-und-pfeife-befestigung-am-handgelenk-oder-gurt-anti-verlust\/","url":"https:\/\/marktxxl.de\/markt\/produkt\/dolbomy-sicherheitsarmband-fuer-kinder-und-babys-laenge-2-m-aus-robustem-und-elastischem-stahl-mit-schloss-mit-schluessel-und-pfeife-befestigung-am-handgelenk-oder-gurt-anti-verlust\/","name":"Dolbomy Sicherheitsarmband f\u00fcr Kinder und Babys, L\u00e4nge 2 m, aus robustem und elastischem Stahl, mit Schloss mit\u2026 - Markt-XXL","isPartOf":{"@id":"https:\/\/marktxxl.de\/markt\/#website"},"primaryImageOfPage":{"@id":"https:\/\/marktxxl.de\/markt\/produkt\/dolbomy-sicherheitsarmband-fuer-kinder-und-babys-laenge-2-m-aus-robustem-und-elastischem-stahl-mit-schloss-mit-schluessel-und-pfeife-befestigung-am-handgelenk-oder-gurt-anti-verlust\/#primaryimage"},"image":{"@id":"https:\/\/marktxxl.de\/markt\/produkt\/dolbomy-sicherheitsarmband-fuer-kinder-und-babys-laenge-2-m-aus-robustem-und-elastischem-stahl-mit-schloss-mit-schluessel-und-pfeife-befestigung-am-handgelenk-oder-gurt-anti-verlust\/#primaryimage"},"thumbnailUrl":"https:\/\/m.media-amazon.com\/images\/I\/51W0UXCIRqL._SL500_.jpg","datePublished":"2022-01-27T17:35:36+00:00","dateModified":"2023-04-10T01:25:17+00:00","description":"Markt-XXL Dolbomy Sicherheitsarmband f\u00fcr Kinder und Babys, L\u00e4nge 2 m, aus robustem und elastischem Stahl, mit Schloss mit\u2026","breadcrumb":{"@id":"https:\/\/marktxxl.de\/markt\/produkt\/dolbomy-sicherheitsarmband-fuer-kinder-und-babys-laenge-2-m-aus-robustem-und-elastischem-stahl-mit-schloss-mit-schluessel-und-pfeife-befestigung-am-handgelenk-oder-gurt-anti-verlust\/#breadcrumb"},"inLanguage":"de","potentialAction":[{"@type":"ReadAction","target":["https:\/\/marktxxl.de\/markt\/produkt\/dolbomy-sicherheitsarmband-fuer-kinder-und-babys-laenge-2-m-aus-robustem-und-elastischem-stahl-mit-schloss-mit-schluessel-und-pfeife-befestigung-am-handgelenk-oder-gurt-anti-verlust\/"]}]},{"@type":"ImageObject","inLanguage":"de","@id":"https:\/\/marktxxl.de\/markt\/produkt\/dolbomy-sicherheitsarmband-fuer-kinder-und-babys-laenge-2-m-aus-robustem-und-elastischem-stahl-mit-schloss-mit-schluessel-und-pfeife-befestigung-am-handgelenk-oder-gurt-anti-verlust\/#primaryimage","url":"https:\/\/m.media-amazon.com\/images\/I\/51W0UXCIRqL._SL500_.jpg","contentUrl":"https:\/\/m.media-amazon.com\/images\/I\/51W0UXCIRqL._SL500_.jpg","width":500,"height":421},{"@type":"BreadcrumbList","@id":"https:\/\/marktxxl.de\/markt\/produkt\/dolbomy-sicherheitsarmband-fuer-kinder-und-babys-laenge-2-m-aus-robustem-und-elastischem-stahl-mit-schloss-mit-schluessel-und-pfeife-befestigung-am-handgelenk-oder-gurt-anti-verlust\/#breadcrumb","itemListElement":[{"@type":"ListItem","position":1,"name":"Startseite","item":"https:\/\/marktxxl.de\/markt\/"},{"@type":"ListItem","position":2,"name":"Markt","item":"https:\/\/marktxxl.de\/markt\/"},{"@type":"ListItem","position":3,"name":"Dolbomy Sicherheitsarmband f\u00fcr Kinder und Babys, L\u00e4nge 2 m, aus robustem und elastischem Stahl, mit Schloss mit\u2026"}]},{"@type":"WebSite","@id":"https:\/\/marktxxl.de\/markt\/#website","url":"https:\/\/marktxxl.de\/markt\/","name":"Markt-XXL","description":"Ihr Markt Online","publisher":{"@id":"https:\/\/marktxxl.de\/markt\/#organization"},"potentialAction":[{"@type":"SearchAction","target":{"@type":"EntryPoint","urlTemplate":"https:\/\/marktxxl.de\/markt\/?s={search_term_string}"},"query-input":{"@type":"PropertyValueSpecification","valueRequired":true,"valueName":"search_term_string"}}],"inLanguage":"de"},{"@type":"Organization","@id":"https:\/\/marktxxl.de\/markt\/#organization","name":"Markt-XXL","url":"https:\/\/marktxxl.de\/markt\/","logo":{"@type":"ImageObject","inLanguage":"de","@id":"https:\/\/marktxxl.de\/markt\/#\/schema\/logo\/image\/","url":"https:\/\/marktxxl.de\/markt\/wp-content\/uploads\/sites\/3\/2020\/12\/logo.png","contentUrl":"https:\/\/marktxxl.de\/markt\/wp-content\/uploads\/sites\/3\/2020\/12\/logo.png","width":200,"height":70,"caption":"Markt-XXL"},"image":{"@id":"https:\/\/marktxxl.de\/markt\/#\/schema\/logo\/image\/"}}]}},"_links":{"self":[{"href":"https:\/\/marktxxl.de\/markt\/wp-json\/wp\/v2\/product\/101788","targetHints":{"allow":["GET"]}}],"collection":[{"href":"https:\/\/marktxxl.de\/markt\/wp-json\/wp\/v2\/product"}],"about":[{"href":"https:\/\/marktxxl.de\/markt\/wp-json\/wp\/v2\/types\/product"}],"replies":[{"embeddable":true,"href":"https:\/\/marktxxl.de\/markt\/wp-json\/wp\/v2\/comments?post=101788"}],"wp:featuredmedia":[{"embeddable":true,"href":"https:\/\/marktxxl.de\/markt\/wp-json\/wp\/v2\/media\/101789"}],"wp:attachment":[{"href":"https:\/\/marktxxl.de\/markt\/wp-json\/wp\/v2\/media?parent=101788"}],"wp:term":[{"taxonomy":"product_brand","embeddable":true,"href":"https:\/\/marktxxl.de\/markt\/wp-json\/wp\/v2\/product_brand?post=101788"},{"taxonomy":"product_cat","embeddable":true,"href":"https:\/\/marktxxl.de\/markt\/wp-json\/wp\/v2\/product_cat?post=101788"},{"taxonomy":"product_tag","embeddable":true,"href":"https:\/\/marktxxl.de\/markt\/wp-json\/wp\/v2\/product_tag?post=101788"}],"curies":[{"name":"wp","href":"https:\/\/api.w.org\/{rel}","templated":true}]}}