{"id":101731,"date":"2022-01-27T18:16:25","date_gmt":"2022-01-27T17:16:25","guid":{"rendered":"https:\/\/marktxxl.de\/markt\/produkt\/tuer-fingerschutz-4-stueck-extra-dick-31-cm-stabil-und-nicht-locker-verhindert-verletzungen-passend-fuer-alle-tuergore\/"},"modified":"2023-04-10T03:25:16","modified_gmt":"2023-04-10T01:25:16","slug":"tuer-fingerschutz-4-stueck-extra-dick-31-cm-stabil-und-nicht-locker-verhindert-verletzungen-passend-fuer-alle-tuergore","status":"publish","type":"product","link":"https:\/\/marktxxl.de\/markt\/produkt\/tuer-fingerschutz-4-stueck-extra-dick-31-cm-stabil-und-nicht-locker-verhindert-verletzungen-passend-fuer-alle-tuergore\/","title":{"rendered":"T\u00fcr-Fingerschutz, 4 St\u00fcck, extra dick, 3,1 cm, stabil und nicht locker, verhindert Verletzungen, passend f\u00fcr alle\u2026"},"content":{"rendered":"<p>Facekyo Finger-Schutz: aus weichem EVA-Schaum und ist perfekt, um die kleinen H\u00e4nde und Finger Ihres Babys, Kleinkindes oder Kindes vor dem Einklemmen oder Verklemmen durch eine T\u00fcrschlie\u00dfung zu sch\u00fctzen.<br \/>\nFlexible C-Form \u2013 macht es einfach, anzubringen und auszuziehen, einfach und effektiv. Platzieren Sie den Klemmschutz auf der Seite oder auf der Oberseite der T\u00fcr. Passt um jede T\u00fcrgr\u00f6\u00dfe und wiederholtes Zuschlagen besch\u00e4digt Ihre T\u00fcr oder T\u00fcrrahmen. Durch die enge Passform f\u00e4llt der T\u00fcrstopper nicht ab und rutscht nicht ab.<br \/>\n\u2764 Extra dick und langlebig \u2013 hochdichter EVA-Schaum mit 3,1 cm dicker als normales Produkt, um Ihnen Sicherheit zu geben, mit ungiftigen Materialien zu verwenden. Praktisch zum Aufh\u00e4ngen um den T\u00fcrknauf oder T\u00fcrgriff, wenn nicht in Gebrauch.<br \/>\nBaby T\u00fcrstopper \u2013 Bietet ein weiches Kissen zwischen T\u00fcr und T\u00fcrrahmen. Verhindert, dass T\u00fcren durch eine Brise aus einem offenen Fenster oder durch eine Klimaanlage zugeschlagen werden. Verhindert, dass Kind oder Haustier sich aussperren.<br \/>\n\u2764 Exklusives Leben Geld-zur\u00fcck-Garantie \u2013 wenn Sie zu einem bestimmten Zeitpunkt nicht 100% zufrieden sind, bieten wir Ihnen eine schnelle und vollst\u00e4ndige R\u00fcckerstattung unserer Finger Pinch Guards.<br \/>\n<div class=\"main-cross-sell\" data-asin=\"B07J65FZ3J\">\n\n\t<div class=\"WooZone-cross-sell-loader\">\n\t\t<div>\n\t\t\t<div id=\"floatingBarsG\">\n\t\t\t\t<div class=\"blockG\" id=\"rotateG_01\"><\/div>\n\t\t\t\t<div class=\"blockG\" id=\"rotateG_02\"><\/div>\n\t\t\t\t<div class=\"blockG\" id=\"rotateG_03\"><\/div>\n\t\t\t\t<div class=\"blockG\" id=\"rotateG_04\"><\/div>\n\t\t\t\t<div class=\"blockG\" id=\"rotateG_05\"><\/div>\n\t\t\t\t<div class=\"blockG\" id=\"rotateG_06\"><\/div>\n\t\t\t\t<div class=\"blockG\" id=\"rotateG_07\"><\/div>\n\t\t\t\t<div class=\"blockG\" id=\"rotateG_08\"><\/div>\n\t\t\t<\/div>\n\t\t\t<div class=\"WooZone-cross-sell-loader-text\"><\/div>\n\t\t<\/div>\n\t<\/div>\n\n\t\t\n<\/div>\n<div style=\"clear:both;\"><\/div><\/p>\n","protected":false},"excerpt":{"rendered":"<p>Facekyo Finger-Schutz: aus weichem EVA-Schaum und ist perfekt, um die kleinen H\u00e4nde und Finger Ihres Babys, Kleinkindes oder Kindes vor dem Einklemmen oder Verklemmen durch eine T\u00fcrschlie\u00dfung zu sch\u00fctzen.<br \/>\nFlexible C-Form \u2013 macht es einfach, anzubringen und auszuziehen, einfach und effektiv. Platzieren Sie den Klemmschutz auf der Seite oder auf der Oberseite der T\u00fcr. Passt um jede T\u00fcrgr\u00f6\u00dfe und wiederholtes Zuschlagen besch\u00e4digt Ihre T\u00fcr oder T\u00fcrrahmen. Durch die enge Passform f\u00e4llt der T\u00fcrstopper nicht ab und rutscht nicht ab.<br \/>\n\u2764 Extra dick und langlebig \u2013 hochdichter EVA-Schaum mit 3,1 cm dicker als normales Produkt, um Ihnen Sicherheit zu geben, mit ungiftigen Materialien zu verwenden. Praktisch zum Aufh\u00e4ngen um den T\u00fcrknauf oder T\u00fcrgriff, wenn nicht in Gebrauch.<\/p>\n","protected":false},"featured_media":101732,"comment_status":"open","ping_status":"closed","template":"","meta":[],"product_brand":[],"product_cat":[21,9378],"product_tag":[],"class_list":{"0":"post-101731","1":"product","2":"type-product","3":"status-publish","4":"has-post-thumbnail","6":"product_cat-baby","7":"product_cat-sicherheit-baby","8":"pa_binding-babyartikel","9":"pa_brand-facekyo","10":"pa_color-weiss","11":"pa_height-1-1-zoll","12":"pa_length-5-2-zoll","13":"pa_manufacturer-facekyo-inc","14":"pa_model-fm002","15":"pa_size-one-size","16":"pa_width-3-35-zoll","18":"first","19":"instock","20":"shipping-taxable","21":"purchasable","22":"product-type-simple","23":"customify-col","24":"product-has-gallery"},"yoast_head":"<!-- This site is optimized with the Yoast SEO plugin v27.4 - https:\/\/yoast.com\/product\/yoast-seo-wordpress\/ -->\n<title>T\u00fcr-Fingerschutz, 4 St\u00fcck, extra dick, 3,1 cm, stabil und nicht locker, verhindert Verletzungen, passend f\u00fcr alle\u2026 - Markt-XXL<\/title>\n<meta name=\"description\" content=\"Markt-XXL T\u00fcr-Fingerschutz, 4 St\u00fcck, extra dick, 3,1 cm, stabil und nicht locker, verhindert Verletzungen, passend f\u00fcr alle\u2026\" \/>\n<meta name=\"robots\" content=\"index, follow, max-snippet:-1, max-image-preview:large, max-video-preview:-1\" \/>\n<link rel=\"canonical\" href=\"https:\/\/marktxxl.de\/markt\/produkt\/tuer-fingerschutz-4-stueck-extra-dick-31-cm-stabil-und-nicht-locker-verhindert-verletzungen-passend-fuer-alle-tuergore\/\" \/>\n<meta property=\"og:locale\" content=\"de_DE\" \/>\n<meta property=\"og:type\" content=\"article\" \/>\n<meta property=\"og:title\" content=\"T\u00fcr-Fingerschutz, 4 St\u00fcck, extra dick, 3,1 cm, stabil und nicht locker, verhindert Verletzungen, passend f\u00fcr alle\u2026 - Markt-XXL\" \/>\n<meta property=\"og:description\" content=\"Markt-XXL T\u00fcr-Fingerschutz, 4 St\u00fcck, extra dick, 3,1 cm, stabil und nicht locker, verhindert Verletzungen, passend f\u00fcr alle\u2026\" \/>\n<meta property=\"og:url\" content=\"https:\/\/marktxxl.de\/markt\/produkt\/tuer-fingerschutz-4-stueck-extra-dick-31-cm-stabil-und-nicht-locker-verhindert-verletzungen-passend-fuer-alle-tuergore\/\" \/>\n<meta property=\"og:site_name\" content=\"Markt-XXL\" \/>\n<meta property=\"article:modified_time\" content=\"2023-04-10T01:25:16+00:00\" \/>\n<meta property=\"og:image\" content=\"https:\/\/m.media-amazon.com\/images\/I\/319um+bjaKL._SL500_.jpg\" \/>\n\t<meta property=\"og:image:width\" content=\"500\" \/>\n\t<meta property=\"og:image:height\" content=\"500\" \/>\n\t<meta property=\"og:image:type\" content=\"image\/jpeg\" \/>\n<meta name=\"twitter:card\" content=\"summary_large_image\" \/>\n<meta name=\"twitter:label1\" content=\"Gesch\u00e4tzte Lesezeit\" \/>\n\t<meta name=\"twitter:data1\" content=\"1\u00a0Minute\" \/>\n<script type=\"application\/ld+json\" class=\"yoast-schema-graph\">{\"@context\":\"https:\\\/\\\/schema.org\",\"@graph\":[{\"@type\":\"WebPage\",\"@id\":\"https:\\\/\\\/marktxxl.de\\\/markt\\\/produkt\\\/tuer-fingerschutz-4-stueck-extra-dick-31-cm-stabil-und-nicht-locker-verhindert-verletzungen-passend-fuer-alle-tuergore\\\/\",\"url\":\"https:\\\/\\\/marktxxl.de\\\/markt\\\/produkt\\\/tuer-fingerschutz-4-stueck-extra-dick-31-cm-stabil-und-nicht-locker-verhindert-verletzungen-passend-fuer-alle-tuergore\\\/\",\"name\":\"T\u00fcr-Fingerschutz, 4 St\u00fcck, extra dick, 3,1 cm, stabil und nicht locker, verhindert Verletzungen, passend f\u00fcr alle\u2026 - Markt-XXL\",\"isPartOf\":{\"@id\":\"https:\\\/\\\/marktxxl.de\\\/markt\\\/#website\"},\"primaryImageOfPage\":{\"@id\":\"https:\\\/\\\/marktxxl.de\\\/markt\\\/produkt\\\/tuer-fingerschutz-4-stueck-extra-dick-31-cm-stabil-und-nicht-locker-verhindert-verletzungen-passend-fuer-alle-tuergore\\\/#primaryimage\"},\"image\":{\"@id\":\"https:\\\/\\\/marktxxl.de\\\/markt\\\/produkt\\\/tuer-fingerschutz-4-stueck-extra-dick-31-cm-stabil-und-nicht-locker-verhindert-verletzungen-passend-fuer-alle-tuergore\\\/#primaryimage\"},\"thumbnailUrl\":\"https:\\\/\\\/m.media-amazon.com\\\/images\\\/I\\\/319um+bjaKL._SL500_.jpg\",\"datePublished\":\"2022-01-27T17:16:25+00:00\",\"dateModified\":\"2023-04-10T01:25:16+00:00\",\"description\":\"Markt-XXL T\u00fcr-Fingerschutz, 4 St\u00fcck, extra dick, 3,1 cm, stabil und nicht locker, verhindert Verletzungen, passend f\u00fcr alle\u2026\",\"breadcrumb\":{\"@id\":\"https:\\\/\\\/marktxxl.de\\\/markt\\\/produkt\\\/tuer-fingerschutz-4-stueck-extra-dick-31-cm-stabil-und-nicht-locker-verhindert-verletzungen-passend-fuer-alle-tuergore\\\/#breadcrumb\"},\"inLanguage\":\"de\",\"potentialAction\":[{\"@type\":\"ReadAction\",\"target\":[\"https:\\\/\\\/marktxxl.de\\\/markt\\\/produkt\\\/tuer-fingerschutz-4-stueck-extra-dick-31-cm-stabil-und-nicht-locker-verhindert-verletzungen-passend-fuer-alle-tuergore\\\/\"]}]},{\"@type\":\"ImageObject\",\"inLanguage\":\"de\",\"@id\":\"https:\\\/\\\/marktxxl.de\\\/markt\\\/produkt\\\/tuer-fingerschutz-4-stueck-extra-dick-31-cm-stabil-und-nicht-locker-verhindert-verletzungen-passend-fuer-alle-tuergore\\\/#primaryimage\",\"url\":\"https:\\\/\\\/m.media-amazon.com\\\/images\\\/I\\\/319um+bjaKL._SL500_.jpg\",\"contentUrl\":\"https:\\\/\\\/m.media-amazon.com\\\/images\\\/I\\\/319um+bjaKL._SL500_.jpg\",\"width\":500,\"height\":500},{\"@type\":\"BreadcrumbList\",\"@id\":\"https:\\\/\\\/marktxxl.de\\\/markt\\\/produkt\\\/tuer-fingerschutz-4-stueck-extra-dick-31-cm-stabil-und-nicht-locker-verhindert-verletzungen-passend-fuer-alle-tuergore\\\/#breadcrumb\",\"itemListElement\":[{\"@type\":\"ListItem\",\"position\":1,\"name\":\"Startseite\",\"item\":\"https:\\\/\\\/marktxxl.de\\\/markt\\\/\"},{\"@type\":\"ListItem\",\"position\":2,\"name\":\"Markt\",\"item\":\"https:\\\/\\\/marktxxl.de\\\/markt\\\/\"},{\"@type\":\"ListItem\",\"position\":3,\"name\":\"T\u00fcr-Fingerschutz, 4 St\u00fcck, extra dick, 3,1 cm, stabil und nicht locker, verhindert Verletzungen, passend f\u00fcr alle\u2026\"}]},{\"@type\":\"WebSite\",\"@id\":\"https:\\\/\\\/marktxxl.de\\\/markt\\\/#website\",\"url\":\"https:\\\/\\\/marktxxl.de\\\/markt\\\/\",\"name\":\"Markt-XXL\",\"description\":\"Ihr Markt Online\",\"publisher\":{\"@id\":\"https:\\\/\\\/marktxxl.de\\\/markt\\\/#organization\"},\"potentialAction\":[{\"@type\":\"SearchAction\",\"target\":{\"@type\":\"EntryPoint\",\"urlTemplate\":\"https:\\\/\\\/marktxxl.de\\\/markt\\\/?s={search_term_string}\"},\"query-input\":{\"@type\":\"PropertyValueSpecification\",\"valueRequired\":true,\"valueName\":\"search_term_string\"}}],\"inLanguage\":\"de\"},{\"@type\":\"Organization\",\"@id\":\"https:\\\/\\\/marktxxl.de\\\/markt\\\/#organization\",\"name\":\"Markt-XXL\",\"url\":\"https:\\\/\\\/marktxxl.de\\\/markt\\\/\",\"logo\":{\"@type\":\"ImageObject\",\"inLanguage\":\"de\",\"@id\":\"https:\\\/\\\/marktxxl.de\\\/markt\\\/#\\\/schema\\\/logo\\\/image\\\/\",\"url\":\"https:\\\/\\\/marktxxl.de\\\/markt\\\/wp-content\\\/uploads\\\/sites\\\/3\\\/2020\\\/12\\\/logo.png\",\"contentUrl\":\"https:\\\/\\\/marktxxl.de\\\/markt\\\/wp-content\\\/uploads\\\/sites\\\/3\\\/2020\\\/12\\\/logo.png\",\"width\":200,\"height\":70,\"caption\":\"Markt-XXL\"},\"image\":{\"@id\":\"https:\\\/\\\/marktxxl.de\\\/markt\\\/#\\\/schema\\\/logo\\\/image\\\/\"}}]}<\/script>\n<!-- \/ Yoast SEO plugin. -->","yoast_head_json":{"title":"T\u00fcr-Fingerschutz, 4 St\u00fcck, extra dick, 3,1 cm, stabil und nicht locker, verhindert Verletzungen, passend f\u00fcr alle\u2026 - Markt-XXL","description":"Markt-XXL T\u00fcr-Fingerschutz, 4 St\u00fcck, extra dick, 3,1 cm, stabil und nicht locker, verhindert Verletzungen, passend f\u00fcr alle\u2026","robots":{"index":"index","follow":"follow","max-snippet":"max-snippet:-1","max-image-preview":"max-image-preview:large","max-video-preview":"max-video-preview:-1"},"canonical":"https:\/\/marktxxl.de\/markt\/produkt\/tuer-fingerschutz-4-stueck-extra-dick-31-cm-stabil-und-nicht-locker-verhindert-verletzungen-passend-fuer-alle-tuergore\/","og_locale":"de_DE","og_type":"article","og_title":"T\u00fcr-Fingerschutz, 4 St\u00fcck, extra dick, 3,1 cm, stabil und nicht locker, verhindert Verletzungen, passend f\u00fcr alle\u2026 - Markt-XXL","og_description":"Markt-XXL T\u00fcr-Fingerschutz, 4 St\u00fcck, extra dick, 3,1 cm, stabil und nicht locker, verhindert Verletzungen, passend f\u00fcr alle\u2026","og_url":"https:\/\/marktxxl.de\/markt\/produkt\/tuer-fingerschutz-4-stueck-extra-dick-31-cm-stabil-und-nicht-locker-verhindert-verletzungen-passend-fuer-alle-tuergore\/","og_site_name":"Markt-XXL","article_modified_time":"2023-04-10T01:25:16+00:00","og_image":[{"width":500,"height":500,"url":"https:\/\/m.media-amazon.com\/images\/I\/319um+bjaKL._SL500_.jpg","type":"image\/jpeg"}],"twitter_card":"summary_large_image","twitter_misc":{"Gesch\u00e4tzte Lesezeit":"1\u00a0Minute"},"schema":{"@context":"https:\/\/schema.org","@graph":[{"@type":"WebPage","@id":"https:\/\/marktxxl.de\/markt\/produkt\/tuer-fingerschutz-4-stueck-extra-dick-31-cm-stabil-und-nicht-locker-verhindert-verletzungen-passend-fuer-alle-tuergore\/","url":"https:\/\/marktxxl.de\/markt\/produkt\/tuer-fingerschutz-4-stueck-extra-dick-31-cm-stabil-und-nicht-locker-verhindert-verletzungen-passend-fuer-alle-tuergore\/","name":"T\u00fcr-Fingerschutz, 4 St\u00fcck, extra dick, 3,1 cm, stabil und nicht locker, verhindert Verletzungen, passend f\u00fcr alle\u2026 - Markt-XXL","isPartOf":{"@id":"https:\/\/marktxxl.de\/markt\/#website"},"primaryImageOfPage":{"@id":"https:\/\/marktxxl.de\/markt\/produkt\/tuer-fingerschutz-4-stueck-extra-dick-31-cm-stabil-und-nicht-locker-verhindert-verletzungen-passend-fuer-alle-tuergore\/#primaryimage"},"image":{"@id":"https:\/\/marktxxl.de\/markt\/produkt\/tuer-fingerschutz-4-stueck-extra-dick-31-cm-stabil-und-nicht-locker-verhindert-verletzungen-passend-fuer-alle-tuergore\/#primaryimage"},"thumbnailUrl":"https:\/\/m.media-amazon.com\/images\/I\/319um+bjaKL._SL500_.jpg","datePublished":"2022-01-27T17:16:25+00:00","dateModified":"2023-04-10T01:25:16+00:00","description":"Markt-XXL T\u00fcr-Fingerschutz, 4 St\u00fcck, extra dick, 3,1 cm, stabil und nicht locker, verhindert Verletzungen, passend f\u00fcr alle\u2026","breadcrumb":{"@id":"https:\/\/marktxxl.de\/markt\/produkt\/tuer-fingerschutz-4-stueck-extra-dick-31-cm-stabil-und-nicht-locker-verhindert-verletzungen-passend-fuer-alle-tuergore\/#breadcrumb"},"inLanguage":"de","potentialAction":[{"@type":"ReadAction","target":["https:\/\/marktxxl.de\/markt\/produkt\/tuer-fingerschutz-4-stueck-extra-dick-31-cm-stabil-und-nicht-locker-verhindert-verletzungen-passend-fuer-alle-tuergore\/"]}]},{"@type":"ImageObject","inLanguage":"de","@id":"https:\/\/marktxxl.de\/markt\/produkt\/tuer-fingerschutz-4-stueck-extra-dick-31-cm-stabil-und-nicht-locker-verhindert-verletzungen-passend-fuer-alle-tuergore\/#primaryimage","url":"https:\/\/m.media-amazon.com\/images\/I\/319um+bjaKL._SL500_.jpg","contentUrl":"https:\/\/m.media-amazon.com\/images\/I\/319um+bjaKL._SL500_.jpg","width":500,"height":500},{"@type":"BreadcrumbList","@id":"https:\/\/marktxxl.de\/markt\/produkt\/tuer-fingerschutz-4-stueck-extra-dick-31-cm-stabil-und-nicht-locker-verhindert-verletzungen-passend-fuer-alle-tuergore\/#breadcrumb","itemListElement":[{"@type":"ListItem","position":1,"name":"Startseite","item":"https:\/\/marktxxl.de\/markt\/"},{"@type":"ListItem","position":2,"name":"Markt","item":"https:\/\/marktxxl.de\/markt\/"},{"@type":"ListItem","position":3,"name":"T\u00fcr-Fingerschutz, 4 St\u00fcck, extra dick, 3,1 cm, stabil und nicht locker, verhindert Verletzungen, passend f\u00fcr alle\u2026"}]},{"@type":"WebSite","@id":"https:\/\/marktxxl.de\/markt\/#website","url":"https:\/\/marktxxl.de\/markt\/","name":"Markt-XXL","description":"Ihr Markt Online","publisher":{"@id":"https:\/\/marktxxl.de\/markt\/#organization"},"potentialAction":[{"@type":"SearchAction","target":{"@type":"EntryPoint","urlTemplate":"https:\/\/marktxxl.de\/markt\/?s={search_term_string}"},"query-input":{"@type":"PropertyValueSpecification","valueRequired":true,"valueName":"search_term_string"}}],"inLanguage":"de"},{"@type":"Organization","@id":"https:\/\/marktxxl.de\/markt\/#organization","name":"Markt-XXL","url":"https:\/\/marktxxl.de\/markt\/","logo":{"@type":"ImageObject","inLanguage":"de","@id":"https:\/\/marktxxl.de\/markt\/#\/schema\/logo\/image\/","url":"https:\/\/marktxxl.de\/markt\/wp-content\/uploads\/sites\/3\/2020\/12\/logo.png","contentUrl":"https:\/\/marktxxl.de\/markt\/wp-content\/uploads\/sites\/3\/2020\/12\/logo.png","width":200,"height":70,"caption":"Markt-XXL"},"image":{"@id":"https:\/\/marktxxl.de\/markt\/#\/schema\/logo\/image\/"}}]}},"_links":{"self":[{"href":"https:\/\/marktxxl.de\/markt\/wp-json\/wp\/v2\/product\/101731","targetHints":{"allow":["GET"]}}],"collection":[{"href":"https:\/\/marktxxl.de\/markt\/wp-json\/wp\/v2\/product"}],"about":[{"href":"https:\/\/marktxxl.de\/markt\/wp-json\/wp\/v2\/types\/product"}],"replies":[{"embeddable":true,"href":"https:\/\/marktxxl.de\/markt\/wp-json\/wp\/v2\/comments?post=101731"}],"wp:featuredmedia":[{"embeddable":true,"href":"https:\/\/marktxxl.de\/markt\/wp-json\/wp\/v2\/media\/101732"}],"wp:attachment":[{"href":"https:\/\/marktxxl.de\/markt\/wp-json\/wp\/v2\/media?parent=101731"}],"wp:term":[{"taxonomy":"product_brand","embeddable":true,"href":"https:\/\/marktxxl.de\/markt\/wp-json\/wp\/v2\/product_brand?post=101731"},{"taxonomy":"product_cat","embeddable":true,"href":"https:\/\/marktxxl.de\/markt\/wp-json\/wp\/v2\/product_cat?post=101731"},{"taxonomy":"product_tag","embeddable":true,"href":"https:\/\/marktxxl.de\/markt\/wp-json\/wp\/v2\/product_tag?post=101731"}],"curies":[{"name":"wp","href":"https:\/\/api.w.org\/{rel}","templated":true}]}}