{"id":101583,"date":"2022-01-27T18:10:07","date_gmt":"2022-01-27T17:10:07","guid":{"rendered":"https:\/\/marktxxl.de\/markt\/produkt\/ergobaby-babytrage-fuer-neugeborene\/"},"modified":"2023-04-10T03:25:14","modified_gmt":"2023-04-10T01:25:14","slug":"ergobaby-babytrage-fuer-neugeborene","status":"publish","type":"product","link":"https:\/\/marktxxl.de\/markt\/produkt\/ergobaby-babytrage-fuer-neugeborene\/","title":{"rendered":"Ergobaby Omni 360 Cool Air Mesh, Raven"},"content":{"rendered":"<p>Babytrage f\u00fcr Neugeborene \u2013 passt sich Ihrem wachsenden Baby von der Geburt bis zum Kleinkind an (3,2\u201320,4 kg). 4 Tragepositionen: vorne nach innen, hinten, H\u00fcfte und vorne nach au\u00dfen. Eine Baby-Kapuze f\u00fcr Sonnenschutz (UPF 50+) &amp; Privatsph\u00e4re zum Schlafen oder Stillen ist im Lieferumfang enthalten.<br \/>\nKomfort \u2013 Au\u00dfergew\u00f6hnlicher Komfort f\u00fcr den unteren R\u00fccken mit gepolstertem Lendenwirbelst\u00fctzg\u00fcrtel und extra gepolsterten Schultergurten mit der M\u00f6glichkeit, 2 Tragevarianten zu tragen: gekreuzt oder im Rucksack. H\u00fcftgurt kann hoch oder niedrig getragen werden, um den Komfort zu maximieren.<br \/>\nK\u00fchl und atmungsaktiv \u2013 unsere Cool Air Mesh Babytrage sind aus weichem und strapazierf\u00e4higem Netzgewebe, das unsere bekannte ergonomische Unterst\u00fctzung f\u00fcr das Baby bietet und gleichzeitig ultimative Atmungsaktivit\u00e4t und Luftzirkulation erm\u00f6glicht.<br \/>\nEinfach zu bedienen \u2013 Die einfache, einh\u00e4ndige Schiebereglerverstellung erm\u00f6glicht es Ihnen, das Baby schnell in oder aus der Fliege zu wechseln.<br \/>\nErgonomisch wie das Baby w\u00e4chst \u2013 Anerkannt als H\u00fcftgesund vom internationalen Hip Dysplasia Institute. Verstellbarer Schalensitz unterst\u00fctzt das Baby in einer ergonomischen, nat\u00fcrlichen &#8220;M&#8221;-Position in allen Tragepositionen.<br \/>\n<div class=\"main-cross-sell\" data-asin=\"B07FMQR5DZ\">\n\n\t<div class=\"WooZone-cross-sell-loader\">\n\t\t<div>\n\t\t\t<div id=\"floatingBarsG\">\n\t\t\t\t<div class=\"blockG\" id=\"rotateG_01\"><\/div>\n\t\t\t\t<div class=\"blockG\" id=\"rotateG_02\"><\/div>\n\t\t\t\t<div class=\"blockG\" id=\"rotateG_03\"><\/div>\n\t\t\t\t<div class=\"blockG\" id=\"rotateG_04\"><\/div>\n\t\t\t\t<div class=\"blockG\" id=\"rotateG_05\"><\/div>\n\t\t\t\t<div class=\"blockG\" id=\"rotateG_06\"><\/div>\n\t\t\t\t<div class=\"blockG\" id=\"rotateG_07\"><\/div>\n\t\t\t\t<div class=\"blockG\" id=\"rotateG_08\"><\/div>\n\t\t\t<\/div>\n\t\t\t<div class=\"WooZone-cross-sell-loader-text\"><\/div>\n\t\t<\/div>\n\t<\/div>\n\n\t\t\n<\/div>\n<div style=\"clear:both;\"><\/div><\/p>\n","protected":false},"excerpt":{"rendered":"<p>Babytrage f\u00fcr Neugeborene \u2013 passt sich Ihrem wachsenden Baby von der Geburt bis zum Kleinkind an (3,2\u201320,4 kg). 4 Tragepositionen: vorne nach innen, hinten, H\u00fcfte und vorne nach au\u00dfen. Eine Baby-Kapuze f\u00fcr Sonnenschutz (UPF 50+) &amp; Privatsph\u00e4re zum Schlafen oder Stillen ist im Lieferumfang enthalten.<br \/>\nKomfort \u2013 Au\u00dfergew\u00f6hnlicher Komfort f\u00fcr den unteren R\u00fccken mit gepolstertem Lendenwirbelst\u00fctzg\u00fcrtel und extra gepolsterten Schultergurten mit der M\u00f6glichkeit, 2 Tragevarianten zu tragen: gekreuzt oder im Rucksack. H\u00fcftgurt kann hoch oder niedrig getragen werden, um den Komfort zu maximieren.<br \/>\nK\u00fchl und atmungsaktiv \u2013 unsere Cool Air Mesh Babytrage sind aus weichem und strapazierf\u00e4higem Netzgewebe, das unsere bekannte ergonomische Unterst\u00fctzung f\u00fcr das Baby bietet und gleichzeitig ultimative Atmungsaktivit\u00e4t und Luftzirkulation erm\u00f6glicht.<\/p>\n","protected":false},"featured_media":101584,"comment_status":"open","ping_status":"closed","template":"","meta":[],"product_brand":[],"product_cat":[21,9074],"product_tag":[],"class_list":{"0":"post-101583","1":"product","2":"type-product","3":"status-publish","4":"has-post-thumbnail","6":"product_cat-baby","7":"product_cat-babytragen-baby","8":"pa_binding-babyartikel","9":"pa_brand-ergobaby","10":"pa_manufacturer-ergobaby","12":"first","13":"instock","14":"shipping-taxable","15":"purchasable","16":"product-type-simple","17":"customify-col","18":"product-has-gallery"},"yoast_head":"<!-- This site is optimized with the Yoast SEO plugin v27.4 - https:\/\/yoast.com\/product\/yoast-seo-wordpress\/ -->\n<title>Ergobaby Omni 360 Cool Air Mesh, Raven - Markt-XXL<\/title>\n<meta name=\"description\" content=\"Markt-XXL Ergobaby Omni 360 Cool Air Mesh, Raven\" \/>\n<meta name=\"robots\" content=\"index, follow, max-snippet:-1, max-image-preview:large, max-video-preview:-1\" \/>\n<link rel=\"canonical\" href=\"https:\/\/marktxxl.de\/markt\/produkt\/ergobaby-babytrage-fuer-neugeborene\/\" \/>\n<meta property=\"og:locale\" content=\"de_DE\" \/>\n<meta property=\"og:type\" content=\"article\" \/>\n<meta property=\"og:title\" content=\"Ergobaby Omni 360 Cool Air Mesh, Raven - Markt-XXL\" \/>\n<meta property=\"og:description\" content=\"Markt-XXL Ergobaby Omni 360 Cool Air Mesh, Raven\" \/>\n<meta property=\"og:url\" content=\"https:\/\/marktxxl.de\/markt\/produkt\/ergobaby-babytrage-fuer-neugeborene\/\" \/>\n<meta property=\"og:site_name\" content=\"Markt-XXL\" \/>\n<meta property=\"article:modified_time\" content=\"2023-04-10T01:25:14+00:00\" \/>\n<meta property=\"og:image\" content=\"https:\/\/m.media-amazon.com\/images\/I\/41dksLaXXnL._SL500_.jpg\" \/>\n\t<meta property=\"og:image:width\" content=\"326\" \/>\n\t<meta property=\"og:image:height\" content=\"500\" \/>\n\t<meta property=\"og:image:type\" content=\"image\/jpeg\" \/>\n<meta name=\"twitter:card\" content=\"summary_large_image\" \/>\n<meta name=\"twitter:label1\" content=\"Gesch\u00e4tzte Lesezeit\" \/>\n\t<meta name=\"twitter:data1\" content=\"1\u00a0Minute\" \/>\n<script type=\"application\/ld+json\" class=\"yoast-schema-graph\">{\"@context\":\"https:\\\/\\\/schema.org\",\"@graph\":[{\"@type\":\"WebPage\",\"@id\":\"https:\\\/\\\/marktxxl.de\\\/markt\\\/produkt\\\/ergobaby-babytrage-fuer-neugeborene\\\/\",\"url\":\"https:\\\/\\\/marktxxl.de\\\/markt\\\/produkt\\\/ergobaby-babytrage-fuer-neugeborene\\\/\",\"name\":\"Ergobaby Omni 360 Cool Air Mesh, Raven - Markt-XXL\",\"isPartOf\":{\"@id\":\"https:\\\/\\\/marktxxl.de\\\/markt\\\/#website\"},\"primaryImageOfPage\":{\"@id\":\"https:\\\/\\\/marktxxl.de\\\/markt\\\/produkt\\\/ergobaby-babytrage-fuer-neugeborene\\\/#primaryimage\"},\"image\":{\"@id\":\"https:\\\/\\\/marktxxl.de\\\/markt\\\/produkt\\\/ergobaby-babytrage-fuer-neugeborene\\\/#primaryimage\"},\"thumbnailUrl\":\"https:\\\/\\\/m.media-amazon.com\\\/images\\\/I\\\/41dksLaXXnL._SL500_.jpg\",\"datePublished\":\"2022-01-27T17:10:07+00:00\",\"dateModified\":\"2023-04-10T01:25:14+00:00\",\"description\":\"Markt-XXL Ergobaby Omni 360 Cool Air Mesh, Raven\",\"breadcrumb\":{\"@id\":\"https:\\\/\\\/marktxxl.de\\\/markt\\\/produkt\\\/ergobaby-babytrage-fuer-neugeborene\\\/#breadcrumb\"},\"inLanguage\":\"de\",\"potentialAction\":[{\"@type\":\"ReadAction\",\"target\":[\"https:\\\/\\\/marktxxl.de\\\/markt\\\/produkt\\\/ergobaby-babytrage-fuer-neugeborene\\\/\"]}]},{\"@type\":\"ImageObject\",\"inLanguage\":\"de\",\"@id\":\"https:\\\/\\\/marktxxl.de\\\/markt\\\/produkt\\\/ergobaby-babytrage-fuer-neugeborene\\\/#primaryimage\",\"url\":\"https:\\\/\\\/m.media-amazon.com\\\/images\\\/I\\\/41dksLaXXnL._SL500_.jpg\",\"contentUrl\":\"https:\\\/\\\/m.media-amazon.com\\\/images\\\/I\\\/41dksLaXXnL._SL500_.jpg\",\"width\":326,\"height\":500},{\"@type\":\"BreadcrumbList\",\"@id\":\"https:\\\/\\\/marktxxl.de\\\/markt\\\/produkt\\\/ergobaby-babytrage-fuer-neugeborene\\\/#breadcrumb\",\"itemListElement\":[{\"@type\":\"ListItem\",\"position\":1,\"name\":\"Startseite\",\"item\":\"https:\\\/\\\/marktxxl.de\\\/markt\\\/\"},{\"@type\":\"ListItem\",\"position\":2,\"name\":\"Markt\",\"item\":\"https:\\\/\\\/marktxxl.de\\\/markt\\\/\"},{\"@type\":\"ListItem\",\"position\":3,\"name\":\"Ergobaby Omni 360 Cool Air Mesh, Raven\"}]},{\"@type\":\"WebSite\",\"@id\":\"https:\\\/\\\/marktxxl.de\\\/markt\\\/#website\",\"url\":\"https:\\\/\\\/marktxxl.de\\\/markt\\\/\",\"name\":\"Markt-XXL\",\"description\":\"Ihr Markt Online\",\"publisher\":{\"@id\":\"https:\\\/\\\/marktxxl.de\\\/markt\\\/#organization\"},\"potentialAction\":[{\"@type\":\"SearchAction\",\"target\":{\"@type\":\"EntryPoint\",\"urlTemplate\":\"https:\\\/\\\/marktxxl.de\\\/markt\\\/?s={search_term_string}\"},\"query-input\":{\"@type\":\"PropertyValueSpecification\",\"valueRequired\":true,\"valueName\":\"search_term_string\"}}],\"inLanguage\":\"de\"},{\"@type\":\"Organization\",\"@id\":\"https:\\\/\\\/marktxxl.de\\\/markt\\\/#organization\",\"name\":\"Markt-XXL\",\"url\":\"https:\\\/\\\/marktxxl.de\\\/markt\\\/\",\"logo\":{\"@type\":\"ImageObject\",\"inLanguage\":\"de\",\"@id\":\"https:\\\/\\\/marktxxl.de\\\/markt\\\/#\\\/schema\\\/logo\\\/image\\\/\",\"url\":\"https:\\\/\\\/marktxxl.de\\\/markt\\\/wp-content\\\/uploads\\\/sites\\\/3\\\/2020\\\/12\\\/logo.png\",\"contentUrl\":\"https:\\\/\\\/marktxxl.de\\\/markt\\\/wp-content\\\/uploads\\\/sites\\\/3\\\/2020\\\/12\\\/logo.png\",\"width\":200,\"height\":70,\"caption\":\"Markt-XXL\"},\"image\":{\"@id\":\"https:\\\/\\\/marktxxl.de\\\/markt\\\/#\\\/schema\\\/logo\\\/image\\\/\"}}]}<\/script>\n<!-- \/ Yoast SEO plugin. -->","yoast_head_json":{"title":"Ergobaby Omni 360 Cool Air Mesh, Raven - Markt-XXL","description":"Markt-XXL Ergobaby Omni 360 Cool Air Mesh, Raven","robots":{"index":"index","follow":"follow","max-snippet":"max-snippet:-1","max-image-preview":"max-image-preview:large","max-video-preview":"max-video-preview:-1"},"canonical":"https:\/\/marktxxl.de\/markt\/produkt\/ergobaby-babytrage-fuer-neugeborene\/","og_locale":"de_DE","og_type":"article","og_title":"Ergobaby Omni 360 Cool Air Mesh, Raven - Markt-XXL","og_description":"Markt-XXL Ergobaby Omni 360 Cool Air Mesh, Raven","og_url":"https:\/\/marktxxl.de\/markt\/produkt\/ergobaby-babytrage-fuer-neugeborene\/","og_site_name":"Markt-XXL","article_modified_time":"2023-04-10T01:25:14+00:00","og_image":[{"width":326,"height":500,"url":"https:\/\/m.media-amazon.com\/images\/I\/41dksLaXXnL._SL500_.jpg","type":"image\/jpeg"}],"twitter_card":"summary_large_image","twitter_misc":{"Gesch\u00e4tzte Lesezeit":"1\u00a0Minute"},"schema":{"@context":"https:\/\/schema.org","@graph":[{"@type":"WebPage","@id":"https:\/\/marktxxl.de\/markt\/produkt\/ergobaby-babytrage-fuer-neugeborene\/","url":"https:\/\/marktxxl.de\/markt\/produkt\/ergobaby-babytrage-fuer-neugeborene\/","name":"Ergobaby Omni 360 Cool Air Mesh, Raven - Markt-XXL","isPartOf":{"@id":"https:\/\/marktxxl.de\/markt\/#website"},"primaryImageOfPage":{"@id":"https:\/\/marktxxl.de\/markt\/produkt\/ergobaby-babytrage-fuer-neugeborene\/#primaryimage"},"image":{"@id":"https:\/\/marktxxl.de\/markt\/produkt\/ergobaby-babytrage-fuer-neugeborene\/#primaryimage"},"thumbnailUrl":"https:\/\/m.media-amazon.com\/images\/I\/41dksLaXXnL._SL500_.jpg","datePublished":"2022-01-27T17:10:07+00:00","dateModified":"2023-04-10T01:25:14+00:00","description":"Markt-XXL Ergobaby Omni 360 Cool Air Mesh, Raven","breadcrumb":{"@id":"https:\/\/marktxxl.de\/markt\/produkt\/ergobaby-babytrage-fuer-neugeborene\/#breadcrumb"},"inLanguage":"de","potentialAction":[{"@type":"ReadAction","target":["https:\/\/marktxxl.de\/markt\/produkt\/ergobaby-babytrage-fuer-neugeborene\/"]}]},{"@type":"ImageObject","inLanguage":"de","@id":"https:\/\/marktxxl.de\/markt\/produkt\/ergobaby-babytrage-fuer-neugeborene\/#primaryimage","url":"https:\/\/m.media-amazon.com\/images\/I\/41dksLaXXnL._SL500_.jpg","contentUrl":"https:\/\/m.media-amazon.com\/images\/I\/41dksLaXXnL._SL500_.jpg","width":326,"height":500},{"@type":"BreadcrumbList","@id":"https:\/\/marktxxl.de\/markt\/produkt\/ergobaby-babytrage-fuer-neugeborene\/#breadcrumb","itemListElement":[{"@type":"ListItem","position":1,"name":"Startseite","item":"https:\/\/marktxxl.de\/markt\/"},{"@type":"ListItem","position":2,"name":"Markt","item":"https:\/\/marktxxl.de\/markt\/"},{"@type":"ListItem","position":3,"name":"Ergobaby Omni 360 Cool Air Mesh, Raven"}]},{"@type":"WebSite","@id":"https:\/\/marktxxl.de\/markt\/#website","url":"https:\/\/marktxxl.de\/markt\/","name":"Markt-XXL","description":"Ihr Markt Online","publisher":{"@id":"https:\/\/marktxxl.de\/markt\/#organization"},"potentialAction":[{"@type":"SearchAction","target":{"@type":"EntryPoint","urlTemplate":"https:\/\/marktxxl.de\/markt\/?s={search_term_string}"},"query-input":{"@type":"PropertyValueSpecification","valueRequired":true,"valueName":"search_term_string"}}],"inLanguage":"de"},{"@type":"Organization","@id":"https:\/\/marktxxl.de\/markt\/#organization","name":"Markt-XXL","url":"https:\/\/marktxxl.de\/markt\/","logo":{"@type":"ImageObject","inLanguage":"de","@id":"https:\/\/marktxxl.de\/markt\/#\/schema\/logo\/image\/","url":"https:\/\/marktxxl.de\/markt\/wp-content\/uploads\/sites\/3\/2020\/12\/logo.png","contentUrl":"https:\/\/marktxxl.de\/markt\/wp-content\/uploads\/sites\/3\/2020\/12\/logo.png","width":200,"height":70,"caption":"Markt-XXL"},"image":{"@id":"https:\/\/marktxxl.de\/markt\/#\/schema\/logo\/image\/"}}]}},"_links":{"self":[{"href":"https:\/\/marktxxl.de\/markt\/wp-json\/wp\/v2\/product\/101583","targetHints":{"allow":["GET"]}}],"collection":[{"href":"https:\/\/marktxxl.de\/markt\/wp-json\/wp\/v2\/product"}],"about":[{"href":"https:\/\/marktxxl.de\/markt\/wp-json\/wp\/v2\/types\/product"}],"replies":[{"embeddable":true,"href":"https:\/\/marktxxl.de\/markt\/wp-json\/wp\/v2\/comments?post=101583"}],"wp:featuredmedia":[{"embeddable":true,"href":"https:\/\/marktxxl.de\/markt\/wp-json\/wp\/v2\/media\/101584"}],"wp:attachment":[{"href":"https:\/\/marktxxl.de\/markt\/wp-json\/wp\/v2\/media?parent=101583"}],"wp:term":[{"taxonomy":"product_brand","embeddable":true,"href":"https:\/\/marktxxl.de\/markt\/wp-json\/wp\/v2\/product_brand?post=101583"},{"taxonomy":"product_cat","embeddable":true,"href":"https:\/\/marktxxl.de\/markt\/wp-json\/wp\/v2\/product_cat?post=101583"},{"taxonomy":"product_tag","embeddable":true,"href":"https:\/\/marktxxl.de\/markt\/wp-json\/wp\/v2\/product_tag?post=101583"}],"curies":[{"name":"wp","href":"https:\/\/api.w.org\/{rel}","templated":true}]}}