{"id":101520,"date":"2022-01-27T18:07:03","date_gmt":"2022-01-27T17:07:03","guid":{"rendered":"https:\/\/marktxxl.de\/markt\/produkt\/2-stueck-solar-laterne-fuer-aussenoxyled-ip44-wasserdicht-dekorativ-solar-gartenleuchtesolarlampe-outdoor-dekorationen-fuer-weg-garten-patio-terrasse-und-hof-weihnachtenwarmweiss\/"},"modified":"2023-04-10T03:25:12","modified_gmt":"2023-04-10T01:25:12","slug":"2-stueck-solar-laterne-fuer-aussenoxyled-ip44-wasserdicht-dekorativ-solar-gartenleuchtesolarlampe-outdoor-dekorationen-fuer-weg-garten-patio-terrasse-und-hof-weihnachtenwarmweiss","status":"publish","type":"product","link":"https:\/\/marktxxl.de\/markt\/produkt\/2-stueck-solar-laterne-fuer-aussenoxyled-ip44-wasserdicht-dekorativ-solar-gartenleuchtesolarlampe-outdoor-dekorationen-fuer-weg-garten-patio-terrasse-und-hof-weihnachtenwarmweiss\/","title":{"rendered":"Solarlaterne f\u00fcr Au\u00dfen, OxyLED Solarlampen f\u00fcr Au\u00dfen 2 St\u00fcck IP44 Wasserdicht Metall Solar Laterne Laternen f\u00fcr Drau\u00dfen\u2026"},"content":{"rendered":"<p>\ud83c\udf1e\u3010Dekorativ und funktionell\u3011 Warum Sch\u00f6nheit f\u00fcr das Praktische aufgeben? Die OxyLED Solarleuchte ist retro, elegant und effektiv. Das Solarlicht bietet eine dringend ben\u00f6tigte Beleuchtung und wirft ein wundersch\u00f6nes. Es ist eine gro\u00dfartige dekorative Note f\u00fcr G\u00e4rten, Hinterh\u00f6fe, Einfahrten, Wege und sogar Camping.<br \/>\n\ud83c\udf1e\u3010Nachhaltige Solarenergie\u3011Es werden keine Kabel ben\u00f6tigt &#8211; installieren Sie die OxyLED-Solarleuchte einfach an einem hellen, sonnigen Ort! Die erstklassigen Solarpaneele nutzen die Sonnenenergie und laden die 600 mAh Ni-Mh-Batterie auf &#8211; sehr energiesparend und umweltfreundlich.<br \/>\n\ud83c\udf1e\u3010Auto EIN\/AUS\u3011Das Licht schaltet sich bei D\u00e4mmerung automatisch ein und bei Tagesanbruch automatisch aus. Stellen Sie es einfach an einen sonnigen Ort, lassen Sie es ein paar Strahlen aufsaugen (ca. 8 Stunden) und aalen Sie sich bis zu 6-8 Stunden in warmem, weichem Licht (Hinweis: An der Lampenabdeckung befindet sich ein EIN\/AUS-Schalter, stellen Sie sicher, dass Sie es beim ersten Gebrauch einschalten)<br \/>\n\ud83c\udf1e\u3010In einer Minute installiert\u3011Es ist denkbar einfach, die Solarleuchten in Betrieb zu nehmen. \u00d6ffnen Sie einfach die Abdeckung, legen Sie den Schalter um, platzieren oder h\u00e4ngen Sie die Lampe an einer beliebigen Stelle auf.<br \/>\n\ud83c\udf1e\u3010Wasserdicht und rostfrei\u3011Diese aus hochwertigem Kunststoff und hochwertigem Metall gefertigten Solarleuchten sind wasserdicht (IP44), hitzebest\u00e4ndig und f\u00fcr jedes Wetter gewappnet. Besser noch, der Schalter ist im Inneren der Lampe angebracht, um einen zus\u00e4tzlichen wasserdichten Effekt zu erzielen. (Hinweis: Tauchen Sie die Leuchte nicht in Wasser ein)<br \/>\n<div class=\"main-cross-sell\" data-asin=\"B0894MP36Z\">\n\n\t<div class=\"WooZone-cross-sell-loader\">\n\t\t<div>\n\t\t\t<div id=\"floatingBarsG\">\n\t\t\t\t<div class=\"blockG\" id=\"rotateG_01\"><\/div>\n\t\t\t\t<div class=\"blockG\" id=\"rotateG_02\"><\/div>\n\t\t\t\t<div class=\"blockG\" id=\"rotateG_03\"><\/div>\n\t\t\t\t<div class=\"blockG\" id=\"rotateG_04\"><\/div>\n\t\t\t\t<div class=\"blockG\" id=\"rotateG_05\"><\/div>\n\t\t\t\t<div class=\"blockG\" id=\"rotateG_06\"><\/div>\n\t\t\t\t<div class=\"blockG\" id=\"rotateG_07\"><\/div>\n\t\t\t\t<div class=\"blockG\" id=\"rotateG_08\"><\/div>\n\t\t\t<\/div>\n\t\t\t<div class=\"WooZone-cross-sell-loader-text\"><\/div>\n\t\t<\/div>\n\t<\/div>\n\n\t\t\n<\/div>\n<div style=\"clear:both;\"><\/div><\/p>\n","protected":false},"excerpt":{"rendered":"<p>\ud83c\udf1e\u3010Dekorativ und funktionell\u3011 Warum Sch\u00f6nheit f\u00fcr das Praktische aufgeben? Die OxyLED Solarleuchte ist retro, elegant und effektiv. Das Solarlicht bietet eine dringend ben\u00f6tigte Beleuchtung und wirft ein wundersch\u00f6nes. Es ist eine gro\u00dfartige dekorative Note f\u00fcr G\u00e4rten, Hinterh\u00f6fe, Einfahrten, Wege und sogar Camping.<br \/>\n\ud83c\udf1e\u3010Nachhaltige Solarenergie\u3011Es werden keine Kabel ben\u00f6tigt &#8211; installieren Sie die OxyLED-Solarleuchte einfach an einem hellen, sonnigen Ort! Die erstklassigen Solarpaneele nutzen die Sonnenenergie und laden die 600 mAh Ni-Mh-Batterie auf &#8211; sehr energiesparend und umweltfreundlich.<br \/>\n\ud83c\udf1e\u3010Auto EIN\/AUS\u3011Das Licht schaltet sich bei D\u00e4mmerung automatisch ein und bei Tagesanbruch automatisch aus. Stellen Sie es einfach an einen sonnigen Ort, lassen Sie es ein paar Strahlen aufsaugen (ca. 8 Stunden) und aalen Sie sich bis zu 6-8 Stunden in warmem, weichem Licht (Hinweis: An der Lampenabdeckung befindet sich ein EIN\/AUS-Schalter, stellen Sie sicher, dass Sie es beim ersten Gebrauch einschalten)<\/p>\n","protected":false},"featured_media":101521,"comment_status":"open","ping_status":"closed","template":"","meta":[],"product_brand":[],"product_cat":[11446,2108],"product_tag":[],"class_list":{"0":"post-101520","1":"product","2":"type-product","3":"status-publish","4":"has-post-thumbnail","6":"product_cat-aussenbeleuchtung","7":"product_cat-beleuchtung","8":"pa_binding-ausruestung","9":"pa_brand-oxyled","10":"pa_color-warmweiss-2-stueck","11":"pa_height-12-204724397-zoll","12":"pa_length-5-3149606245-zoll","13":"pa_manufacturer-oxyled","14":"pa_size-2-stueck","15":"pa_width-5-3149606245-zoll","17":"first","18":"instock","19":"shipping-taxable","20":"purchasable","21":"product-type-simple","22":"customify-col","23":"product-has-gallery"},"yoast_head":"<!-- This site is optimized with the Yoast SEO plugin v27.3 - https:\/\/yoast.com\/product\/yoast-seo-wordpress\/ -->\n<title>Solarlaterne f\u00fcr Au\u00dfen, OxyLED Solarlampen f\u00fcr Au\u00dfen 2 St\u00fcck IP44 Wasserdicht Metall Solar Laterne Laternen f\u00fcr Drau\u00dfen\u2026 - Markt-XXL<\/title>\n<meta name=\"description\" content=\"Markt-XXL Solarlaterne f\u00fcr Au\u00dfen, OxyLED Solarlampen f\u00fcr Au\u00dfen 2 St\u00fcck IP44 Wasserdicht Metall Solar Laterne Laternen f\u00fcr Drau\u00dfen\u2026\" \/>\n<meta name=\"robots\" content=\"index, follow, max-snippet:-1, max-image-preview:large, max-video-preview:-1\" \/>\n<link rel=\"canonical\" href=\"https:\/\/marktxxl.de\/markt\/produkt\/2-stueck-solar-laterne-fuer-aussenoxyled-ip44-wasserdicht-dekorativ-solar-gartenleuchtesolarlampe-outdoor-dekorationen-fuer-weg-garten-patio-terrasse-und-hof-weihnachtenwarmweiss\/\" \/>\n<meta property=\"og:locale\" content=\"de_DE\" \/>\n<meta property=\"og:type\" content=\"article\" \/>\n<meta property=\"og:title\" content=\"Solarlaterne f\u00fcr Au\u00dfen, OxyLED Solarlampen f\u00fcr Au\u00dfen 2 St\u00fcck IP44 Wasserdicht Metall Solar Laterne Laternen f\u00fcr Drau\u00dfen\u2026 - Markt-XXL\" \/>\n<meta property=\"og:description\" content=\"Markt-XXL Solarlaterne f\u00fcr Au\u00dfen, OxyLED Solarlampen f\u00fcr Au\u00dfen 2 St\u00fcck IP44 Wasserdicht Metall Solar Laterne Laternen f\u00fcr Drau\u00dfen\u2026\" \/>\n<meta property=\"og:url\" content=\"https:\/\/marktxxl.de\/markt\/produkt\/2-stueck-solar-laterne-fuer-aussenoxyled-ip44-wasserdicht-dekorativ-solar-gartenleuchtesolarlampe-outdoor-dekorationen-fuer-weg-garten-patio-terrasse-und-hof-weihnachtenwarmweiss\/\" \/>\n<meta property=\"og:site_name\" content=\"Markt-XXL\" \/>\n<meta property=\"article:modified_time\" content=\"2023-04-10T01:25:12+00:00\" \/>\n<meta property=\"og:image\" content=\"https:\/\/m.media-amazon.com\/images\/I\/61Cj7MxElGL._SL500_.jpg\" \/>\n\t<meta property=\"og:image:width\" content=\"500\" \/>\n\t<meta property=\"og:image:height\" content=\"500\" \/>\n\t<meta property=\"og:image:type\" content=\"image\/jpeg\" \/>\n<meta name=\"twitter:card\" content=\"summary_large_image\" \/>\n<meta name=\"twitter:label1\" content=\"Gesch\u00e4tzte Lesezeit\" \/>\n\t<meta name=\"twitter:data1\" content=\"1\u00a0Minute\" \/>\n<script type=\"application\/ld+json\" class=\"yoast-schema-graph\">{\"@context\":\"https:\\\/\\\/schema.org\",\"@graph\":[{\"@type\":\"WebPage\",\"@id\":\"https:\\\/\\\/marktxxl.de\\\/markt\\\/produkt\\\/2-stueck-solar-laterne-fuer-aussenoxyled-ip44-wasserdicht-dekorativ-solar-gartenleuchtesolarlampe-outdoor-dekorationen-fuer-weg-garten-patio-terrasse-und-hof-weihnachtenwarmweiss\\\/\",\"url\":\"https:\\\/\\\/marktxxl.de\\\/markt\\\/produkt\\\/2-stueck-solar-laterne-fuer-aussenoxyled-ip44-wasserdicht-dekorativ-solar-gartenleuchtesolarlampe-outdoor-dekorationen-fuer-weg-garten-patio-terrasse-und-hof-weihnachtenwarmweiss\\\/\",\"name\":\"Solarlaterne f\u00fcr Au\u00dfen, OxyLED Solarlampen f\u00fcr Au\u00dfen 2 St\u00fcck IP44 Wasserdicht Metall Solar Laterne Laternen f\u00fcr Drau\u00dfen\u2026 - Markt-XXL\",\"isPartOf\":{\"@id\":\"https:\\\/\\\/marktxxl.de\\\/markt\\\/#website\"},\"primaryImageOfPage\":{\"@id\":\"https:\\\/\\\/marktxxl.de\\\/markt\\\/produkt\\\/2-stueck-solar-laterne-fuer-aussenoxyled-ip44-wasserdicht-dekorativ-solar-gartenleuchtesolarlampe-outdoor-dekorationen-fuer-weg-garten-patio-terrasse-und-hof-weihnachtenwarmweiss\\\/#primaryimage\"},\"image\":{\"@id\":\"https:\\\/\\\/marktxxl.de\\\/markt\\\/produkt\\\/2-stueck-solar-laterne-fuer-aussenoxyled-ip44-wasserdicht-dekorativ-solar-gartenleuchtesolarlampe-outdoor-dekorationen-fuer-weg-garten-patio-terrasse-und-hof-weihnachtenwarmweiss\\\/#primaryimage\"},\"thumbnailUrl\":\"https:\\\/\\\/m.media-amazon.com\\\/images\\\/I\\\/61Cj7MxElGL._SL500_.jpg\",\"datePublished\":\"2022-01-27T17:07:03+00:00\",\"dateModified\":\"2023-04-10T01:25:12+00:00\",\"description\":\"Markt-XXL Solarlaterne f\u00fcr Au\u00dfen, OxyLED Solarlampen f\u00fcr Au\u00dfen 2 St\u00fcck IP44 Wasserdicht Metall Solar Laterne Laternen f\u00fcr Drau\u00dfen\u2026\",\"breadcrumb\":{\"@id\":\"https:\\\/\\\/marktxxl.de\\\/markt\\\/produkt\\\/2-stueck-solar-laterne-fuer-aussenoxyled-ip44-wasserdicht-dekorativ-solar-gartenleuchtesolarlampe-outdoor-dekorationen-fuer-weg-garten-patio-terrasse-und-hof-weihnachtenwarmweiss\\\/#breadcrumb\"},\"inLanguage\":\"de\",\"potentialAction\":[{\"@type\":\"ReadAction\",\"target\":[\"https:\\\/\\\/marktxxl.de\\\/markt\\\/produkt\\\/2-stueck-solar-laterne-fuer-aussenoxyled-ip44-wasserdicht-dekorativ-solar-gartenleuchtesolarlampe-outdoor-dekorationen-fuer-weg-garten-patio-terrasse-und-hof-weihnachtenwarmweiss\\\/\"]}]},{\"@type\":\"ImageObject\",\"inLanguage\":\"de\",\"@id\":\"https:\\\/\\\/marktxxl.de\\\/markt\\\/produkt\\\/2-stueck-solar-laterne-fuer-aussenoxyled-ip44-wasserdicht-dekorativ-solar-gartenleuchtesolarlampe-outdoor-dekorationen-fuer-weg-garten-patio-terrasse-und-hof-weihnachtenwarmweiss\\\/#primaryimage\",\"url\":\"https:\\\/\\\/m.media-amazon.com\\\/images\\\/I\\\/61Cj7MxElGL._SL500_.jpg\",\"contentUrl\":\"https:\\\/\\\/m.media-amazon.com\\\/images\\\/I\\\/61Cj7MxElGL._SL500_.jpg\",\"width\":500,\"height\":500},{\"@type\":\"BreadcrumbList\",\"@id\":\"https:\\\/\\\/marktxxl.de\\\/markt\\\/produkt\\\/2-stueck-solar-laterne-fuer-aussenoxyled-ip44-wasserdicht-dekorativ-solar-gartenleuchtesolarlampe-outdoor-dekorationen-fuer-weg-garten-patio-terrasse-und-hof-weihnachtenwarmweiss\\\/#breadcrumb\",\"itemListElement\":[{\"@type\":\"ListItem\",\"position\":1,\"name\":\"Startseite\",\"item\":\"https:\\\/\\\/marktxxl.de\\\/markt\\\/\"},{\"@type\":\"ListItem\",\"position\":2,\"name\":\"Markt\",\"item\":\"https:\\\/\\\/marktxxl.de\\\/markt\\\/\"},{\"@type\":\"ListItem\",\"position\":3,\"name\":\"Solarlaterne f\u00fcr Au\u00dfen, OxyLED Solarlampen f\u00fcr Au\u00dfen 2 St\u00fcck IP44 Wasserdicht Metall Solar Laterne Laternen f\u00fcr Drau\u00dfen\u2026\"}]},{\"@type\":\"WebSite\",\"@id\":\"https:\\\/\\\/marktxxl.de\\\/markt\\\/#website\",\"url\":\"https:\\\/\\\/marktxxl.de\\\/markt\\\/\",\"name\":\"Markt-XXL\",\"description\":\"Ihr Markt Online\",\"publisher\":{\"@id\":\"https:\\\/\\\/marktxxl.de\\\/markt\\\/#organization\"},\"potentialAction\":[{\"@type\":\"SearchAction\",\"target\":{\"@type\":\"EntryPoint\",\"urlTemplate\":\"https:\\\/\\\/marktxxl.de\\\/markt\\\/?s={search_term_string}\"},\"query-input\":{\"@type\":\"PropertyValueSpecification\",\"valueRequired\":true,\"valueName\":\"search_term_string\"}}],\"inLanguage\":\"de\"},{\"@type\":\"Organization\",\"@id\":\"https:\\\/\\\/marktxxl.de\\\/markt\\\/#organization\",\"name\":\"Markt-XXL\",\"url\":\"https:\\\/\\\/marktxxl.de\\\/markt\\\/\",\"logo\":{\"@type\":\"ImageObject\",\"inLanguage\":\"de\",\"@id\":\"https:\\\/\\\/marktxxl.de\\\/markt\\\/#\\\/schema\\\/logo\\\/image\\\/\",\"url\":\"https:\\\/\\\/marktxxl.de\\\/markt\\\/wp-content\\\/uploads\\\/sites\\\/3\\\/2020\\\/12\\\/logo.png\",\"contentUrl\":\"https:\\\/\\\/marktxxl.de\\\/markt\\\/wp-content\\\/uploads\\\/sites\\\/3\\\/2020\\\/12\\\/logo.png\",\"width\":200,\"height\":70,\"caption\":\"Markt-XXL\"},\"image\":{\"@id\":\"https:\\\/\\\/marktxxl.de\\\/markt\\\/#\\\/schema\\\/logo\\\/image\\\/\"}}]}<\/script>\n<!-- \/ Yoast SEO plugin. -->","yoast_head_json":{"title":"Solarlaterne f\u00fcr Au\u00dfen, OxyLED Solarlampen f\u00fcr Au\u00dfen 2 St\u00fcck IP44 Wasserdicht Metall Solar Laterne Laternen f\u00fcr Drau\u00dfen\u2026 - Markt-XXL","description":"Markt-XXL Solarlaterne f\u00fcr Au\u00dfen, OxyLED Solarlampen f\u00fcr Au\u00dfen 2 St\u00fcck IP44 Wasserdicht Metall Solar Laterne Laternen f\u00fcr Drau\u00dfen\u2026","robots":{"index":"index","follow":"follow","max-snippet":"max-snippet:-1","max-image-preview":"max-image-preview:large","max-video-preview":"max-video-preview:-1"},"canonical":"https:\/\/marktxxl.de\/markt\/produkt\/2-stueck-solar-laterne-fuer-aussenoxyled-ip44-wasserdicht-dekorativ-solar-gartenleuchtesolarlampe-outdoor-dekorationen-fuer-weg-garten-patio-terrasse-und-hof-weihnachtenwarmweiss\/","og_locale":"de_DE","og_type":"article","og_title":"Solarlaterne f\u00fcr Au\u00dfen, OxyLED Solarlampen f\u00fcr Au\u00dfen 2 St\u00fcck IP44 Wasserdicht Metall Solar Laterne Laternen f\u00fcr Drau\u00dfen\u2026 - Markt-XXL","og_description":"Markt-XXL Solarlaterne f\u00fcr Au\u00dfen, OxyLED Solarlampen f\u00fcr Au\u00dfen 2 St\u00fcck IP44 Wasserdicht Metall Solar Laterne Laternen f\u00fcr Drau\u00dfen\u2026","og_url":"https:\/\/marktxxl.de\/markt\/produkt\/2-stueck-solar-laterne-fuer-aussenoxyled-ip44-wasserdicht-dekorativ-solar-gartenleuchtesolarlampe-outdoor-dekorationen-fuer-weg-garten-patio-terrasse-und-hof-weihnachtenwarmweiss\/","og_site_name":"Markt-XXL","article_modified_time":"2023-04-10T01:25:12+00:00","og_image":[{"width":500,"height":500,"url":"https:\/\/m.media-amazon.com\/images\/I\/61Cj7MxElGL._SL500_.jpg","type":"image\/jpeg"}],"twitter_card":"summary_large_image","twitter_misc":{"Gesch\u00e4tzte Lesezeit":"1\u00a0Minute"},"schema":{"@context":"https:\/\/schema.org","@graph":[{"@type":"WebPage","@id":"https:\/\/marktxxl.de\/markt\/produkt\/2-stueck-solar-laterne-fuer-aussenoxyled-ip44-wasserdicht-dekorativ-solar-gartenleuchtesolarlampe-outdoor-dekorationen-fuer-weg-garten-patio-terrasse-und-hof-weihnachtenwarmweiss\/","url":"https:\/\/marktxxl.de\/markt\/produkt\/2-stueck-solar-laterne-fuer-aussenoxyled-ip44-wasserdicht-dekorativ-solar-gartenleuchtesolarlampe-outdoor-dekorationen-fuer-weg-garten-patio-terrasse-und-hof-weihnachtenwarmweiss\/","name":"Solarlaterne f\u00fcr Au\u00dfen, OxyLED Solarlampen f\u00fcr Au\u00dfen 2 St\u00fcck IP44 Wasserdicht Metall Solar Laterne Laternen f\u00fcr Drau\u00dfen\u2026 - Markt-XXL","isPartOf":{"@id":"https:\/\/marktxxl.de\/markt\/#website"},"primaryImageOfPage":{"@id":"https:\/\/marktxxl.de\/markt\/produkt\/2-stueck-solar-laterne-fuer-aussenoxyled-ip44-wasserdicht-dekorativ-solar-gartenleuchtesolarlampe-outdoor-dekorationen-fuer-weg-garten-patio-terrasse-und-hof-weihnachtenwarmweiss\/#primaryimage"},"image":{"@id":"https:\/\/marktxxl.de\/markt\/produkt\/2-stueck-solar-laterne-fuer-aussenoxyled-ip44-wasserdicht-dekorativ-solar-gartenleuchtesolarlampe-outdoor-dekorationen-fuer-weg-garten-patio-terrasse-und-hof-weihnachtenwarmweiss\/#primaryimage"},"thumbnailUrl":"https:\/\/m.media-amazon.com\/images\/I\/61Cj7MxElGL._SL500_.jpg","datePublished":"2022-01-27T17:07:03+00:00","dateModified":"2023-04-10T01:25:12+00:00","description":"Markt-XXL Solarlaterne f\u00fcr Au\u00dfen, OxyLED Solarlampen f\u00fcr Au\u00dfen 2 St\u00fcck IP44 Wasserdicht Metall Solar Laterne Laternen f\u00fcr Drau\u00dfen\u2026","breadcrumb":{"@id":"https:\/\/marktxxl.de\/markt\/produkt\/2-stueck-solar-laterne-fuer-aussenoxyled-ip44-wasserdicht-dekorativ-solar-gartenleuchtesolarlampe-outdoor-dekorationen-fuer-weg-garten-patio-terrasse-und-hof-weihnachtenwarmweiss\/#breadcrumb"},"inLanguage":"de","potentialAction":[{"@type":"ReadAction","target":["https:\/\/marktxxl.de\/markt\/produkt\/2-stueck-solar-laterne-fuer-aussenoxyled-ip44-wasserdicht-dekorativ-solar-gartenleuchtesolarlampe-outdoor-dekorationen-fuer-weg-garten-patio-terrasse-und-hof-weihnachtenwarmweiss\/"]}]},{"@type":"ImageObject","inLanguage":"de","@id":"https:\/\/marktxxl.de\/markt\/produkt\/2-stueck-solar-laterne-fuer-aussenoxyled-ip44-wasserdicht-dekorativ-solar-gartenleuchtesolarlampe-outdoor-dekorationen-fuer-weg-garten-patio-terrasse-und-hof-weihnachtenwarmweiss\/#primaryimage","url":"https:\/\/m.media-amazon.com\/images\/I\/61Cj7MxElGL._SL500_.jpg","contentUrl":"https:\/\/m.media-amazon.com\/images\/I\/61Cj7MxElGL._SL500_.jpg","width":500,"height":500},{"@type":"BreadcrumbList","@id":"https:\/\/marktxxl.de\/markt\/produkt\/2-stueck-solar-laterne-fuer-aussenoxyled-ip44-wasserdicht-dekorativ-solar-gartenleuchtesolarlampe-outdoor-dekorationen-fuer-weg-garten-patio-terrasse-und-hof-weihnachtenwarmweiss\/#breadcrumb","itemListElement":[{"@type":"ListItem","position":1,"name":"Startseite","item":"https:\/\/marktxxl.de\/markt\/"},{"@type":"ListItem","position":2,"name":"Markt","item":"https:\/\/marktxxl.de\/markt\/"},{"@type":"ListItem","position":3,"name":"Solarlaterne f\u00fcr Au\u00dfen, OxyLED Solarlampen f\u00fcr Au\u00dfen 2 St\u00fcck IP44 Wasserdicht Metall Solar Laterne Laternen f\u00fcr Drau\u00dfen\u2026"}]},{"@type":"WebSite","@id":"https:\/\/marktxxl.de\/markt\/#website","url":"https:\/\/marktxxl.de\/markt\/","name":"Markt-XXL","description":"Ihr Markt Online","publisher":{"@id":"https:\/\/marktxxl.de\/markt\/#organization"},"potentialAction":[{"@type":"SearchAction","target":{"@type":"EntryPoint","urlTemplate":"https:\/\/marktxxl.de\/markt\/?s={search_term_string}"},"query-input":{"@type":"PropertyValueSpecification","valueRequired":true,"valueName":"search_term_string"}}],"inLanguage":"de"},{"@type":"Organization","@id":"https:\/\/marktxxl.de\/markt\/#organization","name":"Markt-XXL","url":"https:\/\/marktxxl.de\/markt\/","logo":{"@type":"ImageObject","inLanguage":"de","@id":"https:\/\/marktxxl.de\/markt\/#\/schema\/logo\/image\/","url":"https:\/\/marktxxl.de\/markt\/wp-content\/uploads\/sites\/3\/2020\/12\/logo.png","contentUrl":"https:\/\/marktxxl.de\/markt\/wp-content\/uploads\/sites\/3\/2020\/12\/logo.png","width":200,"height":70,"caption":"Markt-XXL"},"image":{"@id":"https:\/\/marktxxl.de\/markt\/#\/schema\/logo\/image\/"}}]}},"_links":{"self":[{"href":"https:\/\/marktxxl.de\/markt\/wp-json\/wp\/v2\/product\/101520","targetHints":{"allow":["GET"]}}],"collection":[{"href":"https:\/\/marktxxl.de\/markt\/wp-json\/wp\/v2\/product"}],"about":[{"href":"https:\/\/marktxxl.de\/markt\/wp-json\/wp\/v2\/types\/product"}],"replies":[{"embeddable":true,"href":"https:\/\/marktxxl.de\/markt\/wp-json\/wp\/v2\/comments?post=101520"}],"wp:featuredmedia":[{"embeddable":true,"href":"https:\/\/marktxxl.de\/markt\/wp-json\/wp\/v2\/media\/101521"}],"wp:attachment":[{"href":"https:\/\/marktxxl.de\/markt\/wp-json\/wp\/v2\/media?parent=101520"}],"wp:term":[{"taxonomy":"product_brand","embeddable":true,"href":"https:\/\/marktxxl.de\/markt\/wp-json\/wp\/v2\/product_brand?post=101520"},{"taxonomy":"product_cat","embeddable":true,"href":"https:\/\/marktxxl.de\/markt\/wp-json\/wp\/v2\/product_cat?post=101520"},{"taxonomy":"product_tag","embeddable":true,"href":"https:\/\/marktxxl.de\/markt\/wp-json\/wp\/v2\/product_tag?post=101520"}],"curies":[{"name":"wp","href":"https:\/\/api.w.org\/{rel}","templated":true}]}}