{"id":101473,"date":"2022-01-27T18:05:21","date_gmt":"2022-01-27T17:05:21","guid":{"rendered":"https:\/\/marktxxl.de\/markt\/produkt\/hulless-edelstahl-deckenhaken-oesenplatte-marine-hardware-klammerhaken-schlaufenschrauben-befestigung\/"},"modified":"2023-04-10T03:25:10","modified_gmt":"2023-04-10T01:25:10","slug":"hulless-edelstahl-deckenhaken-oesenplatte-marine-hardware-klammerhaken-schlaufenschrauben-befestigung","status":"publish","type":"product","link":"https:\/\/marktxxl.de\/markt\/produkt\/hulless-edelstahl-deckenhaken-oesenplatte-marine-hardware-klammerhaken-schlaufenschrauben-befestigung\/","title":{"rendered":"Hulless Deckenhaken aus 304er Edelstahl, 8,9 x 2,5 cm, \u00d6senplatte, Marine-Hardware, Klammerhaken, Schlaufenschrauben\u2026"},"content":{"rendered":"<p>4,6 cm gro\u00dfe \u00d6senplatte mit geschlossenem Haken, gut verarbeitet, sicher, hochwertig und strapazierf\u00e4hig, 304 Edelstahl, glatte Oberfl\u00e4che ohne Grate, langlebig und rostfrei.<br \/>\nPaket \u2013 8 St\u00fcck Deckenhaken und 16 St\u00fcck Befestigungsschrauben und 16 St\u00fcck geriffelte Kunststoffd\u00fcbel. Plattengr\u00f6\u00dfe: Drahtdurchmesser: 5 mm. Dicke des Pads: 2 mm, Senkkopfschraubenloch: 4,5 mm. (Hinweis: Schrauben sind im Lieferumfang enthalten).<br \/>\nBreiter Anwendungsbereich \u2013 unsere Pads Eye sind perfekt f\u00fcr verschiedene Arten von Schnallen, Schnellverbindungen und Verbindungen, haupts\u00e4chlich f\u00fcr Decken- und Wandbefestigungen verwendet, auch in kleinen Yachten und Booten, Tragf\u00e4higkeit: 36,3 kg.<br \/>\nGeeignet f\u00fcr Holzdecken, Betondecken, Ziegelw\u00e4nde, Boote, H\u00e4ngemattenst\u00fchle, Schlingseile, Drahtseile, Ketten, H\u00e4ngepflanzen, Innen- oder Au\u00dfenmontage.<br \/>\nAlle Hulless Produkte werden von Amazon mit 100% Garantie schnelle Lieferung und guten Kundenservice versendet.<br \/>\n<div class=\"main-cross-sell\" data-asin=\"B08JHZJWHF\">\n\n\t<div class=\"WooZone-cross-sell-loader\">\n\t\t<div>\n\t\t\t<div id=\"floatingBarsG\">\n\t\t\t\t<div class=\"blockG\" id=\"rotateG_01\"><\/div>\n\t\t\t\t<div class=\"blockG\" id=\"rotateG_02\"><\/div>\n\t\t\t\t<div class=\"blockG\" id=\"rotateG_03\"><\/div>\n\t\t\t\t<div class=\"blockG\" id=\"rotateG_04\"><\/div>\n\t\t\t\t<div class=\"blockG\" id=\"rotateG_05\"><\/div>\n\t\t\t\t<div class=\"blockG\" id=\"rotateG_06\"><\/div>\n\t\t\t\t<div class=\"blockG\" id=\"rotateG_07\"><\/div>\n\t\t\t\t<div class=\"blockG\" id=\"rotateG_08\"><\/div>\n\t\t\t<\/div>\n\t\t\t<div class=\"WooZone-cross-sell-loader-text\"><\/div>\n\t\t<\/div>\n\t<\/div>\n\n\t\t\n<\/div>\n<div style=\"clear:both;\"><\/div><\/p>\n","protected":false},"excerpt":{"rendered":"<p>4,6 cm gro\u00dfe \u00d6senplatte mit geschlossenem Haken, gut verarbeitet, sicher, hochwertig und strapazierf\u00e4hig, 304 Edelstahl, glatte Oberfl\u00e4che ohne Grate, langlebig und rostfrei.<br \/>\nPaket \u2013 8 St\u00fcck Deckenhaken und 16 St\u00fcck Befestigungsschrauben und 16 St\u00fcck geriffelte Kunststoffd\u00fcbel. Plattengr\u00f6\u00dfe: Drahtdurchmesser: 5 mm. Dicke des Pads: 2 mm, Senkkopfschraubenloch: 4,5 mm. (Hinweis: Schrauben sind im Lieferumfang enthalten).<br \/>\nBreiter Anwendungsbereich \u2013 unsere Pads Eye sind perfekt f\u00fcr verschiedene Arten von Schnallen, Schnellverbindungen und Verbindungen, haupts\u00e4chlich f\u00fcr Decken- und Wandbefestigungen verwendet, auch in kleinen Yachten und Booten, Tragf\u00e4higkeit: 36,3 kg.<\/p>\n","protected":false},"featured_media":101474,"comment_status":"open","ping_status":"closed","template":"","meta":[],"product_brand":[],"product_cat":[1983,11179],"product_tag":[],"class_list":{"0":"post-101473","1":"product","2":"type-product","3":"status-publish","4":"has-post-thumbnail","6":"product_cat-baumarkt","7":"product_cat-lagersysteme","8":"pa_binding-misc","9":"pa_brand-hulless","10":"pa_color-edelstahl","11":"pa_manufacturer-hulless","13":"first","14":"instock","15":"shipping-taxable","16":"purchasable","17":"product-type-simple","18":"customify-col","19":"product-has-gallery"},"yoast_head":"<!-- This site is optimized with the Yoast SEO plugin v27.4 - https:\/\/yoast.com\/product\/yoast-seo-wordpress\/ -->\n<title>Hulless Deckenhaken aus 304er Edelstahl, 8,9 x 2,5 cm, \u00d6senplatte, Marine-Hardware, Klammerhaken, Schlaufenschrauben\u2026 - Markt-XXL<\/title>\n<meta name=\"description\" content=\"Markt-XXL Hulless Deckenhaken aus 304er Edelstahl, 8,9 x 2,5 cm, \u00d6senplatte, Marine-Hardware, Klammerhaken, Schlaufenschrauben\u2026\" \/>\n<meta name=\"robots\" content=\"index, follow, max-snippet:-1, max-image-preview:large, max-video-preview:-1\" \/>\n<link rel=\"canonical\" href=\"https:\/\/marktxxl.de\/markt\/produkt\/hulless-edelstahl-deckenhaken-oesenplatte-marine-hardware-klammerhaken-schlaufenschrauben-befestigung\/\" \/>\n<meta property=\"og:locale\" content=\"de_DE\" \/>\n<meta property=\"og:type\" content=\"article\" \/>\n<meta property=\"og:title\" content=\"Hulless Deckenhaken aus 304er Edelstahl, 8,9 x 2,5 cm, \u00d6senplatte, Marine-Hardware, Klammerhaken, Schlaufenschrauben\u2026 - Markt-XXL\" \/>\n<meta property=\"og:description\" content=\"Markt-XXL Hulless Deckenhaken aus 304er Edelstahl, 8,9 x 2,5 cm, \u00d6senplatte, Marine-Hardware, Klammerhaken, Schlaufenschrauben\u2026\" \/>\n<meta property=\"og:url\" content=\"https:\/\/marktxxl.de\/markt\/produkt\/hulless-edelstahl-deckenhaken-oesenplatte-marine-hardware-klammerhaken-schlaufenschrauben-befestigung\/\" \/>\n<meta property=\"og:site_name\" content=\"Markt-XXL\" \/>\n<meta property=\"article:modified_time\" content=\"2023-04-10T01:25:10+00:00\" \/>\n<meta property=\"og:image\" content=\"https:\/\/m.media-amazon.com\/images\/I\/51lSY1CI-SL._SL500_.jpg\" \/>\n\t<meta property=\"og:image:width\" content=\"500\" \/>\n\t<meta property=\"og:image:height\" content=\"492\" \/>\n\t<meta property=\"og:image:type\" content=\"image\/jpeg\" \/>\n<meta name=\"twitter:card\" content=\"summary_large_image\" \/>\n<meta name=\"twitter:label1\" content=\"Gesch\u00e4tzte Lesezeit\" \/>\n\t<meta name=\"twitter:data1\" content=\"1\u00a0Minute\" \/>\n<script type=\"application\/ld+json\" class=\"yoast-schema-graph\">{\"@context\":\"https:\\\/\\\/schema.org\",\"@graph\":[{\"@type\":\"WebPage\",\"@id\":\"https:\\\/\\\/marktxxl.de\\\/markt\\\/produkt\\\/hulless-edelstahl-deckenhaken-oesenplatte-marine-hardware-klammerhaken-schlaufenschrauben-befestigung\\\/\",\"url\":\"https:\\\/\\\/marktxxl.de\\\/markt\\\/produkt\\\/hulless-edelstahl-deckenhaken-oesenplatte-marine-hardware-klammerhaken-schlaufenschrauben-befestigung\\\/\",\"name\":\"Hulless Deckenhaken aus 304er Edelstahl, 8,9 x 2,5 cm, \u00d6senplatte, Marine-Hardware, Klammerhaken, Schlaufenschrauben\u2026 - Markt-XXL\",\"isPartOf\":{\"@id\":\"https:\\\/\\\/marktxxl.de\\\/markt\\\/#website\"},\"primaryImageOfPage\":{\"@id\":\"https:\\\/\\\/marktxxl.de\\\/markt\\\/produkt\\\/hulless-edelstahl-deckenhaken-oesenplatte-marine-hardware-klammerhaken-schlaufenschrauben-befestigung\\\/#primaryimage\"},\"image\":{\"@id\":\"https:\\\/\\\/marktxxl.de\\\/markt\\\/produkt\\\/hulless-edelstahl-deckenhaken-oesenplatte-marine-hardware-klammerhaken-schlaufenschrauben-befestigung\\\/#primaryimage\"},\"thumbnailUrl\":\"https:\\\/\\\/m.media-amazon.com\\\/images\\\/I\\\/51lSY1CI-SL._SL500_.jpg\",\"datePublished\":\"2022-01-27T17:05:21+00:00\",\"dateModified\":\"2023-04-10T01:25:10+00:00\",\"description\":\"Markt-XXL Hulless Deckenhaken aus 304er Edelstahl, 8,9 x 2,5 cm, \u00d6senplatte, Marine-Hardware, Klammerhaken, Schlaufenschrauben\u2026\",\"breadcrumb\":{\"@id\":\"https:\\\/\\\/marktxxl.de\\\/markt\\\/produkt\\\/hulless-edelstahl-deckenhaken-oesenplatte-marine-hardware-klammerhaken-schlaufenschrauben-befestigung\\\/#breadcrumb\"},\"inLanguage\":\"de\",\"potentialAction\":[{\"@type\":\"ReadAction\",\"target\":[\"https:\\\/\\\/marktxxl.de\\\/markt\\\/produkt\\\/hulless-edelstahl-deckenhaken-oesenplatte-marine-hardware-klammerhaken-schlaufenschrauben-befestigung\\\/\"]}]},{\"@type\":\"ImageObject\",\"inLanguage\":\"de\",\"@id\":\"https:\\\/\\\/marktxxl.de\\\/markt\\\/produkt\\\/hulless-edelstahl-deckenhaken-oesenplatte-marine-hardware-klammerhaken-schlaufenschrauben-befestigung\\\/#primaryimage\",\"url\":\"https:\\\/\\\/m.media-amazon.com\\\/images\\\/I\\\/51lSY1CI-SL._SL500_.jpg\",\"contentUrl\":\"https:\\\/\\\/m.media-amazon.com\\\/images\\\/I\\\/51lSY1CI-SL._SL500_.jpg\",\"width\":500,\"height\":492},{\"@type\":\"BreadcrumbList\",\"@id\":\"https:\\\/\\\/marktxxl.de\\\/markt\\\/produkt\\\/hulless-edelstahl-deckenhaken-oesenplatte-marine-hardware-klammerhaken-schlaufenschrauben-befestigung\\\/#breadcrumb\",\"itemListElement\":[{\"@type\":\"ListItem\",\"position\":1,\"name\":\"Startseite\",\"item\":\"https:\\\/\\\/marktxxl.de\\\/markt\\\/\"},{\"@type\":\"ListItem\",\"position\":2,\"name\":\"Markt\",\"item\":\"https:\\\/\\\/marktxxl.de\\\/markt\\\/\"},{\"@type\":\"ListItem\",\"position\":3,\"name\":\"Hulless Deckenhaken aus 304er Edelstahl, 8,9 x 2,5 cm, \u00d6senplatte, Marine-Hardware, Klammerhaken, Schlaufenschrauben\u2026\"}]},{\"@type\":\"WebSite\",\"@id\":\"https:\\\/\\\/marktxxl.de\\\/markt\\\/#website\",\"url\":\"https:\\\/\\\/marktxxl.de\\\/markt\\\/\",\"name\":\"Markt-XXL\",\"description\":\"Ihr Markt Online\",\"publisher\":{\"@id\":\"https:\\\/\\\/marktxxl.de\\\/markt\\\/#organization\"},\"potentialAction\":[{\"@type\":\"SearchAction\",\"target\":{\"@type\":\"EntryPoint\",\"urlTemplate\":\"https:\\\/\\\/marktxxl.de\\\/markt\\\/?s={search_term_string}\"},\"query-input\":{\"@type\":\"PropertyValueSpecification\",\"valueRequired\":true,\"valueName\":\"search_term_string\"}}],\"inLanguage\":\"de\"},{\"@type\":\"Organization\",\"@id\":\"https:\\\/\\\/marktxxl.de\\\/markt\\\/#organization\",\"name\":\"Markt-XXL\",\"url\":\"https:\\\/\\\/marktxxl.de\\\/markt\\\/\",\"logo\":{\"@type\":\"ImageObject\",\"inLanguage\":\"de\",\"@id\":\"https:\\\/\\\/marktxxl.de\\\/markt\\\/#\\\/schema\\\/logo\\\/image\\\/\",\"url\":\"https:\\\/\\\/marktxxl.de\\\/markt\\\/wp-content\\\/uploads\\\/sites\\\/3\\\/2020\\\/12\\\/logo.png\",\"contentUrl\":\"https:\\\/\\\/marktxxl.de\\\/markt\\\/wp-content\\\/uploads\\\/sites\\\/3\\\/2020\\\/12\\\/logo.png\",\"width\":200,\"height\":70,\"caption\":\"Markt-XXL\"},\"image\":{\"@id\":\"https:\\\/\\\/marktxxl.de\\\/markt\\\/#\\\/schema\\\/logo\\\/image\\\/\"}}]}<\/script>\n<!-- \/ Yoast SEO plugin. -->","yoast_head_json":{"title":"Hulless Deckenhaken aus 304er Edelstahl, 8,9 x 2,5 cm, \u00d6senplatte, Marine-Hardware, Klammerhaken, Schlaufenschrauben\u2026 - Markt-XXL","description":"Markt-XXL Hulless Deckenhaken aus 304er Edelstahl, 8,9 x 2,5 cm, \u00d6senplatte, Marine-Hardware, Klammerhaken, Schlaufenschrauben\u2026","robots":{"index":"index","follow":"follow","max-snippet":"max-snippet:-1","max-image-preview":"max-image-preview:large","max-video-preview":"max-video-preview:-1"},"canonical":"https:\/\/marktxxl.de\/markt\/produkt\/hulless-edelstahl-deckenhaken-oesenplatte-marine-hardware-klammerhaken-schlaufenschrauben-befestigung\/","og_locale":"de_DE","og_type":"article","og_title":"Hulless Deckenhaken aus 304er Edelstahl, 8,9 x 2,5 cm, \u00d6senplatte, Marine-Hardware, Klammerhaken, Schlaufenschrauben\u2026 - Markt-XXL","og_description":"Markt-XXL Hulless Deckenhaken aus 304er Edelstahl, 8,9 x 2,5 cm, \u00d6senplatte, Marine-Hardware, Klammerhaken, Schlaufenschrauben\u2026","og_url":"https:\/\/marktxxl.de\/markt\/produkt\/hulless-edelstahl-deckenhaken-oesenplatte-marine-hardware-klammerhaken-schlaufenschrauben-befestigung\/","og_site_name":"Markt-XXL","article_modified_time":"2023-04-10T01:25:10+00:00","og_image":[{"width":500,"height":492,"url":"https:\/\/m.media-amazon.com\/images\/I\/51lSY1CI-SL._SL500_.jpg","type":"image\/jpeg"}],"twitter_card":"summary_large_image","twitter_misc":{"Gesch\u00e4tzte Lesezeit":"1\u00a0Minute"},"schema":{"@context":"https:\/\/schema.org","@graph":[{"@type":"WebPage","@id":"https:\/\/marktxxl.de\/markt\/produkt\/hulless-edelstahl-deckenhaken-oesenplatte-marine-hardware-klammerhaken-schlaufenschrauben-befestigung\/","url":"https:\/\/marktxxl.de\/markt\/produkt\/hulless-edelstahl-deckenhaken-oesenplatte-marine-hardware-klammerhaken-schlaufenschrauben-befestigung\/","name":"Hulless Deckenhaken aus 304er Edelstahl, 8,9 x 2,5 cm, \u00d6senplatte, Marine-Hardware, Klammerhaken, Schlaufenschrauben\u2026 - Markt-XXL","isPartOf":{"@id":"https:\/\/marktxxl.de\/markt\/#website"},"primaryImageOfPage":{"@id":"https:\/\/marktxxl.de\/markt\/produkt\/hulless-edelstahl-deckenhaken-oesenplatte-marine-hardware-klammerhaken-schlaufenschrauben-befestigung\/#primaryimage"},"image":{"@id":"https:\/\/marktxxl.de\/markt\/produkt\/hulless-edelstahl-deckenhaken-oesenplatte-marine-hardware-klammerhaken-schlaufenschrauben-befestigung\/#primaryimage"},"thumbnailUrl":"https:\/\/m.media-amazon.com\/images\/I\/51lSY1CI-SL._SL500_.jpg","datePublished":"2022-01-27T17:05:21+00:00","dateModified":"2023-04-10T01:25:10+00:00","description":"Markt-XXL Hulless Deckenhaken aus 304er Edelstahl, 8,9 x 2,5 cm, \u00d6senplatte, Marine-Hardware, Klammerhaken, Schlaufenschrauben\u2026","breadcrumb":{"@id":"https:\/\/marktxxl.de\/markt\/produkt\/hulless-edelstahl-deckenhaken-oesenplatte-marine-hardware-klammerhaken-schlaufenschrauben-befestigung\/#breadcrumb"},"inLanguage":"de","potentialAction":[{"@type":"ReadAction","target":["https:\/\/marktxxl.de\/markt\/produkt\/hulless-edelstahl-deckenhaken-oesenplatte-marine-hardware-klammerhaken-schlaufenschrauben-befestigung\/"]}]},{"@type":"ImageObject","inLanguage":"de","@id":"https:\/\/marktxxl.de\/markt\/produkt\/hulless-edelstahl-deckenhaken-oesenplatte-marine-hardware-klammerhaken-schlaufenschrauben-befestigung\/#primaryimage","url":"https:\/\/m.media-amazon.com\/images\/I\/51lSY1CI-SL._SL500_.jpg","contentUrl":"https:\/\/m.media-amazon.com\/images\/I\/51lSY1CI-SL._SL500_.jpg","width":500,"height":492},{"@type":"BreadcrumbList","@id":"https:\/\/marktxxl.de\/markt\/produkt\/hulless-edelstahl-deckenhaken-oesenplatte-marine-hardware-klammerhaken-schlaufenschrauben-befestigung\/#breadcrumb","itemListElement":[{"@type":"ListItem","position":1,"name":"Startseite","item":"https:\/\/marktxxl.de\/markt\/"},{"@type":"ListItem","position":2,"name":"Markt","item":"https:\/\/marktxxl.de\/markt\/"},{"@type":"ListItem","position":3,"name":"Hulless Deckenhaken aus 304er Edelstahl, 8,9 x 2,5 cm, \u00d6senplatte, Marine-Hardware, Klammerhaken, Schlaufenschrauben\u2026"}]},{"@type":"WebSite","@id":"https:\/\/marktxxl.de\/markt\/#website","url":"https:\/\/marktxxl.de\/markt\/","name":"Markt-XXL","description":"Ihr Markt Online","publisher":{"@id":"https:\/\/marktxxl.de\/markt\/#organization"},"potentialAction":[{"@type":"SearchAction","target":{"@type":"EntryPoint","urlTemplate":"https:\/\/marktxxl.de\/markt\/?s={search_term_string}"},"query-input":{"@type":"PropertyValueSpecification","valueRequired":true,"valueName":"search_term_string"}}],"inLanguage":"de"},{"@type":"Organization","@id":"https:\/\/marktxxl.de\/markt\/#organization","name":"Markt-XXL","url":"https:\/\/marktxxl.de\/markt\/","logo":{"@type":"ImageObject","inLanguage":"de","@id":"https:\/\/marktxxl.de\/markt\/#\/schema\/logo\/image\/","url":"https:\/\/marktxxl.de\/markt\/wp-content\/uploads\/sites\/3\/2020\/12\/logo.png","contentUrl":"https:\/\/marktxxl.de\/markt\/wp-content\/uploads\/sites\/3\/2020\/12\/logo.png","width":200,"height":70,"caption":"Markt-XXL"},"image":{"@id":"https:\/\/marktxxl.de\/markt\/#\/schema\/logo\/image\/"}}]}},"_links":{"self":[{"href":"https:\/\/marktxxl.de\/markt\/wp-json\/wp\/v2\/product\/101473","targetHints":{"allow":["GET"]}}],"collection":[{"href":"https:\/\/marktxxl.de\/markt\/wp-json\/wp\/v2\/product"}],"about":[{"href":"https:\/\/marktxxl.de\/markt\/wp-json\/wp\/v2\/types\/product"}],"replies":[{"embeddable":true,"href":"https:\/\/marktxxl.de\/markt\/wp-json\/wp\/v2\/comments?post=101473"}],"wp:featuredmedia":[{"embeddable":true,"href":"https:\/\/marktxxl.de\/markt\/wp-json\/wp\/v2\/media\/101474"}],"wp:attachment":[{"href":"https:\/\/marktxxl.de\/markt\/wp-json\/wp\/v2\/media?parent=101473"}],"wp:term":[{"taxonomy":"product_brand","embeddable":true,"href":"https:\/\/marktxxl.de\/markt\/wp-json\/wp\/v2\/product_brand?post=101473"},{"taxonomy":"product_cat","embeddable":true,"href":"https:\/\/marktxxl.de\/markt\/wp-json\/wp\/v2\/product_cat?post=101473"},{"taxonomy":"product_tag","embeddable":true,"href":"https:\/\/marktxxl.de\/markt\/wp-json\/wp\/v2\/product_tag?post=101473"}],"curies":[{"name":"wp","href":"https:\/\/api.w.org\/{rel}","templated":true}]}}