{"id":100951,"date":"2022-01-27T17:06:16","date_gmt":"2022-01-27T16:06:16","guid":{"rendered":"https:\/\/marktxxl.de\/markt\/produkt\/40-florale-notizen-fuer-ihre-hochzeit-babyparty-business-jubilaeum-brautparty-aquarell-blumen-karten-mit-umschlaegen-innen-blanko\/"},"modified":"2023-04-11T03:24:29","modified_gmt":"2023-04-11T01:24:29","slug":"40-florale-notizen-fuer-ihre-hochzeit-babyparty-business-jubilaeum-brautparty-aquarell-blumen-karten-mit-umschlaegen-innen-blanko","status":"publish","type":"product","link":"https:\/\/marktxxl.de\/markt\/produkt\/40-florale-notizen-fuer-ihre-hochzeit-babyparty-business-jubilaeum-brautparty-aquarell-blumen-karten-mit-umschlaegen-innen-blanko\/","title":{"rendered":"40 florale Dankeskarten f\u00fcr Ihre Hochzeit, Babyparty, Business, Jubil\u00e4um, Brautparty \u2013 Aquarell-Blumen Karten mit\u2026"},"content":{"rendered":"<p>Hell und lustig: fr\u00f6hliche Blumen-Dankeskarten zeigen Ihre Wertsch\u00e4tzung und zaubern ein L\u00e4cheln auf das Gesicht Ihres Empf\u00e4ngers. Leere Innenseite f\u00fcr Ihre pers\u00f6nliche, herzliche Note.<br \/>\nPerfekte Gr\u00f6\u00dfe: genau die richtige Gr\u00f6\u00dfe bei 14 cm L x 10 cm H, um Ihre Dankbarkeit auszudr\u00fccken, ohne extra wei\u00dfen Platz f\u00fcllen zu m\u00fcssen. Notizkarten sind mit jedem Stifttyp leicht zu beschreiben, einschlie\u00dflich Bleistift.<br \/>\nHaben Sie immer eine zur Hand: 5 verschiedene Blumen-Designs (8 von jedem Design). W\u00e4hlen Sie aus, was am besten passt. Gro\u00dfpackung mit 40 Klappkarten in einer transparenten Kunststoffbox.<br \/>\nGeeignet f\u00fcr alle: Perfekt f\u00fcr Frauen, M\u00e4dchen, Teenager und Kinder. F\u00fcr besondere Anl\u00e4sse oder einfach nur, um jemanden wissen zu lassen, wie sehr Sie ihn sch\u00e4tzen.<br \/>\nEinfach und sch\u00f6n: Bunte Vintage-Dankeskarten in Aquarell-Kunstwerken machen den Tag heller. Fr\u00f6hliche gelbe Umschl\u00e4ge im Lieferumfang enthalten.<br \/>\n<div class=\"main-cross-sell\" data-asin=\"B08JQF7YVD\">\n\n\t<div class=\"WooZone-cross-sell-loader\">\n\t\t<div>\n\t\t\t<div id=\"floatingBarsG\">\n\t\t\t\t<div class=\"blockG\" id=\"rotateG_01\"><\/div>\n\t\t\t\t<div class=\"blockG\" id=\"rotateG_02\"><\/div>\n\t\t\t\t<div class=\"blockG\" id=\"rotateG_03\"><\/div>\n\t\t\t\t<div class=\"blockG\" id=\"rotateG_04\"><\/div>\n\t\t\t\t<div class=\"blockG\" id=\"rotateG_05\"><\/div>\n\t\t\t\t<div class=\"blockG\" id=\"rotateG_06\"><\/div>\n\t\t\t\t<div class=\"blockG\" id=\"rotateG_07\"><\/div>\n\t\t\t\t<div class=\"blockG\" id=\"rotateG_08\"><\/div>\n\t\t\t<\/div>\n\t\t\t<div class=\"WooZone-cross-sell-loader-text\"><\/div>\n\t\t<\/div>\n\t<\/div>\n\n\t\t\n<\/div>\n<div style=\"clear:both;\"><\/div><\/p>\n","protected":false},"excerpt":{"rendered":"<p>Hell und lustig: fr\u00f6hliche Blumen-Dankeskarten zeigen Ihre Wertsch\u00e4tzung und zaubern ein L\u00e4cheln auf das Gesicht Ihres Empf\u00e4ngers. Leere Innenseite f\u00fcr Ihre pers\u00f6nliche, herzliche Note.<br \/>\nPerfekte Gr\u00f6\u00dfe: genau die richtige Gr\u00f6\u00dfe bei 14 cm L x 10 cm H, um Ihre Dankbarkeit auszudr\u00fccken, ohne extra wei\u00dfen Platz f\u00fcllen zu m\u00fcssen. Notizkarten sind mit jedem Stifttyp leicht zu beschreiben, einschlie\u00dflich Bleistift.<br \/>\nHaben Sie immer eine zur Hand: 5 verschiedene Blumen-Designs (8 von jedem Design). W\u00e4hlen Sie aus, was am besten passt. Gro\u00dfpackung mit 40 Klappkarten in einer transparenten Kunststoffbox.<\/p>\n","protected":false},"featured_media":100952,"comment_status":"open","ping_status":"closed","template":"","meta":[],"product_brand":[],"product_cat":[504,8527],"product_tag":[],"class_list":{"0":"post-100951","1":"product","2":"type-product","3":"status-publish","4":"has-post-thumbnail","6":"product_cat-buerobedarf-schreibwaren","7":"product_cat-papierprodukte","8":"pa_brand-fresh-lucky","9":"pa_manufacturer-fresh-lucky","11":"first","12":"instock","13":"shipping-taxable","14":"purchasable","15":"product-type-simple","16":"customify-col","17":"product-has-gallery"},"yoast_head":"<!-- This site is optimized with the Yoast SEO plugin v27.4 - https:\/\/yoast.com\/product\/yoast-seo-wordpress\/ -->\n<title>40 florale Dankeskarten f\u00fcr Ihre Hochzeit, Babyparty, Business, Jubil\u00e4um, Brautparty \u2013 Aquarell-Blumen Karten mit\u2026 - Markt-XXL<\/title>\n<meta name=\"description\" content=\"Markt-XXL 40 florale Dankeskarten f\u00fcr Ihre Hochzeit, Babyparty, Business, Jubil\u00e4um, Brautparty \u2013 Aquarell-Blumen Karten mit\u2026\" \/>\n<meta name=\"robots\" content=\"index, follow, max-snippet:-1, max-image-preview:large, max-video-preview:-1\" \/>\n<link rel=\"canonical\" href=\"https:\/\/marktxxl.de\/markt\/produkt\/40-florale-notizen-fuer-ihre-hochzeit-babyparty-business-jubilaeum-brautparty-aquarell-blumen-karten-mit-umschlaegen-innen-blanko\/\" \/>\n<meta property=\"og:locale\" content=\"de_DE\" \/>\n<meta property=\"og:type\" content=\"article\" \/>\n<meta property=\"og:title\" content=\"40 florale Dankeskarten f\u00fcr Ihre Hochzeit, Babyparty, Business, Jubil\u00e4um, Brautparty \u2013 Aquarell-Blumen Karten mit\u2026 - Markt-XXL\" \/>\n<meta property=\"og:description\" content=\"Markt-XXL 40 florale Dankeskarten f\u00fcr Ihre Hochzeit, Babyparty, Business, Jubil\u00e4um, Brautparty \u2013 Aquarell-Blumen Karten mit\u2026\" \/>\n<meta property=\"og:url\" content=\"https:\/\/marktxxl.de\/markt\/produkt\/40-florale-notizen-fuer-ihre-hochzeit-babyparty-business-jubilaeum-brautparty-aquarell-blumen-karten-mit-umschlaegen-innen-blanko\/\" \/>\n<meta property=\"og:site_name\" content=\"Markt-XXL\" \/>\n<meta property=\"article:modified_time\" content=\"2023-04-11T01:24:29+00:00\" \/>\n<meta property=\"og:image\" content=\"https:\/\/m.media-amazon.com\/images\/I\/511Utn6ApGL._SL500_.jpg\" \/>\n\t<meta property=\"og:image:width\" content=\"500\" \/>\n\t<meta property=\"og:image:height\" content=\"500\" \/>\n\t<meta property=\"og:image:type\" content=\"image\/jpeg\" \/>\n<meta name=\"twitter:card\" content=\"summary_large_image\" \/>\n<meta name=\"twitter:label1\" content=\"Gesch\u00e4tzte Lesezeit\" \/>\n\t<meta name=\"twitter:data1\" content=\"1\u00a0Minute\" \/>\n<script type=\"application\/ld+json\" class=\"yoast-schema-graph\">{\"@context\":\"https:\\\/\\\/schema.org\",\"@graph\":[{\"@type\":\"WebPage\",\"@id\":\"https:\\\/\\\/marktxxl.de\\\/markt\\\/produkt\\\/40-florale-notizen-fuer-ihre-hochzeit-babyparty-business-jubilaeum-brautparty-aquarell-blumen-karten-mit-umschlaegen-innen-blanko\\\/\",\"url\":\"https:\\\/\\\/marktxxl.de\\\/markt\\\/produkt\\\/40-florale-notizen-fuer-ihre-hochzeit-babyparty-business-jubilaeum-brautparty-aquarell-blumen-karten-mit-umschlaegen-innen-blanko\\\/\",\"name\":\"40 florale Dankeskarten f\u00fcr Ihre Hochzeit, Babyparty, Business, Jubil\u00e4um, Brautparty \u2013 Aquarell-Blumen Karten mit\u2026 - Markt-XXL\",\"isPartOf\":{\"@id\":\"https:\\\/\\\/marktxxl.de\\\/markt\\\/#website\"},\"primaryImageOfPage\":{\"@id\":\"https:\\\/\\\/marktxxl.de\\\/markt\\\/produkt\\\/40-florale-notizen-fuer-ihre-hochzeit-babyparty-business-jubilaeum-brautparty-aquarell-blumen-karten-mit-umschlaegen-innen-blanko\\\/#primaryimage\"},\"image\":{\"@id\":\"https:\\\/\\\/marktxxl.de\\\/markt\\\/produkt\\\/40-florale-notizen-fuer-ihre-hochzeit-babyparty-business-jubilaeum-brautparty-aquarell-blumen-karten-mit-umschlaegen-innen-blanko\\\/#primaryimage\"},\"thumbnailUrl\":\"https:\\\/\\\/m.media-amazon.com\\\/images\\\/I\\\/511Utn6ApGL._SL500_.jpg\",\"datePublished\":\"2022-01-27T16:06:16+00:00\",\"dateModified\":\"2023-04-11T01:24:29+00:00\",\"description\":\"Markt-XXL 40 florale Dankeskarten f\u00fcr Ihre Hochzeit, Babyparty, Business, Jubil\u00e4um, Brautparty \u2013 Aquarell-Blumen Karten mit\u2026\",\"breadcrumb\":{\"@id\":\"https:\\\/\\\/marktxxl.de\\\/markt\\\/produkt\\\/40-florale-notizen-fuer-ihre-hochzeit-babyparty-business-jubilaeum-brautparty-aquarell-blumen-karten-mit-umschlaegen-innen-blanko\\\/#breadcrumb\"},\"inLanguage\":\"de\",\"potentialAction\":[{\"@type\":\"ReadAction\",\"target\":[\"https:\\\/\\\/marktxxl.de\\\/markt\\\/produkt\\\/40-florale-notizen-fuer-ihre-hochzeit-babyparty-business-jubilaeum-brautparty-aquarell-blumen-karten-mit-umschlaegen-innen-blanko\\\/\"]}]},{\"@type\":\"ImageObject\",\"inLanguage\":\"de\",\"@id\":\"https:\\\/\\\/marktxxl.de\\\/markt\\\/produkt\\\/40-florale-notizen-fuer-ihre-hochzeit-babyparty-business-jubilaeum-brautparty-aquarell-blumen-karten-mit-umschlaegen-innen-blanko\\\/#primaryimage\",\"url\":\"https:\\\/\\\/m.media-amazon.com\\\/images\\\/I\\\/511Utn6ApGL._SL500_.jpg\",\"contentUrl\":\"https:\\\/\\\/m.media-amazon.com\\\/images\\\/I\\\/511Utn6ApGL._SL500_.jpg\",\"width\":500,\"height\":500},{\"@type\":\"BreadcrumbList\",\"@id\":\"https:\\\/\\\/marktxxl.de\\\/markt\\\/produkt\\\/40-florale-notizen-fuer-ihre-hochzeit-babyparty-business-jubilaeum-brautparty-aquarell-blumen-karten-mit-umschlaegen-innen-blanko\\\/#breadcrumb\",\"itemListElement\":[{\"@type\":\"ListItem\",\"position\":1,\"name\":\"Startseite\",\"item\":\"https:\\\/\\\/marktxxl.de\\\/markt\\\/\"},{\"@type\":\"ListItem\",\"position\":2,\"name\":\"Markt\",\"item\":\"https:\\\/\\\/marktxxl.de\\\/markt\\\/\"},{\"@type\":\"ListItem\",\"position\":3,\"name\":\"40 florale Dankeskarten f\u00fcr Ihre Hochzeit, Babyparty, Business, Jubil\u00e4um, Brautparty \u2013 Aquarell-Blumen Karten mit\u2026\"}]},{\"@type\":\"WebSite\",\"@id\":\"https:\\\/\\\/marktxxl.de\\\/markt\\\/#website\",\"url\":\"https:\\\/\\\/marktxxl.de\\\/markt\\\/\",\"name\":\"Markt-XXL\",\"description\":\"Ihr Markt Online\",\"publisher\":{\"@id\":\"https:\\\/\\\/marktxxl.de\\\/markt\\\/#organization\"},\"potentialAction\":[{\"@type\":\"SearchAction\",\"target\":{\"@type\":\"EntryPoint\",\"urlTemplate\":\"https:\\\/\\\/marktxxl.de\\\/markt\\\/?s={search_term_string}\"},\"query-input\":{\"@type\":\"PropertyValueSpecification\",\"valueRequired\":true,\"valueName\":\"search_term_string\"}}],\"inLanguage\":\"de\"},{\"@type\":\"Organization\",\"@id\":\"https:\\\/\\\/marktxxl.de\\\/markt\\\/#organization\",\"name\":\"Markt-XXL\",\"url\":\"https:\\\/\\\/marktxxl.de\\\/markt\\\/\",\"logo\":{\"@type\":\"ImageObject\",\"inLanguage\":\"de\",\"@id\":\"https:\\\/\\\/marktxxl.de\\\/markt\\\/#\\\/schema\\\/logo\\\/image\\\/\",\"url\":\"https:\\\/\\\/marktxxl.de\\\/markt\\\/wp-content\\\/uploads\\\/sites\\\/3\\\/2020\\\/12\\\/logo.png\",\"contentUrl\":\"https:\\\/\\\/marktxxl.de\\\/markt\\\/wp-content\\\/uploads\\\/sites\\\/3\\\/2020\\\/12\\\/logo.png\",\"width\":200,\"height\":70,\"caption\":\"Markt-XXL\"},\"image\":{\"@id\":\"https:\\\/\\\/marktxxl.de\\\/markt\\\/#\\\/schema\\\/logo\\\/image\\\/\"}}]}<\/script>\n<!-- \/ Yoast SEO plugin. -->","yoast_head_json":{"title":"40 florale Dankeskarten f\u00fcr Ihre Hochzeit, Babyparty, Business, Jubil\u00e4um, Brautparty \u2013 Aquarell-Blumen Karten mit\u2026 - Markt-XXL","description":"Markt-XXL 40 florale Dankeskarten f\u00fcr Ihre Hochzeit, Babyparty, Business, Jubil\u00e4um, Brautparty \u2013 Aquarell-Blumen Karten mit\u2026","robots":{"index":"index","follow":"follow","max-snippet":"max-snippet:-1","max-image-preview":"max-image-preview:large","max-video-preview":"max-video-preview:-1"},"canonical":"https:\/\/marktxxl.de\/markt\/produkt\/40-florale-notizen-fuer-ihre-hochzeit-babyparty-business-jubilaeum-brautparty-aquarell-blumen-karten-mit-umschlaegen-innen-blanko\/","og_locale":"de_DE","og_type":"article","og_title":"40 florale Dankeskarten f\u00fcr Ihre Hochzeit, Babyparty, Business, Jubil\u00e4um, Brautparty \u2013 Aquarell-Blumen Karten mit\u2026 - Markt-XXL","og_description":"Markt-XXL 40 florale Dankeskarten f\u00fcr Ihre Hochzeit, Babyparty, Business, Jubil\u00e4um, Brautparty \u2013 Aquarell-Blumen Karten mit\u2026","og_url":"https:\/\/marktxxl.de\/markt\/produkt\/40-florale-notizen-fuer-ihre-hochzeit-babyparty-business-jubilaeum-brautparty-aquarell-blumen-karten-mit-umschlaegen-innen-blanko\/","og_site_name":"Markt-XXL","article_modified_time":"2023-04-11T01:24:29+00:00","og_image":[{"width":500,"height":500,"url":"https:\/\/m.media-amazon.com\/images\/I\/511Utn6ApGL._SL500_.jpg","type":"image\/jpeg"}],"twitter_card":"summary_large_image","twitter_misc":{"Gesch\u00e4tzte Lesezeit":"1\u00a0Minute"},"schema":{"@context":"https:\/\/schema.org","@graph":[{"@type":"WebPage","@id":"https:\/\/marktxxl.de\/markt\/produkt\/40-florale-notizen-fuer-ihre-hochzeit-babyparty-business-jubilaeum-brautparty-aquarell-blumen-karten-mit-umschlaegen-innen-blanko\/","url":"https:\/\/marktxxl.de\/markt\/produkt\/40-florale-notizen-fuer-ihre-hochzeit-babyparty-business-jubilaeum-brautparty-aquarell-blumen-karten-mit-umschlaegen-innen-blanko\/","name":"40 florale Dankeskarten f\u00fcr Ihre Hochzeit, Babyparty, Business, Jubil\u00e4um, Brautparty \u2013 Aquarell-Blumen Karten mit\u2026 - Markt-XXL","isPartOf":{"@id":"https:\/\/marktxxl.de\/markt\/#website"},"primaryImageOfPage":{"@id":"https:\/\/marktxxl.de\/markt\/produkt\/40-florale-notizen-fuer-ihre-hochzeit-babyparty-business-jubilaeum-brautparty-aquarell-blumen-karten-mit-umschlaegen-innen-blanko\/#primaryimage"},"image":{"@id":"https:\/\/marktxxl.de\/markt\/produkt\/40-florale-notizen-fuer-ihre-hochzeit-babyparty-business-jubilaeum-brautparty-aquarell-blumen-karten-mit-umschlaegen-innen-blanko\/#primaryimage"},"thumbnailUrl":"https:\/\/m.media-amazon.com\/images\/I\/511Utn6ApGL._SL500_.jpg","datePublished":"2022-01-27T16:06:16+00:00","dateModified":"2023-04-11T01:24:29+00:00","description":"Markt-XXL 40 florale Dankeskarten f\u00fcr Ihre Hochzeit, Babyparty, Business, Jubil\u00e4um, Brautparty \u2013 Aquarell-Blumen Karten mit\u2026","breadcrumb":{"@id":"https:\/\/marktxxl.de\/markt\/produkt\/40-florale-notizen-fuer-ihre-hochzeit-babyparty-business-jubilaeum-brautparty-aquarell-blumen-karten-mit-umschlaegen-innen-blanko\/#breadcrumb"},"inLanguage":"de","potentialAction":[{"@type":"ReadAction","target":["https:\/\/marktxxl.de\/markt\/produkt\/40-florale-notizen-fuer-ihre-hochzeit-babyparty-business-jubilaeum-brautparty-aquarell-blumen-karten-mit-umschlaegen-innen-blanko\/"]}]},{"@type":"ImageObject","inLanguage":"de","@id":"https:\/\/marktxxl.de\/markt\/produkt\/40-florale-notizen-fuer-ihre-hochzeit-babyparty-business-jubilaeum-brautparty-aquarell-blumen-karten-mit-umschlaegen-innen-blanko\/#primaryimage","url":"https:\/\/m.media-amazon.com\/images\/I\/511Utn6ApGL._SL500_.jpg","contentUrl":"https:\/\/m.media-amazon.com\/images\/I\/511Utn6ApGL._SL500_.jpg","width":500,"height":500},{"@type":"BreadcrumbList","@id":"https:\/\/marktxxl.de\/markt\/produkt\/40-florale-notizen-fuer-ihre-hochzeit-babyparty-business-jubilaeum-brautparty-aquarell-blumen-karten-mit-umschlaegen-innen-blanko\/#breadcrumb","itemListElement":[{"@type":"ListItem","position":1,"name":"Startseite","item":"https:\/\/marktxxl.de\/markt\/"},{"@type":"ListItem","position":2,"name":"Markt","item":"https:\/\/marktxxl.de\/markt\/"},{"@type":"ListItem","position":3,"name":"40 florale Dankeskarten f\u00fcr Ihre Hochzeit, Babyparty, Business, Jubil\u00e4um, Brautparty \u2013 Aquarell-Blumen Karten mit\u2026"}]},{"@type":"WebSite","@id":"https:\/\/marktxxl.de\/markt\/#website","url":"https:\/\/marktxxl.de\/markt\/","name":"Markt-XXL","description":"Ihr Markt Online","publisher":{"@id":"https:\/\/marktxxl.de\/markt\/#organization"},"potentialAction":[{"@type":"SearchAction","target":{"@type":"EntryPoint","urlTemplate":"https:\/\/marktxxl.de\/markt\/?s={search_term_string}"},"query-input":{"@type":"PropertyValueSpecification","valueRequired":true,"valueName":"search_term_string"}}],"inLanguage":"de"},{"@type":"Organization","@id":"https:\/\/marktxxl.de\/markt\/#organization","name":"Markt-XXL","url":"https:\/\/marktxxl.de\/markt\/","logo":{"@type":"ImageObject","inLanguage":"de","@id":"https:\/\/marktxxl.de\/markt\/#\/schema\/logo\/image\/","url":"https:\/\/marktxxl.de\/markt\/wp-content\/uploads\/sites\/3\/2020\/12\/logo.png","contentUrl":"https:\/\/marktxxl.de\/markt\/wp-content\/uploads\/sites\/3\/2020\/12\/logo.png","width":200,"height":70,"caption":"Markt-XXL"},"image":{"@id":"https:\/\/marktxxl.de\/markt\/#\/schema\/logo\/image\/"}}]}},"_links":{"self":[{"href":"https:\/\/marktxxl.de\/markt\/wp-json\/wp\/v2\/product\/100951","targetHints":{"allow":["GET"]}}],"collection":[{"href":"https:\/\/marktxxl.de\/markt\/wp-json\/wp\/v2\/product"}],"about":[{"href":"https:\/\/marktxxl.de\/markt\/wp-json\/wp\/v2\/types\/product"}],"replies":[{"embeddable":true,"href":"https:\/\/marktxxl.de\/markt\/wp-json\/wp\/v2\/comments?post=100951"}],"wp:featuredmedia":[{"embeddable":true,"href":"https:\/\/marktxxl.de\/markt\/wp-json\/wp\/v2\/media\/100952"}],"wp:attachment":[{"href":"https:\/\/marktxxl.de\/markt\/wp-json\/wp\/v2\/media?parent=100951"}],"wp:term":[{"taxonomy":"product_brand","embeddable":true,"href":"https:\/\/marktxxl.de\/markt\/wp-json\/wp\/v2\/product_brand?post=100951"},{"taxonomy":"product_cat","embeddable":true,"href":"https:\/\/marktxxl.de\/markt\/wp-json\/wp\/v2\/product_cat?post=100951"},{"taxonomy":"product_tag","embeddable":true,"href":"https:\/\/marktxxl.de\/markt\/wp-json\/wp\/v2\/product_tag?post=100951"}],"curies":[{"name":"wp","href":"https:\/\/api.w.org\/{rel}","templated":true}]}}