{"id":100917,"date":"2022-01-27T17:03:58","date_gmt":"2022-01-27T16:03:58","guid":{"rendered":"https:\/\/marktxxl.de\/markt\/produkt\/astro-sabina-1292002-deckenleuchte-quadratisch-dimmbar-chrom-poliert\/"},"modified":"2023-04-11T03:24:28","modified_gmt":"2023-04-11T01:24:28","slug":"astro-sabina-1292002-deckenleuchte-quadratisch-dimmbar-chrom-poliert","status":"publish","type":"product","link":"https:\/\/marktxxl.de\/markt\/produkt\/astro-sabina-1292002-deckenleuchte-quadratisch-dimmbar-chrom-poliert\/","title":{"rendered":"Astro Sabina Deckenleuchte, quadratisch, dimmbar, IP44 (poliertes Chrom), kompatibel mit intelligenten Gl\u00fchbirnen\u2026"},"content":{"rendered":"<p>Die quadratische Astro Sabina Badezimmer-Deckenleuchte in poliertem Chrom verf\u00fcgt \u00fcber ein modernes Design aus Stahl.<br \/>\nDiese kleine Deckenleuchte funktioniert gut, wenn 1 zentral platziert ist, oder wenn mehrere gleichm\u00e4\u00dfig verteilt sind, um gr\u00f6\u00dfere Bereiche zu beleuchten. Weiches Umgebungslicht wird durch ein mattiertes, geblasenes Glas geliefert. Die Sabina ist dimmbar, wenn sie mit einer dimmbaren E27 Gl\u00fchbirne gepaart wird.<br \/>\nDie Sabina ist eine hochwertige, langlebige Wandleuchte aus Stahl.<br \/>\nDie Sabina ben\u00f6tigt 1 x 12 W max. LED E27\/ES GLS (maximale L\u00e4nge von 120 mm), die Sie separat kaufen m\u00fcssen.<br \/>\nEine Schutzart IP44 bedeutet, dass der Sabina vor Spritzwasser gesch\u00fctzt ist, wodurch er sicher f\u00fcr die Installation in Badezimmern ist. Empfohlen f\u00fcr den Einsatz in Badezimmer-Zonen 2 und 3. Diese Deckenleuchte ist Klasse II, d.h. sie ist f\u00fcr Ihre Sicherheit doppelt isoliert.<br \/>\nAlle Astro-Produkte werden mit einer klaren und ausf\u00fchrlichen Montageanleitung (evtl. nicht in deutscher Sprache) geliefert. Befestigungen f\u00fcr die Montage auf einer festen Oberfl\u00e4che werden mitgeliefert, aber Sie m\u00fcssen m\u00f6glicherweise ein alternatives Set f\u00fcr die Montage auf einem Gips oder anderen nicht festen Oberfl\u00e4chen erwerben.<br \/>\n<div class=\"main-cross-sell\" data-asin=\"B00DS4E5GK\">\n\n\t<div class=\"WooZone-cross-sell-loader\">\n\t\t<div>\n\t\t\t<div id=\"floatingBarsG\">\n\t\t\t\t<div class=\"blockG\" id=\"rotateG_01\"><\/div>\n\t\t\t\t<div class=\"blockG\" id=\"rotateG_02\"><\/div>\n\t\t\t\t<div class=\"blockG\" id=\"rotateG_03\"><\/div>\n\t\t\t\t<div class=\"blockG\" id=\"rotateG_04\"><\/div>\n\t\t\t\t<div class=\"blockG\" id=\"rotateG_05\"><\/div>\n\t\t\t\t<div class=\"blockG\" id=\"rotateG_06\"><\/div>\n\t\t\t\t<div class=\"blockG\" id=\"rotateG_07\"><\/div>\n\t\t\t\t<div class=\"blockG\" id=\"rotateG_08\"><\/div>\n\t\t\t<\/div>\n\t\t\t<div class=\"WooZone-cross-sell-loader-text\"><\/div>\n\t\t<\/div>\n\t<\/div>\n\n\t\t\n<\/div>\n<div style=\"clear:both;\"><\/div><\/p>\n","protected":false},"excerpt":{"rendered":"<p>Die quadratische Astro Sabina Badezimmer-Deckenleuchte in poliertem Chrom verf\u00fcgt \u00fcber ein modernes Design aus Stahl.<br \/>\nDiese kleine Deckenleuchte funktioniert gut, wenn 1 zentral platziert ist, oder wenn mehrere gleichm\u00e4\u00dfig verteilt sind, um gr\u00f6\u00dfere Bereiche zu beleuchten. Weiches Umgebungslicht wird durch ein mattiertes, geblasenes Glas geliefert. Die Sabina ist dimmbar, wenn sie mit einer dimmbaren E27 Gl\u00fchbirne gepaart wird.<br \/>\nDie Sabina ist eine hochwertige, langlebige Wandleuchte aus Stahl.<\/p>\n","protected":false},"featured_media":100918,"comment_status":"open","ping_status":"closed","template":"","meta":[],"product_brand":[],"product_cat":[11474,2108],"product_tag":[],"class_list":{"0":"post-100917","1":"product","2":"type-product","3":"status-publish","4":"has-post-thumbnail","6":"product_cat-bad-beleuchtung","7":"product_cat-beleuchtung","8":"pa_binding-haushaltswaren","9":"pa_brand-astro","10":"pa_color-poliertes-chrom","11":"pa_height-6-8897637725-zoll","12":"pa_length-6-8897637725-zoll","13":"pa_manufacturer-astro","14":"pa_model-31034","15":"pa_width-6-8897637725-zoll","17":"first","18":"instock","19":"shipping-taxable","20":"purchasable","21":"product-type-simple","22":"customify-col","23":"product-has-gallery"},"yoast_head":"<!-- This site is optimized with the Yoast SEO plugin v27.4 - https:\/\/yoast.com\/product\/yoast-seo-wordpress\/ -->\n<title>Astro Sabina Deckenleuchte, quadratisch, dimmbar, IP44 (poliertes Chrom), kompatibel mit intelligenten Gl\u00fchbirnen\u2026 - Markt-XXL<\/title>\n<meta name=\"description\" content=\"Markt-XXL Astro Sabina Deckenleuchte, quadratisch, dimmbar, IP44 (poliertes Chrom), kompatibel mit intelligenten Gl\u00fchbirnen\u2026\" \/>\n<meta name=\"robots\" content=\"index, follow, max-snippet:-1, max-image-preview:large, max-video-preview:-1\" \/>\n<link rel=\"canonical\" href=\"https:\/\/marktxxl.de\/markt\/produkt\/astro-sabina-1292002-deckenleuchte-quadratisch-dimmbar-chrom-poliert\/\" \/>\n<meta property=\"og:locale\" content=\"de_DE\" \/>\n<meta property=\"og:type\" content=\"article\" \/>\n<meta property=\"og:title\" content=\"Astro Sabina Deckenleuchte, quadratisch, dimmbar, IP44 (poliertes Chrom), kompatibel mit intelligenten Gl\u00fchbirnen\u2026 - Markt-XXL\" \/>\n<meta property=\"og:description\" content=\"Markt-XXL Astro Sabina Deckenleuchte, quadratisch, dimmbar, IP44 (poliertes Chrom), kompatibel mit intelligenten Gl\u00fchbirnen\u2026\" \/>\n<meta property=\"og:url\" content=\"https:\/\/marktxxl.de\/markt\/produkt\/astro-sabina-1292002-deckenleuchte-quadratisch-dimmbar-chrom-poliert\/\" \/>\n<meta property=\"og:site_name\" content=\"Markt-XXL\" \/>\n<meta property=\"article:modified_time\" content=\"2023-04-11T01:24:28+00:00\" \/>\n<meta property=\"og:image\" content=\"https:\/\/m.media-amazon.com\/images\/I\/21tyHRQDMnL._SL500_.jpg\" \/>\n\t<meta property=\"og:image:width\" content=\"500\" \/>\n\t<meta property=\"og:image:height\" content=\"500\" \/>\n\t<meta property=\"og:image:type\" content=\"image\/jpeg\" \/>\n<meta name=\"twitter:card\" content=\"summary_large_image\" \/>\n<meta name=\"twitter:label1\" content=\"Gesch\u00e4tzte Lesezeit\" \/>\n\t<meta name=\"twitter:data1\" content=\"1\u00a0Minute\" \/>\n<script type=\"application\/ld+json\" class=\"yoast-schema-graph\">{\"@context\":\"https:\\\/\\\/schema.org\",\"@graph\":[{\"@type\":\"WebPage\",\"@id\":\"https:\\\/\\\/marktxxl.de\\\/markt\\\/produkt\\\/astro-sabina-1292002-deckenleuchte-quadratisch-dimmbar-chrom-poliert\\\/\",\"url\":\"https:\\\/\\\/marktxxl.de\\\/markt\\\/produkt\\\/astro-sabina-1292002-deckenleuchte-quadratisch-dimmbar-chrom-poliert\\\/\",\"name\":\"Astro Sabina Deckenleuchte, quadratisch, dimmbar, IP44 (poliertes Chrom), kompatibel mit intelligenten Gl\u00fchbirnen\u2026 - Markt-XXL\",\"isPartOf\":{\"@id\":\"https:\\\/\\\/marktxxl.de\\\/markt\\\/#website\"},\"primaryImageOfPage\":{\"@id\":\"https:\\\/\\\/marktxxl.de\\\/markt\\\/produkt\\\/astro-sabina-1292002-deckenleuchte-quadratisch-dimmbar-chrom-poliert\\\/#primaryimage\"},\"image\":{\"@id\":\"https:\\\/\\\/marktxxl.de\\\/markt\\\/produkt\\\/astro-sabina-1292002-deckenleuchte-quadratisch-dimmbar-chrom-poliert\\\/#primaryimage\"},\"thumbnailUrl\":\"https:\\\/\\\/m.media-amazon.com\\\/images\\\/I\\\/21tyHRQDMnL._SL500_.jpg\",\"datePublished\":\"2022-01-27T16:03:58+00:00\",\"dateModified\":\"2023-04-11T01:24:28+00:00\",\"description\":\"Markt-XXL Astro Sabina Deckenleuchte, quadratisch, dimmbar, IP44 (poliertes Chrom), kompatibel mit intelligenten Gl\u00fchbirnen\u2026\",\"breadcrumb\":{\"@id\":\"https:\\\/\\\/marktxxl.de\\\/markt\\\/produkt\\\/astro-sabina-1292002-deckenleuchte-quadratisch-dimmbar-chrom-poliert\\\/#breadcrumb\"},\"inLanguage\":\"de\",\"potentialAction\":[{\"@type\":\"ReadAction\",\"target\":[\"https:\\\/\\\/marktxxl.de\\\/markt\\\/produkt\\\/astro-sabina-1292002-deckenleuchte-quadratisch-dimmbar-chrom-poliert\\\/\"]}]},{\"@type\":\"ImageObject\",\"inLanguage\":\"de\",\"@id\":\"https:\\\/\\\/marktxxl.de\\\/markt\\\/produkt\\\/astro-sabina-1292002-deckenleuchte-quadratisch-dimmbar-chrom-poliert\\\/#primaryimage\",\"url\":\"https:\\\/\\\/m.media-amazon.com\\\/images\\\/I\\\/21tyHRQDMnL._SL500_.jpg\",\"contentUrl\":\"https:\\\/\\\/m.media-amazon.com\\\/images\\\/I\\\/21tyHRQDMnL._SL500_.jpg\",\"width\":500,\"height\":500},{\"@type\":\"BreadcrumbList\",\"@id\":\"https:\\\/\\\/marktxxl.de\\\/markt\\\/produkt\\\/astro-sabina-1292002-deckenleuchte-quadratisch-dimmbar-chrom-poliert\\\/#breadcrumb\",\"itemListElement\":[{\"@type\":\"ListItem\",\"position\":1,\"name\":\"Startseite\",\"item\":\"https:\\\/\\\/marktxxl.de\\\/markt\\\/\"},{\"@type\":\"ListItem\",\"position\":2,\"name\":\"Markt\",\"item\":\"https:\\\/\\\/marktxxl.de\\\/markt\\\/\"},{\"@type\":\"ListItem\",\"position\":3,\"name\":\"Astro Sabina Deckenleuchte, quadratisch, dimmbar, IP44 (poliertes Chrom), kompatibel mit intelligenten Gl\u00fchbirnen\u2026\"}]},{\"@type\":\"WebSite\",\"@id\":\"https:\\\/\\\/marktxxl.de\\\/markt\\\/#website\",\"url\":\"https:\\\/\\\/marktxxl.de\\\/markt\\\/\",\"name\":\"Markt-XXL\",\"description\":\"Ihr Markt Online\",\"publisher\":{\"@id\":\"https:\\\/\\\/marktxxl.de\\\/markt\\\/#organization\"},\"potentialAction\":[{\"@type\":\"SearchAction\",\"target\":{\"@type\":\"EntryPoint\",\"urlTemplate\":\"https:\\\/\\\/marktxxl.de\\\/markt\\\/?s={search_term_string}\"},\"query-input\":{\"@type\":\"PropertyValueSpecification\",\"valueRequired\":true,\"valueName\":\"search_term_string\"}}],\"inLanguage\":\"de\"},{\"@type\":\"Organization\",\"@id\":\"https:\\\/\\\/marktxxl.de\\\/markt\\\/#organization\",\"name\":\"Markt-XXL\",\"url\":\"https:\\\/\\\/marktxxl.de\\\/markt\\\/\",\"logo\":{\"@type\":\"ImageObject\",\"inLanguage\":\"de\",\"@id\":\"https:\\\/\\\/marktxxl.de\\\/markt\\\/#\\\/schema\\\/logo\\\/image\\\/\",\"url\":\"https:\\\/\\\/marktxxl.de\\\/markt\\\/wp-content\\\/uploads\\\/sites\\\/3\\\/2020\\\/12\\\/logo.png\",\"contentUrl\":\"https:\\\/\\\/marktxxl.de\\\/markt\\\/wp-content\\\/uploads\\\/sites\\\/3\\\/2020\\\/12\\\/logo.png\",\"width\":200,\"height\":70,\"caption\":\"Markt-XXL\"},\"image\":{\"@id\":\"https:\\\/\\\/marktxxl.de\\\/markt\\\/#\\\/schema\\\/logo\\\/image\\\/\"}}]}<\/script>\n<!-- \/ Yoast SEO plugin. -->","yoast_head_json":{"title":"Astro Sabina Deckenleuchte, quadratisch, dimmbar, IP44 (poliertes Chrom), kompatibel mit intelligenten Gl\u00fchbirnen\u2026 - Markt-XXL","description":"Markt-XXL Astro Sabina Deckenleuchte, quadratisch, dimmbar, IP44 (poliertes Chrom), kompatibel mit intelligenten Gl\u00fchbirnen\u2026","robots":{"index":"index","follow":"follow","max-snippet":"max-snippet:-1","max-image-preview":"max-image-preview:large","max-video-preview":"max-video-preview:-1"},"canonical":"https:\/\/marktxxl.de\/markt\/produkt\/astro-sabina-1292002-deckenleuchte-quadratisch-dimmbar-chrom-poliert\/","og_locale":"de_DE","og_type":"article","og_title":"Astro Sabina Deckenleuchte, quadratisch, dimmbar, IP44 (poliertes Chrom), kompatibel mit intelligenten Gl\u00fchbirnen\u2026 - Markt-XXL","og_description":"Markt-XXL Astro Sabina Deckenleuchte, quadratisch, dimmbar, IP44 (poliertes Chrom), kompatibel mit intelligenten Gl\u00fchbirnen\u2026","og_url":"https:\/\/marktxxl.de\/markt\/produkt\/astro-sabina-1292002-deckenleuchte-quadratisch-dimmbar-chrom-poliert\/","og_site_name":"Markt-XXL","article_modified_time":"2023-04-11T01:24:28+00:00","og_image":[{"width":500,"height":500,"url":"https:\/\/m.media-amazon.com\/images\/I\/21tyHRQDMnL._SL500_.jpg","type":"image\/jpeg"}],"twitter_card":"summary_large_image","twitter_misc":{"Gesch\u00e4tzte Lesezeit":"1\u00a0Minute"},"schema":{"@context":"https:\/\/schema.org","@graph":[{"@type":"WebPage","@id":"https:\/\/marktxxl.de\/markt\/produkt\/astro-sabina-1292002-deckenleuchte-quadratisch-dimmbar-chrom-poliert\/","url":"https:\/\/marktxxl.de\/markt\/produkt\/astro-sabina-1292002-deckenleuchte-quadratisch-dimmbar-chrom-poliert\/","name":"Astro Sabina Deckenleuchte, quadratisch, dimmbar, IP44 (poliertes Chrom), kompatibel mit intelligenten Gl\u00fchbirnen\u2026 - Markt-XXL","isPartOf":{"@id":"https:\/\/marktxxl.de\/markt\/#website"},"primaryImageOfPage":{"@id":"https:\/\/marktxxl.de\/markt\/produkt\/astro-sabina-1292002-deckenleuchte-quadratisch-dimmbar-chrom-poliert\/#primaryimage"},"image":{"@id":"https:\/\/marktxxl.de\/markt\/produkt\/astro-sabina-1292002-deckenleuchte-quadratisch-dimmbar-chrom-poliert\/#primaryimage"},"thumbnailUrl":"https:\/\/m.media-amazon.com\/images\/I\/21tyHRQDMnL._SL500_.jpg","datePublished":"2022-01-27T16:03:58+00:00","dateModified":"2023-04-11T01:24:28+00:00","description":"Markt-XXL Astro Sabina Deckenleuchte, quadratisch, dimmbar, IP44 (poliertes Chrom), kompatibel mit intelligenten Gl\u00fchbirnen\u2026","breadcrumb":{"@id":"https:\/\/marktxxl.de\/markt\/produkt\/astro-sabina-1292002-deckenleuchte-quadratisch-dimmbar-chrom-poliert\/#breadcrumb"},"inLanguage":"de","potentialAction":[{"@type":"ReadAction","target":["https:\/\/marktxxl.de\/markt\/produkt\/astro-sabina-1292002-deckenleuchte-quadratisch-dimmbar-chrom-poliert\/"]}]},{"@type":"ImageObject","inLanguage":"de","@id":"https:\/\/marktxxl.de\/markt\/produkt\/astro-sabina-1292002-deckenleuchte-quadratisch-dimmbar-chrom-poliert\/#primaryimage","url":"https:\/\/m.media-amazon.com\/images\/I\/21tyHRQDMnL._SL500_.jpg","contentUrl":"https:\/\/m.media-amazon.com\/images\/I\/21tyHRQDMnL._SL500_.jpg","width":500,"height":500},{"@type":"BreadcrumbList","@id":"https:\/\/marktxxl.de\/markt\/produkt\/astro-sabina-1292002-deckenleuchte-quadratisch-dimmbar-chrom-poliert\/#breadcrumb","itemListElement":[{"@type":"ListItem","position":1,"name":"Startseite","item":"https:\/\/marktxxl.de\/markt\/"},{"@type":"ListItem","position":2,"name":"Markt","item":"https:\/\/marktxxl.de\/markt\/"},{"@type":"ListItem","position":3,"name":"Astro Sabina Deckenleuchte, quadratisch, dimmbar, IP44 (poliertes Chrom), kompatibel mit intelligenten Gl\u00fchbirnen\u2026"}]},{"@type":"WebSite","@id":"https:\/\/marktxxl.de\/markt\/#website","url":"https:\/\/marktxxl.de\/markt\/","name":"Markt-XXL","description":"Ihr Markt Online","publisher":{"@id":"https:\/\/marktxxl.de\/markt\/#organization"},"potentialAction":[{"@type":"SearchAction","target":{"@type":"EntryPoint","urlTemplate":"https:\/\/marktxxl.de\/markt\/?s={search_term_string}"},"query-input":{"@type":"PropertyValueSpecification","valueRequired":true,"valueName":"search_term_string"}}],"inLanguage":"de"},{"@type":"Organization","@id":"https:\/\/marktxxl.de\/markt\/#organization","name":"Markt-XXL","url":"https:\/\/marktxxl.de\/markt\/","logo":{"@type":"ImageObject","inLanguage":"de","@id":"https:\/\/marktxxl.de\/markt\/#\/schema\/logo\/image\/","url":"https:\/\/marktxxl.de\/markt\/wp-content\/uploads\/sites\/3\/2020\/12\/logo.png","contentUrl":"https:\/\/marktxxl.de\/markt\/wp-content\/uploads\/sites\/3\/2020\/12\/logo.png","width":200,"height":70,"caption":"Markt-XXL"},"image":{"@id":"https:\/\/marktxxl.de\/markt\/#\/schema\/logo\/image\/"}}]}},"_links":{"self":[{"href":"https:\/\/marktxxl.de\/markt\/wp-json\/wp\/v2\/product\/100917","targetHints":{"allow":["GET"]}}],"collection":[{"href":"https:\/\/marktxxl.de\/markt\/wp-json\/wp\/v2\/product"}],"about":[{"href":"https:\/\/marktxxl.de\/markt\/wp-json\/wp\/v2\/types\/product"}],"replies":[{"embeddable":true,"href":"https:\/\/marktxxl.de\/markt\/wp-json\/wp\/v2\/comments?post=100917"}],"wp:featuredmedia":[{"embeddable":true,"href":"https:\/\/marktxxl.de\/markt\/wp-json\/wp\/v2\/media\/100918"}],"wp:attachment":[{"href":"https:\/\/marktxxl.de\/markt\/wp-json\/wp\/v2\/media?parent=100917"}],"wp:term":[{"taxonomy":"product_brand","embeddable":true,"href":"https:\/\/marktxxl.de\/markt\/wp-json\/wp\/v2\/product_brand?post=100917"},{"taxonomy":"product_cat","embeddable":true,"href":"https:\/\/marktxxl.de\/markt\/wp-json\/wp\/v2\/product_cat?post=100917"},{"taxonomy":"product_tag","embeddable":true,"href":"https:\/\/marktxxl.de\/markt\/wp-json\/wp\/v2\/product_tag?post=100917"}],"curies":[{"name":"wp","href":"https:\/\/api.w.org\/{rel}","templated":true}]}}