{"id":100880,"date":"2022-01-27T16:46:43","date_gmt":"2022-01-27T15:46:43","guid":{"rendered":"https:\/\/marktxxl.de\/markt\/produkt\/cicoying-spiegelleuchte-led-dimmbar-hollywood-stil-schminktisch-licht-spiegel-kosmetik-lichter-10-led-lampen-farbige-fuer-make-up-festival-atmosphaere\/"},"modified":"2023-04-11T03:24:27","modified_gmt":"2023-04-11T01:24:27","slug":"cicoying-spiegelleuchte-led-dimmbar-hollywood-stil-schminktisch-licht-spiegel-kosmetik-lichter-10-led-lampen-farbige-fuer-make-up-festival-atmosphaere","status":"publish","type":"product","link":"https:\/\/marktxxl.de\/markt\/produkt\/cicoying-spiegelleuchte-led-dimmbar-hollywood-stil-schminktisch-licht-spiegel-kosmetik-lichter-10-led-lampen-farbige-fuer-make-up-festival-atmosphaere\/","title":{"rendered":"CicoYinG Spiegelleuchte LED Dimmbar Hollywood Stil Schminktisch Licht Spiegel Kosmetik Lichter 10 LED Lampen Farbige f\u00fcr\u2026"},"content":{"rendered":"<p>\ud83d\udca1\u3010EINSTELLBARE BELEUCHTUNG\u3011 Diese Hollywood-Stil LED Spiegelleuchten eignen sich perfekt f\u00fcr Make up. Die Helligkeit ist einstellbar, 10 dimmbare LED-Lampen mit Kugel-PC-Lampenschirm k\u00f6nnen ein helles und nicht blendendes Leuchten erzeugen.<br \/>\n\ud83d\udca1\u3010PASSEN SIE DIE MEISTEN SPIEGEL\u3011 Die Make up Lampen k\u00f6nnen um 360 Grad gedreht werden, der Draht wird in die Basis eingelegt und die L\u00e4nge des Drahtes wird so angepasst, dass er f\u00fcr verschiedene Spezifikationen des Spiegels geeignet ist.<br \/>\n\ud83d\udca1\u3010Einfache Installation\u3011 Mit doppelseitigen Klebeb\u00e4ndern, die ohne Bohren von L\u00f6chern direkt am Spiegel oder an der Wand befestigt werden m\u00fcssen, k\u00f6nnen Sie die Lampen in wenigen Minuten einfach installieren oder entfernen.<br \/>\n\ud83d\udca1\u3010Weitere Verwendungsm\u00f6glichkeiten\u3011 Diese Make up Licht kann nicht nur auf Spiegeln oder im Badezimmer verwendet werden, sondern auch als festliches Dekorationslicht oder als Umgebungslicht. Das USB Light Design erleichtert die Platzierung an jedem Ort, ohne sich Gedanken dar\u00fcber zu machen, ob das Kabel lang genug ist. Auch f\u00fcr Camping im Freien oder auf andere Weise geeignet. Dimmbare Farbige Licht schaffen Sie eine perfekte Atmosph\u00e4re f\u00fcr Geburtstag Festival Weihnachten usw.<br \/>\n\ud83d\udca1POWER &amp; SHIPMENT: Die Vanity Lights werden \u00fcber USB mit Strom versorgt. *Lieferung: 10 buld dimmbar Schminklicht + doppelseitiges Klebeband + Handbuch + Fernbedienung\uff08Die Fernbedienungsbatterie enthaltet nicht. Bitte kaufen Sie zus\u00e4tzliche.\uff09<br \/>\n<div class=\"main-cross-sell\" data-asin=\"B08DTJF4WY\">\n\n\t<div class=\"WooZone-cross-sell-loader\">\n\t\t<div>\n\t\t\t<div id=\"floatingBarsG\">\n\t\t\t\t<div class=\"blockG\" id=\"rotateG_01\"><\/div>\n\t\t\t\t<div class=\"blockG\" id=\"rotateG_02\"><\/div>\n\t\t\t\t<div class=\"blockG\" id=\"rotateG_03\"><\/div>\n\t\t\t\t<div class=\"blockG\" id=\"rotateG_04\"><\/div>\n\t\t\t\t<div class=\"blockG\" id=\"rotateG_05\"><\/div>\n\t\t\t\t<div class=\"blockG\" id=\"rotateG_06\"><\/div>\n\t\t\t\t<div class=\"blockG\" id=\"rotateG_07\"><\/div>\n\t\t\t\t<div class=\"blockG\" id=\"rotateG_08\"><\/div>\n\t\t\t<\/div>\n\t\t\t<div class=\"WooZone-cross-sell-loader-text\"><\/div>\n\t\t<\/div>\n\t<\/div>\n\n\t\t\n<\/div>\n<div style=\"clear:both;\"><\/div><\/p>\n","protected":false},"excerpt":{"rendered":"<p>\ud83d\udca1\u3010EINSTELLBARE BELEUCHTUNG\u3011 Diese Hollywood-Stil LED Spiegelleuchten eignen sich perfekt f\u00fcr Make up. Die Helligkeit ist einstellbar, 10 dimmbare LED-Lampen mit Kugel-PC-Lampenschirm k\u00f6nnen ein helles und nicht blendendes Leuchten erzeugen.<br \/>\n\ud83d\udca1\u3010PASSEN SIE DIE MEISTEN SPIEGEL\u3011 Die Make up Lampen k\u00f6nnen um 360 Grad gedreht werden, der Draht wird in die Basis eingelegt und die L\u00e4nge des Drahtes wird so angepasst, dass er f\u00fcr verschiedene Spezifikationen des Spiegels geeignet ist.<br \/>\n\ud83d\udca1\u3010Einfache Installation\u3011 Mit doppelseitigen Klebeb\u00e4ndern, die ohne Bohren von L\u00f6chern direkt am Spiegel oder an der Wand befestigt werden m\u00fcssen, k\u00f6nnen Sie die Lampen in wenigen Minuten einfach installieren oder entfernen.<\/p>\n","protected":false},"featured_media":100881,"comment_status":"open","ping_status":"closed","template":"","meta":[],"product_brand":[],"product_cat":[11474,2108],"product_tag":[],"class_list":{"0":"post-100880","1":"product","2":"type-product","3":"status-publish","4":"has-post-thumbnail","6":"product_cat-bad-beleuchtung","7":"product_cat-beleuchtung","8":"pa_brand-cicoying","9":"pa_color-dimmbare-farbig","10":"pa_manufacturer-cicoying","12":"first","13":"instock","14":"shipping-taxable","15":"purchasable","16":"product-type-simple","17":"customify-col","18":"product-has-gallery"},"yoast_head":"<!-- This site is optimized with the Yoast SEO plugin v27.3 - https:\/\/yoast.com\/product\/yoast-seo-wordpress\/ -->\n<title>CicoYinG Spiegelleuchte LED Dimmbar Hollywood Stil Schminktisch Licht Spiegel Kosmetik Lichter 10 LED Lampen Farbige f\u00fcr\u2026 - Markt-XXL<\/title>\n<meta name=\"description\" content=\"Markt-XXL CicoYinG Spiegelleuchte LED Dimmbar Hollywood Stil Schminktisch Licht Spiegel Kosmetik Lichter 10 LED Lampen Farbige f\u00fcr\u2026\" \/>\n<meta name=\"robots\" content=\"index, follow, max-snippet:-1, max-image-preview:large, max-video-preview:-1\" \/>\n<link rel=\"canonical\" href=\"https:\/\/marktxxl.de\/markt\/produkt\/cicoying-spiegelleuchte-led-dimmbar-hollywood-stil-schminktisch-licht-spiegel-kosmetik-lichter-10-led-lampen-farbige-fuer-make-up-festival-atmosphaere\/\" \/>\n<meta property=\"og:locale\" content=\"de_DE\" \/>\n<meta property=\"og:type\" content=\"article\" \/>\n<meta property=\"og:title\" content=\"CicoYinG Spiegelleuchte LED Dimmbar Hollywood Stil Schminktisch Licht Spiegel Kosmetik Lichter 10 LED Lampen Farbige f\u00fcr\u2026 - Markt-XXL\" \/>\n<meta property=\"og:description\" content=\"Markt-XXL CicoYinG Spiegelleuchte LED Dimmbar Hollywood Stil Schminktisch Licht Spiegel Kosmetik Lichter 10 LED Lampen Farbige f\u00fcr\u2026\" \/>\n<meta property=\"og:url\" content=\"https:\/\/marktxxl.de\/markt\/produkt\/cicoying-spiegelleuchte-led-dimmbar-hollywood-stil-schminktisch-licht-spiegel-kosmetik-lichter-10-led-lampen-farbige-fuer-make-up-festival-atmosphaere\/\" \/>\n<meta property=\"og:site_name\" content=\"Markt-XXL\" \/>\n<meta property=\"article:modified_time\" content=\"2023-04-11T01:24:27+00:00\" \/>\n<meta property=\"og:image\" content=\"https:\/\/m.media-amazon.com\/images\/I\/41-JxoG8XaL._SL500_.jpg\" \/>\n\t<meta property=\"og:image:width\" content=\"500\" \/>\n\t<meta property=\"og:image:height\" content=\"500\" \/>\n\t<meta property=\"og:image:type\" content=\"image\/jpeg\" \/>\n<meta name=\"twitter:card\" content=\"summary_large_image\" \/>\n<meta name=\"twitter:label1\" content=\"Gesch\u00e4tzte Lesezeit\" \/>\n\t<meta name=\"twitter:data1\" content=\"1\u00a0Minute\" \/>\n<script type=\"application\/ld+json\" class=\"yoast-schema-graph\">{\"@context\":\"https:\\\/\\\/schema.org\",\"@graph\":[{\"@type\":\"WebPage\",\"@id\":\"https:\\\/\\\/marktxxl.de\\\/markt\\\/produkt\\\/cicoying-spiegelleuchte-led-dimmbar-hollywood-stil-schminktisch-licht-spiegel-kosmetik-lichter-10-led-lampen-farbige-fuer-make-up-festival-atmosphaere\\\/\",\"url\":\"https:\\\/\\\/marktxxl.de\\\/markt\\\/produkt\\\/cicoying-spiegelleuchte-led-dimmbar-hollywood-stil-schminktisch-licht-spiegel-kosmetik-lichter-10-led-lampen-farbige-fuer-make-up-festival-atmosphaere\\\/\",\"name\":\"CicoYinG Spiegelleuchte LED Dimmbar Hollywood Stil Schminktisch Licht Spiegel Kosmetik Lichter 10 LED Lampen Farbige f\u00fcr\u2026 - Markt-XXL\",\"isPartOf\":{\"@id\":\"https:\\\/\\\/marktxxl.de\\\/markt\\\/#website\"},\"primaryImageOfPage\":{\"@id\":\"https:\\\/\\\/marktxxl.de\\\/markt\\\/produkt\\\/cicoying-spiegelleuchte-led-dimmbar-hollywood-stil-schminktisch-licht-spiegel-kosmetik-lichter-10-led-lampen-farbige-fuer-make-up-festival-atmosphaere\\\/#primaryimage\"},\"image\":{\"@id\":\"https:\\\/\\\/marktxxl.de\\\/markt\\\/produkt\\\/cicoying-spiegelleuchte-led-dimmbar-hollywood-stil-schminktisch-licht-spiegel-kosmetik-lichter-10-led-lampen-farbige-fuer-make-up-festival-atmosphaere\\\/#primaryimage\"},\"thumbnailUrl\":\"https:\\\/\\\/m.media-amazon.com\\\/images\\\/I\\\/41-JxoG8XaL._SL500_.jpg\",\"datePublished\":\"2022-01-27T15:46:43+00:00\",\"dateModified\":\"2023-04-11T01:24:27+00:00\",\"description\":\"Markt-XXL CicoYinG Spiegelleuchte LED Dimmbar Hollywood Stil Schminktisch Licht Spiegel Kosmetik Lichter 10 LED Lampen Farbige f\u00fcr\u2026\",\"breadcrumb\":{\"@id\":\"https:\\\/\\\/marktxxl.de\\\/markt\\\/produkt\\\/cicoying-spiegelleuchte-led-dimmbar-hollywood-stil-schminktisch-licht-spiegel-kosmetik-lichter-10-led-lampen-farbige-fuer-make-up-festival-atmosphaere\\\/#breadcrumb\"},\"inLanguage\":\"de\",\"potentialAction\":[{\"@type\":\"ReadAction\",\"target\":[\"https:\\\/\\\/marktxxl.de\\\/markt\\\/produkt\\\/cicoying-spiegelleuchte-led-dimmbar-hollywood-stil-schminktisch-licht-spiegel-kosmetik-lichter-10-led-lampen-farbige-fuer-make-up-festival-atmosphaere\\\/\"]}]},{\"@type\":\"ImageObject\",\"inLanguage\":\"de\",\"@id\":\"https:\\\/\\\/marktxxl.de\\\/markt\\\/produkt\\\/cicoying-spiegelleuchte-led-dimmbar-hollywood-stil-schminktisch-licht-spiegel-kosmetik-lichter-10-led-lampen-farbige-fuer-make-up-festival-atmosphaere\\\/#primaryimage\",\"url\":\"https:\\\/\\\/m.media-amazon.com\\\/images\\\/I\\\/41-JxoG8XaL._SL500_.jpg\",\"contentUrl\":\"https:\\\/\\\/m.media-amazon.com\\\/images\\\/I\\\/41-JxoG8XaL._SL500_.jpg\",\"width\":500,\"height\":500},{\"@type\":\"BreadcrumbList\",\"@id\":\"https:\\\/\\\/marktxxl.de\\\/markt\\\/produkt\\\/cicoying-spiegelleuchte-led-dimmbar-hollywood-stil-schminktisch-licht-spiegel-kosmetik-lichter-10-led-lampen-farbige-fuer-make-up-festival-atmosphaere\\\/#breadcrumb\",\"itemListElement\":[{\"@type\":\"ListItem\",\"position\":1,\"name\":\"Startseite\",\"item\":\"https:\\\/\\\/marktxxl.de\\\/markt\\\/\"},{\"@type\":\"ListItem\",\"position\":2,\"name\":\"Markt\",\"item\":\"https:\\\/\\\/marktxxl.de\\\/markt\\\/\"},{\"@type\":\"ListItem\",\"position\":3,\"name\":\"CicoYinG Spiegelleuchte LED Dimmbar Hollywood Stil Schminktisch Licht Spiegel Kosmetik Lichter 10 LED Lampen Farbige f\u00fcr\u2026\"}]},{\"@type\":\"WebSite\",\"@id\":\"https:\\\/\\\/marktxxl.de\\\/markt\\\/#website\",\"url\":\"https:\\\/\\\/marktxxl.de\\\/markt\\\/\",\"name\":\"Markt-XXL\",\"description\":\"Ihr Markt Online\",\"publisher\":{\"@id\":\"https:\\\/\\\/marktxxl.de\\\/markt\\\/#organization\"},\"potentialAction\":[{\"@type\":\"SearchAction\",\"target\":{\"@type\":\"EntryPoint\",\"urlTemplate\":\"https:\\\/\\\/marktxxl.de\\\/markt\\\/?s={search_term_string}\"},\"query-input\":{\"@type\":\"PropertyValueSpecification\",\"valueRequired\":true,\"valueName\":\"search_term_string\"}}],\"inLanguage\":\"de\"},{\"@type\":\"Organization\",\"@id\":\"https:\\\/\\\/marktxxl.de\\\/markt\\\/#organization\",\"name\":\"Markt-XXL\",\"url\":\"https:\\\/\\\/marktxxl.de\\\/markt\\\/\",\"logo\":{\"@type\":\"ImageObject\",\"inLanguage\":\"de\",\"@id\":\"https:\\\/\\\/marktxxl.de\\\/markt\\\/#\\\/schema\\\/logo\\\/image\\\/\",\"url\":\"https:\\\/\\\/marktxxl.de\\\/markt\\\/wp-content\\\/uploads\\\/sites\\\/3\\\/2020\\\/12\\\/logo.png\",\"contentUrl\":\"https:\\\/\\\/marktxxl.de\\\/markt\\\/wp-content\\\/uploads\\\/sites\\\/3\\\/2020\\\/12\\\/logo.png\",\"width\":200,\"height\":70,\"caption\":\"Markt-XXL\"},\"image\":{\"@id\":\"https:\\\/\\\/marktxxl.de\\\/markt\\\/#\\\/schema\\\/logo\\\/image\\\/\"}}]}<\/script>\n<!-- \/ Yoast SEO plugin. -->","yoast_head_json":{"title":"CicoYinG Spiegelleuchte LED Dimmbar Hollywood Stil Schminktisch Licht Spiegel Kosmetik Lichter 10 LED Lampen Farbige f\u00fcr\u2026 - Markt-XXL","description":"Markt-XXL CicoYinG Spiegelleuchte LED Dimmbar Hollywood Stil Schminktisch Licht Spiegel Kosmetik Lichter 10 LED Lampen Farbige f\u00fcr\u2026","robots":{"index":"index","follow":"follow","max-snippet":"max-snippet:-1","max-image-preview":"max-image-preview:large","max-video-preview":"max-video-preview:-1"},"canonical":"https:\/\/marktxxl.de\/markt\/produkt\/cicoying-spiegelleuchte-led-dimmbar-hollywood-stil-schminktisch-licht-spiegel-kosmetik-lichter-10-led-lampen-farbige-fuer-make-up-festival-atmosphaere\/","og_locale":"de_DE","og_type":"article","og_title":"CicoYinG Spiegelleuchte LED Dimmbar Hollywood Stil Schminktisch Licht Spiegel Kosmetik Lichter 10 LED Lampen Farbige f\u00fcr\u2026 - Markt-XXL","og_description":"Markt-XXL CicoYinG Spiegelleuchte LED Dimmbar Hollywood Stil Schminktisch Licht Spiegel Kosmetik Lichter 10 LED Lampen Farbige f\u00fcr\u2026","og_url":"https:\/\/marktxxl.de\/markt\/produkt\/cicoying-spiegelleuchte-led-dimmbar-hollywood-stil-schminktisch-licht-spiegel-kosmetik-lichter-10-led-lampen-farbige-fuer-make-up-festival-atmosphaere\/","og_site_name":"Markt-XXL","article_modified_time":"2023-04-11T01:24:27+00:00","og_image":[{"width":500,"height":500,"url":"https:\/\/m.media-amazon.com\/images\/I\/41-JxoG8XaL._SL500_.jpg","type":"image\/jpeg"}],"twitter_card":"summary_large_image","twitter_misc":{"Gesch\u00e4tzte Lesezeit":"1\u00a0Minute"},"schema":{"@context":"https:\/\/schema.org","@graph":[{"@type":"WebPage","@id":"https:\/\/marktxxl.de\/markt\/produkt\/cicoying-spiegelleuchte-led-dimmbar-hollywood-stil-schminktisch-licht-spiegel-kosmetik-lichter-10-led-lampen-farbige-fuer-make-up-festival-atmosphaere\/","url":"https:\/\/marktxxl.de\/markt\/produkt\/cicoying-spiegelleuchte-led-dimmbar-hollywood-stil-schminktisch-licht-spiegel-kosmetik-lichter-10-led-lampen-farbige-fuer-make-up-festival-atmosphaere\/","name":"CicoYinG Spiegelleuchte LED Dimmbar Hollywood Stil Schminktisch Licht Spiegel Kosmetik Lichter 10 LED Lampen Farbige f\u00fcr\u2026 - Markt-XXL","isPartOf":{"@id":"https:\/\/marktxxl.de\/markt\/#website"},"primaryImageOfPage":{"@id":"https:\/\/marktxxl.de\/markt\/produkt\/cicoying-spiegelleuchte-led-dimmbar-hollywood-stil-schminktisch-licht-spiegel-kosmetik-lichter-10-led-lampen-farbige-fuer-make-up-festival-atmosphaere\/#primaryimage"},"image":{"@id":"https:\/\/marktxxl.de\/markt\/produkt\/cicoying-spiegelleuchte-led-dimmbar-hollywood-stil-schminktisch-licht-spiegel-kosmetik-lichter-10-led-lampen-farbige-fuer-make-up-festival-atmosphaere\/#primaryimage"},"thumbnailUrl":"https:\/\/m.media-amazon.com\/images\/I\/41-JxoG8XaL._SL500_.jpg","datePublished":"2022-01-27T15:46:43+00:00","dateModified":"2023-04-11T01:24:27+00:00","description":"Markt-XXL CicoYinG Spiegelleuchte LED Dimmbar Hollywood Stil Schminktisch Licht Spiegel Kosmetik Lichter 10 LED Lampen Farbige f\u00fcr\u2026","breadcrumb":{"@id":"https:\/\/marktxxl.de\/markt\/produkt\/cicoying-spiegelleuchte-led-dimmbar-hollywood-stil-schminktisch-licht-spiegel-kosmetik-lichter-10-led-lampen-farbige-fuer-make-up-festival-atmosphaere\/#breadcrumb"},"inLanguage":"de","potentialAction":[{"@type":"ReadAction","target":["https:\/\/marktxxl.de\/markt\/produkt\/cicoying-spiegelleuchte-led-dimmbar-hollywood-stil-schminktisch-licht-spiegel-kosmetik-lichter-10-led-lampen-farbige-fuer-make-up-festival-atmosphaere\/"]}]},{"@type":"ImageObject","inLanguage":"de","@id":"https:\/\/marktxxl.de\/markt\/produkt\/cicoying-spiegelleuchte-led-dimmbar-hollywood-stil-schminktisch-licht-spiegel-kosmetik-lichter-10-led-lampen-farbige-fuer-make-up-festival-atmosphaere\/#primaryimage","url":"https:\/\/m.media-amazon.com\/images\/I\/41-JxoG8XaL._SL500_.jpg","contentUrl":"https:\/\/m.media-amazon.com\/images\/I\/41-JxoG8XaL._SL500_.jpg","width":500,"height":500},{"@type":"BreadcrumbList","@id":"https:\/\/marktxxl.de\/markt\/produkt\/cicoying-spiegelleuchte-led-dimmbar-hollywood-stil-schminktisch-licht-spiegel-kosmetik-lichter-10-led-lampen-farbige-fuer-make-up-festival-atmosphaere\/#breadcrumb","itemListElement":[{"@type":"ListItem","position":1,"name":"Startseite","item":"https:\/\/marktxxl.de\/markt\/"},{"@type":"ListItem","position":2,"name":"Markt","item":"https:\/\/marktxxl.de\/markt\/"},{"@type":"ListItem","position":3,"name":"CicoYinG Spiegelleuchte LED Dimmbar Hollywood Stil Schminktisch Licht Spiegel Kosmetik Lichter 10 LED Lampen Farbige f\u00fcr\u2026"}]},{"@type":"WebSite","@id":"https:\/\/marktxxl.de\/markt\/#website","url":"https:\/\/marktxxl.de\/markt\/","name":"Markt-XXL","description":"Ihr Markt Online","publisher":{"@id":"https:\/\/marktxxl.de\/markt\/#organization"},"potentialAction":[{"@type":"SearchAction","target":{"@type":"EntryPoint","urlTemplate":"https:\/\/marktxxl.de\/markt\/?s={search_term_string}"},"query-input":{"@type":"PropertyValueSpecification","valueRequired":true,"valueName":"search_term_string"}}],"inLanguage":"de"},{"@type":"Organization","@id":"https:\/\/marktxxl.de\/markt\/#organization","name":"Markt-XXL","url":"https:\/\/marktxxl.de\/markt\/","logo":{"@type":"ImageObject","inLanguage":"de","@id":"https:\/\/marktxxl.de\/markt\/#\/schema\/logo\/image\/","url":"https:\/\/marktxxl.de\/markt\/wp-content\/uploads\/sites\/3\/2020\/12\/logo.png","contentUrl":"https:\/\/marktxxl.de\/markt\/wp-content\/uploads\/sites\/3\/2020\/12\/logo.png","width":200,"height":70,"caption":"Markt-XXL"},"image":{"@id":"https:\/\/marktxxl.de\/markt\/#\/schema\/logo\/image\/"}}]}},"_links":{"self":[{"href":"https:\/\/marktxxl.de\/markt\/wp-json\/wp\/v2\/product\/100880","targetHints":{"allow":["GET"]}}],"collection":[{"href":"https:\/\/marktxxl.de\/markt\/wp-json\/wp\/v2\/product"}],"about":[{"href":"https:\/\/marktxxl.de\/markt\/wp-json\/wp\/v2\/types\/product"}],"replies":[{"embeddable":true,"href":"https:\/\/marktxxl.de\/markt\/wp-json\/wp\/v2\/comments?post=100880"}],"wp:featuredmedia":[{"embeddable":true,"href":"https:\/\/marktxxl.de\/markt\/wp-json\/wp\/v2\/media\/100881"}],"wp:attachment":[{"href":"https:\/\/marktxxl.de\/markt\/wp-json\/wp\/v2\/media?parent=100880"}],"wp:term":[{"taxonomy":"product_brand","embeddable":true,"href":"https:\/\/marktxxl.de\/markt\/wp-json\/wp\/v2\/product_brand?post=100880"},{"taxonomy":"product_cat","embeddable":true,"href":"https:\/\/marktxxl.de\/markt\/wp-json\/wp\/v2\/product_cat?post=100880"},{"taxonomy":"product_tag","embeddable":true,"href":"https:\/\/marktxxl.de\/markt\/wp-json\/wp\/v2\/product_tag?post=100880"}],"curies":[{"name":"wp","href":"https:\/\/api.w.org\/{rel}","templated":true}]}}