{"id":100712,"date":"2022-01-27T16:40:31","date_gmt":"2022-01-27T15:40:31","guid":{"rendered":"https:\/\/marktxxl.de\/markt\/produkt\/cocoda-leselampe-buch-klemme-9-led-buchlampe-mit-3-farbtemperatur-usb-wiederaufladbar-dimmbar-augenschutz-leselampe-bett-touch-schalter-360-flexibel-led-klemmleuchte-fuer-nachtlesen-buero\/"},"modified":"2023-04-11T03:24:24","modified_gmt":"2023-04-11T01:24:24","slug":"cocoda-leselampe-buch-klemme-9-led-buchlampe-mit-3-farbtemperatur-usb-wiederaufladbar-dimmbar-augenschutz-leselampe-bett-touch-schalter-360-flexibel-led-klemmleuchte-fuer-nachtlesen-buero","status":"publish","type":"product","link":"https:\/\/marktxxl.de\/markt\/produkt\/cocoda-leselampe-buch-klemme-9-led-buchlampe-mit-3-farbtemperatur-usb-wiederaufladbar-dimmbar-augenschutz-leselampe-bett-touch-schalter-360-flexibel-led-klemmleuchte-fuer-nachtlesen-buero\/","title":{"rendered":"Cocoda Leselampe Buch Klemme, 9 LED Buchlampe mit 3 Farbtemperatur, USB Wiederaufladbar, Dimmbar Augenschutz Leselampe\u2026"},"content":{"rendered":"<p>3 Farben &amp; Schrittlose Beleuchtungsmodi &#8211; Das Leselicht hat 3 Farben: k\u00fchles Wei\u00df; warmes Gelb; k\u00fchles Wei\u00df + warmes Gelb (ber\u00fchren Sie leicht die Taste, um die hellen Farben zu \u00e4ndern); Auch mit seiner bequemen Schaltersteuerung erm\u00f6glicht unser Mini-Licht Ihnen, die Helligkeit stufenlos einzustellen (langes Dr\u00fccken, um die Helligkeit einzustellen) und erf\u00fcllt perfekt Ihre verschiedenen Lichtbed\u00fcrfnisse beim Lesen, Arbeiten, Schlafen, etc.<br \/>\nAugenschutz-Led-Quelle &#8211; Die mit 9 LED-Lampen ausgestattete Lichtquelle ist sanft, da sie kein Flackern, Schwindel oder negative Strahlung erzeugt und die Erm\u00fcdung der Augen nach l\u00e4ngerem Lesen reduziert. Die am besten geeignete Leuchte kann beide Seiten eines Buches, eines Notizbuches oder eines anderen Gegenstandes beleuchten. Sie k\u00f6nnen im Bett lesen, um Ihre Zeit zu genie\u00dfen, ohne Ihren Partner oder Mitbewohner zu st\u00f6ren.<br \/>\nEinstellbarer Hals &amp; Flexibler Clip &#8211; Die Backe dieser Clipleuchte reicht bis zu 2,2 Zoll. Durch den flexiblen Schwanenhals kann er um 360 Grad in jede gew\u00fcnschte Position gebogen werden. Perfekt, um es auf dem Buch, der Zeitschrift, dem Mac-Buch oder dem iPad zu befestigen. Wunderbar wie B\u00fccherlichter, Nachttischlampen, Notenst\u00e4nderlicht, Computerlicht, Schreibtischlicht oder zum Lesen von Kopfteilen, Camping, Nachtlesen f\u00fcr Kinder.<br \/>\nAkku &amp; Batteriestandindikator &#8211; Eingebauter 600-mAh-Li-Ion-Akku und Micro-USB-Anschluss f\u00fcr eine Lesbarkeit von bis zu 20 Stunden Wenn Sie Aufladen (bei niedriger Helligkeitseinstellung), und das vollst\u00e4ndige Aufladen dauert nur 2 bis 2,5 Stunden. Dies spart Zeit und Zeit oney. Au\u00dferdem ist das Nachtlicht an der Seite mit einer Anzeigelampe ausgestattet, die den Batteriestand anzeigt, sodass Sie den Batteriestatus bequem \u00fcberpr\u00fcfen k\u00f6nnen.<br \/>\nTragbar &amp; Praktisch &#8211; Klein und kompakt, 1,76 Unzen leicht. Es macht einfach, auch auf Reisen oder gesch\u00e4ftlich zu tragen. Geben Sie Ihnen jederzeit und \u00fcberall die intimste Gesellschaft.<br \/>\n<div class=\"main-cross-sell\" data-asin=\"B08R6ZWXKX\">\n\n\t<div class=\"WooZone-cross-sell-loader\">\n\t\t<div>\n\t\t\t<div id=\"floatingBarsG\">\n\t\t\t\t<div class=\"blockG\" id=\"rotateG_01\"><\/div>\n\t\t\t\t<div class=\"blockG\" id=\"rotateG_02\"><\/div>\n\t\t\t\t<div class=\"blockG\" id=\"rotateG_03\"><\/div>\n\t\t\t\t<div class=\"blockG\" id=\"rotateG_04\"><\/div>\n\t\t\t\t<div class=\"blockG\" id=\"rotateG_05\"><\/div>\n\t\t\t\t<div class=\"blockG\" id=\"rotateG_06\"><\/div>\n\t\t\t\t<div class=\"blockG\" id=\"rotateG_07\"><\/div>\n\t\t\t\t<div class=\"blockG\" id=\"rotateG_08\"><\/div>\n\t\t\t<\/div>\n\t\t\t<div class=\"WooZone-cross-sell-loader-text\"><\/div>\n\t\t<\/div>\n\t<\/div>\n\n\t\t\n<\/div>\n<div style=\"clear:both;\"><\/div><\/p>\n","protected":false},"excerpt":{"rendered":"<p>3 Farben &amp; Schrittlose Beleuchtungsmodi &#8211; Das Leselicht hat 3 Farben: k\u00fchles Wei\u00df; warmes Gelb; k\u00fchles Wei\u00df + warmes Gelb (ber\u00fchren Sie leicht die Taste, um die hellen Farben zu \u00e4ndern); Auch mit seiner bequemen Schaltersteuerung erm\u00f6glicht unser Mini-Licht Ihnen, die Helligkeit stufenlos einzustellen (langes Dr\u00fccken, um die Helligkeit einzustellen) und erf\u00fcllt perfekt Ihre verschiedenen Lichtbed\u00fcrfnisse beim Lesen, Arbeiten, Schlafen, etc.<br \/>\nAugenschutz-Led-Quelle &#8211; Die mit 9 LED-Lampen ausgestattete Lichtquelle ist sanft, da sie kein Flackern, Schwindel oder negative Strahlung erzeugt und die Erm\u00fcdung der Augen nach l\u00e4ngerem Lesen reduziert. Die am besten geeignete Leuchte kann beide Seiten eines Buches, eines Notizbuches oder eines anderen Gegenstandes beleuchten. Sie k\u00f6nnen im Bett lesen, um Ihre Zeit zu genie\u00dfen, ohne Ihren Partner oder Mitbewohner zu st\u00f6ren.<br \/>\nEinstellbarer Hals &amp; Flexibler Clip &#8211; Die Backe dieser Clipleuchte reicht bis zu 2,2 Zoll. Durch den flexiblen Schwanenhals kann er um 360 Grad in jede gew\u00fcnschte Position gebogen werden. Perfekt, um es auf dem Buch, der Zeitschrift, dem Mac-Buch oder dem iPad zu befestigen. Wunderbar wie B\u00fccherlichter, Nachttischlampen, Notenst\u00e4nderlicht, Computerlicht, Schreibtischlicht oder zum Lesen von Kopfteilen, Camping, Nachtlesen f\u00fcr Kinder.<\/p>\n","protected":false},"featured_media":100713,"comment_status":"open","ping_status":"closed","template":"","meta":[],"product_brand":[],"product_cat":[2108],"product_tag":[],"class_list":{"0":"post-100712","1":"product","2":"type-product","3":"status-publish","4":"has-post-thumbnail","6":"product_cat-beleuchtung","7":"pa_brand-cocoda","8":"pa_color-weiss","9":"pa_height-8-0708661335-zoll","10":"pa_length-2-755905509-zoll","11":"pa_manufacturer-cocoda","12":"pa_model-8034h","13":"pa_size-5-7inch","14":"pa_weight-0-13889122506-pfund","15":"pa_width-2-9527559025-zoll","17":"first","18":"instock","19":"shipping-taxable","20":"purchasable","21":"product-type-simple","22":"customify-col","23":"product-has-gallery"},"yoast_head":"<!-- This site is optimized with the Yoast SEO plugin v27.4 - https:\/\/yoast.com\/product\/yoast-seo-wordpress\/ -->\n<title>Cocoda Leselampe Buch Klemme, 9 LED Buchlampe mit 3 Farbtemperatur, USB Wiederaufladbar, Dimmbar Augenschutz Leselampe\u2026 - Markt-XXL<\/title>\n<meta name=\"description\" content=\"Markt-XXL Cocoda Leselampe Buch Klemme, 9 LED Buchlampe mit 3 Farbtemperatur, USB Wiederaufladbar, Dimmbar Augenschutz Leselampe\u2026\" \/>\n<meta name=\"robots\" content=\"index, follow, max-snippet:-1, max-image-preview:large, max-video-preview:-1\" \/>\n<link rel=\"canonical\" href=\"https:\/\/marktxxl.de\/markt\/produkt\/cocoda-leselampe-buch-klemme-9-led-buchlampe-mit-3-farbtemperatur-usb-wiederaufladbar-dimmbar-augenschutz-leselampe-bett-touch-schalter-360-flexibel-led-klemmleuchte-fuer-nachtlesen-buero\/\" \/>\n<meta property=\"og:locale\" content=\"de_DE\" \/>\n<meta property=\"og:type\" content=\"article\" \/>\n<meta property=\"og:title\" content=\"Cocoda Leselampe Buch Klemme, 9 LED Buchlampe mit 3 Farbtemperatur, USB Wiederaufladbar, Dimmbar Augenschutz Leselampe\u2026 - Markt-XXL\" \/>\n<meta property=\"og:description\" content=\"Markt-XXL Cocoda Leselampe Buch Klemme, 9 LED Buchlampe mit 3 Farbtemperatur, USB Wiederaufladbar, Dimmbar Augenschutz Leselampe\u2026\" \/>\n<meta property=\"og:url\" content=\"https:\/\/marktxxl.de\/markt\/produkt\/cocoda-leselampe-buch-klemme-9-led-buchlampe-mit-3-farbtemperatur-usb-wiederaufladbar-dimmbar-augenschutz-leselampe-bett-touch-schalter-360-flexibel-led-klemmleuchte-fuer-nachtlesen-buero\/\" \/>\n<meta property=\"og:site_name\" content=\"Markt-XXL\" \/>\n<meta property=\"article:modified_time\" content=\"2023-04-11T01:24:24+00:00\" \/>\n<meta property=\"og:image\" content=\"https:\/\/m.media-amazon.com\/images\/I\/31A2pi5wIEL._SL500_.jpg\" \/>\n\t<meta property=\"og:image:width\" content=\"384\" \/>\n\t<meta property=\"og:image:height\" content=\"500\" \/>\n\t<meta property=\"og:image:type\" content=\"image\/jpeg\" \/>\n<meta name=\"twitter:card\" content=\"summary_large_image\" \/>\n<meta name=\"twitter:label1\" content=\"Gesch\u00e4tzte Lesezeit\" \/>\n\t<meta name=\"twitter:data1\" content=\"1\u00a0Minute\" \/>\n<script type=\"application\/ld+json\" class=\"yoast-schema-graph\">{\"@context\":\"https:\\\/\\\/schema.org\",\"@graph\":[{\"@type\":\"WebPage\",\"@id\":\"https:\\\/\\\/marktxxl.de\\\/markt\\\/produkt\\\/cocoda-leselampe-buch-klemme-9-led-buchlampe-mit-3-farbtemperatur-usb-wiederaufladbar-dimmbar-augenschutz-leselampe-bett-touch-schalter-360-flexibel-led-klemmleuchte-fuer-nachtlesen-buero\\\/\",\"url\":\"https:\\\/\\\/marktxxl.de\\\/markt\\\/produkt\\\/cocoda-leselampe-buch-klemme-9-led-buchlampe-mit-3-farbtemperatur-usb-wiederaufladbar-dimmbar-augenschutz-leselampe-bett-touch-schalter-360-flexibel-led-klemmleuchte-fuer-nachtlesen-buero\\\/\",\"name\":\"Cocoda Leselampe Buch Klemme, 9 LED Buchlampe mit 3 Farbtemperatur, USB Wiederaufladbar, Dimmbar Augenschutz Leselampe\u2026 - Markt-XXL\",\"isPartOf\":{\"@id\":\"https:\\\/\\\/marktxxl.de\\\/markt\\\/#website\"},\"primaryImageOfPage\":{\"@id\":\"https:\\\/\\\/marktxxl.de\\\/markt\\\/produkt\\\/cocoda-leselampe-buch-klemme-9-led-buchlampe-mit-3-farbtemperatur-usb-wiederaufladbar-dimmbar-augenschutz-leselampe-bett-touch-schalter-360-flexibel-led-klemmleuchte-fuer-nachtlesen-buero\\\/#primaryimage\"},\"image\":{\"@id\":\"https:\\\/\\\/marktxxl.de\\\/markt\\\/produkt\\\/cocoda-leselampe-buch-klemme-9-led-buchlampe-mit-3-farbtemperatur-usb-wiederaufladbar-dimmbar-augenschutz-leselampe-bett-touch-schalter-360-flexibel-led-klemmleuchte-fuer-nachtlesen-buero\\\/#primaryimage\"},\"thumbnailUrl\":\"https:\\\/\\\/m.media-amazon.com\\\/images\\\/I\\\/31A2pi5wIEL._SL500_.jpg\",\"datePublished\":\"2022-01-27T15:40:31+00:00\",\"dateModified\":\"2023-04-11T01:24:24+00:00\",\"description\":\"Markt-XXL Cocoda Leselampe Buch Klemme, 9 LED Buchlampe mit 3 Farbtemperatur, USB Wiederaufladbar, Dimmbar Augenschutz Leselampe\u2026\",\"breadcrumb\":{\"@id\":\"https:\\\/\\\/marktxxl.de\\\/markt\\\/produkt\\\/cocoda-leselampe-buch-klemme-9-led-buchlampe-mit-3-farbtemperatur-usb-wiederaufladbar-dimmbar-augenschutz-leselampe-bett-touch-schalter-360-flexibel-led-klemmleuchte-fuer-nachtlesen-buero\\\/#breadcrumb\"},\"inLanguage\":\"de\",\"potentialAction\":[{\"@type\":\"ReadAction\",\"target\":[\"https:\\\/\\\/marktxxl.de\\\/markt\\\/produkt\\\/cocoda-leselampe-buch-klemme-9-led-buchlampe-mit-3-farbtemperatur-usb-wiederaufladbar-dimmbar-augenschutz-leselampe-bett-touch-schalter-360-flexibel-led-klemmleuchte-fuer-nachtlesen-buero\\\/\"]}]},{\"@type\":\"ImageObject\",\"inLanguage\":\"de\",\"@id\":\"https:\\\/\\\/marktxxl.de\\\/markt\\\/produkt\\\/cocoda-leselampe-buch-klemme-9-led-buchlampe-mit-3-farbtemperatur-usb-wiederaufladbar-dimmbar-augenschutz-leselampe-bett-touch-schalter-360-flexibel-led-klemmleuchte-fuer-nachtlesen-buero\\\/#primaryimage\",\"url\":\"https:\\\/\\\/m.media-amazon.com\\\/images\\\/I\\\/31A2pi5wIEL._SL500_.jpg\",\"contentUrl\":\"https:\\\/\\\/m.media-amazon.com\\\/images\\\/I\\\/31A2pi5wIEL._SL500_.jpg\",\"width\":384,\"height\":500},{\"@type\":\"BreadcrumbList\",\"@id\":\"https:\\\/\\\/marktxxl.de\\\/markt\\\/produkt\\\/cocoda-leselampe-buch-klemme-9-led-buchlampe-mit-3-farbtemperatur-usb-wiederaufladbar-dimmbar-augenschutz-leselampe-bett-touch-schalter-360-flexibel-led-klemmleuchte-fuer-nachtlesen-buero\\\/#breadcrumb\",\"itemListElement\":[{\"@type\":\"ListItem\",\"position\":1,\"name\":\"Startseite\",\"item\":\"https:\\\/\\\/marktxxl.de\\\/markt\\\/\"},{\"@type\":\"ListItem\",\"position\":2,\"name\":\"Markt\",\"item\":\"https:\\\/\\\/marktxxl.de\\\/markt\\\/\"},{\"@type\":\"ListItem\",\"position\":3,\"name\":\"Cocoda Leselampe Buch Klemme, 9 LED Buchlampe mit 3 Farbtemperatur, USB Wiederaufladbar, Dimmbar Augenschutz Leselampe\u2026\"}]},{\"@type\":\"WebSite\",\"@id\":\"https:\\\/\\\/marktxxl.de\\\/markt\\\/#website\",\"url\":\"https:\\\/\\\/marktxxl.de\\\/markt\\\/\",\"name\":\"Markt-XXL\",\"description\":\"Ihr Markt Online\",\"publisher\":{\"@id\":\"https:\\\/\\\/marktxxl.de\\\/markt\\\/#organization\"},\"potentialAction\":[{\"@type\":\"SearchAction\",\"target\":{\"@type\":\"EntryPoint\",\"urlTemplate\":\"https:\\\/\\\/marktxxl.de\\\/markt\\\/?s={search_term_string}\"},\"query-input\":{\"@type\":\"PropertyValueSpecification\",\"valueRequired\":true,\"valueName\":\"search_term_string\"}}],\"inLanguage\":\"de\"},{\"@type\":\"Organization\",\"@id\":\"https:\\\/\\\/marktxxl.de\\\/markt\\\/#organization\",\"name\":\"Markt-XXL\",\"url\":\"https:\\\/\\\/marktxxl.de\\\/markt\\\/\",\"logo\":{\"@type\":\"ImageObject\",\"inLanguage\":\"de\",\"@id\":\"https:\\\/\\\/marktxxl.de\\\/markt\\\/#\\\/schema\\\/logo\\\/image\\\/\",\"url\":\"https:\\\/\\\/marktxxl.de\\\/markt\\\/wp-content\\\/uploads\\\/sites\\\/3\\\/2020\\\/12\\\/logo.png\",\"contentUrl\":\"https:\\\/\\\/marktxxl.de\\\/markt\\\/wp-content\\\/uploads\\\/sites\\\/3\\\/2020\\\/12\\\/logo.png\",\"width\":200,\"height\":70,\"caption\":\"Markt-XXL\"},\"image\":{\"@id\":\"https:\\\/\\\/marktxxl.de\\\/markt\\\/#\\\/schema\\\/logo\\\/image\\\/\"}}]}<\/script>\n<!-- \/ Yoast SEO plugin. -->","yoast_head_json":{"title":"Cocoda Leselampe Buch Klemme, 9 LED Buchlampe mit 3 Farbtemperatur, USB Wiederaufladbar, Dimmbar Augenschutz Leselampe\u2026 - Markt-XXL","description":"Markt-XXL Cocoda Leselampe Buch Klemme, 9 LED Buchlampe mit 3 Farbtemperatur, USB Wiederaufladbar, Dimmbar Augenschutz Leselampe\u2026","robots":{"index":"index","follow":"follow","max-snippet":"max-snippet:-1","max-image-preview":"max-image-preview:large","max-video-preview":"max-video-preview:-1"},"canonical":"https:\/\/marktxxl.de\/markt\/produkt\/cocoda-leselampe-buch-klemme-9-led-buchlampe-mit-3-farbtemperatur-usb-wiederaufladbar-dimmbar-augenschutz-leselampe-bett-touch-schalter-360-flexibel-led-klemmleuchte-fuer-nachtlesen-buero\/","og_locale":"de_DE","og_type":"article","og_title":"Cocoda Leselampe Buch Klemme, 9 LED Buchlampe mit 3 Farbtemperatur, USB Wiederaufladbar, Dimmbar Augenschutz Leselampe\u2026 - Markt-XXL","og_description":"Markt-XXL Cocoda Leselampe Buch Klemme, 9 LED Buchlampe mit 3 Farbtemperatur, USB Wiederaufladbar, Dimmbar Augenschutz Leselampe\u2026","og_url":"https:\/\/marktxxl.de\/markt\/produkt\/cocoda-leselampe-buch-klemme-9-led-buchlampe-mit-3-farbtemperatur-usb-wiederaufladbar-dimmbar-augenschutz-leselampe-bett-touch-schalter-360-flexibel-led-klemmleuchte-fuer-nachtlesen-buero\/","og_site_name":"Markt-XXL","article_modified_time":"2023-04-11T01:24:24+00:00","og_image":[{"width":384,"height":500,"url":"https:\/\/m.media-amazon.com\/images\/I\/31A2pi5wIEL._SL500_.jpg","type":"image\/jpeg"}],"twitter_card":"summary_large_image","twitter_misc":{"Gesch\u00e4tzte Lesezeit":"1\u00a0Minute"},"schema":{"@context":"https:\/\/schema.org","@graph":[{"@type":"WebPage","@id":"https:\/\/marktxxl.de\/markt\/produkt\/cocoda-leselampe-buch-klemme-9-led-buchlampe-mit-3-farbtemperatur-usb-wiederaufladbar-dimmbar-augenschutz-leselampe-bett-touch-schalter-360-flexibel-led-klemmleuchte-fuer-nachtlesen-buero\/","url":"https:\/\/marktxxl.de\/markt\/produkt\/cocoda-leselampe-buch-klemme-9-led-buchlampe-mit-3-farbtemperatur-usb-wiederaufladbar-dimmbar-augenschutz-leselampe-bett-touch-schalter-360-flexibel-led-klemmleuchte-fuer-nachtlesen-buero\/","name":"Cocoda Leselampe Buch Klemme, 9 LED Buchlampe mit 3 Farbtemperatur, USB Wiederaufladbar, Dimmbar Augenschutz Leselampe\u2026 - Markt-XXL","isPartOf":{"@id":"https:\/\/marktxxl.de\/markt\/#website"},"primaryImageOfPage":{"@id":"https:\/\/marktxxl.de\/markt\/produkt\/cocoda-leselampe-buch-klemme-9-led-buchlampe-mit-3-farbtemperatur-usb-wiederaufladbar-dimmbar-augenschutz-leselampe-bett-touch-schalter-360-flexibel-led-klemmleuchte-fuer-nachtlesen-buero\/#primaryimage"},"image":{"@id":"https:\/\/marktxxl.de\/markt\/produkt\/cocoda-leselampe-buch-klemme-9-led-buchlampe-mit-3-farbtemperatur-usb-wiederaufladbar-dimmbar-augenschutz-leselampe-bett-touch-schalter-360-flexibel-led-klemmleuchte-fuer-nachtlesen-buero\/#primaryimage"},"thumbnailUrl":"https:\/\/m.media-amazon.com\/images\/I\/31A2pi5wIEL._SL500_.jpg","datePublished":"2022-01-27T15:40:31+00:00","dateModified":"2023-04-11T01:24:24+00:00","description":"Markt-XXL Cocoda Leselampe Buch Klemme, 9 LED Buchlampe mit 3 Farbtemperatur, USB Wiederaufladbar, Dimmbar Augenschutz Leselampe\u2026","breadcrumb":{"@id":"https:\/\/marktxxl.de\/markt\/produkt\/cocoda-leselampe-buch-klemme-9-led-buchlampe-mit-3-farbtemperatur-usb-wiederaufladbar-dimmbar-augenschutz-leselampe-bett-touch-schalter-360-flexibel-led-klemmleuchte-fuer-nachtlesen-buero\/#breadcrumb"},"inLanguage":"de","potentialAction":[{"@type":"ReadAction","target":["https:\/\/marktxxl.de\/markt\/produkt\/cocoda-leselampe-buch-klemme-9-led-buchlampe-mit-3-farbtemperatur-usb-wiederaufladbar-dimmbar-augenschutz-leselampe-bett-touch-schalter-360-flexibel-led-klemmleuchte-fuer-nachtlesen-buero\/"]}]},{"@type":"ImageObject","inLanguage":"de","@id":"https:\/\/marktxxl.de\/markt\/produkt\/cocoda-leselampe-buch-klemme-9-led-buchlampe-mit-3-farbtemperatur-usb-wiederaufladbar-dimmbar-augenschutz-leselampe-bett-touch-schalter-360-flexibel-led-klemmleuchte-fuer-nachtlesen-buero\/#primaryimage","url":"https:\/\/m.media-amazon.com\/images\/I\/31A2pi5wIEL._SL500_.jpg","contentUrl":"https:\/\/m.media-amazon.com\/images\/I\/31A2pi5wIEL._SL500_.jpg","width":384,"height":500},{"@type":"BreadcrumbList","@id":"https:\/\/marktxxl.de\/markt\/produkt\/cocoda-leselampe-buch-klemme-9-led-buchlampe-mit-3-farbtemperatur-usb-wiederaufladbar-dimmbar-augenschutz-leselampe-bett-touch-schalter-360-flexibel-led-klemmleuchte-fuer-nachtlesen-buero\/#breadcrumb","itemListElement":[{"@type":"ListItem","position":1,"name":"Startseite","item":"https:\/\/marktxxl.de\/markt\/"},{"@type":"ListItem","position":2,"name":"Markt","item":"https:\/\/marktxxl.de\/markt\/"},{"@type":"ListItem","position":3,"name":"Cocoda Leselampe Buch Klemme, 9 LED Buchlampe mit 3 Farbtemperatur, USB Wiederaufladbar, Dimmbar Augenschutz Leselampe\u2026"}]},{"@type":"WebSite","@id":"https:\/\/marktxxl.de\/markt\/#website","url":"https:\/\/marktxxl.de\/markt\/","name":"Markt-XXL","description":"Ihr Markt Online","publisher":{"@id":"https:\/\/marktxxl.de\/markt\/#organization"},"potentialAction":[{"@type":"SearchAction","target":{"@type":"EntryPoint","urlTemplate":"https:\/\/marktxxl.de\/markt\/?s={search_term_string}"},"query-input":{"@type":"PropertyValueSpecification","valueRequired":true,"valueName":"search_term_string"}}],"inLanguage":"de"},{"@type":"Organization","@id":"https:\/\/marktxxl.de\/markt\/#organization","name":"Markt-XXL","url":"https:\/\/marktxxl.de\/markt\/","logo":{"@type":"ImageObject","inLanguage":"de","@id":"https:\/\/marktxxl.de\/markt\/#\/schema\/logo\/image\/","url":"https:\/\/marktxxl.de\/markt\/wp-content\/uploads\/sites\/3\/2020\/12\/logo.png","contentUrl":"https:\/\/marktxxl.de\/markt\/wp-content\/uploads\/sites\/3\/2020\/12\/logo.png","width":200,"height":70,"caption":"Markt-XXL"},"image":{"@id":"https:\/\/marktxxl.de\/markt\/#\/schema\/logo\/image\/"}}]}},"_links":{"self":[{"href":"https:\/\/marktxxl.de\/markt\/wp-json\/wp\/v2\/product\/100712","targetHints":{"allow":["GET"]}}],"collection":[{"href":"https:\/\/marktxxl.de\/markt\/wp-json\/wp\/v2\/product"}],"about":[{"href":"https:\/\/marktxxl.de\/markt\/wp-json\/wp\/v2\/types\/product"}],"replies":[{"embeddable":true,"href":"https:\/\/marktxxl.de\/markt\/wp-json\/wp\/v2\/comments?post=100712"}],"wp:featuredmedia":[{"embeddable":true,"href":"https:\/\/marktxxl.de\/markt\/wp-json\/wp\/v2\/media\/100713"}],"wp:attachment":[{"href":"https:\/\/marktxxl.de\/markt\/wp-json\/wp\/v2\/media?parent=100712"}],"wp:term":[{"taxonomy":"product_brand","embeddable":true,"href":"https:\/\/marktxxl.de\/markt\/wp-json\/wp\/v2\/product_brand?post=100712"},{"taxonomy":"product_cat","embeddable":true,"href":"https:\/\/marktxxl.de\/markt\/wp-json\/wp\/v2\/product_cat?post=100712"},{"taxonomy":"product_tag","embeddable":true,"href":"https:\/\/marktxxl.de\/markt\/wp-json\/wp\/v2\/product_tag?post=100712"}],"curies":[{"name":"wp","href":"https:\/\/api.w.org\/{rel}","templated":true}]}}