{"id":100570,"date":"2022-01-27T16:30:59","date_gmt":"2022-01-27T15:30:59","guid":{"rendered":"https:\/\/marktxxl.de\/markt\/produkt\/100-stueck-spenglerschrauben-mit-epdm-dichtscheibe-15-mm-torx-tx-45-x-20-100-din-7995-edelstahl-a2-v2a-sc-normteile\/"},"modified":"2023-04-11T03:23:18","modified_gmt":"2023-04-11T01:23:18","slug":"100-stueck-spenglerschrauben-mit-epdm-dichtscheibe-15-mm-torx-tx-45-x-20-100-din-7995-edelstahl-a2-v2a-sc-normteile","status":"publish","type":"product","link":"https:\/\/marktxxl.de\/markt\/produkt\/100-stueck-spenglerschrauben-mit-epdm-dichtscheibe-15-mm-torx-tx-45-x-20-100-din-7995-edelstahl-a2-v2a-sc-normteile\/","title":{"rendered":"100 St\u00fcck Spenglerschrauben mit EPDM Dichtscheibe &#8211; 15 mm &#8211; Innensechsrund TX &#8211; 4,5&#215;20 mm DIN7995 Edelstahl A2 V2A &#8211; SC\u2026"},"content":{"rendered":"<p>\u2714Unsere Spenglerschrauben sind vielseitig einsetzbar. Sie sind sowohl f\u00fcr den Einsatz im Au\u00dfenbereich als auch in Feuchtr\u00e4umen geeignet. Eingesetzt werden die Spenglerschrauben sowohl auf Holzunterkonstruktionen als auch auf festen Untergr\u00fcnden. F\u00fcr feste Untergr\u00fcnde muss zun\u00e4chst eine D\u00fcbel in das Mauerwerk eingelassen werden (Passende Fischer D\u00fcbel finden Sie auch in unserem Sortiment!).<br \/>\n\u2714Die fertig vormontierten EPDM-Dichtscheiben verhindern durch die zus\u00e4tzliche Neopren-\/Gummidichtung das Eindringen von Feuchtigkeit<br \/>\n\u2714Weitere Einsatzbereiche: Befestigung von Well- oder Trapezblechen, Dachplatten, Wandverkleidungen, Solaranlagen, Fassaden, Kunststoffverkleidungen, Flanschbefestigungen ..<br \/>\n\u2714Material: Schraube aus rostfreiem Edelstahl A2 \/ V2A; Dichtscheibe besteht aus rostfreiem Edelstahl A2 und einer aufvulkanisierten EPDM Dichtungsschicht. Sie erhalten ausschlie\u00dflich erstklassige Profiqualit\u00e4t \u272a Antrieb: Der Torx-Antrieb erm\u00f6glicht eine gute Kraft\u00fcbertragung. \u279f kein Abrutschen mehr! \u272a<br \/>\n<div class=\"main-cross-sell\" data-asin=\"B01IO63HBA\">\n\n\t<div class=\"WooZone-cross-sell-loader\">\n\t\t<div>\n\t\t\t<div id=\"floatingBarsG\">\n\t\t\t\t<div class=\"blockG\" id=\"rotateG_01\"><\/div>\n\t\t\t\t<div class=\"blockG\" id=\"rotateG_02\"><\/div>\n\t\t\t\t<div class=\"blockG\" id=\"rotateG_03\"><\/div>\n\t\t\t\t<div class=\"blockG\" id=\"rotateG_04\"><\/div>\n\t\t\t\t<div class=\"blockG\" id=\"rotateG_05\"><\/div>\n\t\t\t\t<div class=\"blockG\" id=\"rotateG_06\"><\/div>\n\t\t\t\t<div class=\"blockG\" id=\"rotateG_07\"><\/div>\n\t\t\t\t<div class=\"blockG\" id=\"rotateG_08\"><\/div>\n\t\t\t<\/div>\n\t\t\t<div class=\"WooZone-cross-sell-loader-text\"><\/div>\n\t\t<\/div>\n\t<\/div>\n\n\t\t\n<\/div>\n<div style=\"clear:both;\"><\/div><\/p>\n","protected":false},"excerpt":{"rendered":"<p>\u2714Unsere Spenglerschrauben sind vielseitig einsetzbar. Sie sind sowohl f\u00fcr den Einsatz im Au\u00dfenbereich als auch in Feuchtr\u00e4umen geeignet. Eingesetzt werden die Spenglerschrauben sowohl auf Holzunterkonstruktionen als auch auf festen Untergr\u00fcnden. F\u00fcr feste Untergr\u00fcnde muss zun\u00e4chst eine D\u00fcbel in das Mauerwerk eingelassen werden (Passende Fischer D\u00fcbel finden Sie auch in unserem Sortiment!).<br \/>\n\u2714Die fertig vormontierten EPDM-Dichtscheiben verhindern durch die zus\u00e4tzliche Neopren-\/Gummidichtung das Eindringen von Feuchtigkeit<br \/>\n\u2714Weitere Einsatzbereiche: Befestigung von Well- oder Trapezblechen, Dachplatten, Wandverkleidungen, Solaranlagen, Fassaden, Kunststoffverkleidungen, Flanschbefestigungen ..<\/p>\n","protected":false},"featured_media":100571,"comment_status":"open","ping_status":"closed","template":"","meta":[],"product_brand":[],"product_cat":[1983,10865],"product_tag":[],"class_list":{"0":"post-100570","1":"product","2":"type-product","3":"status-publish","4":"has-post-thumbnail","6":"product_cat-baumarkt","7":"product_cat-eisenwaren","8":"pa_brand-sc-normteile","9":"pa_manufacturer-sc-normteile","11":"first","12":"instock","13":"shipping-taxable","14":"purchasable","15":"product-type-simple","16":"customify-col","17":"product-has-gallery"},"yoast_head":"<!-- This site is optimized with the Yoast SEO plugin v27.4 - https:\/\/yoast.com\/product\/yoast-seo-wordpress\/ -->\n<title>100 St\u00fcck Spenglerschrauben mit EPDM Dichtscheibe - 15 mm - Innensechsrund TX - 4,5x20 mm DIN7995 Edelstahl A2 V2A - SC\u2026 - Markt-XXL<\/title>\n<meta name=\"description\" content=\"Markt-XXL 100 St\u00fcck Spenglerschrauben mit EPDM Dichtscheibe - 15 mm - Innensechsrund TX - 4,5x20 mm DIN7995 Edelstahl A2 V2A - SC\u2026\" \/>\n<meta name=\"robots\" content=\"index, follow, max-snippet:-1, max-image-preview:large, max-video-preview:-1\" \/>\n<link rel=\"canonical\" href=\"https:\/\/marktxxl.de\/markt\/produkt\/100-stueck-spenglerschrauben-mit-epdm-dichtscheibe-15-mm-torx-tx-45-x-20-100-din-7995-edelstahl-a2-v2a-sc-normteile\/\" \/>\n<meta property=\"og:locale\" content=\"de_DE\" \/>\n<meta property=\"og:type\" content=\"article\" \/>\n<meta property=\"og:title\" content=\"100 St\u00fcck Spenglerschrauben mit EPDM Dichtscheibe - 15 mm - Innensechsrund TX - 4,5x20 mm DIN7995 Edelstahl A2 V2A - SC\u2026 - Markt-XXL\" \/>\n<meta property=\"og:description\" content=\"Markt-XXL 100 St\u00fcck Spenglerschrauben mit EPDM Dichtscheibe - 15 mm - Innensechsrund TX - 4,5x20 mm DIN7995 Edelstahl A2 V2A - SC\u2026\" \/>\n<meta property=\"og:url\" content=\"https:\/\/marktxxl.de\/markt\/produkt\/100-stueck-spenglerschrauben-mit-epdm-dichtscheibe-15-mm-torx-tx-45-x-20-100-din-7995-edelstahl-a2-v2a-sc-normteile\/\" \/>\n<meta property=\"og:site_name\" content=\"Markt-XXL\" \/>\n<meta property=\"article:modified_time\" content=\"2023-04-11T01:23:18+00:00\" \/>\n<meta property=\"og:image\" content=\"https:\/\/m.media-amazon.com\/images\/I\/416-bHUyPqL._SL500_.jpg\" \/>\n\t<meta property=\"og:image:width\" content=\"500\" \/>\n\t<meta property=\"og:image:height\" content=\"500\" \/>\n\t<meta property=\"og:image:type\" content=\"image\/jpeg\" \/>\n<meta name=\"twitter:card\" content=\"summary_large_image\" \/>\n<meta name=\"twitter:label1\" content=\"Gesch\u00e4tzte Lesezeit\" \/>\n\t<meta name=\"twitter:data1\" content=\"1\u00a0Minute\" \/>\n<script type=\"application\/ld+json\" class=\"yoast-schema-graph\">{\"@context\":\"https:\\\/\\\/schema.org\",\"@graph\":[{\"@type\":\"WebPage\",\"@id\":\"https:\\\/\\\/marktxxl.de\\\/markt\\\/produkt\\\/100-stueck-spenglerschrauben-mit-epdm-dichtscheibe-15-mm-torx-tx-45-x-20-100-din-7995-edelstahl-a2-v2a-sc-normteile\\\/\",\"url\":\"https:\\\/\\\/marktxxl.de\\\/markt\\\/produkt\\\/100-stueck-spenglerschrauben-mit-epdm-dichtscheibe-15-mm-torx-tx-45-x-20-100-din-7995-edelstahl-a2-v2a-sc-normteile\\\/\",\"name\":\"100 St\u00fcck Spenglerschrauben mit EPDM Dichtscheibe - 15 mm - Innensechsrund TX - 4,5x20 mm DIN7995 Edelstahl A2 V2A - SC\u2026 - Markt-XXL\",\"isPartOf\":{\"@id\":\"https:\\\/\\\/marktxxl.de\\\/markt\\\/#website\"},\"primaryImageOfPage\":{\"@id\":\"https:\\\/\\\/marktxxl.de\\\/markt\\\/produkt\\\/100-stueck-spenglerschrauben-mit-epdm-dichtscheibe-15-mm-torx-tx-45-x-20-100-din-7995-edelstahl-a2-v2a-sc-normteile\\\/#primaryimage\"},\"image\":{\"@id\":\"https:\\\/\\\/marktxxl.de\\\/markt\\\/produkt\\\/100-stueck-spenglerschrauben-mit-epdm-dichtscheibe-15-mm-torx-tx-45-x-20-100-din-7995-edelstahl-a2-v2a-sc-normteile\\\/#primaryimage\"},\"thumbnailUrl\":\"https:\\\/\\\/m.media-amazon.com\\\/images\\\/I\\\/416-bHUyPqL._SL500_.jpg\",\"datePublished\":\"2022-01-27T15:30:59+00:00\",\"dateModified\":\"2023-04-11T01:23:18+00:00\",\"description\":\"Markt-XXL 100 St\u00fcck Spenglerschrauben mit EPDM Dichtscheibe - 15 mm - Innensechsrund TX - 4,5x20 mm DIN7995 Edelstahl A2 V2A - SC\u2026\",\"breadcrumb\":{\"@id\":\"https:\\\/\\\/marktxxl.de\\\/markt\\\/produkt\\\/100-stueck-spenglerschrauben-mit-epdm-dichtscheibe-15-mm-torx-tx-45-x-20-100-din-7995-edelstahl-a2-v2a-sc-normteile\\\/#breadcrumb\"},\"inLanguage\":\"de\",\"potentialAction\":[{\"@type\":\"ReadAction\",\"target\":[\"https:\\\/\\\/marktxxl.de\\\/markt\\\/produkt\\\/100-stueck-spenglerschrauben-mit-epdm-dichtscheibe-15-mm-torx-tx-45-x-20-100-din-7995-edelstahl-a2-v2a-sc-normteile\\\/\"]}]},{\"@type\":\"ImageObject\",\"inLanguage\":\"de\",\"@id\":\"https:\\\/\\\/marktxxl.de\\\/markt\\\/produkt\\\/100-stueck-spenglerschrauben-mit-epdm-dichtscheibe-15-mm-torx-tx-45-x-20-100-din-7995-edelstahl-a2-v2a-sc-normteile\\\/#primaryimage\",\"url\":\"https:\\\/\\\/m.media-amazon.com\\\/images\\\/I\\\/416-bHUyPqL._SL500_.jpg\",\"contentUrl\":\"https:\\\/\\\/m.media-amazon.com\\\/images\\\/I\\\/416-bHUyPqL._SL500_.jpg\",\"width\":500,\"height\":500},{\"@type\":\"BreadcrumbList\",\"@id\":\"https:\\\/\\\/marktxxl.de\\\/markt\\\/produkt\\\/100-stueck-spenglerschrauben-mit-epdm-dichtscheibe-15-mm-torx-tx-45-x-20-100-din-7995-edelstahl-a2-v2a-sc-normteile\\\/#breadcrumb\",\"itemListElement\":[{\"@type\":\"ListItem\",\"position\":1,\"name\":\"Startseite\",\"item\":\"https:\\\/\\\/marktxxl.de\\\/markt\\\/\"},{\"@type\":\"ListItem\",\"position\":2,\"name\":\"Markt\",\"item\":\"https:\\\/\\\/marktxxl.de\\\/markt\\\/\"},{\"@type\":\"ListItem\",\"position\":3,\"name\":\"100 St\u00fcck Spenglerschrauben mit EPDM Dichtscheibe &#8211; 15 mm &#8211; Innensechsrund TX &#8211; 4,5&#215;20 mm DIN7995 Edelstahl A2 V2A &#8211; SC\u2026\"}]},{\"@type\":\"WebSite\",\"@id\":\"https:\\\/\\\/marktxxl.de\\\/markt\\\/#website\",\"url\":\"https:\\\/\\\/marktxxl.de\\\/markt\\\/\",\"name\":\"Markt-XXL\",\"description\":\"Ihr Markt Online\",\"publisher\":{\"@id\":\"https:\\\/\\\/marktxxl.de\\\/markt\\\/#organization\"},\"potentialAction\":[{\"@type\":\"SearchAction\",\"target\":{\"@type\":\"EntryPoint\",\"urlTemplate\":\"https:\\\/\\\/marktxxl.de\\\/markt\\\/?s={search_term_string}\"},\"query-input\":{\"@type\":\"PropertyValueSpecification\",\"valueRequired\":true,\"valueName\":\"search_term_string\"}}],\"inLanguage\":\"de\"},{\"@type\":\"Organization\",\"@id\":\"https:\\\/\\\/marktxxl.de\\\/markt\\\/#organization\",\"name\":\"Markt-XXL\",\"url\":\"https:\\\/\\\/marktxxl.de\\\/markt\\\/\",\"logo\":{\"@type\":\"ImageObject\",\"inLanguage\":\"de\",\"@id\":\"https:\\\/\\\/marktxxl.de\\\/markt\\\/#\\\/schema\\\/logo\\\/image\\\/\",\"url\":\"https:\\\/\\\/marktxxl.de\\\/markt\\\/wp-content\\\/uploads\\\/sites\\\/3\\\/2020\\\/12\\\/logo.png\",\"contentUrl\":\"https:\\\/\\\/marktxxl.de\\\/markt\\\/wp-content\\\/uploads\\\/sites\\\/3\\\/2020\\\/12\\\/logo.png\",\"width\":200,\"height\":70,\"caption\":\"Markt-XXL\"},\"image\":{\"@id\":\"https:\\\/\\\/marktxxl.de\\\/markt\\\/#\\\/schema\\\/logo\\\/image\\\/\"}}]}<\/script>\n<!-- \/ Yoast SEO plugin. -->","yoast_head_json":{"title":"100 St\u00fcck Spenglerschrauben mit EPDM Dichtscheibe - 15 mm - Innensechsrund TX - 4,5x20 mm DIN7995 Edelstahl A2 V2A - SC\u2026 - Markt-XXL","description":"Markt-XXL 100 St\u00fcck Spenglerschrauben mit EPDM Dichtscheibe - 15 mm - Innensechsrund TX - 4,5x20 mm DIN7995 Edelstahl A2 V2A - SC\u2026","robots":{"index":"index","follow":"follow","max-snippet":"max-snippet:-1","max-image-preview":"max-image-preview:large","max-video-preview":"max-video-preview:-1"},"canonical":"https:\/\/marktxxl.de\/markt\/produkt\/100-stueck-spenglerschrauben-mit-epdm-dichtscheibe-15-mm-torx-tx-45-x-20-100-din-7995-edelstahl-a2-v2a-sc-normteile\/","og_locale":"de_DE","og_type":"article","og_title":"100 St\u00fcck Spenglerschrauben mit EPDM Dichtscheibe - 15 mm - Innensechsrund TX - 4,5x20 mm DIN7995 Edelstahl A2 V2A - SC\u2026 - Markt-XXL","og_description":"Markt-XXL 100 St\u00fcck Spenglerschrauben mit EPDM Dichtscheibe - 15 mm - Innensechsrund TX - 4,5x20 mm DIN7995 Edelstahl A2 V2A - SC\u2026","og_url":"https:\/\/marktxxl.de\/markt\/produkt\/100-stueck-spenglerschrauben-mit-epdm-dichtscheibe-15-mm-torx-tx-45-x-20-100-din-7995-edelstahl-a2-v2a-sc-normteile\/","og_site_name":"Markt-XXL","article_modified_time":"2023-04-11T01:23:18+00:00","og_image":[{"width":500,"height":500,"url":"https:\/\/m.media-amazon.com\/images\/I\/416-bHUyPqL._SL500_.jpg","type":"image\/jpeg"}],"twitter_card":"summary_large_image","twitter_misc":{"Gesch\u00e4tzte Lesezeit":"1\u00a0Minute"},"schema":{"@context":"https:\/\/schema.org","@graph":[{"@type":"WebPage","@id":"https:\/\/marktxxl.de\/markt\/produkt\/100-stueck-spenglerschrauben-mit-epdm-dichtscheibe-15-mm-torx-tx-45-x-20-100-din-7995-edelstahl-a2-v2a-sc-normteile\/","url":"https:\/\/marktxxl.de\/markt\/produkt\/100-stueck-spenglerschrauben-mit-epdm-dichtscheibe-15-mm-torx-tx-45-x-20-100-din-7995-edelstahl-a2-v2a-sc-normteile\/","name":"100 St\u00fcck Spenglerschrauben mit EPDM Dichtscheibe - 15 mm - Innensechsrund TX - 4,5x20 mm DIN7995 Edelstahl A2 V2A - SC\u2026 - Markt-XXL","isPartOf":{"@id":"https:\/\/marktxxl.de\/markt\/#website"},"primaryImageOfPage":{"@id":"https:\/\/marktxxl.de\/markt\/produkt\/100-stueck-spenglerschrauben-mit-epdm-dichtscheibe-15-mm-torx-tx-45-x-20-100-din-7995-edelstahl-a2-v2a-sc-normteile\/#primaryimage"},"image":{"@id":"https:\/\/marktxxl.de\/markt\/produkt\/100-stueck-spenglerschrauben-mit-epdm-dichtscheibe-15-mm-torx-tx-45-x-20-100-din-7995-edelstahl-a2-v2a-sc-normteile\/#primaryimage"},"thumbnailUrl":"https:\/\/m.media-amazon.com\/images\/I\/416-bHUyPqL._SL500_.jpg","datePublished":"2022-01-27T15:30:59+00:00","dateModified":"2023-04-11T01:23:18+00:00","description":"Markt-XXL 100 St\u00fcck Spenglerschrauben mit EPDM Dichtscheibe - 15 mm - Innensechsrund TX - 4,5x20 mm DIN7995 Edelstahl A2 V2A - SC\u2026","breadcrumb":{"@id":"https:\/\/marktxxl.de\/markt\/produkt\/100-stueck-spenglerschrauben-mit-epdm-dichtscheibe-15-mm-torx-tx-45-x-20-100-din-7995-edelstahl-a2-v2a-sc-normteile\/#breadcrumb"},"inLanguage":"de","potentialAction":[{"@type":"ReadAction","target":["https:\/\/marktxxl.de\/markt\/produkt\/100-stueck-spenglerschrauben-mit-epdm-dichtscheibe-15-mm-torx-tx-45-x-20-100-din-7995-edelstahl-a2-v2a-sc-normteile\/"]}]},{"@type":"ImageObject","inLanguage":"de","@id":"https:\/\/marktxxl.de\/markt\/produkt\/100-stueck-spenglerschrauben-mit-epdm-dichtscheibe-15-mm-torx-tx-45-x-20-100-din-7995-edelstahl-a2-v2a-sc-normteile\/#primaryimage","url":"https:\/\/m.media-amazon.com\/images\/I\/416-bHUyPqL._SL500_.jpg","contentUrl":"https:\/\/m.media-amazon.com\/images\/I\/416-bHUyPqL._SL500_.jpg","width":500,"height":500},{"@type":"BreadcrumbList","@id":"https:\/\/marktxxl.de\/markt\/produkt\/100-stueck-spenglerschrauben-mit-epdm-dichtscheibe-15-mm-torx-tx-45-x-20-100-din-7995-edelstahl-a2-v2a-sc-normteile\/#breadcrumb","itemListElement":[{"@type":"ListItem","position":1,"name":"Startseite","item":"https:\/\/marktxxl.de\/markt\/"},{"@type":"ListItem","position":2,"name":"Markt","item":"https:\/\/marktxxl.de\/markt\/"},{"@type":"ListItem","position":3,"name":"100 St\u00fcck Spenglerschrauben mit EPDM Dichtscheibe &#8211; 15 mm &#8211; Innensechsrund TX &#8211; 4,5&#215;20 mm DIN7995 Edelstahl A2 V2A &#8211; SC\u2026"}]},{"@type":"WebSite","@id":"https:\/\/marktxxl.de\/markt\/#website","url":"https:\/\/marktxxl.de\/markt\/","name":"Markt-XXL","description":"Ihr Markt Online","publisher":{"@id":"https:\/\/marktxxl.de\/markt\/#organization"},"potentialAction":[{"@type":"SearchAction","target":{"@type":"EntryPoint","urlTemplate":"https:\/\/marktxxl.de\/markt\/?s={search_term_string}"},"query-input":{"@type":"PropertyValueSpecification","valueRequired":true,"valueName":"search_term_string"}}],"inLanguage":"de"},{"@type":"Organization","@id":"https:\/\/marktxxl.de\/markt\/#organization","name":"Markt-XXL","url":"https:\/\/marktxxl.de\/markt\/","logo":{"@type":"ImageObject","inLanguage":"de","@id":"https:\/\/marktxxl.de\/markt\/#\/schema\/logo\/image\/","url":"https:\/\/marktxxl.de\/markt\/wp-content\/uploads\/sites\/3\/2020\/12\/logo.png","contentUrl":"https:\/\/marktxxl.de\/markt\/wp-content\/uploads\/sites\/3\/2020\/12\/logo.png","width":200,"height":70,"caption":"Markt-XXL"},"image":{"@id":"https:\/\/marktxxl.de\/markt\/#\/schema\/logo\/image\/"}}]}},"_links":{"self":[{"href":"https:\/\/marktxxl.de\/markt\/wp-json\/wp\/v2\/product\/100570","targetHints":{"allow":["GET"]}}],"collection":[{"href":"https:\/\/marktxxl.de\/markt\/wp-json\/wp\/v2\/product"}],"about":[{"href":"https:\/\/marktxxl.de\/markt\/wp-json\/wp\/v2\/types\/product"}],"replies":[{"embeddable":true,"href":"https:\/\/marktxxl.de\/markt\/wp-json\/wp\/v2\/comments?post=100570"}],"wp:featuredmedia":[{"embeddable":true,"href":"https:\/\/marktxxl.de\/markt\/wp-json\/wp\/v2\/media\/100571"}],"wp:attachment":[{"href":"https:\/\/marktxxl.de\/markt\/wp-json\/wp\/v2\/media?parent=100570"}],"wp:term":[{"taxonomy":"product_brand","embeddable":true,"href":"https:\/\/marktxxl.de\/markt\/wp-json\/wp\/v2\/product_brand?post=100570"},{"taxonomy":"product_cat","embeddable":true,"href":"https:\/\/marktxxl.de\/markt\/wp-json\/wp\/v2\/product_cat?post=100570"},{"taxonomy":"product_tag","embeddable":true,"href":"https:\/\/marktxxl.de\/markt\/wp-json\/wp\/v2\/product_tag?post=100570"}],"curies":[{"name":"wp","href":"https:\/\/api.w.org\/{rel}","templated":true}]}}