{"id":100438,"date":"2022-01-27T16:25:49","date_gmt":"2022-01-27T15:25:49","guid":{"rendered":"https:\/\/marktxxl.de\/markt\/produkt\/schemel-buche-massiv-trittschemel-multifunktionspodest\/"},"modified":"2023-04-11T03:23:17","modified_gmt":"2023-04-11T01:23:17","slug":"schemel-buche-massiv-trittschemel-multifunktionspodest","status":"publish","type":"product","link":"https:\/\/marktxxl.de\/markt\/produkt\/schemel-buche-massiv-trittschemel-multifunktionspodest\/","title":{"rendered":"Schemel Buche massiv; Trittschemel; Multifunktionspodest"},"content":{"rendered":"<p>Der Schemel ist auf ebenem Untergrund mit ca. 150 kg belastbar. (Nicht einseitig belasten)<br \/>\nAlle Materialien, die wir in den Produktionsvorstufen ben\u00f6tigen, werden in Deutschland beschafft. Bevorzugt bauen wir auf lokale Partner. Bei unserer Arbeit haben wir im besonderen Ma\u00dfe auch die Umwelt im Blick. Die Marke moritzhome verwendet bei Textilien ausschlie\u00dflich Oeko-Tex-Standard: 100 Prozent-Baumwolle mit Lichtechtheit 4. Bei unseren verarbeiteten H\u00f6lzern setzen wir auf Regionalholz aus nachhaltig-zertifiziertem Anbau.<br \/>\nDie Marke moritzhome ist zu 100% Made im N\u00fcrnberger Land \u2013 und sie ist zu 100% nachhaltig.<br \/>\n<div class=\"main-cross-sell\" data-asin=\"B07BHJWZMX\">\n\n\t<div class=\"WooZone-cross-sell-loader\">\n\t\t<div>\n\t\t\t<div id=\"floatingBarsG\">\n\t\t\t\t<div class=\"blockG\" id=\"rotateG_01\"><\/div>\n\t\t\t\t<div class=\"blockG\" id=\"rotateG_02\"><\/div>\n\t\t\t\t<div class=\"blockG\" id=\"rotateG_03\"><\/div>\n\t\t\t\t<div class=\"blockG\" id=\"rotateG_04\"><\/div>\n\t\t\t\t<div class=\"blockG\" id=\"rotateG_05\"><\/div>\n\t\t\t\t<div class=\"blockG\" id=\"rotateG_06\"><\/div>\n\t\t\t\t<div class=\"blockG\" id=\"rotateG_07\"><\/div>\n\t\t\t\t<div class=\"blockG\" id=\"rotateG_08\"><\/div>\n\t\t\t<\/div>\n\t\t\t<div class=\"WooZone-cross-sell-loader-text\"><\/div>\n\t\t<\/div>\n\t<\/div>\n\n\t\t\n<\/div>\n<div style=\"clear:both;\"><\/div><\/p>\n","protected":false},"excerpt":{"rendered":"<p>Der Schemel ist auf ebenem Untergrund mit ca. 150 kg belastbar. (Nicht einseitig belasten)<br \/>\nAlle Materialien, die wir in den Produktionsvorstufen ben\u00f6tigen, werden in Deutschland beschafft. Bevorzugt bauen wir auf lokale Partner. Bei unserer Arbeit haben wir im besonderen Ma\u00dfe auch die Umwelt im Blick. Die Marke moritzhome verwendet bei Textilien ausschlie\u00dflich Oeko-Tex-Standard: 100 Prozent-Baumwolle mit Lichtechtheit 4. Bei unseren verarbeiteten H\u00f6lzern setzen wir auf Regionalholz aus nachhaltig-zertifiziertem Anbau.<br \/>\nDie Marke moritzhome ist zu 100% Made im N\u00fcrnberger Land \u2013 und sie ist zu 100% nachhaltig.<\/p>\n","protected":false},"featured_media":100439,"comment_status":"open","ping_status":"closed","template":"","meta":[],"product_brand":[],"product_cat":[21,9437],"product_tag":[],"class_list":{"0":"post-100438","1":"product","2":"type-product","3":"status-publish","4":"has-post-thumbnail","6":"product_cat-baby","7":"product_cat-toepfchen-trittschemel-baby","8":"pa_binding-babyartikel","9":"pa_brand-moritzhome","10":"pa_color-braun","11":"pa_height-7-87401574-zoll","12":"pa_length-13-779527545-zoll","13":"pa_manufacturer-moritzberg-werkstaetten","14":"pa_size-1-stueck-1er-pack","15":"pa_weight-7-71617917-pfund","16":"pa_width-9-448818888-zoll","18":"first","19":"instock","20":"shipping-taxable","21":"purchasable","22":"product-type-simple","23":"customify-col","24":"product-has-gallery"},"yoast_head":"<!-- This site is optimized with the Yoast SEO plugin v27.3 - https:\/\/yoast.com\/product\/yoast-seo-wordpress\/ -->\n<title>Schemel Buche massiv; Trittschemel; Multifunktionspodest - Markt-XXL<\/title>\n<meta name=\"description\" content=\"Markt-XXL Schemel Buche massiv; Trittschemel; Multifunktionspodest\" \/>\n<meta name=\"robots\" content=\"index, follow, max-snippet:-1, max-image-preview:large, max-video-preview:-1\" \/>\n<link rel=\"canonical\" href=\"https:\/\/marktxxl.de\/markt\/produkt\/schemel-buche-massiv-trittschemel-multifunktionspodest\/\" \/>\n<meta property=\"og:locale\" content=\"de_DE\" \/>\n<meta property=\"og:type\" content=\"article\" \/>\n<meta property=\"og:title\" content=\"Schemel Buche massiv; Trittschemel; Multifunktionspodest - Markt-XXL\" \/>\n<meta property=\"og:description\" content=\"Markt-XXL Schemel Buche massiv; Trittschemel; Multifunktionspodest\" \/>\n<meta property=\"og:url\" content=\"https:\/\/marktxxl.de\/markt\/produkt\/schemel-buche-massiv-trittschemel-multifunktionspodest\/\" \/>\n<meta property=\"og:site_name\" content=\"Markt-XXL\" \/>\n<meta property=\"article:modified_time\" content=\"2023-04-11T01:23:17+00:00\" \/>\n<meta property=\"og:image\" content=\"https:\/\/m.media-amazon.com\/images\/I\/41VSF9qTAkL._SL500_.jpg\" \/>\n\t<meta property=\"og:image:width\" content=\"500\" \/>\n\t<meta property=\"og:image:height\" content=\"500\" \/>\n\t<meta property=\"og:image:type\" content=\"image\/jpeg\" \/>\n<meta name=\"twitter:card\" content=\"summary_large_image\" \/>\n<script type=\"application\/ld+json\" class=\"yoast-schema-graph\">{\"@context\":\"https:\\\/\\\/schema.org\",\"@graph\":[{\"@type\":\"WebPage\",\"@id\":\"https:\\\/\\\/marktxxl.de\\\/markt\\\/produkt\\\/schemel-buche-massiv-trittschemel-multifunktionspodest\\\/\",\"url\":\"https:\\\/\\\/marktxxl.de\\\/markt\\\/produkt\\\/schemel-buche-massiv-trittschemel-multifunktionspodest\\\/\",\"name\":\"Schemel Buche massiv; Trittschemel; Multifunktionspodest - Markt-XXL\",\"isPartOf\":{\"@id\":\"https:\\\/\\\/marktxxl.de\\\/markt\\\/#website\"},\"primaryImageOfPage\":{\"@id\":\"https:\\\/\\\/marktxxl.de\\\/markt\\\/produkt\\\/schemel-buche-massiv-trittschemel-multifunktionspodest\\\/#primaryimage\"},\"image\":{\"@id\":\"https:\\\/\\\/marktxxl.de\\\/markt\\\/produkt\\\/schemel-buche-massiv-trittschemel-multifunktionspodest\\\/#primaryimage\"},\"thumbnailUrl\":\"https:\\\/\\\/m.media-amazon.com\\\/images\\\/I\\\/41VSF9qTAkL._SL500_.jpg\",\"datePublished\":\"2022-01-27T15:25:49+00:00\",\"dateModified\":\"2023-04-11T01:23:17+00:00\",\"description\":\"Markt-XXL Schemel Buche massiv; Trittschemel; Multifunktionspodest\",\"breadcrumb\":{\"@id\":\"https:\\\/\\\/marktxxl.de\\\/markt\\\/produkt\\\/schemel-buche-massiv-trittschemel-multifunktionspodest\\\/#breadcrumb\"},\"inLanguage\":\"de\",\"potentialAction\":[{\"@type\":\"ReadAction\",\"target\":[\"https:\\\/\\\/marktxxl.de\\\/markt\\\/produkt\\\/schemel-buche-massiv-trittschemel-multifunktionspodest\\\/\"]}]},{\"@type\":\"ImageObject\",\"inLanguage\":\"de\",\"@id\":\"https:\\\/\\\/marktxxl.de\\\/markt\\\/produkt\\\/schemel-buche-massiv-trittschemel-multifunktionspodest\\\/#primaryimage\",\"url\":\"https:\\\/\\\/m.media-amazon.com\\\/images\\\/I\\\/41VSF9qTAkL._SL500_.jpg\",\"contentUrl\":\"https:\\\/\\\/m.media-amazon.com\\\/images\\\/I\\\/41VSF9qTAkL._SL500_.jpg\",\"width\":500,\"height\":500},{\"@type\":\"BreadcrumbList\",\"@id\":\"https:\\\/\\\/marktxxl.de\\\/markt\\\/produkt\\\/schemel-buche-massiv-trittschemel-multifunktionspodest\\\/#breadcrumb\",\"itemListElement\":[{\"@type\":\"ListItem\",\"position\":1,\"name\":\"Startseite\",\"item\":\"https:\\\/\\\/marktxxl.de\\\/markt\\\/\"},{\"@type\":\"ListItem\",\"position\":2,\"name\":\"Markt\",\"item\":\"https:\\\/\\\/marktxxl.de\\\/markt\\\/\"},{\"@type\":\"ListItem\",\"position\":3,\"name\":\"Schemel Buche massiv; Trittschemel; Multifunktionspodest\"}]},{\"@type\":\"WebSite\",\"@id\":\"https:\\\/\\\/marktxxl.de\\\/markt\\\/#website\",\"url\":\"https:\\\/\\\/marktxxl.de\\\/markt\\\/\",\"name\":\"Markt-XXL\",\"description\":\"Ihr Markt Online\",\"publisher\":{\"@id\":\"https:\\\/\\\/marktxxl.de\\\/markt\\\/#organization\"},\"potentialAction\":[{\"@type\":\"SearchAction\",\"target\":{\"@type\":\"EntryPoint\",\"urlTemplate\":\"https:\\\/\\\/marktxxl.de\\\/markt\\\/?s={search_term_string}\"},\"query-input\":{\"@type\":\"PropertyValueSpecification\",\"valueRequired\":true,\"valueName\":\"search_term_string\"}}],\"inLanguage\":\"de\"},{\"@type\":\"Organization\",\"@id\":\"https:\\\/\\\/marktxxl.de\\\/markt\\\/#organization\",\"name\":\"Markt-XXL\",\"url\":\"https:\\\/\\\/marktxxl.de\\\/markt\\\/\",\"logo\":{\"@type\":\"ImageObject\",\"inLanguage\":\"de\",\"@id\":\"https:\\\/\\\/marktxxl.de\\\/markt\\\/#\\\/schema\\\/logo\\\/image\\\/\",\"url\":\"https:\\\/\\\/marktxxl.de\\\/markt\\\/wp-content\\\/uploads\\\/sites\\\/3\\\/2020\\\/12\\\/logo.png\",\"contentUrl\":\"https:\\\/\\\/marktxxl.de\\\/markt\\\/wp-content\\\/uploads\\\/sites\\\/3\\\/2020\\\/12\\\/logo.png\",\"width\":200,\"height\":70,\"caption\":\"Markt-XXL\"},\"image\":{\"@id\":\"https:\\\/\\\/marktxxl.de\\\/markt\\\/#\\\/schema\\\/logo\\\/image\\\/\"}}]}<\/script>\n<!-- \/ Yoast SEO plugin. -->","yoast_head_json":{"title":"Schemel Buche massiv; Trittschemel; Multifunktionspodest - Markt-XXL","description":"Markt-XXL Schemel Buche massiv; Trittschemel; Multifunktionspodest","robots":{"index":"index","follow":"follow","max-snippet":"max-snippet:-1","max-image-preview":"max-image-preview:large","max-video-preview":"max-video-preview:-1"},"canonical":"https:\/\/marktxxl.de\/markt\/produkt\/schemel-buche-massiv-trittschemel-multifunktionspodest\/","og_locale":"de_DE","og_type":"article","og_title":"Schemel Buche massiv; Trittschemel; Multifunktionspodest - Markt-XXL","og_description":"Markt-XXL Schemel Buche massiv; Trittschemel; Multifunktionspodest","og_url":"https:\/\/marktxxl.de\/markt\/produkt\/schemel-buche-massiv-trittschemel-multifunktionspodest\/","og_site_name":"Markt-XXL","article_modified_time":"2023-04-11T01:23:17+00:00","og_image":[{"width":500,"height":500,"url":"https:\/\/m.media-amazon.com\/images\/I\/41VSF9qTAkL._SL500_.jpg","type":"image\/jpeg"}],"twitter_card":"summary_large_image","schema":{"@context":"https:\/\/schema.org","@graph":[{"@type":"WebPage","@id":"https:\/\/marktxxl.de\/markt\/produkt\/schemel-buche-massiv-trittschemel-multifunktionspodest\/","url":"https:\/\/marktxxl.de\/markt\/produkt\/schemel-buche-massiv-trittschemel-multifunktionspodest\/","name":"Schemel Buche massiv; Trittschemel; Multifunktionspodest - Markt-XXL","isPartOf":{"@id":"https:\/\/marktxxl.de\/markt\/#website"},"primaryImageOfPage":{"@id":"https:\/\/marktxxl.de\/markt\/produkt\/schemel-buche-massiv-trittschemel-multifunktionspodest\/#primaryimage"},"image":{"@id":"https:\/\/marktxxl.de\/markt\/produkt\/schemel-buche-massiv-trittschemel-multifunktionspodest\/#primaryimage"},"thumbnailUrl":"https:\/\/m.media-amazon.com\/images\/I\/41VSF9qTAkL._SL500_.jpg","datePublished":"2022-01-27T15:25:49+00:00","dateModified":"2023-04-11T01:23:17+00:00","description":"Markt-XXL Schemel Buche massiv; Trittschemel; Multifunktionspodest","breadcrumb":{"@id":"https:\/\/marktxxl.de\/markt\/produkt\/schemel-buche-massiv-trittschemel-multifunktionspodest\/#breadcrumb"},"inLanguage":"de","potentialAction":[{"@type":"ReadAction","target":["https:\/\/marktxxl.de\/markt\/produkt\/schemel-buche-massiv-trittschemel-multifunktionspodest\/"]}]},{"@type":"ImageObject","inLanguage":"de","@id":"https:\/\/marktxxl.de\/markt\/produkt\/schemel-buche-massiv-trittschemel-multifunktionspodest\/#primaryimage","url":"https:\/\/m.media-amazon.com\/images\/I\/41VSF9qTAkL._SL500_.jpg","contentUrl":"https:\/\/m.media-amazon.com\/images\/I\/41VSF9qTAkL._SL500_.jpg","width":500,"height":500},{"@type":"BreadcrumbList","@id":"https:\/\/marktxxl.de\/markt\/produkt\/schemel-buche-massiv-trittschemel-multifunktionspodest\/#breadcrumb","itemListElement":[{"@type":"ListItem","position":1,"name":"Startseite","item":"https:\/\/marktxxl.de\/markt\/"},{"@type":"ListItem","position":2,"name":"Markt","item":"https:\/\/marktxxl.de\/markt\/"},{"@type":"ListItem","position":3,"name":"Schemel Buche massiv; Trittschemel; Multifunktionspodest"}]},{"@type":"WebSite","@id":"https:\/\/marktxxl.de\/markt\/#website","url":"https:\/\/marktxxl.de\/markt\/","name":"Markt-XXL","description":"Ihr Markt Online","publisher":{"@id":"https:\/\/marktxxl.de\/markt\/#organization"},"potentialAction":[{"@type":"SearchAction","target":{"@type":"EntryPoint","urlTemplate":"https:\/\/marktxxl.de\/markt\/?s={search_term_string}"},"query-input":{"@type":"PropertyValueSpecification","valueRequired":true,"valueName":"search_term_string"}}],"inLanguage":"de"},{"@type":"Organization","@id":"https:\/\/marktxxl.de\/markt\/#organization","name":"Markt-XXL","url":"https:\/\/marktxxl.de\/markt\/","logo":{"@type":"ImageObject","inLanguage":"de","@id":"https:\/\/marktxxl.de\/markt\/#\/schema\/logo\/image\/","url":"https:\/\/marktxxl.de\/markt\/wp-content\/uploads\/sites\/3\/2020\/12\/logo.png","contentUrl":"https:\/\/marktxxl.de\/markt\/wp-content\/uploads\/sites\/3\/2020\/12\/logo.png","width":200,"height":70,"caption":"Markt-XXL"},"image":{"@id":"https:\/\/marktxxl.de\/markt\/#\/schema\/logo\/image\/"}}]}},"_links":{"self":[{"href":"https:\/\/marktxxl.de\/markt\/wp-json\/wp\/v2\/product\/100438","targetHints":{"allow":["GET"]}}],"collection":[{"href":"https:\/\/marktxxl.de\/markt\/wp-json\/wp\/v2\/product"}],"about":[{"href":"https:\/\/marktxxl.de\/markt\/wp-json\/wp\/v2\/types\/product"}],"replies":[{"embeddable":true,"href":"https:\/\/marktxxl.de\/markt\/wp-json\/wp\/v2\/comments?post=100438"}],"wp:featuredmedia":[{"embeddable":true,"href":"https:\/\/marktxxl.de\/markt\/wp-json\/wp\/v2\/media\/100439"}],"wp:attachment":[{"href":"https:\/\/marktxxl.de\/markt\/wp-json\/wp\/v2\/media?parent=100438"}],"wp:term":[{"taxonomy":"product_brand","embeddable":true,"href":"https:\/\/marktxxl.de\/markt\/wp-json\/wp\/v2\/product_brand?post=100438"},{"taxonomy":"product_cat","embeddable":true,"href":"https:\/\/marktxxl.de\/markt\/wp-json\/wp\/v2\/product_cat?post=100438"},{"taxonomy":"product_tag","embeddable":true,"href":"https:\/\/marktxxl.de\/markt\/wp-json\/wp\/v2\/product_tag?post=100438"}],"curies":[{"name":"wp","href":"https:\/\/api.w.org\/{rel}","templated":true}]}}