{"id":100306,"date":"2022-01-27T16:21:18","date_gmt":"2022-01-27T15:21:18","guid":{"rendered":"https:\/\/marktxxl.de\/markt\/produkt\/nature-love-selen-komplex-vegan-200%c2%b5g-selen-je-kapsel-365-kapseln-natriumselenit-l-selenmethionin-selenhefe-hochdosiert-laborgeprueft-ohne-stearat-in-deutschland-produziert\/"},"modified":"2023-04-11T03:23:15","modified_gmt":"2023-04-11T01:23:15","slug":"nature-love-selen-komplex-vegan-200%c2%b5g-selen-je-kapsel-365-kapseln-natriumselenit-l-selenmethionin-selenhefe-hochdosiert-laborgeprueft-ohne-stearat-in-deutschland-produziert","status":"publish","type":"product","link":"https:\/\/marktxxl.de\/markt\/produkt\/nature-love-selen-komplex-vegan-200%c2%b5g-selen-je-kapsel-365-kapseln-natriumselenit-l-selenmethionin-selenhefe-hochdosiert-laborgeprueft-ohne-stearat-in-deutschland-produziert\/","title":{"rendered":"NATURE LOVE\u00ae Selen Komplex Vegan &#8211; 200\u00b5g Selen je Kapsel &#8211; 365 Kapseln &#8211; Natriumselenit, L-Selenmethionin, Selenhefe\u2026"},"content":{"rendered":"<p>HERVORRAGENDES PREIS-LEISTUNGSVERH\u00c4LTNIS: Hochdosiertes Selen mit 200 \u00b5g reinem Selen pro Tagesdosis. Premium 3-fach Komplex: Natriumselenit, L-Selenmethionin und Selenhefe. Nur eine Kapsel am Tag ist n\u00f6tig, um die komplette Tagesversorgung sicher zu stellen. 365 Kapseln pro Dose reichen f\u00fcr einen Jahresvorrat.<br \/>\nNATURE LOVE PREMIUM-QUALIT\u00c4T: Unser Selen Komplex bietet durch Kombination verschiedener Selen-Formen eine hohe Bioverf\u00fcgbarkeit. Die organischen (L-Selenmethionin, Selenhefe) und anorganischen (Natriumselenit) Selenverbindungen werden vom K\u00f6rper unterschiedlich aufgenommen und erg\u00e4nzen sich dadurch ideal. Der 3-fach Komplex ist somit Pr\u00e4paraten mit einfacherer Zusammensetzung \u00fcberlegen.<br \/>\nMADE IN GERMANY, OHNE ZUS\u00c4TZE &amp; 100% VEGAN: Laborgepr\u00fcft und ohne unerw\u00fcnschte Zus\u00e4tze. Hergestellt in Deutschland unter strengsten Qualit\u00e4tskontrollen. Frei von Trennmitteln wie Magnesiumstearat, Gelatine, Aromen, Farbstoffen, Konservierungsstoffen und selbstverst\u00e4ndlich GMO-frei. F\u00fcr Veganer und Vegetarier geeignet.<br \/>\nJEDE PRODUKTIONSCHARGE LABORGEPR\u00dcFT: Ihre Sicherheit hat f\u00fcr uns oberste Priorit\u00e4t. Deshalb lassen wir den Rohstoff oder das Endprodukt JEDER EINZELNEN Produktionscharge von einem unabh\u00e4ngigen deutschen Labor pr\u00fcfen. Andere Hersteller verlassen sich auf die Angaben ihrer Lieferanten oder lassen ihre Produkte nur stichprobenweise pr\u00fcfen.<br \/>\nF\u00dcR IHRE ZUFRIEDENHEIT: Gl\u00fcckliche Kunden stehen bei uns im Mittelpunkt. Sollten Sie trotz allem einmal mit einem Produkt unzufrieden sein, oder aber Hilfe und Beratung ben\u00f6tigen, melden Sie sich gerne bei uns! Denn nichts liegt uns bei Nature Love mehr am Herzen als Ihre Zufriedenheit.<br \/>\n<div class=\"main-cross-sell\" data-asin=\"B07H4VXS66\">\n\n\t<div class=\"WooZone-cross-sell-loader\">\n\t\t<div>\n\t\t\t<div id=\"floatingBarsG\">\n\t\t\t\t<div class=\"blockG\" id=\"rotateG_01\"><\/div>\n\t\t\t\t<div class=\"blockG\" id=\"rotateG_02\"><\/div>\n\t\t\t\t<div class=\"blockG\" id=\"rotateG_03\"><\/div>\n\t\t\t\t<div class=\"blockG\" id=\"rotateG_04\"><\/div>\n\t\t\t\t<div class=\"blockG\" id=\"rotateG_05\"><\/div>\n\t\t\t\t<div class=\"blockG\" id=\"rotateG_06\"><\/div>\n\t\t\t\t<div class=\"blockG\" id=\"rotateG_07\"><\/div>\n\t\t\t\t<div class=\"blockG\" id=\"rotateG_08\"><\/div>\n\t\t\t<\/div>\n\t\t\t<div class=\"WooZone-cross-sell-loader-text\"><\/div>\n\t\t<\/div>\n\t<\/div>\n\n\t\t\n<\/div>\n<div style=\"clear:both;\"><\/div><\/p>\n","protected":false},"excerpt":{"rendered":"<p>HERVORRAGENDES PREIS-LEISTUNGSVERH\u00c4LTNIS: Hochdosiertes Selen mit 200 \u00b5g reinem Selen pro Tagesdosis. Premium 3-fach Komplex: Natriumselenit, L-Selenmethionin und Selenhefe. Nur eine Kapsel am Tag ist n\u00f6tig, um die komplette Tagesversorgung sicher zu stellen. 365 Kapseln pro Dose reichen f\u00fcr einen Jahresvorrat.<br \/>\nNATURE LOVE PREMIUM-QUALIT\u00c4T: Unser Selen Komplex bietet durch Kombination verschiedener Selen-Formen eine hohe Bioverf\u00fcgbarkeit. Die organischen (L-Selenmethionin, Selenhefe) und anorganischen (Natriumselenit) Selenverbindungen werden vom K\u00f6rper unterschiedlich aufgenommen und erg\u00e4nzen sich dadurch ideal. Der 3-fach Komplex ist somit Pr\u00e4paraten mit einfacherer Zusammensetzung \u00fcberlegen.<br \/>\nMADE IN GERMANY, OHNE ZUS\u00c4TZE &amp; 100% VEGAN: Laborgepr\u00fcft und ohne unerw\u00fcnschte Zus\u00e4tze. Hergestellt in Deutschland unter strengsten Qualit\u00e4tskontrollen. Frei von Trennmitteln wie Magnesiumstearat, Gelatine, Aromen, Farbstoffen, Konservierungsstoffen und selbstverst\u00e4ndlich GMO-frei. F\u00fcr Veganer und Vegetarier geeignet.<\/p>\n","protected":false},"featured_media":100307,"comment_status":"open","ping_status":"closed","template":"","meta":[],"product_brand":[],"product_cat":[566,6375],"product_tag":[],"class_list":{"0":"post-100306","1":"product","2":"type-product","3":"status-publish","4":"has-post-thumbnail","6":"product_cat-drogerie-koerperpflege","7":"product_cat-vitamine-mineralien-ergaenzungsmittel","8":"pa_binding-misc","9":"pa_brand-nature-love","10":"pa_manufacturer-tauron-ventures-gmbh","11":"pa_size-365-stueck-1er-pack","12":"pa_weight-163-gramm","14":"first","15":"instock","16":"shipping-taxable","17":"purchasable","18":"product-type-simple","19":"customify-col","20":"product-has-gallery"},"yoast_head":"<!-- This site is optimized with the Yoast SEO plugin v27.4 - https:\/\/yoast.com\/product\/yoast-seo-wordpress\/ -->\n<title>NATURE LOVE\u00ae Selen Komplex Vegan - 200\u00b5g Selen je Kapsel - 365 Kapseln - Natriumselenit, L-Selenmethionin, Selenhefe\u2026 - Markt-XXL<\/title>\n<meta name=\"description\" content=\"Markt-XXL NATURE LOVE\u00ae Selen Komplex Vegan - 200\u00b5g Selen je Kapsel - 365 Kapseln - Natriumselenit, L-Selenmethionin, Selenhefe\u2026\" \/>\n<meta name=\"robots\" content=\"index, follow, max-snippet:-1, max-image-preview:large, max-video-preview:-1\" \/>\n<link rel=\"canonical\" href=\"https:\/\/marktxxl.de\/markt\/produkt\/nature-love-selen-komplex-vegan-200\u00b5g-selen-je-kapsel-365-kapseln-natriumselenit-l-selenmethionin-selenhefe-hochdosiert-laborgeprueft-ohne-stearat-in-deutschland-produziert\/\" \/>\n<meta property=\"og:locale\" content=\"de_DE\" \/>\n<meta property=\"og:type\" content=\"article\" \/>\n<meta property=\"og:title\" content=\"NATURE LOVE\u00ae Selen Komplex Vegan - 200\u00b5g Selen je Kapsel - 365 Kapseln - Natriumselenit, L-Selenmethionin, Selenhefe\u2026 - Markt-XXL\" \/>\n<meta property=\"og:description\" content=\"Markt-XXL NATURE LOVE\u00ae Selen Komplex Vegan - 200\u00b5g Selen je Kapsel - 365 Kapseln - Natriumselenit, L-Selenmethionin, Selenhefe\u2026\" \/>\n<meta property=\"og:url\" content=\"https:\/\/marktxxl.de\/markt\/produkt\/nature-love-selen-komplex-vegan-200\u00b5g-selen-je-kapsel-365-kapseln-natriumselenit-l-selenmethionin-selenhefe-hochdosiert-laborgeprueft-ohne-stearat-in-deutschland-produziert\/\" \/>\n<meta property=\"og:site_name\" content=\"Markt-XXL\" \/>\n<meta property=\"article:modified_time\" content=\"2023-04-11T01:23:15+00:00\" \/>\n<meta property=\"og:image\" content=\"https:\/\/m.media-amazon.com\/images\/I\/51nJxWOVmwL._SL500_.jpg\" \/>\n\t<meta property=\"og:image:width\" content=\"388\" \/>\n\t<meta property=\"og:image:height\" content=\"500\" \/>\n\t<meta property=\"og:image:type\" content=\"image\/jpeg\" \/>\n<meta name=\"twitter:card\" content=\"summary_large_image\" \/>\n<meta name=\"twitter:label1\" content=\"Gesch\u00e4tzte Lesezeit\" \/>\n\t<meta name=\"twitter:data1\" content=\"1\u00a0Minute\" \/>\n<script type=\"application\/ld+json\" class=\"yoast-schema-graph\">{\"@context\":\"https:\\\/\\\/schema.org\",\"@graph\":[{\"@type\":\"WebPage\",\"@id\":\"https:\\\/\\\/marktxxl.de\\\/markt\\\/produkt\\\/nature-love-selen-komplex-vegan-200%c2%b5g-selen-je-kapsel-365-kapseln-natriumselenit-l-selenmethionin-selenhefe-hochdosiert-laborgeprueft-ohne-stearat-in-deutschland-produziert\\\/\",\"url\":\"https:\\\/\\\/marktxxl.de\\\/markt\\\/produkt\\\/nature-love-selen-komplex-vegan-200%c2%b5g-selen-je-kapsel-365-kapseln-natriumselenit-l-selenmethionin-selenhefe-hochdosiert-laborgeprueft-ohne-stearat-in-deutschland-produziert\\\/\",\"name\":\"NATURE LOVE\u00ae Selen Komplex Vegan - 200\u00b5g Selen je Kapsel - 365 Kapseln - Natriumselenit, L-Selenmethionin, Selenhefe\u2026 - Markt-XXL\",\"isPartOf\":{\"@id\":\"https:\\\/\\\/marktxxl.de\\\/markt\\\/#website\"},\"primaryImageOfPage\":{\"@id\":\"https:\\\/\\\/marktxxl.de\\\/markt\\\/produkt\\\/nature-love-selen-komplex-vegan-200%c2%b5g-selen-je-kapsel-365-kapseln-natriumselenit-l-selenmethionin-selenhefe-hochdosiert-laborgeprueft-ohne-stearat-in-deutschland-produziert\\\/#primaryimage\"},\"image\":{\"@id\":\"https:\\\/\\\/marktxxl.de\\\/markt\\\/produkt\\\/nature-love-selen-komplex-vegan-200%c2%b5g-selen-je-kapsel-365-kapseln-natriumselenit-l-selenmethionin-selenhefe-hochdosiert-laborgeprueft-ohne-stearat-in-deutschland-produziert\\\/#primaryimage\"},\"thumbnailUrl\":\"https:\\\/\\\/m.media-amazon.com\\\/images\\\/I\\\/51nJxWOVmwL._SL500_.jpg\",\"datePublished\":\"2022-01-27T15:21:18+00:00\",\"dateModified\":\"2023-04-11T01:23:15+00:00\",\"description\":\"Markt-XXL NATURE LOVE\u00ae Selen Komplex Vegan - 200\u00b5g Selen je Kapsel - 365 Kapseln - Natriumselenit, L-Selenmethionin, Selenhefe\u2026\",\"breadcrumb\":{\"@id\":\"https:\\\/\\\/marktxxl.de\\\/markt\\\/produkt\\\/nature-love-selen-komplex-vegan-200%c2%b5g-selen-je-kapsel-365-kapseln-natriumselenit-l-selenmethionin-selenhefe-hochdosiert-laborgeprueft-ohne-stearat-in-deutschland-produziert\\\/#breadcrumb\"},\"inLanguage\":\"de\",\"potentialAction\":[{\"@type\":\"ReadAction\",\"target\":[\"https:\\\/\\\/marktxxl.de\\\/markt\\\/produkt\\\/nature-love-selen-komplex-vegan-200%c2%b5g-selen-je-kapsel-365-kapseln-natriumselenit-l-selenmethionin-selenhefe-hochdosiert-laborgeprueft-ohne-stearat-in-deutschland-produziert\\\/\"]}]},{\"@type\":\"ImageObject\",\"inLanguage\":\"de\",\"@id\":\"https:\\\/\\\/marktxxl.de\\\/markt\\\/produkt\\\/nature-love-selen-komplex-vegan-200%c2%b5g-selen-je-kapsel-365-kapseln-natriumselenit-l-selenmethionin-selenhefe-hochdosiert-laborgeprueft-ohne-stearat-in-deutschland-produziert\\\/#primaryimage\",\"url\":\"https:\\\/\\\/m.media-amazon.com\\\/images\\\/I\\\/51nJxWOVmwL._SL500_.jpg\",\"contentUrl\":\"https:\\\/\\\/m.media-amazon.com\\\/images\\\/I\\\/51nJxWOVmwL._SL500_.jpg\",\"width\":388,\"height\":500},{\"@type\":\"BreadcrumbList\",\"@id\":\"https:\\\/\\\/marktxxl.de\\\/markt\\\/produkt\\\/nature-love-selen-komplex-vegan-200%c2%b5g-selen-je-kapsel-365-kapseln-natriumselenit-l-selenmethionin-selenhefe-hochdosiert-laborgeprueft-ohne-stearat-in-deutschland-produziert\\\/#breadcrumb\",\"itemListElement\":[{\"@type\":\"ListItem\",\"position\":1,\"name\":\"Startseite\",\"item\":\"https:\\\/\\\/marktxxl.de\\\/markt\\\/\"},{\"@type\":\"ListItem\",\"position\":2,\"name\":\"Markt\",\"item\":\"https:\\\/\\\/marktxxl.de\\\/markt\\\/\"},{\"@type\":\"ListItem\",\"position\":3,\"name\":\"NATURE LOVE\u00ae Selen Komplex Vegan &#8211; 200\u00b5g Selen je Kapsel &#8211; 365 Kapseln &#8211; Natriumselenit, L-Selenmethionin, Selenhefe\u2026\"}]},{\"@type\":\"WebSite\",\"@id\":\"https:\\\/\\\/marktxxl.de\\\/markt\\\/#website\",\"url\":\"https:\\\/\\\/marktxxl.de\\\/markt\\\/\",\"name\":\"Markt-XXL\",\"description\":\"Ihr Markt Online\",\"publisher\":{\"@id\":\"https:\\\/\\\/marktxxl.de\\\/markt\\\/#organization\"},\"potentialAction\":[{\"@type\":\"SearchAction\",\"target\":{\"@type\":\"EntryPoint\",\"urlTemplate\":\"https:\\\/\\\/marktxxl.de\\\/markt\\\/?s={search_term_string}\"},\"query-input\":{\"@type\":\"PropertyValueSpecification\",\"valueRequired\":true,\"valueName\":\"search_term_string\"}}],\"inLanguage\":\"de\"},{\"@type\":\"Organization\",\"@id\":\"https:\\\/\\\/marktxxl.de\\\/markt\\\/#organization\",\"name\":\"Markt-XXL\",\"url\":\"https:\\\/\\\/marktxxl.de\\\/markt\\\/\",\"logo\":{\"@type\":\"ImageObject\",\"inLanguage\":\"de\",\"@id\":\"https:\\\/\\\/marktxxl.de\\\/markt\\\/#\\\/schema\\\/logo\\\/image\\\/\",\"url\":\"https:\\\/\\\/marktxxl.de\\\/markt\\\/wp-content\\\/uploads\\\/sites\\\/3\\\/2020\\\/12\\\/logo.png\",\"contentUrl\":\"https:\\\/\\\/marktxxl.de\\\/markt\\\/wp-content\\\/uploads\\\/sites\\\/3\\\/2020\\\/12\\\/logo.png\",\"width\":200,\"height\":70,\"caption\":\"Markt-XXL\"},\"image\":{\"@id\":\"https:\\\/\\\/marktxxl.de\\\/markt\\\/#\\\/schema\\\/logo\\\/image\\\/\"}}]}<\/script>\n<!-- \/ Yoast SEO plugin. -->","yoast_head_json":{"title":"NATURE LOVE\u00ae Selen Komplex Vegan - 200\u00b5g Selen je Kapsel - 365 Kapseln - Natriumselenit, L-Selenmethionin, Selenhefe\u2026 - Markt-XXL","description":"Markt-XXL NATURE LOVE\u00ae Selen Komplex Vegan - 200\u00b5g Selen je Kapsel - 365 Kapseln - Natriumselenit, L-Selenmethionin, Selenhefe\u2026","robots":{"index":"index","follow":"follow","max-snippet":"max-snippet:-1","max-image-preview":"max-image-preview:large","max-video-preview":"max-video-preview:-1"},"canonical":"https:\/\/marktxxl.de\/markt\/produkt\/nature-love-selen-komplex-vegan-200\u00b5g-selen-je-kapsel-365-kapseln-natriumselenit-l-selenmethionin-selenhefe-hochdosiert-laborgeprueft-ohne-stearat-in-deutschland-produziert\/","og_locale":"de_DE","og_type":"article","og_title":"NATURE LOVE\u00ae Selen Komplex Vegan - 200\u00b5g Selen je Kapsel - 365 Kapseln - Natriumselenit, L-Selenmethionin, Selenhefe\u2026 - Markt-XXL","og_description":"Markt-XXL NATURE LOVE\u00ae Selen Komplex Vegan - 200\u00b5g Selen je Kapsel - 365 Kapseln - Natriumselenit, L-Selenmethionin, Selenhefe\u2026","og_url":"https:\/\/marktxxl.de\/markt\/produkt\/nature-love-selen-komplex-vegan-200\u00b5g-selen-je-kapsel-365-kapseln-natriumselenit-l-selenmethionin-selenhefe-hochdosiert-laborgeprueft-ohne-stearat-in-deutschland-produziert\/","og_site_name":"Markt-XXL","article_modified_time":"2023-04-11T01:23:15+00:00","og_image":[{"width":388,"height":500,"url":"https:\/\/m.media-amazon.com\/images\/I\/51nJxWOVmwL._SL500_.jpg","type":"image\/jpeg"}],"twitter_card":"summary_large_image","twitter_misc":{"Gesch\u00e4tzte Lesezeit":"1\u00a0Minute"},"schema":{"@context":"https:\/\/schema.org","@graph":[{"@type":"WebPage","@id":"https:\/\/marktxxl.de\/markt\/produkt\/nature-love-selen-komplex-vegan-200%c2%b5g-selen-je-kapsel-365-kapseln-natriumselenit-l-selenmethionin-selenhefe-hochdosiert-laborgeprueft-ohne-stearat-in-deutschland-produziert\/","url":"https:\/\/marktxxl.de\/markt\/produkt\/nature-love-selen-komplex-vegan-200%c2%b5g-selen-je-kapsel-365-kapseln-natriumselenit-l-selenmethionin-selenhefe-hochdosiert-laborgeprueft-ohne-stearat-in-deutschland-produziert\/","name":"NATURE LOVE\u00ae Selen Komplex Vegan - 200\u00b5g Selen je Kapsel - 365 Kapseln - Natriumselenit, L-Selenmethionin, Selenhefe\u2026 - Markt-XXL","isPartOf":{"@id":"https:\/\/marktxxl.de\/markt\/#website"},"primaryImageOfPage":{"@id":"https:\/\/marktxxl.de\/markt\/produkt\/nature-love-selen-komplex-vegan-200%c2%b5g-selen-je-kapsel-365-kapseln-natriumselenit-l-selenmethionin-selenhefe-hochdosiert-laborgeprueft-ohne-stearat-in-deutschland-produziert\/#primaryimage"},"image":{"@id":"https:\/\/marktxxl.de\/markt\/produkt\/nature-love-selen-komplex-vegan-200%c2%b5g-selen-je-kapsel-365-kapseln-natriumselenit-l-selenmethionin-selenhefe-hochdosiert-laborgeprueft-ohne-stearat-in-deutschland-produziert\/#primaryimage"},"thumbnailUrl":"https:\/\/m.media-amazon.com\/images\/I\/51nJxWOVmwL._SL500_.jpg","datePublished":"2022-01-27T15:21:18+00:00","dateModified":"2023-04-11T01:23:15+00:00","description":"Markt-XXL NATURE LOVE\u00ae Selen Komplex Vegan - 200\u00b5g Selen je Kapsel - 365 Kapseln - Natriumselenit, L-Selenmethionin, Selenhefe\u2026","breadcrumb":{"@id":"https:\/\/marktxxl.de\/markt\/produkt\/nature-love-selen-komplex-vegan-200%c2%b5g-selen-je-kapsel-365-kapseln-natriumselenit-l-selenmethionin-selenhefe-hochdosiert-laborgeprueft-ohne-stearat-in-deutschland-produziert\/#breadcrumb"},"inLanguage":"de","potentialAction":[{"@type":"ReadAction","target":["https:\/\/marktxxl.de\/markt\/produkt\/nature-love-selen-komplex-vegan-200%c2%b5g-selen-je-kapsel-365-kapseln-natriumselenit-l-selenmethionin-selenhefe-hochdosiert-laborgeprueft-ohne-stearat-in-deutschland-produziert\/"]}]},{"@type":"ImageObject","inLanguage":"de","@id":"https:\/\/marktxxl.de\/markt\/produkt\/nature-love-selen-komplex-vegan-200%c2%b5g-selen-je-kapsel-365-kapseln-natriumselenit-l-selenmethionin-selenhefe-hochdosiert-laborgeprueft-ohne-stearat-in-deutschland-produziert\/#primaryimage","url":"https:\/\/m.media-amazon.com\/images\/I\/51nJxWOVmwL._SL500_.jpg","contentUrl":"https:\/\/m.media-amazon.com\/images\/I\/51nJxWOVmwL._SL500_.jpg","width":388,"height":500},{"@type":"BreadcrumbList","@id":"https:\/\/marktxxl.de\/markt\/produkt\/nature-love-selen-komplex-vegan-200%c2%b5g-selen-je-kapsel-365-kapseln-natriumselenit-l-selenmethionin-selenhefe-hochdosiert-laborgeprueft-ohne-stearat-in-deutschland-produziert\/#breadcrumb","itemListElement":[{"@type":"ListItem","position":1,"name":"Startseite","item":"https:\/\/marktxxl.de\/markt\/"},{"@type":"ListItem","position":2,"name":"Markt","item":"https:\/\/marktxxl.de\/markt\/"},{"@type":"ListItem","position":3,"name":"NATURE LOVE\u00ae Selen Komplex Vegan &#8211; 200\u00b5g Selen je Kapsel &#8211; 365 Kapseln &#8211; Natriumselenit, L-Selenmethionin, Selenhefe\u2026"}]},{"@type":"WebSite","@id":"https:\/\/marktxxl.de\/markt\/#website","url":"https:\/\/marktxxl.de\/markt\/","name":"Markt-XXL","description":"Ihr Markt Online","publisher":{"@id":"https:\/\/marktxxl.de\/markt\/#organization"},"potentialAction":[{"@type":"SearchAction","target":{"@type":"EntryPoint","urlTemplate":"https:\/\/marktxxl.de\/markt\/?s={search_term_string}"},"query-input":{"@type":"PropertyValueSpecification","valueRequired":true,"valueName":"search_term_string"}}],"inLanguage":"de"},{"@type":"Organization","@id":"https:\/\/marktxxl.de\/markt\/#organization","name":"Markt-XXL","url":"https:\/\/marktxxl.de\/markt\/","logo":{"@type":"ImageObject","inLanguage":"de","@id":"https:\/\/marktxxl.de\/markt\/#\/schema\/logo\/image\/","url":"https:\/\/marktxxl.de\/markt\/wp-content\/uploads\/sites\/3\/2020\/12\/logo.png","contentUrl":"https:\/\/marktxxl.de\/markt\/wp-content\/uploads\/sites\/3\/2020\/12\/logo.png","width":200,"height":70,"caption":"Markt-XXL"},"image":{"@id":"https:\/\/marktxxl.de\/markt\/#\/schema\/logo\/image\/"}}]}},"_links":{"self":[{"href":"https:\/\/marktxxl.de\/markt\/wp-json\/wp\/v2\/product\/100306","targetHints":{"allow":["GET"]}}],"collection":[{"href":"https:\/\/marktxxl.de\/markt\/wp-json\/wp\/v2\/product"}],"about":[{"href":"https:\/\/marktxxl.de\/markt\/wp-json\/wp\/v2\/types\/product"}],"replies":[{"embeddable":true,"href":"https:\/\/marktxxl.de\/markt\/wp-json\/wp\/v2\/comments?post=100306"}],"wp:featuredmedia":[{"embeddable":true,"href":"https:\/\/marktxxl.de\/markt\/wp-json\/wp\/v2\/media\/100307"}],"wp:attachment":[{"href":"https:\/\/marktxxl.de\/markt\/wp-json\/wp\/v2\/media?parent=100306"}],"wp:term":[{"taxonomy":"product_brand","embeddable":true,"href":"https:\/\/marktxxl.de\/markt\/wp-json\/wp\/v2\/product_brand?post=100306"},{"taxonomy":"product_cat","embeddable":true,"href":"https:\/\/marktxxl.de\/markt\/wp-json\/wp\/v2\/product_cat?post=100306"},{"taxonomy":"product_tag","embeddable":true,"href":"https:\/\/marktxxl.de\/markt\/wp-json\/wp\/v2\/product_tag?post=100306"}],"curies":[{"name":"wp","href":"https:\/\/api.w.org\/{rel}","templated":true}]}}