{"id":100272,"date":"2022-01-27T16:20:14","date_gmt":"2022-01-27T15:20:14","guid":{"rendered":"https:\/\/marktxxl.de\/markt\/produkt\/kinderwagen-haken-braun-von-baby-uma-taschenhalter-kinderwagen-leder-premium-style\/"},"modified":"2023-04-11T03:23:15","modified_gmt":"2023-04-11T01:23:15","slug":"kinderwagen-haken-braun-von-baby-uma-taschenhalter-kinderwagen-leder-premium-style","status":"publish","type":"product","link":"https:\/\/marktxxl.de\/markt\/produkt\/kinderwagen-haken-braun-von-baby-uma-taschenhalter-kinderwagen-leder-premium-style\/","title":{"rendered":"Lederoptik Kinderwagen Haken f\u00fcr Wickeltaschen &#8211; Braune Kinderwagenhaken Taschenhaken &#8211; Anh\u00e4nger f\u00fcr Kinderwagen in\u2026"},"content":{"rendered":"<p>Das Premium-Erlebnis f\u00fcr Unterweg &#8211; ob es ein Spielvergn\u00fcgen ist, Kaffee mit Freunden oder eine Reise in die Shops, Sie und Ihr Kleiner werden die Zweckm\u00e4\u00dfigkeit, den Komfort und die Einfachheit der Benutzung dieser Premium Kinderwagen-Haken mit all Ihren Baby-Essentials genie\u00dfen. Hergestellt aus hochwertigem Leder und einem passenden schwarzen, matten Karabinerhaken, werden unsere Premium-Haken sicherlich alle anderen Eltern begeistern.<br \/>\nTolle Hilfe f\u00fcr Alle Mamis &#8211; unsere Kinderwagen Haken Leder halten Wickeltaschen und Einkaufst\u00fcten ohne Probleme aus. Unsere Kinderwagen Clip passen problemlos auf alle Arten von Buggies, Kinderwagen, Joggern oder Fahrradanh\u00e4ngern.Unsere Kinderwagen Hacken haben ein verstellbares Gurtsystem mit extra starkem Lederband in professioneller Qualit\u00e4t, um jederzeit einen sicheren Halt zu gew\u00e4hrleisten.<br \/>\nKinderleichte Installation &#8211; Als besch\u00e4ftigte Eltern werden Sie die Vorteile von Werkzeugen sch\u00e4tzen, die w\u00e4hrend der Babypflege einfach zu bedienen sind. Unsere Haken Kinderwagen Zubeh\u00f6r k\u00f6nnen einfach montiert werden, indem Sie den Klettverschluss einfach um den Griff Ihres Kinderwagens wickeln. Sie werden unsere Braune Buggy Taschenhalter lieben, da diese sicherlich in die Farbe Ihres Buggys passen werden.<br \/>\nErleichterung im Alltag &#8211; Mit Ihren Kleinen auszugehen, kann manchmal schwierig sein, und wir helfen Ihnen, dies angenehmer zu gestalten. Wir haben sichergestellt, dass unsere Stroller Hooks stark genug sind, um Ihre Sachen zu tragen, flexibel genug, um an jeden Kinderwagen Typ zu passen und effizient genug, um eine einfache Installation zu erm\u00f6glichen. Unsere Karabiner f\u00fcr Kinderwagentasche sind nicht aus Kunststoff und k\u00f6nnen jederzeit hochwertige Leistung gew\u00e4hrleisten.<br \/>\nUnsere Garantie &#8211; Unser Ziel ist es, die Kindererziehung auf unsere eigenen kleinen Wege einfacher und unterhaltsamer zu gestalten. Wir helfen Ihnen gerne auf Ihrer Reise und sind sicher, dass wir Ihnen den R\u00fccken frei halten! Wenn Sie jedoch der Meinung sind, dass unsere Buggy Karabiner keine zufriedenstellenden Ergebnisse bringen, kontaktieren Sie uns bitte und wir werden eine R\u00fcckerstattung f\u00fcr Sie vornehmen, ohne wenn und aber.<br \/>\n<div class=\"main-cross-sell\" data-asin=\"B07VTR3J5J\">\n\n\t<div class=\"WooZone-cross-sell-loader\">\n\t\t<div>\n\t\t\t<div id=\"floatingBarsG\">\n\t\t\t\t<div class=\"blockG\" id=\"rotateG_01\"><\/div>\n\t\t\t\t<div class=\"blockG\" id=\"rotateG_02\"><\/div>\n\t\t\t\t<div class=\"blockG\" id=\"rotateG_03\"><\/div>\n\t\t\t\t<div class=\"blockG\" id=\"rotateG_04\"><\/div>\n\t\t\t\t<div class=\"blockG\" id=\"rotateG_05\"><\/div>\n\t\t\t\t<div class=\"blockG\" id=\"rotateG_06\"><\/div>\n\t\t\t\t<div class=\"blockG\" id=\"rotateG_07\"><\/div>\n\t\t\t\t<div class=\"blockG\" id=\"rotateG_08\"><\/div>\n\t\t\t<\/div>\n\t\t\t<div class=\"WooZone-cross-sell-loader-text\"><\/div>\n\t\t<\/div>\n\t<\/div>\n\n\t\t\n<\/div>\n<div style=\"clear:both;\"><\/div><\/p>\n","protected":false},"excerpt":{"rendered":"<p>Das Premium-Erlebnis f\u00fcr Unterweg &#8211; ob es ein Spielvergn\u00fcgen ist, Kaffee mit Freunden oder eine Reise in die Shops, Sie und Ihr Kleiner werden die Zweckm\u00e4\u00dfigkeit, den Komfort und die Einfachheit der Benutzung dieser Premium Kinderwagen-Haken mit all Ihren Baby-Essentials genie\u00dfen. Hergestellt aus hochwertigem Leder und einem passenden schwarzen, matten Karabinerhaken, werden unsere Premium-Haken sicherlich alle anderen Eltern begeistern.<br \/>\nTolle Hilfe f\u00fcr Alle Mamis &#8211; unsere Kinderwagen Haken Leder halten Wickeltaschen und Einkaufst\u00fcten ohne Probleme aus. Unsere Kinderwagen Clip passen problemlos auf alle Arten von Buggies, Kinderwagen, Joggern oder Fahrradanh\u00e4ngern.Unsere Kinderwagen Hacken haben ein verstellbares Gurtsystem mit extra starkem Lederband in professioneller Qualit\u00e4t, um jederzeit einen sicheren Halt zu gew\u00e4hrleisten.<br \/>\nKinderleichte Installation &#8211; Als besch\u00e4ftigte Eltern werden Sie die Vorteile von Werkzeugen sch\u00e4tzen, die w\u00e4hrend der Babypflege einfach zu bedienen sind. Unsere Haken Kinderwagen Zubeh\u00f6r k\u00f6nnen einfach montiert werden, indem Sie den Klettverschluss einfach um den Griff Ihres Kinderwagens wickeln. Sie werden unsere Braune Buggy Taschenhalter lieben, da diese sicherlich in die Farbe Ihres Buggys passen werden.<\/p>\n","protected":false},"featured_media":100273,"comment_status":"open","ping_status":"closed","template":"","meta":[],"product_brand":[],"product_cat":[21,9329],"product_tag":[],"class_list":{"0":"post-100272","1":"product","2":"type-product","3":"status-publish","4":"has-post-thumbnail","6":"product_cat-baby","7":"product_cat-kinderwagen-buggys-zubehoer-baby","8":"pa_binding-babyartikel","9":"pa_brand-baby-uma","10":"pa_color-braun","11":"pa_manufacturer-ez-bugz","12":"pa_size-2-stueck-1er-pack","14":"first","15":"instock","16":"shipping-taxable","17":"purchasable","18":"product-type-simple","19":"customify-col","20":"product-has-gallery"},"yoast_head":"<!-- This site is optimized with the Yoast SEO plugin v27.3 - https:\/\/yoast.com\/product\/yoast-seo-wordpress\/ -->\n<title>Lederoptik Kinderwagen Haken f\u00fcr Wickeltaschen - Braune Kinderwagenhaken Taschenhaken - Anh\u00e4nger f\u00fcr Kinderwagen in\u2026 - Markt-XXL<\/title>\n<meta name=\"description\" content=\"Markt-XXL Lederoptik Kinderwagen Haken f\u00fcr Wickeltaschen - Braune Kinderwagenhaken Taschenhaken - Anh\u00e4nger f\u00fcr Kinderwagen in\u2026\" \/>\n<meta name=\"robots\" content=\"index, follow, max-snippet:-1, max-image-preview:large, max-video-preview:-1\" \/>\n<link rel=\"canonical\" href=\"https:\/\/marktxxl.de\/markt\/produkt\/kinderwagen-haken-braun-von-baby-uma-taschenhalter-kinderwagen-leder-premium-style\/\" \/>\n<meta property=\"og:locale\" content=\"de_DE\" \/>\n<meta property=\"og:type\" content=\"article\" \/>\n<meta property=\"og:title\" content=\"Lederoptik Kinderwagen Haken f\u00fcr Wickeltaschen - Braune Kinderwagenhaken Taschenhaken - Anh\u00e4nger f\u00fcr Kinderwagen in\u2026 - Markt-XXL\" \/>\n<meta property=\"og:description\" content=\"Markt-XXL Lederoptik Kinderwagen Haken f\u00fcr Wickeltaschen - Braune Kinderwagenhaken Taschenhaken - Anh\u00e4nger f\u00fcr Kinderwagen in\u2026\" \/>\n<meta property=\"og:url\" content=\"https:\/\/marktxxl.de\/markt\/produkt\/kinderwagen-haken-braun-von-baby-uma-taschenhalter-kinderwagen-leder-premium-style\/\" \/>\n<meta property=\"og:site_name\" content=\"Markt-XXL\" \/>\n<meta property=\"article:modified_time\" content=\"2023-04-11T01:23:15+00:00\" \/>\n<meta property=\"og:image\" content=\"https:\/\/m.media-amazon.com\/images\/I\/41W3WxO40OS._SL500_.jpg\" \/>\n\t<meta property=\"og:image:width\" content=\"500\" \/>\n\t<meta property=\"og:image:height\" content=\"500\" \/>\n\t<meta property=\"og:image:type\" content=\"image\/jpeg\" \/>\n<meta name=\"twitter:card\" content=\"summary_large_image\" \/>\n<meta name=\"twitter:label1\" content=\"Gesch\u00e4tzte Lesezeit\" \/>\n\t<meta name=\"twitter:data1\" content=\"2\u00a0Minuten\" \/>\n<script type=\"application\/ld+json\" class=\"yoast-schema-graph\">{\"@context\":\"https:\\\/\\\/schema.org\",\"@graph\":[{\"@type\":\"WebPage\",\"@id\":\"https:\\\/\\\/marktxxl.de\\\/markt\\\/produkt\\\/kinderwagen-haken-braun-von-baby-uma-taschenhalter-kinderwagen-leder-premium-style\\\/\",\"url\":\"https:\\\/\\\/marktxxl.de\\\/markt\\\/produkt\\\/kinderwagen-haken-braun-von-baby-uma-taschenhalter-kinderwagen-leder-premium-style\\\/\",\"name\":\"Lederoptik Kinderwagen Haken f\u00fcr Wickeltaschen - Braune Kinderwagenhaken Taschenhaken - Anh\u00e4nger f\u00fcr Kinderwagen in\u2026 - Markt-XXL\",\"isPartOf\":{\"@id\":\"https:\\\/\\\/marktxxl.de\\\/markt\\\/#website\"},\"primaryImageOfPage\":{\"@id\":\"https:\\\/\\\/marktxxl.de\\\/markt\\\/produkt\\\/kinderwagen-haken-braun-von-baby-uma-taschenhalter-kinderwagen-leder-premium-style\\\/#primaryimage\"},\"image\":{\"@id\":\"https:\\\/\\\/marktxxl.de\\\/markt\\\/produkt\\\/kinderwagen-haken-braun-von-baby-uma-taschenhalter-kinderwagen-leder-premium-style\\\/#primaryimage\"},\"thumbnailUrl\":\"https:\\\/\\\/m.media-amazon.com\\\/images\\\/I\\\/41W3WxO40OS._SL500_.jpg\",\"datePublished\":\"2022-01-27T15:20:14+00:00\",\"dateModified\":\"2023-04-11T01:23:15+00:00\",\"description\":\"Markt-XXL Lederoptik Kinderwagen Haken f\u00fcr Wickeltaschen - Braune Kinderwagenhaken Taschenhaken - Anh\u00e4nger f\u00fcr Kinderwagen in\u2026\",\"breadcrumb\":{\"@id\":\"https:\\\/\\\/marktxxl.de\\\/markt\\\/produkt\\\/kinderwagen-haken-braun-von-baby-uma-taschenhalter-kinderwagen-leder-premium-style\\\/#breadcrumb\"},\"inLanguage\":\"de\",\"potentialAction\":[{\"@type\":\"ReadAction\",\"target\":[\"https:\\\/\\\/marktxxl.de\\\/markt\\\/produkt\\\/kinderwagen-haken-braun-von-baby-uma-taschenhalter-kinderwagen-leder-premium-style\\\/\"]}]},{\"@type\":\"ImageObject\",\"inLanguage\":\"de\",\"@id\":\"https:\\\/\\\/marktxxl.de\\\/markt\\\/produkt\\\/kinderwagen-haken-braun-von-baby-uma-taschenhalter-kinderwagen-leder-premium-style\\\/#primaryimage\",\"url\":\"https:\\\/\\\/m.media-amazon.com\\\/images\\\/I\\\/41W3WxO40OS._SL500_.jpg\",\"contentUrl\":\"https:\\\/\\\/m.media-amazon.com\\\/images\\\/I\\\/41W3WxO40OS._SL500_.jpg\",\"width\":500,\"height\":500},{\"@type\":\"BreadcrumbList\",\"@id\":\"https:\\\/\\\/marktxxl.de\\\/markt\\\/produkt\\\/kinderwagen-haken-braun-von-baby-uma-taschenhalter-kinderwagen-leder-premium-style\\\/#breadcrumb\",\"itemListElement\":[{\"@type\":\"ListItem\",\"position\":1,\"name\":\"Startseite\",\"item\":\"https:\\\/\\\/marktxxl.de\\\/markt\\\/\"},{\"@type\":\"ListItem\",\"position\":2,\"name\":\"Markt\",\"item\":\"https:\\\/\\\/marktxxl.de\\\/markt\\\/\"},{\"@type\":\"ListItem\",\"position\":3,\"name\":\"Lederoptik Kinderwagen Haken f\u00fcr Wickeltaschen &#8211; Braune Kinderwagenhaken Taschenhaken &#8211; Anh\u00e4nger f\u00fcr Kinderwagen in\u2026\"}]},{\"@type\":\"WebSite\",\"@id\":\"https:\\\/\\\/marktxxl.de\\\/markt\\\/#website\",\"url\":\"https:\\\/\\\/marktxxl.de\\\/markt\\\/\",\"name\":\"Markt-XXL\",\"description\":\"Ihr Markt Online\",\"publisher\":{\"@id\":\"https:\\\/\\\/marktxxl.de\\\/markt\\\/#organization\"},\"potentialAction\":[{\"@type\":\"SearchAction\",\"target\":{\"@type\":\"EntryPoint\",\"urlTemplate\":\"https:\\\/\\\/marktxxl.de\\\/markt\\\/?s={search_term_string}\"},\"query-input\":{\"@type\":\"PropertyValueSpecification\",\"valueRequired\":true,\"valueName\":\"search_term_string\"}}],\"inLanguage\":\"de\"},{\"@type\":\"Organization\",\"@id\":\"https:\\\/\\\/marktxxl.de\\\/markt\\\/#organization\",\"name\":\"Markt-XXL\",\"url\":\"https:\\\/\\\/marktxxl.de\\\/markt\\\/\",\"logo\":{\"@type\":\"ImageObject\",\"inLanguage\":\"de\",\"@id\":\"https:\\\/\\\/marktxxl.de\\\/markt\\\/#\\\/schema\\\/logo\\\/image\\\/\",\"url\":\"https:\\\/\\\/marktxxl.de\\\/markt\\\/wp-content\\\/uploads\\\/sites\\\/3\\\/2020\\\/12\\\/logo.png\",\"contentUrl\":\"https:\\\/\\\/marktxxl.de\\\/markt\\\/wp-content\\\/uploads\\\/sites\\\/3\\\/2020\\\/12\\\/logo.png\",\"width\":200,\"height\":70,\"caption\":\"Markt-XXL\"},\"image\":{\"@id\":\"https:\\\/\\\/marktxxl.de\\\/markt\\\/#\\\/schema\\\/logo\\\/image\\\/\"}}]}<\/script>\n<!-- \/ Yoast SEO plugin. -->","yoast_head_json":{"title":"Lederoptik Kinderwagen Haken f\u00fcr Wickeltaschen - Braune Kinderwagenhaken Taschenhaken - Anh\u00e4nger f\u00fcr Kinderwagen in\u2026 - Markt-XXL","description":"Markt-XXL Lederoptik Kinderwagen Haken f\u00fcr Wickeltaschen - Braune Kinderwagenhaken Taschenhaken - Anh\u00e4nger f\u00fcr Kinderwagen in\u2026","robots":{"index":"index","follow":"follow","max-snippet":"max-snippet:-1","max-image-preview":"max-image-preview:large","max-video-preview":"max-video-preview:-1"},"canonical":"https:\/\/marktxxl.de\/markt\/produkt\/kinderwagen-haken-braun-von-baby-uma-taschenhalter-kinderwagen-leder-premium-style\/","og_locale":"de_DE","og_type":"article","og_title":"Lederoptik Kinderwagen Haken f\u00fcr Wickeltaschen - Braune Kinderwagenhaken Taschenhaken - Anh\u00e4nger f\u00fcr Kinderwagen in\u2026 - Markt-XXL","og_description":"Markt-XXL Lederoptik Kinderwagen Haken f\u00fcr Wickeltaschen - Braune Kinderwagenhaken Taschenhaken - Anh\u00e4nger f\u00fcr Kinderwagen in\u2026","og_url":"https:\/\/marktxxl.de\/markt\/produkt\/kinderwagen-haken-braun-von-baby-uma-taschenhalter-kinderwagen-leder-premium-style\/","og_site_name":"Markt-XXL","article_modified_time":"2023-04-11T01:23:15+00:00","og_image":[{"width":500,"height":500,"url":"https:\/\/m.media-amazon.com\/images\/I\/41W3WxO40OS._SL500_.jpg","type":"image\/jpeg"}],"twitter_card":"summary_large_image","twitter_misc":{"Gesch\u00e4tzte Lesezeit":"2\u00a0Minuten"},"schema":{"@context":"https:\/\/schema.org","@graph":[{"@type":"WebPage","@id":"https:\/\/marktxxl.de\/markt\/produkt\/kinderwagen-haken-braun-von-baby-uma-taschenhalter-kinderwagen-leder-premium-style\/","url":"https:\/\/marktxxl.de\/markt\/produkt\/kinderwagen-haken-braun-von-baby-uma-taschenhalter-kinderwagen-leder-premium-style\/","name":"Lederoptik Kinderwagen Haken f\u00fcr Wickeltaschen - Braune Kinderwagenhaken Taschenhaken - Anh\u00e4nger f\u00fcr Kinderwagen in\u2026 - Markt-XXL","isPartOf":{"@id":"https:\/\/marktxxl.de\/markt\/#website"},"primaryImageOfPage":{"@id":"https:\/\/marktxxl.de\/markt\/produkt\/kinderwagen-haken-braun-von-baby-uma-taschenhalter-kinderwagen-leder-premium-style\/#primaryimage"},"image":{"@id":"https:\/\/marktxxl.de\/markt\/produkt\/kinderwagen-haken-braun-von-baby-uma-taschenhalter-kinderwagen-leder-premium-style\/#primaryimage"},"thumbnailUrl":"https:\/\/m.media-amazon.com\/images\/I\/41W3WxO40OS._SL500_.jpg","datePublished":"2022-01-27T15:20:14+00:00","dateModified":"2023-04-11T01:23:15+00:00","description":"Markt-XXL Lederoptik Kinderwagen Haken f\u00fcr Wickeltaschen - Braune Kinderwagenhaken Taschenhaken - Anh\u00e4nger f\u00fcr Kinderwagen in\u2026","breadcrumb":{"@id":"https:\/\/marktxxl.de\/markt\/produkt\/kinderwagen-haken-braun-von-baby-uma-taschenhalter-kinderwagen-leder-premium-style\/#breadcrumb"},"inLanguage":"de","potentialAction":[{"@type":"ReadAction","target":["https:\/\/marktxxl.de\/markt\/produkt\/kinderwagen-haken-braun-von-baby-uma-taschenhalter-kinderwagen-leder-premium-style\/"]}]},{"@type":"ImageObject","inLanguage":"de","@id":"https:\/\/marktxxl.de\/markt\/produkt\/kinderwagen-haken-braun-von-baby-uma-taschenhalter-kinderwagen-leder-premium-style\/#primaryimage","url":"https:\/\/m.media-amazon.com\/images\/I\/41W3WxO40OS._SL500_.jpg","contentUrl":"https:\/\/m.media-amazon.com\/images\/I\/41W3WxO40OS._SL500_.jpg","width":500,"height":500},{"@type":"BreadcrumbList","@id":"https:\/\/marktxxl.de\/markt\/produkt\/kinderwagen-haken-braun-von-baby-uma-taschenhalter-kinderwagen-leder-premium-style\/#breadcrumb","itemListElement":[{"@type":"ListItem","position":1,"name":"Startseite","item":"https:\/\/marktxxl.de\/markt\/"},{"@type":"ListItem","position":2,"name":"Markt","item":"https:\/\/marktxxl.de\/markt\/"},{"@type":"ListItem","position":3,"name":"Lederoptik Kinderwagen Haken f\u00fcr Wickeltaschen &#8211; Braune Kinderwagenhaken Taschenhaken &#8211; Anh\u00e4nger f\u00fcr Kinderwagen in\u2026"}]},{"@type":"WebSite","@id":"https:\/\/marktxxl.de\/markt\/#website","url":"https:\/\/marktxxl.de\/markt\/","name":"Markt-XXL","description":"Ihr Markt Online","publisher":{"@id":"https:\/\/marktxxl.de\/markt\/#organization"},"potentialAction":[{"@type":"SearchAction","target":{"@type":"EntryPoint","urlTemplate":"https:\/\/marktxxl.de\/markt\/?s={search_term_string}"},"query-input":{"@type":"PropertyValueSpecification","valueRequired":true,"valueName":"search_term_string"}}],"inLanguage":"de"},{"@type":"Organization","@id":"https:\/\/marktxxl.de\/markt\/#organization","name":"Markt-XXL","url":"https:\/\/marktxxl.de\/markt\/","logo":{"@type":"ImageObject","inLanguage":"de","@id":"https:\/\/marktxxl.de\/markt\/#\/schema\/logo\/image\/","url":"https:\/\/marktxxl.de\/markt\/wp-content\/uploads\/sites\/3\/2020\/12\/logo.png","contentUrl":"https:\/\/marktxxl.de\/markt\/wp-content\/uploads\/sites\/3\/2020\/12\/logo.png","width":200,"height":70,"caption":"Markt-XXL"},"image":{"@id":"https:\/\/marktxxl.de\/markt\/#\/schema\/logo\/image\/"}}]}},"_links":{"self":[{"href":"https:\/\/marktxxl.de\/markt\/wp-json\/wp\/v2\/product\/100272","targetHints":{"allow":["GET"]}}],"collection":[{"href":"https:\/\/marktxxl.de\/markt\/wp-json\/wp\/v2\/product"}],"about":[{"href":"https:\/\/marktxxl.de\/markt\/wp-json\/wp\/v2\/types\/product"}],"replies":[{"embeddable":true,"href":"https:\/\/marktxxl.de\/markt\/wp-json\/wp\/v2\/comments?post=100272"}],"wp:featuredmedia":[{"embeddable":true,"href":"https:\/\/marktxxl.de\/markt\/wp-json\/wp\/v2\/media\/100273"}],"wp:attachment":[{"href":"https:\/\/marktxxl.de\/markt\/wp-json\/wp\/v2\/media?parent=100272"}],"wp:term":[{"taxonomy":"product_brand","embeddable":true,"href":"https:\/\/marktxxl.de\/markt\/wp-json\/wp\/v2\/product_brand?post=100272"},{"taxonomy":"product_cat","embeddable":true,"href":"https:\/\/marktxxl.de\/markt\/wp-json\/wp\/v2\/product_cat?post=100272"},{"taxonomy":"product_tag","embeddable":true,"href":"https:\/\/marktxxl.de\/markt\/wp-json\/wp\/v2\/product_tag?post=100272"}],"curies":[{"name":"wp","href":"https:\/\/api.w.org\/{rel}","templated":true}]}}