{"id":100062,"date":"2022-01-27T16:13:02","date_gmt":"2022-01-27T15:13:02","guid":{"rendered":"https:\/\/marktxxl.de\/markt\/produkt\/leitz-50081023-locher-30-blatt-anschlagschiene-mit-formatvorgaben-metall-wow-metallic-gruen\/"},"modified":"2023-04-11T03:23:13","modified_gmt":"2023-04-11T01:23:13","slug":"leitz-50081023-locher-30-blatt-anschlagschiene-mit-formatvorgaben-metall-wow-metallic-gruen","status":"publish","type":"product","link":"https:\/\/marktxxl.de\/markt\/produkt\/leitz-50081023-locher-30-blatt-anschlagschiene-mit-formatvorgaben-metall-wow-metallic-gruen\/","title":{"rendered":"Leitz 50081023 Locher (30 Blatt, Anschlagschiene mit Formatvorgaben, Metall, WOW) metallic gr\u00fcn"},"content":{"rendered":"<p>Locher in Metallic Gr\u00fcn f\u00fcr bis zu 30 Blatt (80g\/m\u00b2), F\u00fcr Zuhause oder im B\u00fcro, Papierformate (A4, A5, A6, Folio, US-Quart) und 4-fach-Lochung mit Anschlagschiene auf 888<br \/>\nLochen bis zu 30 Blatt, Lochabstand 8 cm, Lochdurchmesser (5,5 mm), Hochwertige, scharfe Lochstempel, Passt in fast jede Schublade<br \/>\nLieferumfang: 1 Leitz Locher, WOW, Metallic Eisblau, 50081051, Abmessungen BxHxT 107 x 100 x 137 mm, 2-fach Locher<br \/>\nLocht bis zu 30 Blatt (80 g\/m\u00b2 Papier)<br \/>\nGriffmulde und sch\u00e4rfere Lochstempel verringern den Kraftbedarf<br \/>\nKlar erkennbare Formatangaben und sicher einrastende Anschlagschiene sorgen f\u00fcr eine saubere und b\u00fcndige Papierablage<br \/>\nGeben Sie Ihrem Arbeitsplatz mit diesen Produkten in auffallenden und modischen Farben einen WOW Effekt; Einfach zu entleerender, aufklappbarer Abfallkasten<br \/>\nLieferumfang: Leitz 50081064 NeXXt Series B\u00fcrolocher gr\u00fcn metallic<br \/>\n<div class=\"main-cross-sell\" data-asin=\"B004I2I8P0\">\n\n\t<div class=\"WooZone-cross-sell-loader\">\n\t\t<div>\n\t\t\t<div id=\"floatingBarsG\">\n\t\t\t\t<div class=\"blockG\" id=\"rotateG_01\"><\/div>\n\t\t\t\t<div class=\"blockG\" id=\"rotateG_02\"><\/div>\n\t\t\t\t<div class=\"blockG\" id=\"rotateG_03\"><\/div>\n\t\t\t\t<div class=\"blockG\" id=\"rotateG_04\"><\/div>\n\t\t\t\t<div class=\"blockG\" id=\"rotateG_05\"><\/div>\n\t\t\t\t<div class=\"blockG\" id=\"rotateG_06\"><\/div>\n\t\t\t\t<div class=\"blockG\" id=\"rotateG_07\"><\/div>\n\t\t\t\t<div class=\"blockG\" id=\"rotateG_08\"><\/div>\n\t\t\t<\/div>\n\t\t\t<div class=\"WooZone-cross-sell-loader-text\"><\/div>\n\t\t<\/div>\n\t<\/div>\n\n\t\t\n<\/div>\n<div style=\"clear:both;\"><\/div><\/p>\n","protected":false},"excerpt":{"rendered":"<p>Locher in Metallic Gr\u00fcn f\u00fcr bis zu 30 Blatt (80g\/m\u00b2), F\u00fcr Zuhause oder im B\u00fcro, Papierformate (A4, A5, A6, Folio, US-Quart) und 4-fach-Lochung mit Anschlagschiene auf 888<br \/>\nLochen bis zu 30 Blatt, Lochabstand 8 cm, Lochdurchmesser (5,5 mm), Hochwertige, scharfe Lochstempel, Passt in fast jede Schublade<br \/>\nLieferumfang: 1 Leitz Locher, WOW, Metallic Eisblau, 50081051, Abmessungen BxHxT 107 x 100 x 137 mm, 2-fach Locher<\/p>\n","protected":false},"featured_media":100063,"comment_status":"open","ping_status":"closed","template":"","meta":[],"product_brand":[],"product_cat":[504,8284],"product_tag":[],"class_list":{"0":"post-100062","1":"product","2":"type-product","3":"status-publish","4":"has-post-thumbnail","6":"product_cat-buerobedarf-schreibwaren","7":"product_cat-bueromaterial","8":"pa_binding-buerobedarf-schreibwaren","9":"pa_brand-leitz","10":"pa_color-hellgruen","11":"pa_height-2-7952755877-zoll","12":"pa_length-8-7007873927-zoll","13":"pa_manufacturer-esselte-leitz","14":"pa_model-30852","15":"pa_weight-0-83334735036-pfund","16":"pa_width-6-3385826707-zoll","18":"first","19":"instock","20":"shipping-taxable","21":"purchasable","22":"product-type-simple","23":"customify-col","24":"product-has-gallery"},"yoast_head":"<!-- This site is optimized with the Yoast SEO plugin v27.4 - https:\/\/yoast.com\/product\/yoast-seo-wordpress\/ -->\n<title>Leitz 50081023 Locher (30 Blatt, Anschlagschiene mit Formatvorgaben, Metall, WOW) metallic gr\u00fcn - Markt-XXL<\/title>\n<meta name=\"description\" content=\"Markt-XXL Leitz 50081023 Locher (30 Blatt, Anschlagschiene mit Formatvorgaben, Metall, WOW) metallic gr\u00fcn\" \/>\n<meta name=\"robots\" content=\"index, follow, max-snippet:-1, max-image-preview:large, max-video-preview:-1\" \/>\n<link rel=\"canonical\" href=\"https:\/\/marktxxl.de\/markt\/produkt\/leitz-50081023-locher-30-blatt-anschlagschiene-mit-formatvorgaben-metall-wow-metallic-gruen\/\" \/>\n<meta property=\"og:locale\" content=\"de_DE\" \/>\n<meta property=\"og:type\" content=\"article\" \/>\n<meta property=\"og:title\" content=\"Leitz 50081023 Locher (30 Blatt, Anschlagschiene mit Formatvorgaben, Metall, WOW) metallic gr\u00fcn - Markt-XXL\" \/>\n<meta property=\"og:description\" content=\"Markt-XXL Leitz 50081023 Locher (30 Blatt, Anschlagschiene mit Formatvorgaben, Metall, WOW) metallic gr\u00fcn\" \/>\n<meta property=\"og:url\" content=\"https:\/\/marktxxl.de\/markt\/produkt\/leitz-50081023-locher-30-blatt-anschlagschiene-mit-formatvorgaben-metall-wow-metallic-gruen\/\" \/>\n<meta property=\"og:site_name\" content=\"Markt-XXL\" \/>\n<meta property=\"article:modified_time\" content=\"2023-04-11T01:23:13+00:00\" \/>\n<meta property=\"og:image\" content=\"https:\/\/m.media-amazon.com\/images\/I\/51NJBG7tRmL._SL500_.jpg\" \/>\n\t<meta property=\"og:image:width\" content=\"494\" \/>\n\t<meta property=\"og:image:height\" content=\"500\" \/>\n\t<meta property=\"og:image:type\" content=\"image\/jpeg\" \/>\n<meta name=\"twitter:card\" content=\"summary_large_image\" \/>\n<meta name=\"twitter:label1\" content=\"Gesch\u00e4tzte Lesezeit\" \/>\n\t<meta name=\"twitter:data1\" content=\"1\u00a0Minute\" \/>\n<script type=\"application\/ld+json\" class=\"yoast-schema-graph\">{\"@context\":\"https:\\\/\\\/schema.org\",\"@graph\":[{\"@type\":\"WebPage\",\"@id\":\"https:\\\/\\\/marktxxl.de\\\/markt\\\/produkt\\\/leitz-50081023-locher-30-blatt-anschlagschiene-mit-formatvorgaben-metall-wow-metallic-gruen\\\/\",\"url\":\"https:\\\/\\\/marktxxl.de\\\/markt\\\/produkt\\\/leitz-50081023-locher-30-blatt-anschlagschiene-mit-formatvorgaben-metall-wow-metallic-gruen\\\/\",\"name\":\"Leitz 50081023 Locher (30 Blatt, Anschlagschiene mit Formatvorgaben, Metall, WOW) metallic gr\u00fcn - Markt-XXL\",\"isPartOf\":{\"@id\":\"https:\\\/\\\/marktxxl.de\\\/markt\\\/#website\"},\"primaryImageOfPage\":{\"@id\":\"https:\\\/\\\/marktxxl.de\\\/markt\\\/produkt\\\/leitz-50081023-locher-30-blatt-anschlagschiene-mit-formatvorgaben-metall-wow-metallic-gruen\\\/#primaryimage\"},\"image\":{\"@id\":\"https:\\\/\\\/marktxxl.de\\\/markt\\\/produkt\\\/leitz-50081023-locher-30-blatt-anschlagschiene-mit-formatvorgaben-metall-wow-metallic-gruen\\\/#primaryimage\"},\"thumbnailUrl\":\"https:\\\/\\\/m.media-amazon.com\\\/images\\\/I\\\/51NJBG7tRmL._SL500_.jpg\",\"datePublished\":\"2022-01-27T15:13:02+00:00\",\"dateModified\":\"2023-04-11T01:23:13+00:00\",\"description\":\"Markt-XXL Leitz 50081023 Locher (30 Blatt, Anschlagschiene mit Formatvorgaben, Metall, WOW) metallic gr\u00fcn\",\"breadcrumb\":{\"@id\":\"https:\\\/\\\/marktxxl.de\\\/markt\\\/produkt\\\/leitz-50081023-locher-30-blatt-anschlagschiene-mit-formatvorgaben-metall-wow-metallic-gruen\\\/#breadcrumb\"},\"inLanguage\":\"de\",\"potentialAction\":[{\"@type\":\"ReadAction\",\"target\":[\"https:\\\/\\\/marktxxl.de\\\/markt\\\/produkt\\\/leitz-50081023-locher-30-blatt-anschlagschiene-mit-formatvorgaben-metall-wow-metallic-gruen\\\/\"]}]},{\"@type\":\"ImageObject\",\"inLanguage\":\"de\",\"@id\":\"https:\\\/\\\/marktxxl.de\\\/markt\\\/produkt\\\/leitz-50081023-locher-30-blatt-anschlagschiene-mit-formatvorgaben-metall-wow-metallic-gruen\\\/#primaryimage\",\"url\":\"https:\\\/\\\/m.media-amazon.com\\\/images\\\/I\\\/51NJBG7tRmL._SL500_.jpg\",\"contentUrl\":\"https:\\\/\\\/m.media-amazon.com\\\/images\\\/I\\\/51NJBG7tRmL._SL500_.jpg\",\"width\":494,\"height\":500},{\"@type\":\"BreadcrumbList\",\"@id\":\"https:\\\/\\\/marktxxl.de\\\/markt\\\/produkt\\\/leitz-50081023-locher-30-blatt-anschlagschiene-mit-formatvorgaben-metall-wow-metallic-gruen\\\/#breadcrumb\",\"itemListElement\":[{\"@type\":\"ListItem\",\"position\":1,\"name\":\"Startseite\",\"item\":\"https:\\\/\\\/marktxxl.de\\\/markt\\\/\"},{\"@type\":\"ListItem\",\"position\":2,\"name\":\"Markt\",\"item\":\"https:\\\/\\\/marktxxl.de\\\/markt\\\/\"},{\"@type\":\"ListItem\",\"position\":3,\"name\":\"Leitz 50081023 Locher (30 Blatt, Anschlagschiene mit Formatvorgaben, Metall, WOW) metallic gr\u00fcn\"}]},{\"@type\":\"WebSite\",\"@id\":\"https:\\\/\\\/marktxxl.de\\\/markt\\\/#website\",\"url\":\"https:\\\/\\\/marktxxl.de\\\/markt\\\/\",\"name\":\"Markt-XXL\",\"description\":\"Ihr Markt Online\",\"publisher\":{\"@id\":\"https:\\\/\\\/marktxxl.de\\\/markt\\\/#organization\"},\"potentialAction\":[{\"@type\":\"SearchAction\",\"target\":{\"@type\":\"EntryPoint\",\"urlTemplate\":\"https:\\\/\\\/marktxxl.de\\\/markt\\\/?s={search_term_string}\"},\"query-input\":{\"@type\":\"PropertyValueSpecification\",\"valueRequired\":true,\"valueName\":\"search_term_string\"}}],\"inLanguage\":\"de\"},{\"@type\":\"Organization\",\"@id\":\"https:\\\/\\\/marktxxl.de\\\/markt\\\/#organization\",\"name\":\"Markt-XXL\",\"url\":\"https:\\\/\\\/marktxxl.de\\\/markt\\\/\",\"logo\":{\"@type\":\"ImageObject\",\"inLanguage\":\"de\",\"@id\":\"https:\\\/\\\/marktxxl.de\\\/markt\\\/#\\\/schema\\\/logo\\\/image\\\/\",\"url\":\"https:\\\/\\\/marktxxl.de\\\/markt\\\/wp-content\\\/uploads\\\/sites\\\/3\\\/2020\\\/12\\\/logo.png\",\"contentUrl\":\"https:\\\/\\\/marktxxl.de\\\/markt\\\/wp-content\\\/uploads\\\/sites\\\/3\\\/2020\\\/12\\\/logo.png\",\"width\":200,\"height\":70,\"caption\":\"Markt-XXL\"},\"image\":{\"@id\":\"https:\\\/\\\/marktxxl.de\\\/markt\\\/#\\\/schema\\\/logo\\\/image\\\/\"}}]}<\/script>\n<!-- \/ Yoast SEO plugin. -->","yoast_head_json":{"title":"Leitz 50081023 Locher (30 Blatt, Anschlagschiene mit Formatvorgaben, Metall, WOW) metallic gr\u00fcn - Markt-XXL","description":"Markt-XXL Leitz 50081023 Locher (30 Blatt, Anschlagschiene mit Formatvorgaben, Metall, WOW) metallic gr\u00fcn","robots":{"index":"index","follow":"follow","max-snippet":"max-snippet:-1","max-image-preview":"max-image-preview:large","max-video-preview":"max-video-preview:-1"},"canonical":"https:\/\/marktxxl.de\/markt\/produkt\/leitz-50081023-locher-30-blatt-anschlagschiene-mit-formatvorgaben-metall-wow-metallic-gruen\/","og_locale":"de_DE","og_type":"article","og_title":"Leitz 50081023 Locher (30 Blatt, Anschlagschiene mit Formatvorgaben, Metall, WOW) metallic gr\u00fcn - Markt-XXL","og_description":"Markt-XXL Leitz 50081023 Locher (30 Blatt, Anschlagschiene mit Formatvorgaben, Metall, WOW) metallic gr\u00fcn","og_url":"https:\/\/marktxxl.de\/markt\/produkt\/leitz-50081023-locher-30-blatt-anschlagschiene-mit-formatvorgaben-metall-wow-metallic-gruen\/","og_site_name":"Markt-XXL","article_modified_time":"2023-04-11T01:23:13+00:00","og_image":[{"width":494,"height":500,"url":"https:\/\/m.media-amazon.com\/images\/I\/51NJBG7tRmL._SL500_.jpg","type":"image\/jpeg"}],"twitter_card":"summary_large_image","twitter_misc":{"Gesch\u00e4tzte Lesezeit":"1\u00a0Minute"},"schema":{"@context":"https:\/\/schema.org","@graph":[{"@type":"WebPage","@id":"https:\/\/marktxxl.de\/markt\/produkt\/leitz-50081023-locher-30-blatt-anschlagschiene-mit-formatvorgaben-metall-wow-metallic-gruen\/","url":"https:\/\/marktxxl.de\/markt\/produkt\/leitz-50081023-locher-30-blatt-anschlagschiene-mit-formatvorgaben-metall-wow-metallic-gruen\/","name":"Leitz 50081023 Locher (30 Blatt, Anschlagschiene mit Formatvorgaben, Metall, WOW) metallic gr\u00fcn - Markt-XXL","isPartOf":{"@id":"https:\/\/marktxxl.de\/markt\/#website"},"primaryImageOfPage":{"@id":"https:\/\/marktxxl.de\/markt\/produkt\/leitz-50081023-locher-30-blatt-anschlagschiene-mit-formatvorgaben-metall-wow-metallic-gruen\/#primaryimage"},"image":{"@id":"https:\/\/marktxxl.de\/markt\/produkt\/leitz-50081023-locher-30-blatt-anschlagschiene-mit-formatvorgaben-metall-wow-metallic-gruen\/#primaryimage"},"thumbnailUrl":"https:\/\/m.media-amazon.com\/images\/I\/51NJBG7tRmL._SL500_.jpg","datePublished":"2022-01-27T15:13:02+00:00","dateModified":"2023-04-11T01:23:13+00:00","description":"Markt-XXL Leitz 50081023 Locher (30 Blatt, Anschlagschiene mit Formatvorgaben, Metall, WOW) metallic gr\u00fcn","breadcrumb":{"@id":"https:\/\/marktxxl.de\/markt\/produkt\/leitz-50081023-locher-30-blatt-anschlagschiene-mit-formatvorgaben-metall-wow-metallic-gruen\/#breadcrumb"},"inLanguage":"de","potentialAction":[{"@type":"ReadAction","target":["https:\/\/marktxxl.de\/markt\/produkt\/leitz-50081023-locher-30-blatt-anschlagschiene-mit-formatvorgaben-metall-wow-metallic-gruen\/"]}]},{"@type":"ImageObject","inLanguage":"de","@id":"https:\/\/marktxxl.de\/markt\/produkt\/leitz-50081023-locher-30-blatt-anschlagschiene-mit-formatvorgaben-metall-wow-metallic-gruen\/#primaryimage","url":"https:\/\/m.media-amazon.com\/images\/I\/51NJBG7tRmL._SL500_.jpg","contentUrl":"https:\/\/m.media-amazon.com\/images\/I\/51NJBG7tRmL._SL500_.jpg","width":494,"height":500},{"@type":"BreadcrumbList","@id":"https:\/\/marktxxl.de\/markt\/produkt\/leitz-50081023-locher-30-blatt-anschlagschiene-mit-formatvorgaben-metall-wow-metallic-gruen\/#breadcrumb","itemListElement":[{"@type":"ListItem","position":1,"name":"Startseite","item":"https:\/\/marktxxl.de\/markt\/"},{"@type":"ListItem","position":2,"name":"Markt","item":"https:\/\/marktxxl.de\/markt\/"},{"@type":"ListItem","position":3,"name":"Leitz 50081023 Locher (30 Blatt, Anschlagschiene mit Formatvorgaben, Metall, WOW) metallic gr\u00fcn"}]},{"@type":"WebSite","@id":"https:\/\/marktxxl.de\/markt\/#website","url":"https:\/\/marktxxl.de\/markt\/","name":"Markt-XXL","description":"Ihr Markt Online","publisher":{"@id":"https:\/\/marktxxl.de\/markt\/#organization"},"potentialAction":[{"@type":"SearchAction","target":{"@type":"EntryPoint","urlTemplate":"https:\/\/marktxxl.de\/markt\/?s={search_term_string}"},"query-input":{"@type":"PropertyValueSpecification","valueRequired":true,"valueName":"search_term_string"}}],"inLanguage":"de"},{"@type":"Organization","@id":"https:\/\/marktxxl.de\/markt\/#organization","name":"Markt-XXL","url":"https:\/\/marktxxl.de\/markt\/","logo":{"@type":"ImageObject","inLanguage":"de","@id":"https:\/\/marktxxl.de\/markt\/#\/schema\/logo\/image\/","url":"https:\/\/marktxxl.de\/markt\/wp-content\/uploads\/sites\/3\/2020\/12\/logo.png","contentUrl":"https:\/\/marktxxl.de\/markt\/wp-content\/uploads\/sites\/3\/2020\/12\/logo.png","width":200,"height":70,"caption":"Markt-XXL"},"image":{"@id":"https:\/\/marktxxl.de\/markt\/#\/schema\/logo\/image\/"}}]}},"_links":{"self":[{"href":"https:\/\/marktxxl.de\/markt\/wp-json\/wp\/v2\/product\/100062","targetHints":{"allow":["GET"]}}],"collection":[{"href":"https:\/\/marktxxl.de\/markt\/wp-json\/wp\/v2\/product"}],"about":[{"href":"https:\/\/marktxxl.de\/markt\/wp-json\/wp\/v2\/types\/product"}],"replies":[{"embeddable":true,"href":"https:\/\/marktxxl.de\/markt\/wp-json\/wp\/v2\/comments?post=100062"}],"wp:featuredmedia":[{"embeddable":true,"href":"https:\/\/marktxxl.de\/markt\/wp-json\/wp\/v2\/media\/100063"}],"wp:attachment":[{"href":"https:\/\/marktxxl.de\/markt\/wp-json\/wp\/v2\/media?parent=100062"}],"wp:term":[{"taxonomy":"product_brand","embeddable":true,"href":"https:\/\/marktxxl.de\/markt\/wp-json\/wp\/v2\/product_brand?post=100062"},{"taxonomy":"product_cat","embeddable":true,"href":"https:\/\/marktxxl.de\/markt\/wp-json\/wp\/v2\/product_cat?post=100062"},{"taxonomy":"product_tag","embeddable":true,"href":"https:\/\/marktxxl.de\/markt\/wp-json\/wp\/v2\/product_tag?post=100062"}],"curies":[{"name":"wp","href":"https:\/\/api.w.org\/{rel}","templated":true}]}}