{"id":100040,"date":"2022-01-27T16:10:32","date_gmt":"2022-01-27T15:10:32","guid":{"rendered":"https:\/\/marktxxl.de\/markt\/produkt\/loriot-buchstuetze-herr-im-sessel-14-cm-ca-1-kg-67521-buero-geschenke-weihnachtliches-objekte\/"},"modified":"2023-04-11T03:23:12","modified_gmt":"2023-04-11T01:23:12","slug":"loriot-buchstuetze-herr-im-sessel-14-cm-ca-1-kg-67521-buero-geschenke-weihnachtliches-objekte","status":"publish","type":"product","link":"https:\/\/marktxxl.de\/markt\/produkt\/loriot-buchstuetze-herr-im-sessel-14-cm-ca-1-kg-67521-buero-geschenke-weihnachtliches-objekte\/","title":{"rendered":"Loriot Buchst\u00fctze\u00a0&#8221;Herr im Sessel&#8221;\u00a014 cm, ca. 1 kg \u2022 67521 \u2022 B\u00fcro \u2022 Geschenke \u2022 Weihnachtliches \u2022 Objekte"},"content":{"rendered":"<p>Loriot Buchst\u00fctze (11 x 11 cm) ++ Motiv: &#8221;Herr im Sessel&#8221; ++ Der Spa\u00df f\u00fcr die ganze Familie, das in jedes Spieleregal geh\u00f6rt \u2013 f\u00fcr Loriot-Fans und solche, die es werden m\u00f6chten. Es ist handlich verpackt und somit auch f\u00fcr das Spielen unterwegs, auf Reisen und Ausfl\u00fcgen, geeignet.<br \/>\nAugenweide, handbemalt, 1 kg schwer und 14 cm hoch, mit rutschfestem Filzboden. H\u00e4lt auch dicke W\u00e4lzer an ihrem Regalplatz.<br \/>\nDies ist ein Produkt des Berliner Postkarten-Verlags Inkognito, der sich mit seinem Sortiment dem Schwerpunkt Kunst, Humor und Satire verschrieben hat.<br \/>\nInkognito bietet klassische und ausgefallene Formate an Gru\u00dfkarten f\u00fcr s\u00e4mtliche Anl\u00e4sse und Gelegenheiten sowie ein eigenwilliges, oft &#8221;schr\u00e4ges&#8221; Geschenkartikel-Sortiment.<br \/>\nViele bekannte Zeichner, Illustratoren und Cartoonisten zeichnen und witzeln zum Teil seit Jahren f\u00fcr Inkognito und sorgen daf\u00fcr, dass das Sortiment immerzu frisch und aktuell ist. Und einiges zu Klassikern wird, wie z.B. die Zitruspresse mit Angela Merkel oder die Schweinelampe, bekannt aus dem Kultfilm &#8221;Die fabelhafte Welt der Am\u00e9lie&#8221;.<br \/>\n<div class=\"main-cross-sell\" data-asin=\"B000RL8FO0\">\n\n\t<div class=\"WooZone-cross-sell-loader\">\n\t\t<div>\n\t\t\t<div id=\"floatingBarsG\">\n\t\t\t\t<div class=\"blockG\" id=\"rotateG_01\"><\/div>\n\t\t\t\t<div class=\"blockG\" id=\"rotateG_02\"><\/div>\n\t\t\t\t<div class=\"blockG\" id=\"rotateG_03\"><\/div>\n\t\t\t\t<div class=\"blockG\" id=\"rotateG_04\"><\/div>\n\t\t\t\t<div class=\"blockG\" id=\"rotateG_05\"><\/div>\n\t\t\t\t<div class=\"blockG\" id=\"rotateG_06\"><\/div>\n\t\t\t\t<div class=\"blockG\" id=\"rotateG_07\"><\/div>\n\t\t\t\t<div class=\"blockG\" id=\"rotateG_08\"><\/div>\n\t\t\t<\/div>\n\t\t\t<div class=\"WooZone-cross-sell-loader-text\"><\/div>\n\t\t<\/div>\n\t<\/div>\n\n\t\t\n<\/div>\n<div style=\"clear:both;\"><\/div><\/p>\n","protected":false},"excerpt":{"rendered":"<p>Loriot Buchst\u00fctze (11 x 11 cm) ++ Motiv: &#8221;Herr im Sessel&#8221; ++ Der Spa\u00df f\u00fcr die ganze Familie, das in jedes Spieleregal geh\u00f6rt \u2013 f\u00fcr Loriot-Fans und solche, die es werden m\u00f6chten. Es ist handlich verpackt und somit auch f\u00fcr das Spielen unterwegs, auf Reisen und Ausfl\u00fcgen, geeignet.<br \/>\nAugenweide, handbemalt, 1 kg schwer und 14 cm hoch, mit rutschfestem Filzboden. H\u00e4lt auch dicke W\u00e4lzer an ihrem Regalplatz.<br \/>\nDies ist ein Produkt des Berliner Postkarten-Verlags Inkognito, der sich mit seinem Sortiment dem Schwerpunkt Kunst, Humor und Satire verschrieben hat.<\/p>\n","protected":false},"featured_media":100041,"comment_status":"open","ping_status":"closed","template":"","meta":[],"product_brand":[],"product_cat":[504,8284],"product_tag":[],"class_list":{"0":"post-100040","1":"product","2":"type-product","3":"status-publish","4":"has-post-thumbnail","6":"product_cat-buerobedarf-schreibwaren","7":"product_cat-bueromaterial","8":"pa_binding-haushaltswaren","9":"pa_brand-inkognito","10":"pa_color-geschenke","11":"pa_height-6-2992-zoll","12":"pa_length-8-2677-zoll","13":"pa_manufacturer-inkognito-gmbh","14":"pa_model-homme-dans-un-fauteuil","15":"pa_size-11-x-11-x-14-cm-und-990-gr","16":"pa_width-6-49605-zoll","18":"first","19":"instock","20":"shipping-taxable","21":"purchasable","22":"product-type-simple","23":"customify-col","24":"product-has-gallery"},"yoast_head":"<!-- This site is optimized with the Yoast SEO plugin v27.4 - https:\/\/yoast.com\/product\/yoast-seo-wordpress\/ -->\n<title>Loriot Buchst\u00fctze\u00a0&#039;&#039;Herr im Sessel&quot;\u00a014 cm, ca. 1 kg \u2022 67521 \u2022 B\u00fcro \u2022 Geschenke \u2022 Weihnachtliches \u2022 Objekte - Markt-XXL<\/title>\n<meta name=\"description\" content=\"Markt-XXL Loriot Buchst\u00fctze\u00a0&#039;&#039;Herr im Sessel&quot;\u00a014 cm, ca. 1 kg \u2022 67521 \u2022 B\u00fcro \u2022 Geschenke \u2022 Weihnachtliches \u2022 Objekte\" \/>\n<meta name=\"robots\" content=\"index, follow, max-snippet:-1, max-image-preview:large, max-video-preview:-1\" \/>\n<link rel=\"canonical\" href=\"https:\/\/marktxxl.de\/markt\/produkt\/loriot-buchstuetze-herr-im-sessel-14-cm-ca-1-kg-67521-buero-geschenke-weihnachtliches-objekte\/\" \/>\n<meta property=\"og:locale\" content=\"de_DE\" \/>\n<meta property=\"og:type\" content=\"article\" \/>\n<meta property=\"og:title\" content=\"Loriot Buchst\u00fctze\u00a0&#039;&#039;Herr im Sessel&quot;\u00a014 cm, ca. 1 kg \u2022 67521 \u2022 B\u00fcro \u2022 Geschenke \u2022 Weihnachtliches \u2022 Objekte - Markt-XXL\" \/>\n<meta property=\"og:description\" content=\"Markt-XXL Loriot Buchst\u00fctze\u00a0&#039;&#039;Herr im Sessel&quot;\u00a014 cm, ca. 1 kg \u2022 67521 \u2022 B\u00fcro \u2022 Geschenke \u2022 Weihnachtliches \u2022 Objekte\" \/>\n<meta property=\"og:url\" content=\"https:\/\/marktxxl.de\/markt\/produkt\/loriot-buchstuetze-herr-im-sessel-14-cm-ca-1-kg-67521-buero-geschenke-weihnachtliches-objekte\/\" \/>\n<meta property=\"og:site_name\" content=\"Markt-XXL\" \/>\n<meta property=\"article:modified_time\" content=\"2023-04-11T01:23:12+00:00\" \/>\n<meta property=\"og:image\" content=\"https:\/\/m.media-amazon.com\/images\/I\/41rrcK1gkIL._SL500_.jpg\" \/>\n\t<meta property=\"og:image:width\" content=\"448\" \/>\n\t<meta property=\"og:image:height\" content=\"500\" \/>\n\t<meta property=\"og:image:type\" content=\"image\/jpeg\" \/>\n<meta name=\"twitter:card\" content=\"summary_large_image\" \/>\n<meta name=\"twitter:label1\" content=\"Gesch\u00e4tzte Lesezeit\" \/>\n\t<meta name=\"twitter:data1\" content=\"1\u00a0Minute\" \/>\n<script type=\"application\/ld+json\" class=\"yoast-schema-graph\">{\"@context\":\"https:\\\/\\\/schema.org\",\"@graph\":[{\"@type\":\"WebPage\",\"@id\":\"https:\\\/\\\/marktxxl.de\\\/markt\\\/produkt\\\/loriot-buchstuetze-herr-im-sessel-14-cm-ca-1-kg-67521-buero-geschenke-weihnachtliches-objekte\\\/\",\"url\":\"https:\\\/\\\/marktxxl.de\\\/markt\\\/produkt\\\/loriot-buchstuetze-herr-im-sessel-14-cm-ca-1-kg-67521-buero-geschenke-weihnachtliches-objekte\\\/\",\"name\":\"Loriot Buchst\u00fctze\u00a0''Herr im Sessel\\\"\u00a014 cm, ca. 1 kg \u2022 67521 \u2022 B\u00fcro \u2022 Geschenke \u2022 Weihnachtliches \u2022 Objekte - Markt-XXL\",\"isPartOf\":{\"@id\":\"https:\\\/\\\/marktxxl.de\\\/markt\\\/#website\"},\"primaryImageOfPage\":{\"@id\":\"https:\\\/\\\/marktxxl.de\\\/markt\\\/produkt\\\/loriot-buchstuetze-herr-im-sessel-14-cm-ca-1-kg-67521-buero-geschenke-weihnachtliches-objekte\\\/#primaryimage\"},\"image\":{\"@id\":\"https:\\\/\\\/marktxxl.de\\\/markt\\\/produkt\\\/loriot-buchstuetze-herr-im-sessel-14-cm-ca-1-kg-67521-buero-geschenke-weihnachtliches-objekte\\\/#primaryimage\"},\"thumbnailUrl\":\"https:\\\/\\\/m.media-amazon.com\\\/images\\\/I\\\/41rrcK1gkIL._SL500_.jpg\",\"datePublished\":\"2022-01-27T15:10:32+00:00\",\"dateModified\":\"2023-04-11T01:23:12+00:00\",\"description\":\"Markt-XXL Loriot Buchst\u00fctze\u00a0''Herr im Sessel\\\"\u00a014 cm, ca. 1 kg \u2022 67521 \u2022 B\u00fcro \u2022 Geschenke \u2022 Weihnachtliches \u2022 Objekte\",\"breadcrumb\":{\"@id\":\"https:\\\/\\\/marktxxl.de\\\/markt\\\/produkt\\\/loriot-buchstuetze-herr-im-sessel-14-cm-ca-1-kg-67521-buero-geschenke-weihnachtliches-objekte\\\/#breadcrumb\"},\"inLanguage\":\"de\",\"potentialAction\":[{\"@type\":\"ReadAction\",\"target\":[\"https:\\\/\\\/marktxxl.de\\\/markt\\\/produkt\\\/loriot-buchstuetze-herr-im-sessel-14-cm-ca-1-kg-67521-buero-geschenke-weihnachtliches-objekte\\\/\"]}]},{\"@type\":\"ImageObject\",\"inLanguage\":\"de\",\"@id\":\"https:\\\/\\\/marktxxl.de\\\/markt\\\/produkt\\\/loriot-buchstuetze-herr-im-sessel-14-cm-ca-1-kg-67521-buero-geschenke-weihnachtliches-objekte\\\/#primaryimage\",\"url\":\"https:\\\/\\\/m.media-amazon.com\\\/images\\\/I\\\/41rrcK1gkIL._SL500_.jpg\",\"contentUrl\":\"https:\\\/\\\/m.media-amazon.com\\\/images\\\/I\\\/41rrcK1gkIL._SL500_.jpg\",\"width\":448,\"height\":500},{\"@type\":\"BreadcrumbList\",\"@id\":\"https:\\\/\\\/marktxxl.de\\\/markt\\\/produkt\\\/loriot-buchstuetze-herr-im-sessel-14-cm-ca-1-kg-67521-buero-geschenke-weihnachtliches-objekte\\\/#breadcrumb\",\"itemListElement\":[{\"@type\":\"ListItem\",\"position\":1,\"name\":\"Startseite\",\"item\":\"https:\\\/\\\/marktxxl.de\\\/markt\\\/\"},{\"@type\":\"ListItem\",\"position\":2,\"name\":\"Markt\",\"item\":\"https:\\\/\\\/marktxxl.de\\\/markt\\\/\"},{\"@type\":\"ListItem\",\"position\":3,\"name\":\"Loriot Buchst\u00fctze\u00a0&#8221;Herr im Sessel&#8221;\u00a014 cm, ca. 1 kg \u2022 67521 \u2022 B\u00fcro \u2022 Geschenke \u2022 Weihnachtliches \u2022 Objekte\"}]},{\"@type\":\"WebSite\",\"@id\":\"https:\\\/\\\/marktxxl.de\\\/markt\\\/#website\",\"url\":\"https:\\\/\\\/marktxxl.de\\\/markt\\\/\",\"name\":\"Markt-XXL\",\"description\":\"Ihr Markt Online\",\"publisher\":{\"@id\":\"https:\\\/\\\/marktxxl.de\\\/markt\\\/#organization\"},\"potentialAction\":[{\"@type\":\"SearchAction\",\"target\":{\"@type\":\"EntryPoint\",\"urlTemplate\":\"https:\\\/\\\/marktxxl.de\\\/markt\\\/?s={search_term_string}\"},\"query-input\":{\"@type\":\"PropertyValueSpecification\",\"valueRequired\":true,\"valueName\":\"search_term_string\"}}],\"inLanguage\":\"de\"},{\"@type\":\"Organization\",\"@id\":\"https:\\\/\\\/marktxxl.de\\\/markt\\\/#organization\",\"name\":\"Markt-XXL\",\"url\":\"https:\\\/\\\/marktxxl.de\\\/markt\\\/\",\"logo\":{\"@type\":\"ImageObject\",\"inLanguage\":\"de\",\"@id\":\"https:\\\/\\\/marktxxl.de\\\/markt\\\/#\\\/schema\\\/logo\\\/image\\\/\",\"url\":\"https:\\\/\\\/marktxxl.de\\\/markt\\\/wp-content\\\/uploads\\\/sites\\\/3\\\/2020\\\/12\\\/logo.png\",\"contentUrl\":\"https:\\\/\\\/marktxxl.de\\\/markt\\\/wp-content\\\/uploads\\\/sites\\\/3\\\/2020\\\/12\\\/logo.png\",\"width\":200,\"height\":70,\"caption\":\"Markt-XXL\"},\"image\":{\"@id\":\"https:\\\/\\\/marktxxl.de\\\/markt\\\/#\\\/schema\\\/logo\\\/image\\\/\"}}]}<\/script>\n<!-- \/ Yoast SEO plugin. -->","yoast_head_json":{"title":"Loriot Buchst\u00fctze\u00a0''Herr im Sessel\"\u00a014 cm, ca. 1 kg \u2022 67521 \u2022 B\u00fcro \u2022 Geschenke \u2022 Weihnachtliches \u2022 Objekte - Markt-XXL","description":"Markt-XXL Loriot Buchst\u00fctze\u00a0''Herr im Sessel\"\u00a014 cm, ca. 1 kg \u2022 67521 \u2022 B\u00fcro \u2022 Geschenke \u2022 Weihnachtliches \u2022 Objekte","robots":{"index":"index","follow":"follow","max-snippet":"max-snippet:-1","max-image-preview":"max-image-preview:large","max-video-preview":"max-video-preview:-1"},"canonical":"https:\/\/marktxxl.de\/markt\/produkt\/loriot-buchstuetze-herr-im-sessel-14-cm-ca-1-kg-67521-buero-geschenke-weihnachtliches-objekte\/","og_locale":"de_DE","og_type":"article","og_title":"Loriot Buchst\u00fctze\u00a0''Herr im Sessel\"\u00a014 cm, ca. 1 kg \u2022 67521 \u2022 B\u00fcro \u2022 Geschenke \u2022 Weihnachtliches \u2022 Objekte - Markt-XXL","og_description":"Markt-XXL Loriot Buchst\u00fctze\u00a0''Herr im Sessel\"\u00a014 cm, ca. 1 kg \u2022 67521 \u2022 B\u00fcro \u2022 Geschenke \u2022 Weihnachtliches \u2022 Objekte","og_url":"https:\/\/marktxxl.de\/markt\/produkt\/loriot-buchstuetze-herr-im-sessel-14-cm-ca-1-kg-67521-buero-geschenke-weihnachtliches-objekte\/","og_site_name":"Markt-XXL","article_modified_time":"2023-04-11T01:23:12+00:00","og_image":[{"width":448,"height":500,"url":"https:\/\/m.media-amazon.com\/images\/I\/41rrcK1gkIL._SL500_.jpg","type":"image\/jpeg"}],"twitter_card":"summary_large_image","twitter_misc":{"Gesch\u00e4tzte Lesezeit":"1\u00a0Minute"},"schema":{"@context":"https:\/\/schema.org","@graph":[{"@type":"WebPage","@id":"https:\/\/marktxxl.de\/markt\/produkt\/loriot-buchstuetze-herr-im-sessel-14-cm-ca-1-kg-67521-buero-geschenke-weihnachtliches-objekte\/","url":"https:\/\/marktxxl.de\/markt\/produkt\/loriot-buchstuetze-herr-im-sessel-14-cm-ca-1-kg-67521-buero-geschenke-weihnachtliches-objekte\/","name":"Loriot Buchst\u00fctze\u00a0''Herr im Sessel\"\u00a014 cm, ca. 1 kg \u2022 67521 \u2022 B\u00fcro \u2022 Geschenke \u2022 Weihnachtliches \u2022 Objekte - Markt-XXL","isPartOf":{"@id":"https:\/\/marktxxl.de\/markt\/#website"},"primaryImageOfPage":{"@id":"https:\/\/marktxxl.de\/markt\/produkt\/loriot-buchstuetze-herr-im-sessel-14-cm-ca-1-kg-67521-buero-geschenke-weihnachtliches-objekte\/#primaryimage"},"image":{"@id":"https:\/\/marktxxl.de\/markt\/produkt\/loriot-buchstuetze-herr-im-sessel-14-cm-ca-1-kg-67521-buero-geschenke-weihnachtliches-objekte\/#primaryimage"},"thumbnailUrl":"https:\/\/m.media-amazon.com\/images\/I\/41rrcK1gkIL._SL500_.jpg","datePublished":"2022-01-27T15:10:32+00:00","dateModified":"2023-04-11T01:23:12+00:00","description":"Markt-XXL Loriot Buchst\u00fctze\u00a0''Herr im Sessel\"\u00a014 cm, ca. 1 kg \u2022 67521 \u2022 B\u00fcro \u2022 Geschenke \u2022 Weihnachtliches \u2022 Objekte","breadcrumb":{"@id":"https:\/\/marktxxl.de\/markt\/produkt\/loriot-buchstuetze-herr-im-sessel-14-cm-ca-1-kg-67521-buero-geschenke-weihnachtliches-objekte\/#breadcrumb"},"inLanguage":"de","potentialAction":[{"@type":"ReadAction","target":["https:\/\/marktxxl.de\/markt\/produkt\/loriot-buchstuetze-herr-im-sessel-14-cm-ca-1-kg-67521-buero-geschenke-weihnachtliches-objekte\/"]}]},{"@type":"ImageObject","inLanguage":"de","@id":"https:\/\/marktxxl.de\/markt\/produkt\/loriot-buchstuetze-herr-im-sessel-14-cm-ca-1-kg-67521-buero-geschenke-weihnachtliches-objekte\/#primaryimage","url":"https:\/\/m.media-amazon.com\/images\/I\/41rrcK1gkIL._SL500_.jpg","contentUrl":"https:\/\/m.media-amazon.com\/images\/I\/41rrcK1gkIL._SL500_.jpg","width":448,"height":500},{"@type":"BreadcrumbList","@id":"https:\/\/marktxxl.de\/markt\/produkt\/loriot-buchstuetze-herr-im-sessel-14-cm-ca-1-kg-67521-buero-geschenke-weihnachtliches-objekte\/#breadcrumb","itemListElement":[{"@type":"ListItem","position":1,"name":"Startseite","item":"https:\/\/marktxxl.de\/markt\/"},{"@type":"ListItem","position":2,"name":"Markt","item":"https:\/\/marktxxl.de\/markt\/"},{"@type":"ListItem","position":3,"name":"Loriot Buchst\u00fctze\u00a0&#8221;Herr im Sessel&#8221;\u00a014 cm, ca. 1 kg \u2022 67521 \u2022 B\u00fcro \u2022 Geschenke \u2022 Weihnachtliches \u2022 Objekte"}]},{"@type":"WebSite","@id":"https:\/\/marktxxl.de\/markt\/#website","url":"https:\/\/marktxxl.de\/markt\/","name":"Markt-XXL","description":"Ihr Markt Online","publisher":{"@id":"https:\/\/marktxxl.de\/markt\/#organization"},"potentialAction":[{"@type":"SearchAction","target":{"@type":"EntryPoint","urlTemplate":"https:\/\/marktxxl.de\/markt\/?s={search_term_string}"},"query-input":{"@type":"PropertyValueSpecification","valueRequired":true,"valueName":"search_term_string"}}],"inLanguage":"de"},{"@type":"Organization","@id":"https:\/\/marktxxl.de\/markt\/#organization","name":"Markt-XXL","url":"https:\/\/marktxxl.de\/markt\/","logo":{"@type":"ImageObject","inLanguage":"de","@id":"https:\/\/marktxxl.de\/markt\/#\/schema\/logo\/image\/","url":"https:\/\/marktxxl.de\/markt\/wp-content\/uploads\/sites\/3\/2020\/12\/logo.png","contentUrl":"https:\/\/marktxxl.de\/markt\/wp-content\/uploads\/sites\/3\/2020\/12\/logo.png","width":200,"height":70,"caption":"Markt-XXL"},"image":{"@id":"https:\/\/marktxxl.de\/markt\/#\/schema\/logo\/image\/"}}]}},"_links":{"self":[{"href":"https:\/\/marktxxl.de\/markt\/wp-json\/wp\/v2\/product\/100040","targetHints":{"allow":["GET"]}}],"collection":[{"href":"https:\/\/marktxxl.de\/markt\/wp-json\/wp\/v2\/product"}],"about":[{"href":"https:\/\/marktxxl.de\/markt\/wp-json\/wp\/v2\/types\/product"}],"replies":[{"embeddable":true,"href":"https:\/\/marktxxl.de\/markt\/wp-json\/wp\/v2\/comments?post=100040"}],"wp:featuredmedia":[{"embeddable":true,"href":"https:\/\/marktxxl.de\/markt\/wp-json\/wp\/v2\/media\/100041"}],"wp:attachment":[{"href":"https:\/\/marktxxl.de\/markt\/wp-json\/wp\/v2\/media?parent=100040"}],"wp:term":[{"taxonomy":"product_brand","embeddable":true,"href":"https:\/\/marktxxl.de\/markt\/wp-json\/wp\/v2\/product_brand?post=100040"},{"taxonomy":"product_cat","embeddable":true,"href":"https:\/\/marktxxl.de\/markt\/wp-json\/wp\/v2\/product_cat?post=100040"},{"taxonomy":"product_tag","embeddable":true,"href":"https:\/\/marktxxl.de\/markt\/wp-json\/wp\/v2\/product_tag?post=100040"}],"curies":[{"name":"wp","href":"https:\/\/api.w.org\/{rel}","templated":true}]}}