{"id":100027,"date":"2022-01-27T16:10:15","date_gmt":"2022-01-27T15:10:15","guid":{"rendered":"https:\/\/marktxxl.de\/markt\/produkt\/keenkle-kompatibel-pg-545xl-cl-546xl-druckerpatronen-fuer-canon-545-546-xl-multipack-patronen-fuer-pixma-ts3150-ts3151-mg2550s-mg3050-mg3051-tr4550-tr4551-ts3350-mg2950-mx4951-schwarz-1-farbe\/"},"modified":"2023-04-11T03:23:12","modified_gmt":"2023-04-11T01:23:12","slug":"keenkle-kompatibel-pg-545xl-cl-546xl-druckerpatronen-fuer-canon-545-546-xl-multipack-patronen-fuer-pixma-ts3150-ts3151-mg2550s-mg3050-mg3051-tr4550-tr4551-ts3350-mg2950-mx4951-schwarz-1-farbe","status":"publish","type":"product","link":"https:\/\/marktxxl.de\/markt\/produkt\/keenkle-kompatibel-pg-545xl-cl-546xl-druckerpatronen-fuer-canon-545-546-xl-multipack-patronen-fuer-pixma-ts3150-ts3151-mg2550s-mg3050-mg3051-tr4550-tr4551-ts3350-mg2950-mx4951-schwarz-1-farbe\/","title":{"rendered":"PG-545XL CL-546XL Druckerpatronen f\u00fcr Canon 545 546 XL Multipack Patronen f\u00fcr PIXMA MX495 TR4550 TS3150 TR4551 MX490\u2026"},"content":{"rendered":"<p>KEENKLE 2 Pack 545 546 XL Kompatibel Tintenpatrone Ersatz f\u00fcr Canon PG-545XL CL-546XL Druckerpatronen (Nicht original)<br \/>\nKompatible Drucker:f\u00fcr Pixma MX495 MX490 iP2800 iP2850 iP2840 iP2855 MG2400 MG2450 MG2455 MG2500 MG2550 MG2900 MG2920 MG2950 MG2550S MG2555 MG2555S MG2950S MG2955 MG3050 MG3051 MG3052 MG3053 TS3150 TS3151 TS205 TS305 TR4550 TR4551<br \/>\nDurchschnittsertrag\uff1a400 Seiten pro Schwarz Patrone, 300 Seiten pro Farbe Patrone (Basierend auf 5% Deckung)<br \/>\nPackungsinhalt\uff1aKEENKLE 545 546 XL Druckerpatronen Multipack (1 Schwarz, 1 Tri-Farbe)<br \/>\nKEENKLE kompatible 545XL 546XL Tintenpatrone h\u00e4lt Ihre Ideen mit lebendigen Farben, reibungslosem Druck und zuverl\u00e4ssiger Qualit\u00e4t am Laufen<br \/>\n<div class=\"main-cross-sell\" data-asin=\"B09LY4ZKGH\">\n\n\t<div class=\"WooZone-cross-sell-loader\">\n\t\t<div>\n\t\t\t<div id=\"floatingBarsG\">\n\t\t\t\t<div class=\"blockG\" id=\"rotateG_01\"><\/div>\n\t\t\t\t<div class=\"blockG\" id=\"rotateG_02\"><\/div>\n\t\t\t\t<div class=\"blockG\" id=\"rotateG_03\"><\/div>\n\t\t\t\t<div class=\"blockG\" id=\"rotateG_04\"><\/div>\n\t\t\t\t<div class=\"blockG\" id=\"rotateG_05\"><\/div>\n\t\t\t\t<div class=\"blockG\" id=\"rotateG_06\"><\/div>\n\t\t\t\t<div class=\"blockG\" id=\"rotateG_07\"><\/div>\n\t\t\t\t<div class=\"blockG\" id=\"rotateG_08\"><\/div>\n\t\t\t<\/div>\n\t\t\t<div class=\"WooZone-cross-sell-loader-text\"><\/div>\n\t\t<\/div>\n\t<\/div>\n\n\t\t\n<\/div>\n<div style=\"clear:both;\"><\/div><\/p>\n","protected":false},"excerpt":{"rendered":"<p>KEENKLE 2 Pack 545 546 XL Kompatibel Tintenpatrone Ersatz f\u00fcr Canon PG-545XL CL-546XL Druckerpatronen (Nicht original)<br \/>\nKompatible Drucker:f\u00fcr Pixma MX495 MX490 iP2800 iP2850 iP2840 iP2855 MG2400 MG2450 MG2455 MG2500 MG2550 MG2900 MG2920 MG2950 MG2550S MG2555 MG2555S MG2950S MG2955 MG3050 MG3051 MG3052 MG3053 TS3150 TS3151 TS205 TS305 TR4550 TR4551<br \/>\nDurchschnittsertrag\uff1a400 Seiten pro Schwarz Patrone, 300 Seiten pro Farbe Patrone (Basierend auf 5% Deckung)<\/p>\n","protected":false},"featured_media":100028,"comment_status":"open","ping_status":"closed","template":"","meta":[],"product_brand":[],"product_cat":[504,8208],"product_tag":[],"class_list":{"0":"post-100027","1":"product","2":"type-product","3":"status-publish","4":"has-post-thumbnail","6":"product_cat-buerobedarf-schreibwaren","7":"product_cat-bueroelektronik","8":"pa_brand-keenkle","9":"pa_color-1-schwarz-1-farbe","10":"pa_manufacturer-keenkle-for-canon-druckerpatronen-545-546-xl-mx490-mg2550s","11":"pa_model-pg-545xl-cl-546xl-multipack-patrone","13":"first","14":"instock","15":"shipping-taxable","16":"purchasable","17":"product-type-simple","18":"customify-col","19":"product-has-gallery"},"yoast_head":"<!-- This site is optimized with the Yoast SEO plugin v27.4 - https:\/\/yoast.com\/product\/yoast-seo-wordpress\/ -->\n<title>PG-545XL CL-546XL Druckerpatronen f\u00fcr Canon 545 546 XL Multipack Patronen f\u00fcr PIXMA MX495 TR4550 TS3150 TR4551 MX490\u2026 - Markt-XXL<\/title>\n<meta name=\"description\" content=\"Markt-XXL PG-545XL CL-546XL Druckerpatronen f\u00fcr Canon 545 546 XL Multipack Patronen f\u00fcr PIXMA MX495 TR4550 TS3150 TR4551 MX490\u2026\" \/>\n<meta name=\"robots\" content=\"index, follow, max-snippet:-1, max-image-preview:large, max-video-preview:-1\" \/>\n<link rel=\"canonical\" href=\"https:\/\/marktxxl.de\/markt\/produkt\/keenkle-kompatibel-pg-545xl-cl-546xl-druckerpatronen-fuer-canon-545-546-xl-multipack-patronen-fuer-pixma-ts3150-ts3151-mg2550s-mg3050-mg3051-tr4550-tr4551-ts3350-mg2950-mx4951-schwarz-1-farbe\/\" \/>\n<meta property=\"og:locale\" content=\"de_DE\" \/>\n<meta property=\"og:type\" content=\"article\" \/>\n<meta property=\"og:title\" content=\"PG-545XL CL-546XL Druckerpatronen f\u00fcr Canon 545 546 XL Multipack Patronen f\u00fcr PIXMA MX495 TR4550 TS3150 TR4551 MX490\u2026 - Markt-XXL\" \/>\n<meta property=\"og:description\" content=\"Markt-XXL PG-545XL CL-546XL Druckerpatronen f\u00fcr Canon 545 546 XL Multipack Patronen f\u00fcr PIXMA MX495 TR4550 TS3150 TR4551 MX490\u2026\" \/>\n<meta property=\"og:url\" content=\"https:\/\/marktxxl.de\/markt\/produkt\/keenkle-kompatibel-pg-545xl-cl-546xl-druckerpatronen-fuer-canon-545-546-xl-multipack-patronen-fuer-pixma-ts3150-ts3151-mg2550s-mg3050-mg3051-tr4550-tr4551-ts3350-mg2950-mx4951-schwarz-1-farbe\/\" \/>\n<meta property=\"og:site_name\" content=\"Markt-XXL\" \/>\n<meta property=\"article:modified_time\" content=\"2023-04-11T01:23:12+00:00\" \/>\n<meta property=\"og:image\" content=\"https:\/\/m.media-amazon.com\/images\/I\/51g6qt+oLGL._SL500_.jpg\" \/>\n\t<meta property=\"og:image:width\" content=\"500\" \/>\n\t<meta property=\"og:image:height\" content=\"500\" \/>\n\t<meta property=\"og:image:type\" content=\"image\/jpeg\" \/>\n<meta name=\"twitter:card\" content=\"summary_large_image\" \/>\n<meta name=\"twitter:label1\" content=\"Gesch\u00e4tzte Lesezeit\" \/>\n\t<meta name=\"twitter:data1\" content=\"1\u00a0Minute\" \/>\n<script type=\"application\/ld+json\" class=\"yoast-schema-graph\">{\"@context\":\"https:\\\/\\\/schema.org\",\"@graph\":[{\"@type\":\"WebPage\",\"@id\":\"https:\\\/\\\/marktxxl.de\\\/markt\\\/produkt\\\/keenkle-kompatibel-pg-545xl-cl-546xl-druckerpatronen-fuer-canon-545-546-xl-multipack-patronen-fuer-pixma-ts3150-ts3151-mg2550s-mg3050-mg3051-tr4550-tr4551-ts3350-mg2950-mx4951-schwarz-1-farbe\\\/\",\"url\":\"https:\\\/\\\/marktxxl.de\\\/markt\\\/produkt\\\/keenkle-kompatibel-pg-545xl-cl-546xl-druckerpatronen-fuer-canon-545-546-xl-multipack-patronen-fuer-pixma-ts3150-ts3151-mg2550s-mg3050-mg3051-tr4550-tr4551-ts3350-mg2950-mx4951-schwarz-1-farbe\\\/\",\"name\":\"PG-545XL CL-546XL Druckerpatronen f\u00fcr Canon 545 546 XL Multipack Patronen f\u00fcr PIXMA MX495 TR4550 TS3150 TR4551 MX490\u2026 - Markt-XXL\",\"isPartOf\":{\"@id\":\"https:\\\/\\\/marktxxl.de\\\/markt\\\/#website\"},\"primaryImageOfPage\":{\"@id\":\"https:\\\/\\\/marktxxl.de\\\/markt\\\/produkt\\\/keenkle-kompatibel-pg-545xl-cl-546xl-druckerpatronen-fuer-canon-545-546-xl-multipack-patronen-fuer-pixma-ts3150-ts3151-mg2550s-mg3050-mg3051-tr4550-tr4551-ts3350-mg2950-mx4951-schwarz-1-farbe\\\/#primaryimage\"},\"image\":{\"@id\":\"https:\\\/\\\/marktxxl.de\\\/markt\\\/produkt\\\/keenkle-kompatibel-pg-545xl-cl-546xl-druckerpatronen-fuer-canon-545-546-xl-multipack-patronen-fuer-pixma-ts3150-ts3151-mg2550s-mg3050-mg3051-tr4550-tr4551-ts3350-mg2950-mx4951-schwarz-1-farbe\\\/#primaryimage\"},\"thumbnailUrl\":\"https:\\\/\\\/m.media-amazon.com\\\/images\\\/I\\\/51g6qt+oLGL._SL500_.jpg\",\"datePublished\":\"2022-01-27T15:10:15+00:00\",\"dateModified\":\"2023-04-11T01:23:12+00:00\",\"description\":\"Markt-XXL PG-545XL CL-546XL Druckerpatronen f\u00fcr Canon 545 546 XL Multipack Patronen f\u00fcr PIXMA MX495 TR4550 TS3150 TR4551 MX490\u2026\",\"breadcrumb\":{\"@id\":\"https:\\\/\\\/marktxxl.de\\\/markt\\\/produkt\\\/keenkle-kompatibel-pg-545xl-cl-546xl-druckerpatronen-fuer-canon-545-546-xl-multipack-patronen-fuer-pixma-ts3150-ts3151-mg2550s-mg3050-mg3051-tr4550-tr4551-ts3350-mg2950-mx4951-schwarz-1-farbe\\\/#breadcrumb\"},\"inLanguage\":\"de\",\"potentialAction\":[{\"@type\":\"ReadAction\",\"target\":[\"https:\\\/\\\/marktxxl.de\\\/markt\\\/produkt\\\/keenkle-kompatibel-pg-545xl-cl-546xl-druckerpatronen-fuer-canon-545-546-xl-multipack-patronen-fuer-pixma-ts3150-ts3151-mg2550s-mg3050-mg3051-tr4550-tr4551-ts3350-mg2950-mx4951-schwarz-1-farbe\\\/\"]}]},{\"@type\":\"ImageObject\",\"inLanguage\":\"de\",\"@id\":\"https:\\\/\\\/marktxxl.de\\\/markt\\\/produkt\\\/keenkle-kompatibel-pg-545xl-cl-546xl-druckerpatronen-fuer-canon-545-546-xl-multipack-patronen-fuer-pixma-ts3150-ts3151-mg2550s-mg3050-mg3051-tr4550-tr4551-ts3350-mg2950-mx4951-schwarz-1-farbe\\\/#primaryimage\",\"url\":\"https:\\\/\\\/m.media-amazon.com\\\/images\\\/I\\\/51g6qt+oLGL._SL500_.jpg\",\"contentUrl\":\"https:\\\/\\\/m.media-amazon.com\\\/images\\\/I\\\/51g6qt+oLGL._SL500_.jpg\",\"width\":500,\"height\":500},{\"@type\":\"BreadcrumbList\",\"@id\":\"https:\\\/\\\/marktxxl.de\\\/markt\\\/produkt\\\/keenkle-kompatibel-pg-545xl-cl-546xl-druckerpatronen-fuer-canon-545-546-xl-multipack-patronen-fuer-pixma-ts3150-ts3151-mg2550s-mg3050-mg3051-tr4550-tr4551-ts3350-mg2950-mx4951-schwarz-1-farbe\\\/#breadcrumb\",\"itemListElement\":[{\"@type\":\"ListItem\",\"position\":1,\"name\":\"Startseite\",\"item\":\"https:\\\/\\\/marktxxl.de\\\/markt\\\/\"},{\"@type\":\"ListItem\",\"position\":2,\"name\":\"Markt\",\"item\":\"https:\\\/\\\/marktxxl.de\\\/markt\\\/\"},{\"@type\":\"ListItem\",\"position\":3,\"name\":\"PG-545XL CL-546XL Druckerpatronen f\u00fcr Canon 545 546 XL Multipack Patronen f\u00fcr PIXMA MX495 TR4550 TS3150 TR4551 MX490\u2026\"}]},{\"@type\":\"WebSite\",\"@id\":\"https:\\\/\\\/marktxxl.de\\\/markt\\\/#website\",\"url\":\"https:\\\/\\\/marktxxl.de\\\/markt\\\/\",\"name\":\"Markt-XXL\",\"description\":\"Ihr Markt Online\",\"publisher\":{\"@id\":\"https:\\\/\\\/marktxxl.de\\\/markt\\\/#organization\"},\"potentialAction\":[{\"@type\":\"SearchAction\",\"target\":{\"@type\":\"EntryPoint\",\"urlTemplate\":\"https:\\\/\\\/marktxxl.de\\\/markt\\\/?s={search_term_string}\"},\"query-input\":{\"@type\":\"PropertyValueSpecification\",\"valueRequired\":true,\"valueName\":\"search_term_string\"}}],\"inLanguage\":\"de\"},{\"@type\":\"Organization\",\"@id\":\"https:\\\/\\\/marktxxl.de\\\/markt\\\/#organization\",\"name\":\"Markt-XXL\",\"url\":\"https:\\\/\\\/marktxxl.de\\\/markt\\\/\",\"logo\":{\"@type\":\"ImageObject\",\"inLanguage\":\"de\",\"@id\":\"https:\\\/\\\/marktxxl.de\\\/markt\\\/#\\\/schema\\\/logo\\\/image\\\/\",\"url\":\"https:\\\/\\\/marktxxl.de\\\/markt\\\/wp-content\\\/uploads\\\/sites\\\/3\\\/2020\\\/12\\\/logo.png\",\"contentUrl\":\"https:\\\/\\\/marktxxl.de\\\/markt\\\/wp-content\\\/uploads\\\/sites\\\/3\\\/2020\\\/12\\\/logo.png\",\"width\":200,\"height\":70,\"caption\":\"Markt-XXL\"},\"image\":{\"@id\":\"https:\\\/\\\/marktxxl.de\\\/markt\\\/#\\\/schema\\\/logo\\\/image\\\/\"}}]}<\/script>\n<!-- \/ Yoast SEO plugin. -->","yoast_head_json":{"title":"PG-545XL CL-546XL Druckerpatronen f\u00fcr Canon 545 546 XL Multipack Patronen f\u00fcr PIXMA MX495 TR4550 TS3150 TR4551 MX490\u2026 - Markt-XXL","description":"Markt-XXL PG-545XL CL-546XL Druckerpatronen f\u00fcr Canon 545 546 XL Multipack Patronen f\u00fcr PIXMA MX495 TR4550 TS3150 TR4551 MX490\u2026","robots":{"index":"index","follow":"follow","max-snippet":"max-snippet:-1","max-image-preview":"max-image-preview:large","max-video-preview":"max-video-preview:-1"},"canonical":"https:\/\/marktxxl.de\/markt\/produkt\/keenkle-kompatibel-pg-545xl-cl-546xl-druckerpatronen-fuer-canon-545-546-xl-multipack-patronen-fuer-pixma-ts3150-ts3151-mg2550s-mg3050-mg3051-tr4550-tr4551-ts3350-mg2950-mx4951-schwarz-1-farbe\/","og_locale":"de_DE","og_type":"article","og_title":"PG-545XL CL-546XL Druckerpatronen f\u00fcr Canon 545 546 XL Multipack Patronen f\u00fcr PIXMA MX495 TR4550 TS3150 TR4551 MX490\u2026 - Markt-XXL","og_description":"Markt-XXL PG-545XL CL-546XL Druckerpatronen f\u00fcr Canon 545 546 XL Multipack Patronen f\u00fcr PIXMA MX495 TR4550 TS3150 TR4551 MX490\u2026","og_url":"https:\/\/marktxxl.de\/markt\/produkt\/keenkle-kompatibel-pg-545xl-cl-546xl-druckerpatronen-fuer-canon-545-546-xl-multipack-patronen-fuer-pixma-ts3150-ts3151-mg2550s-mg3050-mg3051-tr4550-tr4551-ts3350-mg2950-mx4951-schwarz-1-farbe\/","og_site_name":"Markt-XXL","article_modified_time":"2023-04-11T01:23:12+00:00","og_image":[{"width":500,"height":500,"url":"https:\/\/m.media-amazon.com\/images\/I\/51g6qt+oLGL._SL500_.jpg","type":"image\/jpeg"}],"twitter_card":"summary_large_image","twitter_misc":{"Gesch\u00e4tzte Lesezeit":"1\u00a0Minute"},"schema":{"@context":"https:\/\/schema.org","@graph":[{"@type":"WebPage","@id":"https:\/\/marktxxl.de\/markt\/produkt\/keenkle-kompatibel-pg-545xl-cl-546xl-druckerpatronen-fuer-canon-545-546-xl-multipack-patronen-fuer-pixma-ts3150-ts3151-mg2550s-mg3050-mg3051-tr4550-tr4551-ts3350-mg2950-mx4951-schwarz-1-farbe\/","url":"https:\/\/marktxxl.de\/markt\/produkt\/keenkle-kompatibel-pg-545xl-cl-546xl-druckerpatronen-fuer-canon-545-546-xl-multipack-patronen-fuer-pixma-ts3150-ts3151-mg2550s-mg3050-mg3051-tr4550-tr4551-ts3350-mg2950-mx4951-schwarz-1-farbe\/","name":"PG-545XL CL-546XL Druckerpatronen f\u00fcr Canon 545 546 XL Multipack Patronen f\u00fcr PIXMA MX495 TR4550 TS3150 TR4551 MX490\u2026 - Markt-XXL","isPartOf":{"@id":"https:\/\/marktxxl.de\/markt\/#website"},"primaryImageOfPage":{"@id":"https:\/\/marktxxl.de\/markt\/produkt\/keenkle-kompatibel-pg-545xl-cl-546xl-druckerpatronen-fuer-canon-545-546-xl-multipack-patronen-fuer-pixma-ts3150-ts3151-mg2550s-mg3050-mg3051-tr4550-tr4551-ts3350-mg2950-mx4951-schwarz-1-farbe\/#primaryimage"},"image":{"@id":"https:\/\/marktxxl.de\/markt\/produkt\/keenkle-kompatibel-pg-545xl-cl-546xl-druckerpatronen-fuer-canon-545-546-xl-multipack-patronen-fuer-pixma-ts3150-ts3151-mg2550s-mg3050-mg3051-tr4550-tr4551-ts3350-mg2950-mx4951-schwarz-1-farbe\/#primaryimage"},"thumbnailUrl":"https:\/\/m.media-amazon.com\/images\/I\/51g6qt+oLGL._SL500_.jpg","datePublished":"2022-01-27T15:10:15+00:00","dateModified":"2023-04-11T01:23:12+00:00","description":"Markt-XXL PG-545XL CL-546XL Druckerpatronen f\u00fcr Canon 545 546 XL Multipack Patronen f\u00fcr PIXMA MX495 TR4550 TS3150 TR4551 MX490\u2026","breadcrumb":{"@id":"https:\/\/marktxxl.de\/markt\/produkt\/keenkle-kompatibel-pg-545xl-cl-546xl-druckerpatronen-fuer-canon-545-546-xl-multipack-patronen-fuer-pixma-ts3150-ts3151-mg2550s-mg3050-mg3051-tr4550-tr4551-ts3350-mg2950-mx4951-schwarz-1-farbe\/#breadcrumb"},"inLanguage":"de","potentialAction":[{"@type":"ReadAction","target":["https:\/\/marktxxl.de\/markt\/produkt\/keenkle-kompatibel-pg-545xl-cl-546xl-druckerpatronen-fuer-canon-545-546-xl-multipack-patronen-fuer-pixma-ts3150-ts3151-mg2550s-mg3050-mg3051-tr4550-tr4551-ts3350-mg2950-mx4951-schwarz-1-farbe\/"]}]},{"@type":"ImageObject","inLanguage":"de","@id":"https:\/\/marktxxl.de\/markt\/produkt\/keenkle-kompatibel-pg-545xl-cl-546xl-druckerpatronen-fuer-canon-545-546-xl-multipack-patronen-fuer-pixma-ts3150-ts3151-mg2550s-mg3050-mg3051-tr4550-tr4551-ts3350-mg2950-mx4951-schwarz-1-farbe\/#primaryimage","url":"https:\/\/m.media-amazon.com\/images\/I\/51g6qt+oLGL._SL500_.jpg","contentUrl":"https:\/\/m.media-amazon.com\/images\/I\/51g6qt+oLGL._SL500_.jpg","width":500,"height":500},{"@type":"BreadcrumbList","@id":"https:\/\/marktxxl.de\/markt\/produkt\/keenkle-kompatibel-pg-545xl-cl-546xl-druckerpatronen-fuer-canon-545-546-xl-multipack-patronen-fuer-pixma-ts3150-ts3151-mg2550s-mg3050-mg3051-tr4550-tr4551-ts3350-mg2950-mx4951-schwarz-1-farbe\/#breadcrumb","itemListElement":[{"@type":"ListItem","position":1,"name":"Startseite","item":"https:\/\/marktxxl.de\/markt\/"},{"@type":"ListItem","position":2,"name":"Markt","item":"https:\/\/marktxxl.de\/markt\/"},{"@type":"ListItem","position":3,"name":"PG-545XL CL-546XL Druckerpatronen f\u00fcr Canon 545 546 XL Multipack Patronen f\u00fcr PIXMA MX495 TR4550 TS3150 TR4551 MX490\u2026"}]},{"@type":"WebSite","@id":"https:\/\/marktxxl.de\/markt\/#website","url":"https:\/\/marktxxl.de\/markt\/","name":"Markt-XXL","description":"Ihr Markt Online","publisher":{"@id":"https:\/\/marktxxl.de\/markt\/#organization"},"potentialAction":[{"@type":"SearchAction","target":{"@type":"EntryPoint","urlTemplate":"https:\/\/marktxxl.de\/markt\/?s={search_term_string}"},"query-input":{"@type":"PropertyValueSpecification","valueRequired":true,"valueName":"search_term_string"}}],"inLanguage":"de"},{"@type":"Organization","@id":"https:\/\/marktxxl.de\/markt\/#organization","name":"Markt-XXL","url":"https:\/\/marktxxl.de\/markt\/","logo":{"@type":"ImageObject","inLanguage":"de","@id":"https:\/\/marktxxl.de\/markt\/#\/schema\/logo\/image\/","url":"https:\/\/marktxxl.de\/markt\/wp-content\/uploads\/sites\/3\/2020\/12\/logo.png","contentUrl":"https:\/\/marktxxl.de\/markt\/wp-content\/uploads\/sites\/3\/2020\/12\/logo.png","width":200,"height":70,"caption":"Markt-XXL"},"image":{"@id":"https:\/\/marktxxl.de\/markt\/#\/schema\/logo\/image\/"}}]}},"_links":{"self":[{"href":"https:\/\/marktxxl.de\/markt\/wp-json\/wp\/v2\/product\/100027","targetHints":{"allow":["GET"]}}],"collection":[{"href":"https:\/\/marktxxl.de\/markt\/wp-json\/wp\/v2\/product"}],"about":[{"href":"https:\/\/marktxxl.de\/markt\/wp-json\/wp\/v2\/types\/product"}],"replies":[{"embeddable":true,"href":"https:\/\/marktxxl.de\/markt\/wp-json\/wp\/v2\/comments?post=100027"}],"wp:featuredmedia":[{"embeddable":true,"href":"https:\/\/marktxxl.de\/markt\/wp-json\/wp\/v2\/media\/100028"}],"wp:attachment":[{"href":"https:\/\/marktxxl.de\/markt\/wp-json\/wp\/v2\/media?parent=100027"}],"wp:term":[{"taxonomy":"product_brand","embeddable":true,"href":"https:\/\/marktxxl.de\/markt\/wp-json\/wp\/v2\/product_brand?post=100027"},{"taxonomy":"product_cat","embeddable":true,"href":"https:\/\/marktxxl.de\/markt\/wp-json\/wp\/v2\/product_cat?post=100027"},{"taxonomy":"product_tag","embeddable":true,"href":"https:\/\/marktxxl.de\/markt\/wp-json\/wp\/v2\/product_tag?post=100027"}],"curies":[{"name":"wp","href":"https:\/\/api.w.org\/{rel}","templated":true}]}}